{"id":2955,"date":"2026-03-24T01:25:59","date_gmt":"2026-03-24T01:25:59","guid":{"rendered":"https:\/\/vigo-rio.com\/?post_type=product&#038;p=2955"},"modified":"2026-03-24T01:29:12","modified_gmt":"2026-03-24T01:29:12","slug":"vita12-p-4-schoenheit-von-innen-zellregeneration","status":"publish","type":"product","link":"https:\/\/vigo-rio.com\/en\/product\/vita12-p-4-schoenheit-von-innen-zellregeneration\/","title":{"rendered":"VITA12 P-4 Sch\u00f6nheit von innen &#038; Zellregeneration"},"content":{"rendered":"<h2 data-path-to-node=\"3\"><b data-path-to-node=\"3\" data-index-in-node=\"0\">P \u2014 INTEGUMENTSYSTEM (HAUT, HAARE, N\u00c4GEL)<\/b><\/h2>\n<h3 data-path-to-node=\"4\"><b data-path-to-node=\"4\" data-index-in-node=\"0\">P-4: Sch\u00f6nheit von innen &amp; Zellregeneration<\/b><\/h3>\n<p data-path-to-node=\"5\"><b data-path-to-node=\"5\" data-index-in-node=\"0\">P-4 ist auf die umfassende Unterst\u00fctzung der Gesundheit von Haut, Haaren und N\u00e4geln ausgerichtet. Dies geschieht durch die Optimierung von Stoffwechselprozessen, die St\u00e4rkung des Bindegewebes, den Schutz vor \u00e4u\u00dferen Einfl\u00fcssen und oxidativem Stress sowie die Schaffung von Bedingungen f\u00fcr eine nat\u00fcrliche Gewebeerneuerung.<\/b><\/p>\n<p data-path-to-node=\"6\">Das <b data-path-to-node=\"6\" data-index-in-node=\"4\">FC P-4<\/b> steht f\u00fcr \u201eSch\u00f6nheit von innen\u201c. Es bietet eine systemische Unterst\u00fctzung auf zellul\u00e4rer Ebene. Wenn der Organismus auf allen Ebenen (N\u00e4hrstoffe, Energie etc.) optimal versorgt ist, zeigt sich das Ergebnis sofort: strahlende Haut, feste N\u00e4gel und kr\u00e4ftiges, gesundes Haar.<\/p>\n<hr data-path-to-node=\"7\" \/>\n<p data-path-to-node=\"8\"><b data-path-to-node=\"8\" data-index-in-node=\"0\">Die Anwendung des FC P-4 zielt darauf ab:<\/b><\/p>\n<ul data-path-to-node=\"9\">\n<li>\n<p data-path-to-node=\"9,0,0\"><b data-path-to-node=\"9,0,0\" data-index-in-node=\"0\">Haarstruktur &amp; F\u00fclle:<\/b> Verbesserung der Haarstruktur und sanfte Stimulierung der Haarfollikel. Es unterst\u00fctzt den nat\u00fcrlichen Glanz, das Volumen und die Dichte, insbesondere bei saisonal bedingtem Haarausfall oder nach strapazierenden Behandlungen (Hitze, chemische Behandlungen).<\/p>\n<\/li>\n<li>\n<p data-path-to-node=\"9,1,0\"><b data-path-to-node=\"9,1,0\" data-index-in-node=\"0\">Nagelpflege:<\/b> Unterst\u00fctzung der Nagelgesundheit bei Br\u00fcchigkeit, Spliss oder Unebenheiten (z. B. nach dem Entfernen von Gel-Modellagen).<\/p>\n<\/li>\n<li>\n<p data-path-to-node=\"9,2,0\"><b data-path-to-node=\"9,2,0\" data-index-in-node=\"0\">Elastizit\u00e4t &amp; Spannkraft:<\/b> F\u00f6rderung der nat\u00fcrlichen Kollagen- und Elastinsynthese zur Verbesserung der Hautelastizit\u00e4t und zur Vorbeugung von feinen Linien und altersbedingten Ver\u00e4nderungen.<\/p>\n<\/li>\n<li>\n<p data-path-to-node=\"9,3,0\"><b data-path-to-node=\"9,3,0\" data-index-in-node=\"0\">N\u00e4hrstoffaufnahme:<\/b> Optimierung der Aufnahme aktiver Kosmetikprodukte (Seren), die auf Hydratation und N\u00e4hrstoffversorgung bei Trockenheit, Schuppenbildung oder erh\u00f6hter Sensibilit\u00e4t abzielen.<\/p>\n<\/li>\n<li>\n<p data-path-to-node=\"9,4,0\"><b data-path-to-node=\"9,4,0\" data-index-in-node=\"0\">Antioxidativer Schutz:<\/b> Schutz der Haut vor UV-Strahlung, Umweltbelastungen und freien Radikalen zur Vorbeugung vorzeitiger Hautalterung.<\/p>\n<\/li>\n<li>\n<p data-path-to-node=\"9,5,0\"><b data-path-to-node=\"9,5,0\" data-index-in-node=\"0\">Kopfhaut-Balance:<\/b> Unterst\u00fctzung einer gesunden Kopfhaut bei Trockenheit oder Neigung zu Irritationen, um ein ideales Milieu f\u00fcr gesundes Haarwachstum zu schaffen.<\/p>\n<\/li>\n<li>\n<p data-path-to-node=\"9,6,0\"><b data-path-to-node=\"9,6,0\" data-index-in-node=\"0\">Regeneration &amp; Erneuerung:<\/b> F\u00f6rderung der Hautregeneration bei kleinen \u00e4u\u00dferen Irritationen oder nach intensiven kosmetischen Anwendungen zur Beschleunigung der Zellerneuerung.<\/p>\n<\/li>\n<li>\n<p data-path-to-node=\"9,7,0\"><b data-path-to-node=\"9,7,0\" data-index-in-node=\"0\">Mikrobiologische Balance:<\/b> Unterst\u00fctzung der Hautbarriere und des Hautmilieus zur Pflege bei Neigung zu Unreinheiten oder Entz\u00fcndungen.<\/p>\n<\/li>\n<li>\n<p data-path-to-node=\"9,8,0\"><b data-path-to-node=\"9,8,0\" data-index-in-node=\"0\">Energetische Vitalstoff-Matrix:<\/b> Energetische Bereitstellung von Informationen \u00fcber wichtige Baustoffe wie Zink, Silizium, Schwefel sowie Vitamine der Gruppen B, A und E.<\/p>\n<\/li>\n<li>\n<p data-path-to-node=\"9,9,0\"><b data-path-to-node=\"9,9,0\" data-index-in-node=\"0\">Erhalt der Ausstrahlung:<\/b> Ganzheitliche Vitalisierung des Bindegewebes f\u00fcr Frische, Jugendlichkeit und ein gepflegtes Erscheinungsbild in jedem Alter.<\/p>\n<\/li>\n<\/ul>","protected":false},"excerpt":{"rendered":"<p data-path-to-node=\"5\"><b data-path-to-node=\"5\" data-index-in-node=\"0\">P-4 \u2014 ORIENTIERT AUF DIE GANZHEITLICHE UNTERST\u00dcTZUNG DER GESUNDHEIT VON HAUT, HAAREN UND N\u00c4GELN DURCH DIE OPTIMIERUNG VON STOFFWECHSELPROZESSEN, DIE ST\u00c4RKUNG DES BINDEGEWEBES, DEN SCHUTZ VOR \u00c4USSEREN EINFL\u00dcSSEN UND OXIDATIVEM STRESS SOWIE DIE SCHAFFUNG VON BEDINGUNGEN F\u00dcR EINE NAT\u00dcRLICHE GEWEBEERNEUERUNG.<\/b><\/p>\n<p data-path-to-node=\"6\"><b data-path-to-node=\"6\" data-index-in-node=\"0\">FC P-4<\/b> steht f\u00fcr Sch\u00f6nheit von innen. Es bietet eine systemische Unterst\u00fctzung des Erscheinungsbildes auf zellul\u00e4rer Ebene. Wenn der Organismus auf verschiedenen Ebenen (N\u00e4hrstoffe, Energie etc.) alles Notwendige erh\u00e4lt, ist das Ergebnis sofort sichtbar: strahlende Haut, feste N\u00e4gel und dichtes, gesundes Haar.<\/p>","protected":false},"featured_media":2956,"comment_status":"open","ping_status":"closed","template":"","meta":[],"product_brand":[],"product_cat":[227],"product_tag":[288],"class_list":{"0":"post-2955","1":"product","2":"type-product","3":"status-publish","4":"has-post-thumbnail","6":"product_cat-vita-12","7":"product_tag-vita12p-4","9":"first","10":"onbackorder","11":"taxable","12":"shipping-taxable","13":"purchasable","14":"product-type-simple"},"_links":{"self":[{"href":"https:\/\/vigo-rio.com\/en\/wp-json\/wp\/v2\/product\/2955","targetHints":{"allow":["GET"]}}],"collection":[{"href":"https:\/\/vigo-rio.com\/en\/wp-json\/wp\/v2\/product"}],"about":[{"href":"https:\/\/vigo-rio.com\/en\/wp-json\/wp\/v2\/types\/product"}],"replies":[{"embeddable":true,"href":"https:\/\/vigo-rio.com\/en\/wp-json\/wp\/v2\/comments?post=2955"}],"wp:featuredmedia":[{"embeddable":true,"href":"https:\/\/vigo-rio.com\/en\/wp-json\/wp\/v2\/media\/2956"}],"wp:attachment":[{"href":"https:\/\/vigo-rio.com\/en\/wp-json\/wp\/v2\/media?parent=2955"}],"wp:term":[{"taxonomy":"product_brand","embeddable":true,"href":"https:\/\/vigo-rio.com\/en\/wp-json\/wp\/v2\/product_brand?post=2955"},{"taxonomy":"product_cat","embeddable":true,"href":"https:\/\/vigo-rio.com\/en\/wp-json\/wp\/v2\/product_cat?post=2955"},{"taxonomy":"product_tag","embeddable":true,"href":"https:\/\/vigo-rio.com\/en\/wp-json\/wp\/v2\/product_tag?post=2955"}],"curies":[{"name":"wp","href":"https:\/\/api.w.org\/{rel}","templated":true}]}}