{"id":2953,"date":"2026-03-24T01:22:24","date_gmt":"2026-03-24T01:22:24","guid":{"rendered":"https:\/\/vigo-rio.com\/?post_type=product&#038;p=2953"},"modified":"2026-04-18T07:27:46","modified_gmt":"2026-04-18T07:27:46","slug":"vita12-n-4-ihr-persoenlicher-anti-stress-manager","status":"publish","type":"product","link":"https:\/\/vigo-rio.com\/en\/product\/vita12-n-4-ihr-persoenlicher-anti-stress-manager\/","title":{"rendered":"VITA12 N-4 Ihr pers\u00f6nlicher Anti-Stress-Manager"},"content":{"rendered":"<h2 data-path-to-node=\"3\"><b data-path-to-node=\"3\" data-index-in-node=\"0\">N \u2014 NERVENSYSTEM<\/b><\/h2>\n<h3 data-path-to-node=\"4\"><b data-path-to-node=\"4\" data-index-in-node=\"0\">N-4: Ihr pers\u00f6nlicher Anti-Stress-Manager<\/b><\/h3>\n<p data-path-to-node=\"5\"><b data-path-to-node=\"5\" data-index-in-node=\"0\">N-4 bietet ganzheitliche Unterst\u00fctzung f\u00fcr das Nervensystem auf allen Ebenen. Es f\u00f6rdert die Stressresistenz, die psychoemotionale Harmonie und einen erholsamen Schlaf.<\/b><\/p>\n<p data-path-to-node=\"6\">Das <b data-path-to-node=\"6\" data-index-in-node=\"4\">FC N-4<\/b> unterst\u00fctzt die F\u00e4higkeit, flexibel auf \u00e4u\u00dfere Reize zu reagieren, f\u00f6rdert eine schnelle Regeneration und hilft dabei, in jeder Situation einen klaren Kopf zu bewahren.<\/p>\n<hr data-path-to-node=\"7\" \/>\n<p data-path-to-node=\"8\"><b data-path-to-node=\"8\" data-index-in-node=\"0\">Die Anwendung des FC N-4 zielt darauf ab:<\/b><\/p>\n<ul data-path-to-node=\"9\">\n<li>\n<p data-path-to-node=\"9,0,0\"><b data-path-to-node=\"9,0,0\" data-index-in-node=\"0\">Steigerung der Stressresistenz:<\/b> Unterst\u00fctzung der Anpassungsf\u00e4higkeit des Nervensystems bei chronischer Belastung, emotionalem Stress oder einem straffen Zeitplan.<\/p>\n<\/li>\n<li>\n<p data-path-to-node=\"9,1,0\"><b data-path-to-node=\"9,1,0\" data-index-in-node=\"0\">L\u00f6sen von innerer Anspannung:<\/b> Hilfe bei der Reduzierung von Nervosit\u00e4t, Unruhe und Reizbarkeit sowie Unterst\u00fctzung bei kreisenden Gedanken f\u00fcr mehr inneren Komfort.<\/p>\n<\/li>\n<li>\n<p data-path-to-node=\"9,2,0\"><b data-path-to-node=\"9,2,0\" data-index-in-node=\"0\">Erholsamer Schlaf:<\/b> Harmonisierung der Schlafphasen und Verbesserung der Schlafqualit\u00e4t bei Einschlafschwierigkeiten oder unruhigem Schlaf \u2013 f\u00fcr ein erfrischtes Gef\u00fchl am Morgen.<\/p>\n<\/li>\n<li>\n<p data-path-to-node=\"9,3,0\"><b data-path-to-node=\"9,3,0\" data-index-in-node=\"0\">Balance der Neurotransmitter:<\/b> Indirekte Unterst\u00fctzung des energetischen Gleichgewichts wichtiger Botenstoffe (wie GABA, Serotonin, Dopamin) zur F\u00f6rderung von Motivation und Lebensfreude.<\/p>\n<\/li>\n<li>\n<p data-path-to-node=\"9,4,0\"><b data-path-to-node=\"9,4,0\" data-index-in-node=\"0\">Kognitive Vitalit\u00e4t:<\/b> F\u00f6rderung von Ged\u00e4chtnis, Aufmerksamkeit und Konzentration bei geistiger Anspannung, Informations\u00fcberlastung oder altersbedingten Ver\u00e4nderungen.<\/p>\n<\/li>\n<li>\n<p data-path-to-node=\"9,5,0\"><b data-path-to-node=\"9,5,0\" data-index-in-node=\"0\">Regenerative Unterst\u00fctzung:<\/b> Begleitung des Nervensystems bei der Erholung nach langanhaltenden Stressphasen oder emotionaler Ersch\u00f6pfung.<\/p>\n<\/li>\n<li>\n<p data-path-to-node=\"9,6,0\"><b data-path-to-node=\"9,6,0\" data-index-in-node=\"0\">Mentale Frische:<\/b> Unterst\u00fctzung der Durchblutung und N\u00e4hrstoffversorgung des Nervengewebes zur F\u00f6rderung des allgemeinen Wohlbefindens im Kopfbereich.<\/p>\n<\/li>\n<li>\n<p data-path-to-node=\"9,7,0\"><b data-path-to-node=\"9,7,0\" data-index-in-node=\"0\">Emotionale Harmonie:<\/b> Ausgleich des psychoemotionalen Zustands bei erh\u00f6hter Sensibilit\u00e4t, innerer Unruhe oder emotionaler Verletzlichkeit.<\/p>\n<\/li>\n<li>\n<p data-path-to-node=\"9,8,0\"><b data-path-to-node=\"9,8,0\" data-index-in-node=\"0\">Burnout-Pr\u00e4vention:<\/b> Ganzheitliche Begleitung f\u00fcr Menschen in sozialen Berufen oder mit intensiver zwischenmenschlicher Aktivit\u00e4t zur Aufrechterhaltung der emotionalen Balance.<\/p>\n<\/li>\n<li>\n<p data-path-to-node=\"9,9,0\"><b data-path-to-node=\"9,9,0\" data-index-in-node=\"0\">Ganzheitliche Pflege:<\/b> Umfassende Unterst\u00fctzung f\u00fcr ein \u201eaktives \u00c4lterwerden\u201c sowie den Erhalt von geistiger Klarheit und emotionaler Stabilit\u00e4t in jedem Lebensabschnitt.<\/p>\n<\/li>\n<\/ul>\n<hr data-path-to-node=\"10\" \/>\n<p data-path-to-node=\"11\"><b data-path-to-node=\"11\" data-index-in-node=\"0\">WICHTIG! DAS FC-GER\u00c4T IST KEIN ARZNEIMITTEL UND KEIN MEDIZINPRODUKT!<\/b><\/p>\n<p data-path-to-node=\"12\"><b data-path-to-node=\"12\" data-index-in-node=\"0\">FC (Funktionaler Korrektor)<\/b> \u2014 Dies ist ein einzigartiges Ger\u00e4t, das auf biophysikalischen Prinzipien basiert. Der FC erm\u00f6glicht eine bioenergetische Interaktion mit fl\u00fcssigen Medien und steht in Resonanz mit \u00e4u\u00dferen Feldern. Die Hauptfunktion des FC besteht darin, die Koh\u00e4renz und \u00dcbereinstimmung der k\u00f6rpereigenen Rhythmen mit den harmonischen Rhythmen der Umgebung wiederherzustellen.<\/p>","protected":false},"excerpt":{"rendered":"<p data-path-to-node=\"4\"><b data-path-to-node=\"4\" data-index-in-node=\"0\">N-4 \u2014 IHR PERS\u00d6NLICHER ANTI-STRESS-MANAGER. GANZHEITLICHE UNTERST\u00dcTZUNG F\u00dcR DAS NERVENSYSTEM AUF ALLEN EBENEN ZUR STEIGERUNG DER STRESSRESISTENZ, DER PSYCHOEMOTIONALEN HARMONIE UND EINES ERHOLSAMEN SCHLAFS.<\/b><\/p>\n<p data-path-to-node=\"5\">Das <b data-path-to-node=\"5\" data-index-in-node=\"4\">FC N-4<\/b> unterst\u00fctzt die F\u00e4higkeit, flexibel auf \u00e4u\u00dfere Reize zu reagieren, f\u00f6rdert eine schnelle Regeneration und hilft dabei, in jeder Situation einen klaren Kopf zu bewahren.<\/p>","protected":false},"featured_media":2954,"comment_status":"open","ping_status":"closed","template":"","meta":[],"product_brand":[],"product_cat":[227],"product_tag":[289],"class_list":{"0":"post-2953","1":"product","2":"type-product","3":"status-publish","4":"has-post-thumbnail","6":"product_cat-vita-12","7":"product_tag-vita12n-4","9":"first","10":"onbackorder","11":"taxable","12":"shipping-taxable","13":"purchasable","14":"product-type-simple"},"_links":{"self":[{"href":"https:\/\/vigo-rio.com\/en\/wp-json\/wp\/v2\/product\/2953","targetHints":{"allow":["GET"]}}],"collection":[{"href":"https:\/\/vigo-rio.com\/en\/wp-json\/wp\/v2\/product"}],"about":[{"href":"https:\/\/vigo-rio.com\/en\/wp-json\/wp\/v2\/types\/product"}],"replies":[{"embeddable":true,"href":"https:\/\/vigo-rio.com\/en\/wp-json\/wp\/v2\/comments?post=2953"}],"wp:featuredmedia":[{"embeddable":true,"href":"https:\/\/vigo-rio.com\/en\/wp-json\/wp\/v2\/media\/2954"}],"wp:attachment":[{"href":"https:\/\/vigo-rio.com\/en\/wp-json\/wp\/v2\/media?parent=2953"}],"wp:term":[{"taxonomy":"product_brand","embeddable":true,"href":"https:\/\/vigo-rio.com\/en\/wp-json\/wp\/v2\/product_brand?post=2953"},{"taxonomy":"product_cat","embeddable":true,"href":"https:\/\/vigo-rio.com\/en\/wp-json\/wp\/v2\/product_cat?post=2953"},{"taxonomy":"product_tag","embeddable":true,"href":"https:\/\/vigo-rio.com\/en\/wp-json\/wp\/v2\/product_tag?post=2953"}],"curies":[{"name":"wp","href":"https:\/\/api.w.org\/{rel}","templated":true}]}}