{"id":2951,"date":"2026-03-24T01:16:06","date_gmt":"2026-03-24T01:16:06","guid":{"rendered":"https:\/\/vigo-rio.com\/?post_type=product&#038;p=2951"},"modified":"2026-03-24T01:29:26","modified_gmt":"2026-03-24T01:29:26","slug":"vita12-m-4-ihr-persoenlicher-vital-coach","status":"publish","type":"product","link":"https:\/\/vigo-rio.com\/en\/product\/vita12-m-4-ihr-persoenlicher-vital-coach\/","title":{"rendered":"VITA12 M-4 Ihr pers\u00f6nlicher Vital-Coach"},"content":{"rendered":"<h2 data-path-to-node=\"3\"><b data-path-to-node=\"3\" data-index-in-node=\"0\">M \u2014 ST\u00dcTZ- UND BEWEGUNGSSAPPARAT<\/b><\/h2>\n<h3 data-path-to-node=\"4\"><b data-path-to-node=\"4\" data-index-in-node=\"0\">M-4: Ihr pers\u00f6nlicher Vital-Coach<\/b><\/h3>\n<p data-path-to-node=\"5\"><b data-path-to-node=\"5\" data-index-in-node=\"0\">M-4 fungiert wie ein \u201ePersonal Trainer\u201c f\u00fcr Ihren K\u00f6rper. Sein Ziel ist die ganzheitliche Unterst\u00fctzung des Bewegungsapparates bei erh\u00f6hter k\u00f6rperlicher Belastung, Sport und Fitness f\u00fcr ein aktives Leben.<\/b><\/p>\n<p data-path-to-node=\"6\">Das <b data-path-to-node=\"6\" data-index-in-node=\"4\">FC M-4<\/b> wurde entwickelt, um die funktionale Vitalit\u00e4t des Bewegungsapparates auch unter intensiver Beanspruchung zu f\u00f6rdern. Es unterst\u00fctzt die Regenerationsphasen, hilft beim L\u00f6sen von Muskelspannungen nach dem Training und tr\u00e4gt zur Pflege von Knorpeln, Sehnen und B\u00e4ndern bei. Zudem f\u00f6rdert es die koordinative Harmonie und die energetische Balance.<\/p>\n<hr data-path-to-node=\"7\" \/>\n<p data-path-to-node=\"8\"><b data-path-to-node=\"8\" data-index-in-node=\"0\">Die Anwendung des FC M-4 zielt darauf ab:<\/b><\/p>\n<ul data-path-to-node=\"9\">\n<li>\n<p data-path-to-node=\"9,0,0\"><b data-path-to-node=\"9,0,0\" data-index-in-node=\"0\">Ganzheitliche Vitalisierung:<\/b> Unterst\u00fctzung des Bindegewebes f\u00fcr ein aktives \u00c4lterwerden sowie den Erhalt von Beweglichkeit und Flexibilit\u00e4t in jedem Alter.<\/p>\n<\/li>\n<li>\n<p data-path-to-node=\"9,1,0\"><b data-path-to-node=\"9,1,0\" data-index-in-node=\"0\">Beschleunigte Regeneration:<\/b> F\u00f6rderung der Erholung von Muskeln, Sehnen und Gelenken nach intensiven Trainingseinheiten oder sportlichen Wettk\u00e4mpfen.<\/p>\n<\/li>\n<li>\n<p data-path-to-node=\"9,2,0\"><b data-path-to-node=\"9,2,0\" data-index-in-node=\"0\">Gelenkschutz:<\/b> Unterst\u00fctzung der Knorpelstrukturen und Gelenkfl\u00e4chen bei hohen Belastungen wie Laufen, Fitness oder Kraftsport zur Pflege der nat\u00fcrlichen Gelenkfunktion.<\/p>\n<\/li>\n<li>\n<p data-path-to-node=\"9,3,0\"><b data-path-to-node=\"9,3,0\" data-index-in-node=\"0\">Flexibilit\u00e4t &amp; Elastizit\u00e4t:<\/b> F\u00f6rderung geschmeidiger Sehnen und B\u00e4nder \u2013 ideal als Begleitung zu Stretching, Yoga oder Gymnastik.<\/p>\n<\/li>\n<li>\n<p data-path-to-node=\"9,4,0\"><b data-path-to-node=\"9,4,0\" data-index-in-node=\"0\">Muskul\u00e4re Entspannung:<\/b> Unterst\u00fctzung beim L\u00f6sen von Verspannungen und F\u00f6rderung des Wohlbefindens bei schwerer Muskulatur oder nach langanhaltenden Belastungen.<\/p>\n<\/li>\n<li>\n<p data-path-to-node=\"9,5,0\"><b data-path-to-node=\"9,5,0\" data-index-in-node=\"0\">Koordinative Balance:<\/b> Harmonisierung der neuromuskul\u00e4ren Abl\u00e4ufe und der Bewegungskoordination, sowohl bei komplexen Sportarten als auch zur allgemeinen Sturzpr\u00e4vention.<\/p>\n<\/li>\n<li>\n<p data-path-to-node=\"9,6,0\"><b data-path-to-node=\"9,6,0\" data-index-in-node=\"0\">R\u00fccken- &amp; Wirbels\u00e4ulenpflege:<\/b> Unterst\u00fctzung der Wirbels\u00e4ule und der Bandscheiben bei axialen Belastungen, langem Sitzen oder einer eher bewegungsarmen Lebensweise.<\/p>\n<\/li>\n<li>\n<p data-path-to-node=\"9,7,0\"><b data-path-to-node=\"9,7,0\" data-index-in-node=\"0\">Antioxidativer Gewebeschutz:<\/b> Schutz der Strukturen des Bewegungsapparates vor oxidativem Stress, der durch intensives Training entstehen kann.<\/p>\n<\/li>\n<li>\n<p data-path-to-node=\"9,8,0\"><b data-path-to-node=\"9,8,0\" data-index-in-node=\"0\">Energie &amp; Ausdauer:<\/b> Auff\u00fcllung der energetischen Ressourcen und F\u00f6rderung der Ausdauer bei der Vorbereitung auf sportliche Ziele oder bei allgemeiner Ersch\u00f6pfung.<\/p>\n<\/li>\n<li>\n<p data-path-to-node=\"9,9,0\"><b data-path-to-node=\"9,9,0\" data-index-in-node=\"0\">Mentale St\u00e4rke im Sport:<\/b> Unterst\u00fctzung der psychoemotionalen Balance, um Motivation zu erhalten und Erm\u00fcdungserscheinungen w\u00e4hrend Leistungsphasen besser zu bew\u00e4ltigen.<\/p>\n<\/li>\n<\/ul>\n<hr data-path-to-node=\"10\" \/>\n<p data-path-to-node=\"11\"><b data-path-to-node=\"11\" data-index-in-node=\"0\">WICHTIG! DAS FC-GER\u00c4T IST KEIN ARZNEIMITTEL UND KEIN MEDIZINPRODUKT!<\/b><\/p>\n<p data-path-to-node=\"12\"><b data-path-to-node=\"12\" data-index-in-node=\"0\">FC (Funktionaler Korrektor)<\/b> \u2014 Dies ist ein einzigartiges Ger\u00e4t, das auf biophysikalischen Prinzipien basiert. Der FC erm\u00f6glicht eine bioenergetische Interaktion mit fl\u00fcssigen Medien und steht in Resonanz mit \u00e4u\u00dferen Feldern. Die Hauptfunktion des FC besteht darin, die Koh\u00e4renz und \u00dcbereinstimmung der k\u00f6rpereigenen Rhythmen mit den harmonischen Rhythmen der Umgebung wiederherzustellen.<\/p>","protected":false},"excerpt":{"rendered":"<p data-path-to-node=\"4\"><b data-path-to-node=\"4\" data-index-in-node=\"0\">M-4 \u2014 DER PERS\u00d6NLICHE VITAL-COACH F\u00dcR IHREN K\u00d6RPER. SEIN ZIEL IST DIE GANZHEITLICHE UNTERST\u00dcTZUNG DES BEWEGUNGSAPPARATES BEI ERH\u00d6HTER K\u00d6RPERLICHER BELASTUNG, SPORT UND FITNESS F\u00dcR EIN AKTIVES LEBEN.<\/b><\/p>\n<p data-path-to-node=\"5\">Das <b data-path-to-node=\"5\" data-index-in-node=\"4\">FC M-4<\/b> wurde entwickelt, um die funktionale Vitalit\u00e4t des Bewegungsapparates auch unter intensiver Beanspruchung zu f\u00f6rdern. Es unterst\u00fctzt die Regenerationsphasen, hilft beim L\u00f6sen von Muskelspannungen nach dem Training, tr\u00e4gt zur Pflege von Knorpeln und B\u00e4ndern bei und harmonisiert die Bewegungsabl\u00e4ufe sowie die energetische Balance.<\/p>","protected":false},"featured_media":2952,"comment_status":"open","ping_status":"closed","template":"","meta":[],"product_brand":[],"product_cat":[227],"product_tag":[290],"class_list":{"0":"post-2951","1":"product","2":"type-product","3":"status-publish","4":"has-post-thumbnail","6":"product_cat-vita-12","7":"product_tag-vita12m-4","9":"first","10":"onbackorder","11":"taxable","12":"shipping-taxable","13":"purchasable","14":"product-type-simple"},"_links":{"self":[{"href":"https:\/\/vigo-rio.com\/en\/wp-json\/wp\/v2\/product\/2951","targetHints":{"allow":["GET"]}}],"collection":[{"href":"https:\/\/vigo-rio.com\/en\/wp-json\/wp\/v2\/product"}],"about":[{"href":"https:\/\/vigo-rio.com\/en\/wp-json\/wp\/v2\/types\/product"}],"replies":[{"embeddable":true,"href":"https:\/\/vigo-rio.com\/en\/wp-json\/wp\/v2\/comments?post=2951"}],"wp:featuredmedia":[{"embeddable":true,"href":"https:\/\/vigo-rio.com\/en\/wp-json\/wp\/v2\/media\/2952"}],"wp:attachment":[{"href":"https:\/\/vigo-rio.com\/en\/wp-json\/wp\/v2\/media?parent=2951"}],"wp:term":[{"taxonomy":"product_brand","embeddable":true,"href":"https:\/\/vigo-rio.com\/en\/wp-json\/wp\/v2\/product_brand?post=2951"},{"taxonomy":"product_cat","embeddable":true,"href":"https:\/\/vigo-rio.com\/en\/wp-json\/wp\/v2\/product_cat?post=2951"},{"taxonomy":"product_tag","embeddable":true,"href":"https:\/\/vigo-rio.com\/en\/wp-json\/wp\/v2\/product_tag?post=2951"}],"curies":[{"name":"wp","href":"https:\/\/api.w.org\/{rel}","templated":true}]}}