{"id":2949,"date":"2026-03-24T01:12:43","date_gmt":"2026-03-24T01:12:43","guid":{"rendered":"https:\/\/vigo-rio.com\/?post_type=product&#038;p=2949"},"modified":"2026-04-18T07:27:46","modified_gmt":"2026-04-18T07:27:46","slug":"vita12-i-4-immun-balance-harmonisierung","status":"publish","type":"product","link":"https:\/\/vigo-rio.com\/en\/product\/vita12-i-4-immun-balance-harmonisierung\/","title":{"rendered":"VITA12 I-4 Immun-Balance &#038; Harmonisierung"},"content":{"rendered":"<h2 data-path-to-node=\"3\"><b data-path-to-node=\"3\" data-index-in-node=\"0\">I \u2014 IMMUNSYSTEM<\/b><\/h2>\n<h3 data-path-to-node=\"4\"><b data-path-to-node=\"4\" data-index-in-node=\"0\">I-4: Immun-Balance &amp; Harmonisierung<\/b><\/h3>\n<p data-path-to-node=\"5\"><b data-path-to-node=\"5\" data-index-in-node=\"0\">I-4 dient der Unterst\u00fctzung des Organismus bei der Harmonisierung einer \u00fcberschie\u00dfenden Immunantwort und bietet ganzheitliche Begleitung bei Sensibilit\u00e4ten gegen\u00fcber \u00e4u\u00dferen Einfl\u00fcssen.<\/b><\/p>\n<p data-path-to-node=\"6\">Das <b data-path-to-node=\"6\" data-index-in-node=\"4\">FC I-4<\/b> wurde entwickelt, um ein \u201e\u00fcberaktives\u201c Immunsystem sanft zu beruhigen. Es unterst\u00fctzt den K\u00f6rper dabei, \u00e4u\u00dfere Reize (Allergene) korrekt einzuordnen und f\u00f6rdert die nat\u00fcrliche Reinigung von Stoffen, die oft als Ausl\u00f6ser f\u00fcr Unwohlsein dienen.<\/p>\n<hr data-path-to-node=\"7\" \/>\n<p data-path-to-node=\"8\"><b data-path-to-node=\"8\" data-index-in-node=\"0\">Die Anwendung des FC I-4 zielt darauf ab:<\/b><\/p>\n<ul data-path-to-node=\"9\">\n<li>\n<p data-path-to-node=\"9,0,0\"><b data-path-to-node=\"9,0,0\" data-index-in-node=\"0\">Regulierung der Stoffwechselprozesse:<\/b> Ganzheitliche Unterst\u00fctzung bei Sensibilit\u00e4ten, F\u00f6rderung eines ausgewogenen S\u00e4ure-Basen-Haushalts und Begleitung in Zeiten von Pollenflug oder Kontakt mit Reizstoffen.<\/p>\n<\/li>\n<li>\n<p data-path-to-node=\"9,1,0\"><b data-path-to-node=\"9,1,0\" data-index-in-node=\"0\">Harmonisierung der Immunantwort:<\/b> Milderung der Reaktionsbereitschaft des K\u00f6rpers auf saisonale Einfl\u00fcsse (wie Pollen) zur Unterst\u00fctzung freier Atemwege und einer entspannten Augen- und Nasenpartie.<\/p>\n<\/li>\n<li>\n<p data-path-to-node=\"9,2,0\"><b data-path-to-node=\"9,2,0\" data-index-in-node=\"0\">Unterst\u00fctzung des Hautkomforts:<\/b> Beruhigung der Haut bei Irritationen, R\u00f6tungen, Schuppenbildung oder Juckreiz, um die nat\u00fcrliche Schutzbarriere zu st\u00e4rken.<\/p>\n<\/li>\n<li>\n<p data-path-to-node=\"9,3,0\"><b data-path-to-node=\"9,3,0\" data-index-in-node=\"0\">Balance der Botenstoffe:<\/b> Indirekte Unterst\u00fctzung bei der Regulation k\u00f6rpereigener Stoffe (wie Histamin), die auf bestimmte Nahrungsmittel oder \u00e4u\u00dfere Faktoren reagieren.<\/p>\n<\/li>\n<li>\n<p data-path-to-node=\"9,4,0\"><b data-path-to-node=\"9,4,0\" data-index-in-node=\"0\">Normalisierung der Immunreaktion:<\/b> F\u00f6rderung einer korrekten \u201eSelbst-Fremd-Erkennung\u201c des Immunsystems zur Unterst\u00fctzung der inneren Balance bei fehlerhaften Abwehrreaktionen.<\/p>\n<\/li>\n<li>\n<p data-path-to-node=\"9,5,0\"><b data-path-to-node=\"9,5,0\" data-index-in-node=\"0\">Antioxidativer Zellschutz:<\/b> Schutz der Zellen vor oxidativem Stress, der durch Umweltreize und freie Radikale entstehen kann.<\/p>\n<\/li>\n<li>\n<p data-path-to-node=\"9,6,0\"><b data-path-to-node=\"9,6,0\" data-index-in-node=\"0\">Ganzheitliche Entgiftung:<\/b> Unterst\u00fctzung bei der Ausleitung angesammelter Stoffwechselprodukte und F\u00f6rderung der Selbstreinigungskr\u00e4fte des K\u00f6rpers.<\/p>\n<\/li>\n<li>\n<p data-path-to-node=\"9,7,0\"><b data-path-to-node=\"9,7,0\" data-index-in-node=\"0\">Mikrobiologische Unterst\u00fctzung:<\/b> Begleitung des Organismus bei energetischen Ungleichgewichten im Zusammenhang mit Parasiten oder Pilzen sowie Unterst\u00fctzung der Darmflora (Dysbiose).<\/p>\n<\/li>\n<li>\n<p data-path-to-node=\"9,8,0\"><b data-path-to-node=\"9,8,0\" data-index-in-node=\"0\">Psychosomatische Balance:<\/b> Mentale Unterst\u00fctzung bei k\u00f6rperlichen Reaktionen, die durch Stress, Angst oder emotionale \u00dcberlastung verst\u00e4rkt werden.<\/p>\n<\/li>\n<li>\n<p data-path-to-node=\"9,9,0\"><b data-path-to-node=\"9,9,0\" data-index-in-node=\"0\">St\u00e4rkung der Barrierefunktion:<\/b> Wiederherstellung der nat\u00fcrlichen Schutzfunktion von Haut und Schleimh\u00e4uten, um die Widerstandskraft gegen\u00fcber \u00e4u\u00dferen Einfl\u00fcssen zu erh\u00f6hen.<\/p>\n<\/li>\n<\/ul>\n<hr data-path-to-node=\"10\" \/>\n<p data-path-to-node=\"11\"><b data-path-to-node=\"11\" data-index-in-node=\"0\">WICHTIG! DAS FC-GER\u00c4T IST KEIN ARZNEIMITTEL UND KEIN MEDIZINPRODUKT!<\/b><\/p>\n<p data-path-to-node=\"12\"><b data-path-to-node=\"12\" data-index-in-node=\"0\">FC (Funktionaler Korrektor)<\/b> \u2014 Dies ist ein einzigartiges Ger\u00e4t, das auf biophysikalischen Prinzipien basiert. Der FC erm\u00f6glicht eine bioenergetische Interaktion mit fl\u00fcssigen Medien und steht in Resonanz mit \u00e4u\u00dferen Feldern. Die Hauptfunktion des FC besteht darin, die Koh\u00e4renz und \u00dcbereinstimmung der k\u00f6rpereigenen Rhythmen mit den harmonischen Rhythmen der Umgebung wiederherzustellen.<\/p>","protected":false},"excerpt":{"rendered":"<p data-path-to-node=\"4\"><b data-path-to-node=\"4\" data-index-in-node=\"0\">I-4 DIENT DER UNTERST\u00dcTZUNG DES ORGANISMUS BEI DER HARMONISIERUNG EINER \u00dcBERSCHIESSENDEN IMMUNANTWORT UND BIETET GANZHEITLICHE BEGLEITUNG BEI SENSIBILIT\u00c4TEN GEGEN\u00dcBER \u00c4USSEREN EINFL\u00dcSSEN.<\/b><\/p>\n<p data-path-to-node=\"5\">Das <b data-path-to-node=\"5\" data-index-in-node=\"4\">FC I-4<\/b> wurde entwickelt, um ein \u201e\u00fcberaktives\u201c Immunsystem sanft zu beruhigen. Es unterst\u00fctzt den K\u00f6rper dabei, \u00e4u\u00dfere Reize korrekt einzuordnen und f\u00f6rdert die nat\u00fcrliche Reinigung von Stoffen, die oft als Ausl\u00f6ser f\u00fcr Unwohlsein dienen.<\/p>","protected":false},"featured_media":2950,"comment_status":"open","ping_status":"closed","template":"","meta":[],"product_brand":[],"product_cat":[227],"product_tag":[291],"class_list":{"0":"post-2949","1":"product","2":"type-product","3":"status-publish","4":"has-post-thumbnail","6":"product_cat-vita-12","7":"product_tag-vita12i-4","9":"first","10":"onbackorder","11":"taxable","12":"shipping-taxable","13":"purchasable","14":"product-type-simple"},"_links":{"self":[{"href":"https:\/\/vigo-rio.com\/en\/wp-json\/wp\/v2\/product\/2949","targetHints":{"allow":["GET"]}}],"collection":[{"href":"https:\/\/vigo-rio.com\/en\/wp-json\/wp\/v2\/product"}],"about":[{"href":"https:\/\/vigo-rio.com\/en\/wp-json\/wp\/v2\/types\/product"}],"replies":[{"embeddable":true,"href":"https:\/\/vigo-rio.com\/en\/wp-json\/wp\/v2\/comments?post=2949"}],"wp:featuredmedia":[{"embeddable":true,"href":"https:\/\/vigo-rio.com\/en\/wp-json\/wp\/v2\/media\/2950"}],"wp:attachment":[{"href":"https:\/\/vigo-rio.com\/en\/wp-json\/wp\/v2\/media?parent=2949"}],"wp:term":[{"taxonomy":"product_brand","embeddable":true,"href":"https:\/\/vigo-rio.com\/en\/wp-json\/wp\/v2\/product_brand?post=2949"},{"taxonomy":"product_cat","embeddable":true,"href":"https:\/\/vigo-rio.com\/en\/wp-json\/wp\/v2\/product_cat?post=2949"},{"taxonomy":"product_tag","embeddable":true,"href":"https:\/\/vigo-rio.com\/en\/wp-json\/wp\/v2\/product_tag?post=2949"}],"curies":[{"name":"wp","href":"https:\/\/api.w.org\/{rel}","templated":true}]}}