{"id":2945,"date":"2026-03-24T01:05:17","date_gmt":"2026-03-24T01:05:17","guid":{"rendered":"https:\/\/vigo-rio.com\/?post_type=product&#038;p=2945"},"modified":"2026-03-24T01:28:49","modified_gmt":"2026-03-24T01:28:49","slug":"vita12-e-4-stoffwechsel-balance-gewichtsmanagement","status":"publish","type":"product","link":"https:\/\/vigo-rio.com\/en\/product\/vita12-e-4-stoffwechsel-balance-gewichtsmanagement\/","title":{"rendered":"VITA12 E-4 Stoffwechsel-Balance &#038; Gewichtsmanagement"},"content":{"rendered":"<h2 data-path-to-node=\"3\"><b data-path-to-node=\"3\" data-index-in-node=\"0\">E \u2014 ENDOKRINES SYSTEM<\/b><\/h2>\n<h3 data-path-to-node=\"4\"><b data-path-to-node=\"4\" data-index-in-node=\"0\">E-4: Stoffwechsel-Balance &amp; Gewichtsmanagement<\/b><\/h3>\n<p data-path-to-node=\"5\"><b data-path-to-node=\"5\" data-index-in-node=\"0\">E-4 fokussiert sich auf die metabolische Kontrolle und die Unterst\u00fctzung eines gesunden K\u00f6rpergewichts in vier Kernbereichen: Fettstoffwechsel &amp; Appetit, Kohlenhydratstoffwechsel, psychosomatische Balance &amp; Stressbew\u00e4ltigung sowie sanfte Entgiftung.<\/b><\/p>\n<p data-path-to-node=\"6\">Das <b data-path-to-node=\"6\" data-index-in-node=\"4\">FC E-4<\/b> wurde entwickelt, um die nat\u00fcrliche Zellreaktion auf hormonelle Signale zu unterst\u00fctzen, den Fettstoffwechsel zu harmonisieren und den K\u00f6rper sicher auf dem Weg zu seinem Wohlf\u00fchlgewicht zu begleiten. Es dient der ganzheitlichen Pflege und Balance des endokrinen Systems.<\/p>\n<hr data-path-to-node=\"7\" \/>\n<p data-path-to-node=\"8\"><b data-path-to-node=\"8\" data-index-in-node=\"0\">Die Anwendung des FC E-4 zielt darauf ab:<\/b><\/p>\n<ul data-path-to-node=\"9\">\n<li>\n<p data-path-to-node=\"9,0,0\"><b data-path-to-node=\"9,0,0\" data-index-in-node=\"0\">Balance im Kohlenhydratstoffwechsel:<\/b> Unterst\u00fctzung der nat\u00fcrlichen Zellreaktion und Harmonisierung des Zuckerstoffwechsels (hilfreich bei Hei\u00dfhunger auf S\u00fc\u00dfes oder Schwankungen im Energielevel).<\/p>\n<\/li>\n<li>\n<p data-path-to-node=\"9,1,0\"><b data-path-to-node=\"9,1,0\" data-index-in-node=\"0\">Fettstoffwechsel &amp; Appetitkontrolle:<\/b> F\u00f6rderung einer gesunden S\u00e4ttigungsregulation und Unterst\u00fctzung bei der Kontrolle des Appetits, insbesondere bei einer Neigung zu emotionalem Essen.<\/p>\n<\/li>\n<li>\n<p data-path-to-node=\"9,2,0\"><b data-path-to-node=\"9,2,0\" data-index-in-node=\"0\">Leber- &amp; Gallenunterst\u00fctzung:<\/b> Begleitung der nat\u00fcrlichen Leberfunktion und F\u00f6rderung eines effizienten Fettabbaus sowie der sanften inneren Reinigung.<\/p>\n<\/li>\n<li>\n<p data-path-to-node=\"9,3,0\"><b data-path-to-node=\"9,3,0\" data-index-in-node=\"0\">Stressmanagement &amp; Nebennieren:<\/b> Harmonisierung der Reaktion auf Stress (Cortisol-Balance) zur Vermeidung stressbedingter Fetteinlagerungen (insb. im Bauchbereich) und nerv\u00f6ser Unruhe.<\/p>\n<\/li>\n<li>\n<p data-path-to-node=\"9,4,0\"><b data-path-to-node=\"9,4,0\" data-index-in-node=\"0\">Hormonelle Harmonie:<\/b> Unterst\u00fctzung des energetischen Gleichgewichts bei zyklusbedingten oder altersbedingten Stoffwechselver\u00e4nderungen.<\/p>\n<\/li>\n<li>\n<p data-path-to-node=\"9,5,0\"><b data-path-to-node=\"9,5,0\" data-index-in-node=\"0\">Psychologische Unterst\u00fctzung:<\/b> F\u00f6rderung gesunder Ern\u00e4hrungsgewohnheiten und mentale St\u00e4rkung bei der Umstellung des Lebensstils oder Motivationsverlust.<\/p>\n<\/li>\n<li>\n<p data-path-to-node=\"9,6,0\"><b data-path-to-node=\"9,6,0\" data-index-in-node=\"0\">Hautbild &amp; Gewebestraffung:<\/b> Verbesserung der Mikrozirkulation und N\u00e4hrstoffversorgung des Gewebes zur Pflege der Hautelastizit\u00e4t (z. B. bei Cellulite oder w\u00e4hrend der Gewichtsabnahme).<\/p>\n<\/li>\n<li>\n<p data-path-to-node=\"9,7,0\"><b data-path-to-node=\"9,7,0\" data-index-in-node=\"0\">Detox &amp; Wasserhaushalt:<\/b> F\u00f6rderung der Ausleitung von Stoffwechselnebenprodukten und Unterst\u00fctzung eines ausgeglichenen Fl\u00fcssigkeitshaushalts bei Neigung zu Schwellungen.<\/p>\n<\/li>\n<li>\n<p data-path-to-node=\"9,8,0\"><b data-path-to-node=\"9,8,0\" data-index-in-node=\"0\">Schutz &amp; Regeneration:<\/b> Unterst\u00fctzung des Gewebeschutzes und F\u00f6rderung eines aktiven, gesunden Stoffwechsels.<\/p>\n<\/li>\n<li>\n<p data-path-to-node=\"9,9,0\"><b data-path-to-node=\"9,9,0\" data-index-in-node=\"0\">Ganzheitliche Vitalit\u00e4t:<\/b> Umfassende Pflege des endokrinen Systems zur Unterst\u00fctzung der Vitalit\u00e4t bei altersbedingten Stoffwechselverlangsamungen.<\/p>\n<\/li>\n<\/ul>\n<hr data-path-to-node=\"10\" \/>\n<p data-path-to-node=\"11\"><b data-path-to-node=\"11\" data-index-in-node=\"0\">WICHTIG! DAS FC-GER\u00c4T IST KEIN ARZNEIMITTEL UND KEIN MEDIZINPRODUKT!<\/b><\/p>\n<p data-path-to-node=\"12\"><b data-path-to-node=\"12\" data-index-in-node=\"0\">FC (Funktionaler Korrektor)<\/b> \u2014 Dies ist ein einzigartiges Ger\u00e4t, das auf biophysikalischen Prinzipien basiert. Der FC erm\u00f6glicht eine bioenergetische Interaktion mit fl\u00fcssigen Medien und steht in Resonanz mit \u00e4u\u00dferen Feldern. Die Hauptfunktion des FC besteht darin, die Koh\u00e4renz und \u00dcbereinstimmung der k\u00f6rpereigenen Rhythmen mit den harmonischen Rhythmen der Umgebung wiederherzustellen.<\/p>","protected":false},"excerpt":{"rendered":"<p data-path-to-node=\"4\"><b data-path-to-node=\"4\" data-index-in-node=\"0\">E-4 FOKUSSIERT SICH AUF DIE METABOLISCHE KONTROLLE UND DAS GEWICHTSMANAGEMENT IN VIER BEREICHEN: FETTSTOFFWECHSEL &amp; APPETIT, KOHLENHYDRATSTOFFWECHSEL, PSYCHOSOMATIK &amp; STRESS SOWIE DETOX.<\/b><\/p>\n<p data-path-to-node=\"5\">Das <b data-path-to-node=\"5\" data-index-in-node=\"4\">FC E-4<\/b> wurde entwickelt, um die nat\u00fcrliche Zellreaktion auf hormonelle Signale zu unterst\u00fctzen, den Fettstoffwechsel zu harmonisieren und den K\u00f6rper dabei zu begleiten, sicher zu seinem pers\u00f6nlichen Wohlf\u00fchlgewicht zur\u00fcckzufinden. Es dient der ganzheitlichen Unterst\u00fctzung und Balance des endokrinen Systems.<\/p>","protected":false},"featured_media":2947,"comment_status":"open","ping_status":"closed","template":"","meta":[],"product_brand":[],"product_cat":[227],"product_tag":[292],"class_list":{"0":"post-2945","1":"product","2":"type-product","3":"status-publish","4":"has-post-thumbnail","6":"product_cat-vita-12","7":"product_tag-vita12e-4","9":"first","10":"onbackorder","11":"taxable","12":"shipping-taxable","13":"purchasable","14":"product-type-simple"},"_links":{"self":[{"href":"https:\/\/vigo-rio.com\/en\/wp-json\/wp\/v2\/product\/2945","targetHints":{"allow":["GET"]}}],"collection":[{"href":"https:\/\/vigo-rio.com\/en\/wp-json\/wp\/v2\/product"}],"about":[{"href":"https:\/\/vigo-rio.com\/en\/wp-json\/wp\/v2\/types\/product"}],"replies":[{"embeddable":true,"href":"https:\/\/vigo-rio.com\/en\/wp-json\/wp\/v2\/comments?post=2945"}],"wp:featuredmedia":[{"embeddable":true,"href":"https:\/\/vigo-rio.com\/en\/wp-json\/wp\/v2\/media\/2947"}],"wp:attachment":[{"href":"https:\/\/vigo-rio.com\/en\/wp-json\/wp\/v2\/media?parent=2945"}],"wp:term":[{"taxonomy":"product_brand","embeddable":true,"href":"https:\/\/vigo-rio.com\/en\/wp-json\/wp\/v2\/product_brand?post=2945"},{"taxonomy":"product_cat","embeddable":true,"href":"https:\/\/vigo-rio.com\/en\/wp-json\/wp\/v2\/product_cat?post=2945"},{"taxonomy":"product_tag","embeddable":true,"href":"https:\/\/vigo-rio.com\/en\/wp-json\/wp\/v2\/product_tag?post=2945"}],"curies":[{"name":"wp","href":"https:\/\/api.w.org\/{rel}","templated":true}]}}