{"id":2906,"date":"2026-03-16T21:10:04","date_gmt":"2026-03-16T21:10:04","guid":{"rendered":"https:\/\/vigo-rio.com\/?post_type=product&#038;p=2906"},"modified":"2026-04-14T08:56:03","modified_gmt":"2026-04-14T08:56:03","slug":"fc-energien-der-bluete","status":"publish","type":"product","link":"https:\/\/vigo-rio.com\/en\/product\/fc-energien-der-bluete\/","title":{"rendered":"FC ENERGIEN DER BL\u00dcTE-LIMITIERTE AUFLAGE (Weltweit nur 300 St\u00fcck)"},"content":{"rendered":"<h2 data-path-to-node=\"3\">\u201eEnergien der Bl\u00fcte\u201c<\/h2>\n<p data-path-to-node=\"4\">Die FC <b data-path-to-node=\"4\" data-index-in-node=\"7\">\u201eEnergien der Bl\u00fcte\u201c<\/b> hilft dabei, Stress abzubauen, schenkt neue Vitalit\u00e4t und unterst\u00fctzt ein jugendliches Wohlbefinden. Sie f\u00f6rdert die Klarheit der Gedanken und hilft Ihnen dabei, wieder auf Ihre inneren W\u00fcnsche und Herzensziele zu h\u00f6ren.<\/p>\n<p data-path-to-node=\"5\">Auf dieser FC ist die Polarisation der Wasserquelle \u201eArzhan-Suu Kara-Tyt\u201c aus dem Altai-Gebirge (Russland) gespeichert. <b data-path-to-node=\"5\" data-index-in-node=\"120\">Dauer der Wasserinformatisierung:<\/b> 10 Minuten.<\/p>\n<h3 data-path-to-node=\"6\">Die wichtigsten Funktionen der FC:<\/h3>\n<ul data-path-to-node=\"7\">\n<li>\n<p data-path-to-node=\"7,0,0\"><b data-path-to-node=\"7,0,0\" data-index-in-node=\"0\">Harmonisierung des Stoffwechsels:<\/b> Die FC unterst\u00fctzt den nat\u00fcrlichen Stoffwechsel und optimiert den Wasserhaushalt des K\u00f6rpers \u2013 das Fundament f\u00fcr alle biochemischen Reaktionen. Dies f\u00f6rdert die N\u00e4hrstoffaufnahme, die sanfte Reinigung des K\u00f6rpers und steigert das allgemeine Energieniveau.<\/p>\n<\/li>\n<li>\n<p data-path-to-node=\"7,1,0\"><b data-path-to-node=\"7,1,0\" data-index-in-node=\"0\">Balance f\u00fcr das Nervensystem:<\/b> Die Energien der Platte wirken wie eine \u201eStimmgabel\u201c f\u00fcr Ihr Nervensystem. Sie helfen dabei, von Stress auf Erholung umzuschalten, \u00c4ngste zu lindern und die emotionale Stabilit\u00e4t zu f\u00f6rdern, w\u00e4hrend die Lebenskraft erhalten bleibt.<\/p>\n<\/li>\n<li>\n<p data-path-to-node=\"7,2,0\"><b data-path-to-node=\"7,2,0\" data-index-in-node=\"0\">Erholsamer Schlaf:<\/b> Am Abend unterst\u00fctzt die FC den sanften \u00dcbergang in den Ruhemodus. Sie f\u00f6rdert das nat\u00fcrliche Einschlafen und eine gesunde Schlafstruktur, damit K\u00f6rper und Geist regenerieren k\u00f6nnen. Sie wachen erholt und mit klarem Kopf auf.<\/p>\n<\/li>\n<li>\n<p data-path-to-node=\"7,3,0\"><b data-path-to-node=\"7,3,0\" data-index-in-node=\"0\">Entspannung f\u00fcr die Augen:<\/b> Besonders bei langer Arbeit am Computer hilft die FC, M\u00fcdigkeit und das Gef\u00fchl von \u201eSand in den Augen\u201c zu lindern. Sie unterst\u00fctzt die Entspannung der Augenmuskulatur und beugt \u00dcberanstrengung vor.<\/p>\n<\/li>\n<li>\n<p data-path-to-node=\"7,4,0\"><b data-path-to-node=\"7,4,0\" data-index-in-node=\"0\">St\u00e4rkung der nat\u00fcrlichen Abwehrkr\u00e4fte:<\/b> Die FC f\u00f6rdert ein inneres Milieu, das die Widerstandskraft des K\u00f6rpers st\u00e4rkt. Sie unterst\u00fctzt die k\u00f6rpereigenen Barrierefunktionen und hilft dem Organismus, besonders in der kalten Jahreszeit, in Balance zu bleiben.<\/p>\n<\/li>\n<li>\n<p data-path-to-node=\"7,5,0\"><b data-path-to-node=\"7,5,0\" data-index-in-node=\"0\">Atmosph\u00e4re der Ruhe:<\/b> Sie hilft dabei, in Ihrem Zuhause oder B\u00fcro eine friedliche und gesch\u00fctzte Atmosph\u00e4re zu schaffen. Die Platte wirkt wie ein pers\u00f6nliches \u201ePortal\u201c zur unber\u00fchrten Natur des Altai und reinigt den Raum von technogenem oder emotionalem Stress.<\/p>\n<\/li>\n<li>\n<p data-path-to-node=\"7,6,0\"><b data-path-to-node=\"7,6,0\" data-index-in-node=\"0\">Unterst\u00fctzung der inneren Verj\u00fcngung:<\/b> Durch eine verbesserte Hydratation auf zellul\u00e4rer Ebene wird die Elastizit\u00e4t des Gewebes gef\u00f6rdert. Die Unterst\u00fctzung des Lymphsystems hilft bei der nat\u00fcrlichen Reinigung, was die Zellerneuerung und ein frisches K\u00f6rpergef\u00fchl beg\u00fcnstigt.<\/p>\n<\/li>\n<li>\n<p data-path-to-node=\"7,7,0\"><b data-path-to-node=\"7,7,0\" data-index-in-node=\"0\">\u00c4u\u00dfere Ausstrahlung und Frische:<\/b> Eine bessere Mikrozirkulation schenkt der Haut Spannkraft und ein gesundes Strahlen. F\u00e4ltchen k\u00f6nnen durch die verbesserte Feuchtigkeitsaufnahme gemildert werden. Auch Haare und N\u00e4gel profitieren von dem verbesserten Stoffwechsel und wirken kr\u00e4ftiger.<\/p>\n<\/li>\n<li>\n<p data-path-to-node=\"7,8,0\"><b data-path-to-node=\"7,8,0\" data-index-in-node=\"0\">Klarheit f\u00fcr Herzensw\u00fcnsche:<\/b> Die Energien f\u00f6rdern die \u201eReinheit der Gedanken\u201c. Sie helfen dabei, den sozialen \u201eL\u00e4rm\u201c und fremde Erwartungen auszublenden, um die eigenen, wahren Bed\u00fcrfnisse und Ziele zu erkennen, die im Einklang mit Ihrem Herzen stehen.<\/p>\n<\/li>\n<\/ul>\n<hr data-path-to-node=\"8\" \/>\n<h3 data-path-to-node=\"9\">Empfehlungen zur Anwendung:<\/h3>\n<ul data-path-to-node=\"10\">\n<li>\n<p data-path-to-node=\"10,0,0\"><b data-path-to-node=\"10,0,0\" data-index-in-node=\"0\">Strukturierung von Trinkwasser:<\/b> Stellen Sie Ihr Wasserglas oder Ihre Karaffe f\u00fcr <b data-path-to-node=\"10,0,0\" data-index-in-node=\"81\">10 Minuten<\/b> auf die Platte. Trinken Sie dieses Wasser \u00fcber den Tag verteilt, um Ihren K\u00f6rper ganzheitlich zu unterst\u00fctzen. (Im flie\u00dfenden Wasser wird die Information sofort \u00fcbertragen).<\/p>\n<\/li>\n<li>\n<p data-path-to-node=\"10,1,0\"><b data-path-to-node=\"10,1,0\" data-index-in-node=\"0\">Morgenritual:<\/b> Beginnen Sie den Tag mit einem Glas informierten Wasser und der positiven Absicht f\u00fcr Frische und Erneuerung.<\/p>\n<\/li>\n<li>\n<p data-path-to-node=\"10,2,0\"><b data-path-to-node=\"10,2,0\" data-index-in-node=\"0\">Kosmetische Anwendung:<\/b> Nutzen Sie das informierte Wasser zur Gesichtspflege oder stellen Sie Ihre Cremes und Masken auf die Platte, um deren energetische Qualit\u00e4t zu erh\u00f6hen.<\/p>\n<\/li>\n<li>\n<p data-path-to-node=\"10,3,0\"><b data-path-to-node=\"10,3,0\" data-index-in-node=\"0\">F\u00fcr die Augen:<\/b> Legen Sie die Platte f\u00fcr 10-15 Minuten auf die geschlossenen Augenlider, um Entspannung zu finden.<\/p>\n<\/li>\n<li>\n<p data-path-to-node=\"10,4,0\"><b data-path-to-node=\"10,4,0\" data-index-in-node=\"0\">F\u00fcr einen guten Schlaf:<\/b> Trinken Sie 30-60 Minuten vor dem Zubettgehen ein Glas informirtes Wasser und legen Sie die Platte unter das Kopfkissen oder auf den Nachttisch.<\/p>\n<\/li>\n<li>\n<p data-path-to-node=\"10,5,0\"><b data-path-to-node=\"10,5,0\" data-index-in-node=\"0\">Im Alltag:<\/b> Tragen Sie die FC bei sich oder legen Sie diese auf Ihren Schreibtisch, um eine ruhige und produktive Arbeitsatmosph\u00e4re zu schaffen.<\/p>\n<\/li>\n<\/ul>","protected":false},"excerpt":{"rendered":"<p>Die FC \u201eEnergien der Bl\u00fcte\u201c ist Ihre Quelle f\u00fcr Vitalit\u00e4t, Entspannung und nat\u00fcrliche Verj\u00fcngung. Mit der Kraft einer heiligen Quelle aus dem Altai-Gebirge hilft sie Ihnen, Stress abzubauen, den Stoffwechsel zu harmonisieren und tiefe innere Ruhe zu finden. Genie\u00dfen Sie erholsamen Schlaf, strahlende Frische und die Klarheit, Ihren wahren Herzensw\u00fcnschen zu folgen. Ein sanfter Begleiter f\u00fcr ein gesundes und erf\u00fclltes Leben.<\/p>","protected":false},"featured_media":2907,"comment_status":"open","ping_status":"closed","template":"","meta":[],"product_brand":[],"product_cat":[33,287],"product_tag":[286],"class_list":{"0":"post-2906","1":"product","2":"type-product","3":"status-publish","4":"has-post-thumbnail","6":"product_cat-elite-series","7":"product_cat-neu-in-diesem-monat","8":"product_tag-286","10":"first","11":"instock","12":"taxable","13":"shipping-taxable","14":"purchasable","15":"product-type-simple"},"_links":{"self":[{"href":"https:\/\/vigo-rio.com\/en\/wp-json\/wp\/v2\/product\/2906","targetHints":{"allow":["GET"]}}],"collection":[{"href":"https:\/\/vigo-rio.com\/en\/wp-json\/wp\/v2\/product"}],"about":[{"href":"https:\/\/vigo-rio.com\/en\/wp-json\/wp\/v2\/types\/product"}],"replies":[{"embeddable":true,"href":"https:\/\/vigo-rio.com\/en\/wp-json\/wp\/v2\/comments?post=2906"}],"wp:featuredmedia":[{"embeddable":true,"href":"https:\/\/vigo-rio.com\/en\/wp-json\/wp\/v2\/media\/2907"}],"wp:attachment":[{"href":"https:\/\/vigo-rio.com\/en\/wp-json\/wp\/v2\/media?parent=2906"}],"wp:term":[{"taxonomy":"product_brand","embeddable":true,"href":"https:\/\/vigo-rio.com\/en\/wp-json\/wp\/v2\/product_brand?post=2906"},{"taxonomy":"product_cat","embeddable":true,"href":"https:\/\/vigo-rio.com\/en\/wp-json\/wp\/v2\/product_cat?post=2906"},{"taxonomy":"product_tag","embeddable":true,"href":"https:\/\/vigo-rio.com\/en\/wp-json\/wp\/v2\/product_tag?post=2906"}],"curies":[{"name":"wp","href":"https:\/\/api.w.org\/{rel}","templated":true}]}}