{"id":2904,"date":"2026-03-16T21:07:21","date_gmt":"2026-03-16T21:07:21","guid":{"rendered":"https:\/\/vigo-rio.com\/?post_type=product&#038;p=2904"},"modified":"2026-04-14T08:56:03","modified_gmt":"2026-04-14T08:56:03","slug":"fc-facetten-der-realitaet","status":"publish","type":"product","link":"https:\/\/vigo-rio.com\/en\/product\/fc-facetten-der-realitaet\/","title":{"rendered":"FC FACETTEN DER REALIT\u00c4T LIMITIERTE AUFLAGE                    (Weltweit nur 300 St\u00fcck)"},"content":{"rendered":"<h2 data-path-to-node=\"4\">\u201eFacetten der Realit\u00e4t\u201c<\/h2>\n<p data-path-to-node=\"5\">Die FC <b data-path-to-node=\"5\" data-index-in-node=\"8\">\u201eFacetten der Realit\u00e4t\u201c<\/b> unterst\u00fctzt den Schutz der pers\u00f6nlichen Grenzen durch die Energie der \u201esegnenden Stille\u201c. Sie f\u00f6rdert paradoxes Denken, das Zeitgef\u00fchl sowie die Logik und \u00f6ffnet den Raum f\u00fcr intuitive Tr\u00e4ume. Zudem hilft sie dabei, destruktive Gedankenmuster und \u00e4u\u00dfere Belastungen zu kl\u00e4ren.<\/p>\n<p data-path-to-node=\"6\">Auf dieser KFS ist die Polarisation einer Wasserprobe gespeichert, die w\u00e4hrend einer besonderen energetischen Konstellation am <b data-path-to-node=\"6\" data-index-in-node=\"127\">20.01.2026<\/b> gewonnen wurde. <b data-path-to-node=\"6\" data-index-in-node=\"154\">Dauer der Wasserinformatisierung:<\/b> 10 Minuten.<\/p>\n<h3 data-path-to-node=\"7\">Die wichtigsten Funktionen der KFS:<\/h3>\n<ul data-path-to-node=\"8\">\n<li>\n<p data-path-to-node=\"8,0,0\"><b data-path-to-node=\"8,0,0\" data-index-in-node=\"0\">Spiritueller Schutz:<\/b> Die FC schafft ein energetisches Feld der Ruhe um den Nutzer (eine sogenannte \u201eSpiegel-Sph\u00e4re\u201c). Diese sch\u00fctzt den pers\u00f6nlichen Freiraum vor negativen \u00e4u\u00dferen Einfl\u00fcssen und hilft dabei, emotionale Belastungen zu neutralisieren und die innere Reinheit wiederherzustellen.<\/p>\n<\/li>\n<li>\n<p data-path-to-node=\"8,1,0\"><b data-path-to-node=\"8,1,0\" data-index-in-node=\"0\">Verbindung zur Natur:<\/b> Sie unterst\u00fctzt die Harmonisierung der feinstofflichen K\u00f6rper mit den Rhythmen der Natur. Dies kann die Sinne sch\u00e4rfen (Tastsinn, Geruchssinn) und hilft Ihnen, intuitiv zu sp\u00fcren, welche Kr\u00e4uter oder Anwendungen (wie B\u00e4der oder Massagen) Ihrem K\u00f6rper gerade guttun.<\/p>\n<\/li>\n<li>\n<p data-path-to-node=\"8,2,0\"><b data-path-to-node=\"8,2,0\" data-index-in-node=\"0\">Verbesserte Anpassungsf\u00e4higkeit:<\/b> Die FC hilft dabei, innere Rhythmen an \u00e4u\u00dfere Ver\u00e4nderungen anzupassen. Dies kann bei Wetterf\u00fchligkeit, Jetlag oder in stressigen Phasen helfen, damit Sie Ver\u00e4nderungen nicht als Bedrohung, sondern als nat\u00fcrlichen Fluss wahrnehmen.<\/p>\n<\/li>\n<li>\n<p data-path-to-node=\"8,3,0\"><b data-path-to-node=\"8,3,0\" data-index-in-node=\"0\">Kl\u00e4rung von Gedankenmustern:<\/b> Sie arbeitet auf feinstofflicher Ebene an der Aufl\u00f6sung destruktiver Gedanken und sozialer \u00c4ngste. Diese \u201eGedankenviren\u201c werden energetisch neutralisiert, um die innere Ganzheit wiederherzustellen.<\/p>\n<\/li>\n<li>\n<p data-path-to-node=\"8,4,0\"><b data-path-to-node=\"8,4,0\" data-index-in-node=\"0\">F\u00f6rderung von erholsamem Schlaf:<\/b> Die FC unterst\u00fctzt die Synchronisierung der inneren Uhr mit dem nat\u00fcrlichen Rhythmus. Dies f\u00f6rdert einen tiefen, regenerativen Schlaf und hilft besonders bei Schlaflosigkeit, die durch kreisende Gedanken verursacht wird.<\/p>\n<\/li>\n<li>\n<p data-path-to-node=\"8,5,0\"><b data-path-to-node=\"8,5,0\" data-index-in-node=\"0\">Innere Stille und Fokus:<\/b> Sie wirkt wie ein Filter f\u00fcr mentales \u201eRauschen\u201c. Anstatt Gedanken zu unterdr\u00fccken, schafft sie einen Raum der inneren Stille. Dies hilft dabei, Abstand von Sorgen und Abh\u00e4ngigkeiten zu gewinnen und tiefere Meditationen zu erleben.<\/p>\n<\/li>\n<li>\n<p data-path-to-node=\"8,6,0\"><b data-path-to-node=\"8,6,0\" data-index-in-node=\"0\">Klarheit und neue L\u00f6sungswege:<\/b> Durch die Synchronisierung der Gehirnh\u00e4lften f\u00f6rdert die Platte logisches und bildhaftes Denken zugleich. Dies erm\u00f6glicht es, komplexe Probleme mit einer \u00fcberraschenden Leichtigkeit und neuen, kreativen Ans\u00e4tzen zu l\u00f6sen.<\/p>\n<\/li>\n<li>\n<p data-path-to-node=\"8,7,0\"><b data-path-to-node=\"8,7,0\" data-index-in-node=\"0\">Gef\u00fchl f\u00fcr den richtigen Moment:<\/b> Die FC schult das Gesp\u00fcr f\u00fcr den richtigen Zeitpunkt. Sie hilft dabei, Hektik zu vermeiden und Chancen zum richtigen Moment zu ergreifen \u2013 f\u00fcr ein Leben im Einklang mit der Zeit.<\/p>\n<\/li>\n<li>\n<p data-path-to-node=\"8,8,0\"><b data-path-to-node=\"8,8,0\" data-index-in-node=\"0\">St\u00e4rkung der Intuition und Erinnerung:<\/b> Sie kann dabei helfen, verborgene Talente oder Intuitionen aus der Vergangenheit wieder zug\u00e4nglich zu machen. Dieser Prozess unterst\u00fctzt die pers\u00f6nliche Selbstfindung und das Verst\u00e4ndnis des eigenen Lebensweges.<\/p>\n<\/li>\n<\/ul>\n<hr data-path-to-node=\"9\" \/>\n<h3 data-path-to-node=\"10\">Empfehlungen zur Anwendung:<\/h3>\n<ul data-path-to-node=\"11\">\n<li>\n<p data-path-to-node=\"11,0,0\"><b data-path-to-node=\"11,0,0\" data-index-in-node=\"0\">Wichtiger Hinweis:<\/b> Die FC arbeitet auf einer tiefen energetischen Ebene. Wenn Sie sich mit dem Konzept der \u201eLeere\u201c oder \u201eStille\u201c noch nicht vertraut f\u00fchlen, beginnen Sie am besten mit dem Trinken von informiertem Wasser.<\/p>\n<\/li>\n<li>\n<p data-path-to-node=\"11,1,0\"><b data-path-to-node=\"11,1,0\" data-index-in-node=\"0\">Grundlagen:<\/b> Trinken Sie ausreichend Wasser, das mit der KFS strukturiert wurde, und f\u00fchren Sie energetische Ausgleiche (\u201eProkatschka\u201c) durch.<\/p>\n<\/li>\n<li>\n<p data-path-to-node=\"11,2,0\"><b data-path-to-node=\"11,2,0\" data-index-in-node=\"0\">F\u00fcr den Schlaf:<\/b> Legen Sie die FC unter Ihr Kopfkissen oder auf den Nachttisch, um die Schlafqualit\u00e4t zu verbessern und Antworten auf pers\u00f6nliche Fragen in Ihren Tr\u00e4umen zu erhalten.<\/p>\n<\/li>\n<li>\n<p data-path-to-node=\"11,3,0\"><b data-path-to-node=\"11,3,0\" data-index-in-node=\"0\">F\u00fcr geistige Arbeit:<\/b> Nutzen Sie die FC bei T\u00e4tigkeiten, die Konzentration, Zeitmanagement oder kreative L\u00f6sungen erfordern (z.B. Schreiben, Planen oder beratende Berufe).<\/p>\n<\/li>\n<li>\n<p data-path-to-node=\"11,4,0\"><b data-path-to-node=\"11,4,0\" data-index-in-node=\"0\">In Zeiten des Wandels:<\/b> Tragen Sie die FC bei sich, um in unsicheren Zeiten ruhig und gelassen zu bleiben und \u201eauf der Welle\u201c der Ver\u00e4nderungen zu reiten.<\/p>\n<\/li>\n<li>\n<p data-path-to-node=\"11,5,0\"><b data-path-to-node=\"11,5,0\" data-index-in-node=\"0\">Naturerlebnis:<\/b> Nehmen Sie die FC mit ins Gr\u00fcne oder ans Wasser, um die Verbindung zu den Elementen zu vertiefen.<\/p>\n<\/li>\n<\/ul>\n<hr data-path-to-node=\"12\" \/>\n<p data-path-to-node=\"13\"><b data-path-to-node=\"13\" data-index-in-node=\"0\">Rechtlicher Hinweis:<\/b> Die FC ist kein Medizinprodukt. Sie dient nicht der Heilung oder Linderung von Krankheiten im medizinischen Sinne. Die Beschreibung basiert auf Konzepten der Informationsmedizin und energetischen Praktiken. Die Anwendung erfolgt zur Verbesserung der Lebensqualit\u00e4t und des energetischen Wohlbefindens im Rahmen eines gesunden Lebensstils.<\/p>","protected":false},"excerpt":{"rendered":"<p>Die FC \u201eFacetten der Realit\u00e4t\u201c ist Ihr energetischer Begleiter f\u00fcr innere Ruhe und geistige Klarheit. Sie unterst\u00fctzt den Schutz Ihrer pers\u00f6nlichen Grenzen und hilft dabei, kreisende Gedanken sowie \u00e4u\u00dferen Stress zu neutralisieren. F\u00f6rdern Sie einen erholsamen Schlaf, st\u00e4rken Sie Ihre Intuition und finden Sie den richtigen Rhythmus in einer hektischen Welt. Ideal f\u00fcr Meditation, erholsame N\u00e4chte und kreativen Fokus.<\/p>","protected":false},"featured_media":2905,"comment_status":"open","ping_status":"closed","template":"","meta":[],"product_brand":[],"product_cat":[33,287],"product_tag":[285],"class_list":{"0":"post-2904","1":"product","2":"type-product","3":"status-publish","4":"has-post-thumbnail","6":"product_cat-elite-series","7":"product_cat-neu-in-diesem-monat","8":"product_tag-285","10":"first","11":"instock","12":"taxable","13":"shipping-taxable","14":"purchasable","15":"product-type-simple"},"_links":{"self":[{"href":"https:\/\/vigo-rio.com\/en\/wp-json\/wp\/v2\/product\/2904","targetHints":{"allow":["GET"]}}],"collection":[{"href":"https:\/\/vigo-rio.com\/en\/wp-json\/wp\/v2\/product"}],"about":[{"href":"https:\/\/vigo-rio.com\/en\/wp-json\/wp\/v2\/types\/product"}],"replies":[{"embeddable":true,"href":"https:\/\/vigo-rio.com\/en\/wp-json\/wp\/v2\/comments?post=2904"}],"wp:featuredmedia":[{"embeddable":true,"href":"https:\/\/vigo-rio.com\/en\/wp-json\/wp\/v2\/media\/2905"}],"wp:attachment":[{"href":"https:\/\/vigo-rio.com\/en\/wp-json\/wp\/v2\/media?parent=2904"}],"wp:term":[{"taxonomy":"product_brand","embeddable":true,"href":"https:\/\/vigo-rio.com\/en\/wp-json\/wp\/v2\/product_brand?post=2904"},{"taxonomy":"product_cat","embeddable":true,"href":"https:\/\/vigo-rio.com\/en\/wp-json\/wp\/v2\/product_cat?post=2904"},{"taxonomy":"product_tag","embeddable":true,"href":"https:\/\/vigo-rio.com\/en\/wp-json\/wp\/v2\/product_tag?post=2904"}],"curies":[{"name":"wp","href":"https:\/\/api.w.org\/{rel}","templated":true}]}}