{"id":2861,"date":"2026-03-01T21:58:39","date_gmt":"2026-03-01T21:58:39","guid":{"rendered":"https:\/\/vigo-rio.com\/?post_type=product&#038;p=2861"},"modified":"2026-03-31T10:04:00","modified_gmt":"2026-03-31T10:04:00","slug":"fc-quellen-der-kraft-limitierte-auflage","status":"publish","type":"product","link":"https:\/\/vigo-rio.com\/en\/product\/fc-quellen-der-kraft-limitierte-auflage\/","title":{"rendered":"FC Quellen der Kraft (Limitierte Auflage)"},"content":{"rendered":"<p>AKTIVIERT VERBORGENE ENERGIERESERVEN, ST\u00c4RKT DEN LEBENSWILLEN, F\u00d6RDERT ENTSCHEIDUNGEN AUS INNER ST\u00c4RKE, REDUZIERT DEN EINFLUSS VON AUFSCHIEBEREI<\/p>\n<p>Das FC wird mit polarisiertem Wasser von zwei \u201eKraftorten\u201c hergestellt: in der N\u00e4he des Karakaya-Su-Wasserfalls und vom Berg Tuzluk im Dzhily-Su-Gebiet des Elbrus-Nationalparks in der Republik Kabardino-Balkarien, Russland.<\/p>\n<p>Das Wasser wurde durch die Zufuhr an den Punkten konzentrierter Energiefreisetzung polarisiert.<\/p>\n<p>Einwirkzeit des Wassers: 15 Minuten.<\/p>\n<p>Unterst\u00fctzt und kl\u00e4rt die energetisch-informationelle Lebenslinie: Harmonisiert sowohl die pers\u00f6nliche als auch die Ahnenlinie und erleichtert die Erkennung und Transformation destruktiver Programme. Erzeugt einen Zustand des Flusses und erm\u00f6glicht so den Eintritt in einen harmonischen Zustand, in dem Handlungen m\u00fchelos gelingen und das Leben einen unterst\u00fctzt und leitet.<\/p>\n<p>Stellt den Energiefluss und die Integrit\u00e4t des Energiefeldes wieder her, gibt verlorene Energie Fragmente zur\u00fcck und l\u00f6st Blockaden in den Meridianen, um einen freien Energiefluss zu gew\u00e4hrleisten. Reinigt, st\u00e4rkt und sch\u00fctzt das Energiefeld (die Aura) des Anwenders und f\u00f6rdert die Wiederherstellung der Integrit\u00e4t durch das Sammeln und Integrieren verlorener Seelenanteile (z. B. nach Verletzungen, starkem Stress oder emotionalen Verlusten).<br \/>\nBietet energetische und informationelle Korrektur: dient als Werkzeug zur Feinabstimmung des physischen K\u00f6rpers und der Energiestrukturen (Feinstoffk\u00f6rper) und f\u00f6rdert deren Gleichgewicht.<br \/>\nErweckt innere Ressourcen, hilft, verborgene Energiereserven zu erkennen und zu aktivieren, und steigert so die pers\u00f6nliche St\u00e4rke und Widerstandsf\u00e4higkeit gegen\u00fcber \u00e4u\u00dferen Einfl\u00fcssen.<br \/>\nSt\u00e4rkt den Energiekern und f\u00f6rdert das innere Gleichgewicht, wodurch ein Gef\u00fchl von Unterst\u00fctzung, Selbstvertrauen und Integrit\u00e4t gest\u00e4rkt wird.<br \/>\nBef\u00e4higt Sie, in entscheidenden Lebens Momenten die richtigen und optimalen Entscheidungen zu treffen und sch\u00fctzt Sie vor \u00fcbereilten, un\u00fcberlegten Handlungen und schwerwiegenden Fehlern.<br \/>\nEnth\u00fcllt innere Weisheit, erleichtert den Zugang zu tiefem Wissen und Intuition und hilft Ihnen, Entscheidungen aus innerer St\u00e4rke und nicht aus Angst zu treffen.<\/p>\n<p>Aktiviert den Lebenswillen und hilft Ihnen, Apathie zu \u00fcberwinden. Es hilft, Willensschw\u00e4che und Handlungs Angst zu \u00fcberwinden und weckt Motivation und Entschlossenheit.<br \/>\nSt\u00e4rkt die pers\u00f6nlichen Grenzen und f\u00f6rdert den Schutz des Energiefeldes, reduziert den Einfluss von \u00e4u\u00dferer Negativit\u00e4t und Manipulation und hilft, sch\u00e4dliche, destruktive Verbindungen in Gesellschaft, Familie, Beruf und Arbeitsbeziehungen zu l\u00f6sen.<br \/>\nHilft, die Opferrolle abzulegen und Gef\u00fchle der Hilflosigkeit, Resignation und Abh\u00e4ngigkeit zu \u00fcberwinden, indem es sie durch das Bewusstsein der eigenen St\u00e4rke und F\u00e4higkeiten ersetzt.<br \/>\nEntwickelt ein gesundes Ma\u00df an Vorsicht im Umgang mit Finanzen, hilft verschiedene Arten von Geldbetrug zu erkennen und sch\u00fctzt davor, Opfer von Betrug zu werden.<br \/>\nErf\u00fcllt mit kreativer Energie und inspiriert Kreativit\u00e4t, Neuanf\u00e4nge und der Umsetzung von Pl\u00e4nen, wodurch der Einfluss von Aufschieberitis und Versagensangst reduziert wird.<br \/>\nSt\u00e4rkt die Verbindung zum inneren Kern und hilft, auch in schwierigen Situationen zentriert zu bleiben, ohne an Klarheit und Ruhe zu verlieren.<br \/>\nHarmonisiert den K\u00f6rper, hilft Muskelverspannungen, Kr\u00e4mpfe und Verspannungen zu l\u00f6sen und entspannt den K\u00f6rper nach Stress und k\u00f6rperlicher sowie emotionaler \u00dcberlastung tief.<\/p>\n<p>Stabilisiert das Nervensystem: Lindert Nervosit\u00e4t, hilft bei der Bew\u00e4ltigung von Stresssituationen (erleichtert die Verarbeitung und Akzeptanz von Lebensumst\u00e4nden) und wirkt tief entspannend.<br \/>\nF\u00f6rdert klares, logisches und rationales Denken. Hilft dabei, die Aufmerksamkeit zu trainieren und das Ged\u00e4chtnis zu verbessern.<br \/>\nUnterst\u00fctzt eine angenehme Verdauung: Lindert Beschwerden, V\u00f6llegef\u00fchl und Bl\u00e4hungen nach \u00fcppigen Mahlzeiten oder \u00fcberm\u00e4\u00dfigem Essen und normalisiert die Funktion von Magen-Darm-Trakt, Leber und Bauchspeicheldr\u00fcse.<br \/>\nF\u00fchrt eine tiefgreifende energetische Reinigung durch und f\u00f6rdert die Identifizierung, Transformation und Aufl\u00f6sung ererbter (Ahnen-)Programme, die Schmerz, \u00c4ngste und negative Emotionen (Wut, Gereiztheit, Zorn) mit sich bringen.<br \/>\nWirkt \u00fcber \u00c4ngste hinweg und bietet kraftvolle Unterst\u00fctzung bei der Heilung tiefsitzender, starker und anhaltender \u00c4ngste, einschlie\u00dflich solcher, die Panikattacken ausl\u00f6sen k\u00f6nnen.<br \/>\nErschlie\u00dft das Potenzial f\u00fcr Kommunikation und Selbstausdruck: Wirkt aktiv auf das Halschakra ein und harmonisiert es, l\u00f6st Blockaden, die einen ehrlichen Dialog mit sich selbst und anderen sowie den freien Ausdruck von Gedanken und Gef\u00fchlen behindern.<\/p>\n<p>Verbessert die Schlafqualit\u00e4t und beeinflusst die Tiefe, Dauer und Erholung des Schlafs positiv.<\/p>\n<p>Hinweise zur Anwendung der FC \u201eQUELLEN DER KRAFT\u201c:<\/p>\n<p>Sie k\u00f6nnen die heilende, reinigende Energie sp\u00fcren, die durch Ihren K\u00f6rper flie\u00dft \u2013 sie flie\u00dft entlang der Energiebahnen (Meridiane) wie warmes Wasser. Sollten Sie diese Energie noch nicht sp\u00fcren, ist das kein Problem. Entwickeln Sie Ihre Sensibilit\u00e4t mit dem FC.<br \/>\nBotschaft der Kraft und des Flusses: \u201eSie sind kein Zufall, sondern ein Glied in der Kette der Ewigkeit. Ihre Vorfahren haben Ihnen das Leben geschenkt, doch nur Sie entscheiden, ob Sie es mit Angst oder St\u00e4rke f\u00fcllen. Sie wurden nicht zum K\u00e4mpfen, sondern zum Fliegen geboren. &#8222;Vertrauen Sie dem Fluss \u2013 und Sie werden sehen, wie der Fluss des Lebens selbst einen Weg bahnt.\u201c<br \/>\nBotschaft der Befreiung: \u201eAngst ist nur eine vergessene Lektion, die in den Zellen des K\u00f6rpers feststeckt. Geburtsschmerzen, die Erwartungen anderer, alte Wunden \u2013 das ist nicht Ihre Last. Lassen Sie los. &#8222;Wasser, das von oben f\u00e4llt, ist nicht Ihre Last.\u201c<\/p>\n<p>Dieses Produkt ist kein Medizinprodukt<\/p>","protected":false},"excerpt":{"rendered":"<p>Diese Platte ist ein kraftvoller Begleiter zur Aktivierung verborgener Energiereserven und zur \u00dcberwindung von Aufschieberitis (Prokrastination). Sie st\u00e4rkt den Lebenswillen, sch\u00fctzt die Aura vor Manipulation und hilft, Entscheidungen aus innerer Klarheit statt aus Angst zu treffen. Ideal, um die Ahnenlinie zu kl\u00e4ren, Stress abzubauen und wieder in den harmonischen \u201eFluss\u201c des Lebens zu finden.<\/p>","protected":false},"featured_media":2862,"comment_status":"open","ping_status":"closed","template":"","meta":[],"product_brand":[],"product_cat":[33],"product_tag":[278],"class_list":{"0":"post-2861","1":"product","2":"type-product","3":"status-publish","4":"has-post-thumbnail","6":"product_cat-elite-series","7":"product_tag-278","9":"first","10":"instock","11":"taxable","12":"shipping-taxable","13":"purchasable","14":"product-type-simple"},"_links":{"self":[{"href":"https:\/\/vigo-rio.com\/en\/wp-json\/wp\/v2\/product\/2861","targetHints":{"allow":["GET"]}}],"collection":[{"href":"https:\/\/vigo-rio.com\/en\/wp-json\/wp\/v2\/product"}],"about":[{"href":"https:\/\/vigo-rio.com\/en\/wp-json\/wp\/v2\/types\/product"}],"replies":[{"embeddable":true,"href":"https:\/\/vigo-rio.com\/en\/wp-json\/wp\/v2\/comments?post=2861"}],"wp:featuredmedia":[{"embeddable":true,"href":"https:\/\/vigo-rio.com\/en\/wp-json\/wp\/v2\/media\/2862"}],"wp:attachment":[{"href":"https:\/\/vigo-rio.com\/en\/wp-json\/wp\/v2\/media?parent=2861"}],"wp:term":[{"taxonomy":"product_brand","embeddable":true,"href":"https:\/\/vigo-rio.com\/en\/wp-json\/wp\/v2\/product_brand?post=2861"},{"taxonomy":"product_cat","embeddable":true,"href":"https:\/\/vigo-rio.com\/en\/wp-json\/wp\/v2\/product_cat?post=2861"},{"taxonomy":"product_tag","embeddable":true,"href":"https:\/\/vigo-rio.com\/en\/wp-json\/wp\/v2\/product_tag?post=2861"}],"curies":[{"name":"wp","href":"https:\/\/api.w.org\/{rel}","templated":true}]}}