{"id":2833,"date":"2026-02-22T10:04:28","date_gmt":"2026-02-22T10:04:28","guid":{"rendered":"https:\/\/vigo-rio.com\/?post_type=product&#038;p=2833"},"modified":"2026-03-02T17:06:12","modified_gmt":"2026-03-02T17:06:12","slug":"adaptation-synthese-blau","status":"publish","type":"product","link":"https:\/\/vigo-rio.com\/en\/product\/adaptation-synthese-blau\/","title":{"rendered":"ADAPTATION.SYNTHESE (Blau)"},"content":{"rendered":"<h3 data-path-to-node=\"2\"><b data-path-to-node=\"2\" data-index-in-node=\"0\">FC \u201eADAPTATION. SYNTHESE\u201c<\/b><\/h3>\n<p data-path-to-node=\"3\"><b data-path-to-node=\"3\" data-index-in-node=\"0\">DRITTE ETAPPE F\u00dcR DIE ANPASSUNG, DEN EFFEKTIVEN \u00dcBERGANG AUF EINE NEUE EBENE DES ENERGETISCHEN RAUMES UND UNTERST\u00dcTZUNG IN SCHWIERIGEN ZEITEN<\/b><\/p>\n<p data-path-to-node=\"4\">Auf diesem KFS ist das Datum <b data-path-to-node=\"4\" data-index-in-node=\"29\">25.05.2025<\/b> energetisch programmiert \u2013 der Feiertag <i data-path-to-node=\"4\" data-index-in-node=\"80\">Haurvatat<\/i> nach zoroastrischer Tradition. Dieser Tag ist mit heiligem Wasser, Gesundheit, Ganzheitlichkeit und Heilung verbunden.<\/p>\n<ul data-path-to-node=\"5\">\n<li>\n<p data-path-to-node=\"5,0,0\"><b data-path-to-node=\"5,0,0\" data-index-in-node=\"0\">Zeit zur Strukturierung von Wasser:<\/b> 5 Minuten.<\/p>\n<\/li>\n<\/ul>\n<h4 data-path-to-node=\"6\"><b data-path-to-node=\"6\" data-index-in-node=\"0\">Wirkungsweise und Funktionen:<\/b><\/h4>\n<ul data-path-to-node=\"7\">\n<li>\n<p data-path-to-node=\"7,0,0\"><b data-path-to-node=\"7,0,0\" data-index-in-node=\"0\">Harmonisierung der \u201eBr\u00fccken-Energiezentren\u201c:<\/b> Der Fokus liegt auf dem <b data-path-to-node=\"7,0,0\" data-index-in-node=\"69\">3., 5. und 6. Energiezentrum (EZ)<\/b>. Es erfolgt nicht nur eine Aktivierung, sondern der Aufbau eines balancierten Energieaustauschs zwischen ihnen. So entsteht ein \u201eDreieck der Kraft\u201c: <b data-path-to-node=\"7,0,0\" data-index-in-node=\"252\">Wille (3. EZ) \u2013 Ausdruck (5. EZ) \u2013 Vision (6. EZ)<\/b>. Dies erm\u00f6glicht die Realisierung und den Erfolg in der materiellen Welt.<\/p>\n<\/li>\n<li>\n<p data-path-to-node=\"7,1,0\"><b data-path-to-node=\"7,1,0\" data-index-in-node=\"0\">Br\u00fccke zur physischen Ebene:<\/b> Er wirkt als Bindeglied zwischen der neu geordneten energetischen Struktur und dem physischen K\u00f6rper. Die Energie zirkuliert nicht nur in der Aura, sondern vitalisiert den physischen K\u00f6rper direkt. Auf informeller Ebene werden aktualisierte, gesunde Muster f\u00fcr jedes Organ verankert.<\/p>\n<\/li>\n<li>\n<p data-path-to-node=\"7,2,0\"><b data-path-to-node=\"7,2,0\" data-index-in-node=\"0\">\u00dcberwindung der Spaltung:<\/b> Hilft, die Trennung zwischen spiritueller und physischer Ebene aufzuheben. Er l\u00e4sst den Glauben wiederaufleben, stellt verloren gegangene Werte wieder her und l\u00f6st energetische Blockaden (karminische Knoten) auf der Ebene der Dr\u00fcsen und des Gewebes.<\/p>\n<\/li>\n<li>\n<p data-path-to-node=\"7,3,0\"><b data-path-to-node=\"7,3,0\" data-index-in-node=\"0\">Vom Zuschauer zum Regisseur:<\/b> Verwandelt den Nutzer von einem passiven Beobachter der Ereignisse in einen aktiven Gestalter seiner Realit\u00e4t. Er gibt die Werkzeuge f\u00fcr eine pr\u00e4zise und harmonische Manifestation der eigenen Absichten.<\/p>\n<\/li>\n<li>\n<p data-path-to-node=\"7,4,0\"><b data-path-to-node=\"7,4,0\" data-index-in-node=\"0\">Schutz vor Manipulation:<\/b> Schafft ein Feld der Klarheit, das vor \u00e4u\u00dferen manipulativen Einfl\u00fcssen sch\u00fctzt und hilft, die eigene innere Wahrheit zu erkennen und danach zu handeln.<\/p>\n<\/li>\n<li>\n<p data-path-to-node=\"7,5,0\"><b data-path-to-node=\"7,5,0\" data-index-in-node=\"0\">Erh\u00f6hung der Stressresistenz:<\/b> St\u00e4rkt das Nervensystem und die emotionale Stabilit\u00e4t, sodass auch in Phasen gro\u00dfer Ver\u00e4nderung ein k\u00fchler Kopf bewahrt wird.<\/p>\n<\/li>\n<li>\n<p data-path-to-node=\"7,6,0\"><b data-path-to-node=\"7,6,0\" data-index-in-node=\"0\">Ganzheitliche Heilung:<\/b> F\u00f6rdert die Synergie zwischen allen Systemen des K\u00f6rpers (endokrin, nervlich, immunologisch) und f\u00fchrt sie in einen Zustand der Koh\u00e4renz (Zusammenspiel).<\/p>\n<\/li>\n<\/ul>\n<hr data-path-to-node=\"8\" \/>\n<h3 data-path-to-node=\"9\"><b data-path-to-node=\"9\" data-index-in-node=\"0\">Empfehlungen zur Anwendung des Trios \u201eADAPTATION\u201c<\/b><\/h3>\n<p data-path-to-node=\"10\"><i data-path-to-node=\"10\" data-index-in-node=\"0\">(Dieser Abschnitt ist identisch mit den anderen Dokumenten, hier zusammengefasst f\u00fcr die blaue Platte):<\/i><\/p>\n<p data-path-to-node=\"11\">Das Trio ist Ihr Werkzeugkasten, um Krisen als Wachstumschancen zu nutzen und Verluste zu minimieren.<\/p>\n<h4 data-path-to-node=\"12\"><b data-path-to-node=\"12\" data-index-in-node=\"0\">Die energetische Routine (Pumping):<\/b><\/h4>\n<ol start=\"1\" data-path-to-node=\"13\">\n<li>\n<p data-path-to-node=\"13,0,0\"><b data-path-to-node=\"13,0,0\" data-index-in-node=\"0\">Start (Gr\u00fcn):<\/b> \u201eANFANG\u201c (Stei\u00dfbein 2-3 Min, Kopf 2-3 Min).<\/p>\n<\/li>\n<li>\n<p data-path-to-node=\"13,1,0\"><b data-path-to-node=\"13,1,0\" data-index-in-node=\"0\">Aktivierung (Rot):<\/b> \u201eENTWICKLUNG\u201c (Stei\u00dfbein 7-8 Min, Kopf 2-3 Min, 2. &amp; 4. EZ je 3-5 Min).<\/p>\n<\/li>\n<li>\n<p data-path-to-node=\"13,2,0\"><b data-path-to-node=\"13,2,0\" data-index-in-node=\"0\">Vollendung (Blau):<\/b> <b data-path-to-node=\"13,2,0\" data-index-in-node=\"19\">\u201eSYNTHESE\u201c<\/b> (3., 5. und 6. EZ f\u00fcr jeweils <b data-path-to-node=\"13,2,0\" data-index-in-node=\"60\">3\u20135 Minuten<\/b>).<\/p>\n<\/li>\n<\/ol>\n<h4 data-path-to-node=\"14\"><b data-path-to-node=\"14\" data-index-in-node=\"0\">Besonderheit der \u201eSYNTHESE\u201c:<\/b><\/h4>\n<ul data-path-to-node=\"15\">\n<li>\n<p data-path-to-node=\"15,0,0\">Dieser Korrektor kann hervorragend genutzt werden, wenn Sie konkrete Pl\u00e4ne oder Ideen in die Tat umsetzen wollen (Manifestation).<\/p>\n<\/li>\n<li>\n<p data-path-to-node=\"15,1,0\">Ideal zum Strukturieren von Wasser f\u00fcr Duschen oder B\u00e4der, um die k\u00f6rperliche Regeneration zu beschleunigen.<\/p>\n<\/li>\n<\/ul>\n<hr data-path-to-node=\"16\" \/>\n<h3 data-path-to-node=\"17\"><b data-path-to-node=\"17\" data-index-in-node=\"0\">Einsatzgebiete (Zusammenfassung):<\/b><\/h3>\n<ul data-path-to-node=\"18\">\n<li>\n<p data-path-to-node=\"18,0,0\"><b data-path-to-node=\"18,0,0\" data-index-in-node=\"0\">Geomagnetische St\u00fcrme &amp; Sonnenaktivit\u00e4t.<\/b><\/p>\n<\/li>\n<li>\n<p data-path-to-node=\"18,1,0\"><b data-path-to-node=\"18,1,0\" data-index-in-node=\"0\">Physische Belastungen (Sport, Arbeit).<\/b><\/p>\n<\/li>\n<li>\n<p data-path-to-node=\"18,2,0\"><b data-path-to-node=\"18,2,0\" data-index-in-node=\"0\">Spirituelle Praktiken &amp; Meditation.<\/b><\/p>\n<\/li>\n<li>\n<p data-path-to-node=\"18,3,0\"><b data-path-to-node=\"18,3,0\" data-index-in-node=\"0\">Medizinische Rekonvaleszenz (nach OPs, Antibiotika, Impfungen).<\/b><\/p>\n<\/li>\n<li>\n<p data-path-to-node=\"18,4,0\"><b data-path-to-node=\"18,4,0\" data-index-in-node=\"0\">Lebenskrisen &amp; Neuanf\u00e4nge (Umzug, Jobwechsel, Trennung).<\/b><\/p>\n<\/li>\n<li>\n<p data-path-to-node=\"18,5,0\"><b data-path-to-node=\"18,5,0\" data-index-in-node=\"0\">Technogener Stress &amp; Gro\u00dfstadtleben.<\/b><\/p>\n<\/li>\n<li>\n<p data-path-to-node=\"18,6,0\"><b data-path-to-node=\"18,6,0\" data-index-in-node=\"0\">Reisen &amp; Jetlag.<\/b><\/p>\n<\/li>\n<\/ul>","protected":false},"excerpt":{"rendered":"<p class=\"p1\">Kernaufgabe: Den Anwender vom Zuschauer zum Regisseur seiner eigenen Realit\u00e4t zu machen, indem ihm Werkzeuge f\u00fcr die pr\u00e4zise und harmonische Verwirklichung seiner Absichten gegeben werden.<\/p>","protected":false},"featured_media":2841,"comment_status":"open","ping_status":"closed","template":"","meta":[],"product_brand":[],"product_cat":[277],"product_tag":[283],"class_list":{"0":"post-2833","1":"product","2":"type-product","3":"status-publish","4":"has-post-thumbnail","6":"product_cat-limitierte-auflage","7":"product_tag-283","9":"first","10":"instock","11":"taxable","12":"shipping-taxable","13":"purchasable","14":"product-type-simple"},"_links":{"self":[{"href":"https:\/\/vigo-rio.com\/en\/wp-json\/wp\/v2\/product\/2833","targetHints":{"allow":["GET"]}}],"collection":[{"href":"https:\/\/vigo-rio.com\/en\/wp-json\/wp\/v2\/product"}],"about":[{"href":"https:\/\/vigo-rio.com\/en\/wp-json\/wp\/v2\/types\/product"}],"replies":[{"embeddable":true,"href":"https:\/\/vigo-rio.com\/en\/wp-json\/wp\/v2\/comments?post=2833"}],"wp:featuredmedia":[{"embeddable":true,"href":"https:\/\/vigo-rio.com\/en\/wp-json\/wp\/v2\/media\/2841"}],"wp:attachment":[{"href":"https:\/\/vigo-rio.com\/en\/wp-json\/wp\/v2\/media?parent=2833"}],"wp:term":[{"taxonomy":"product_brand","embeddable":true,"href":"https:\/\/vigo-rio.com\/en\/wp-json\/wp\/v2\/product_brand?post=2833"},{"taxonomy":"product_cat","embeddable":true,"href":"https:\/\/vigo-rio.com\/en\/wp-json\/wp\/v2\/product_cat?post=2833"},{"taxonomy":"product_tag","embeddable":true,"href":"https:\/\/vigo-rio.com\/en\/wp-json\/wp\/v2\/product_tag?post=2833"}],"curies":[{"name":"wp","href":"https:\/\/api.w.org\/{rel}","templated":true}]}}