{"id":2831,"date":"2026-02-22T10:00:22","date_gmt":"2026-02-22T10:00:22","guid":{"rendered":"https:\/\/vigo-rio.com\/?post_type=product&#038;p=2831"},"modified":"2026-03-02T17:06:20","modified_gmt":"2026-03-02T17:06:20","slug":"adaptation-entwicklung-rot","status":"publish","type":"product","link":"https:\/\/vigo-rio.com\/en\/product\/adaptation-entwicklung-rot\/","title":{"rendered":"ADAPTATION. ENTWICKLUNG (Rot)"},"content":{"rendered":"<h3 data-path-to-node=\"2\"><b data-path-to-node=\"2\" data-index-in-node=\"0\">FC \u201eADAPTATION. ENTWICKLUNG\u201c<\/b><\/h3>\n<p data-path-to-node=\"4\"><span data-path-to-node=\"4,0\"><b data-path-to-node=\"4,0\" data-index-in-node=\"0\"><span class=\"citation-123\">ZWEITE ETAPPE F\u00dcR DIE ANPASSUNG, DEN EFFEKTIVEN \u00dcBERGANG AUF EINE NEUE EBENE DES ENERGETISCHEN RAUMES UND UNTERST\u00dcTZUNG IN SCHWIERIGEN ZEITEN<\/span><\/b> <\/span><\/p>\n<p data-path-to-node=\"5\"><span data-path-to-node=\"5,1\"><span class=\"citation-122\">Auf diesem KFS ist eine spezielle Kombination von Themen mehrerer Korrektoren der Elite-Serie gespeichert \u2013 das \u201eGeheimrezept\u201c von S. W. Kolzow<\/span><\/span><span data-path-to-node=\"5,3\">.<\/span><\/p>\n<p data-path-to-node=\"6,0,1\"><span data-path-to-node=\"6,0,1,0\"><b data-path-to-node=\"6,0,1,0\" data-index-in-node=\"0\"><span class=\"citation-121\">Zeit zur Strukturierung von Wasser:<\/span><\/b><span class=\"citation-121\"> 5 Minuten<\/span><\/span><span data-path-to-node=\"6,0,1,2\">.<\/span><\/p>\n<h4 data-path-to-node=\"7\"><b data-path-to-node=\"7\" data-index-in-node=\"0\">Wirkungsweise und Funktionen:<\/b><\/h4>\n<p data-path-to-node=\"8,0,1\"><span data-path-to-node=\"8,0,1,0\"><b data-path-to-node=\"8,0,1,0\" data-index-in-node=\"0\"><span class=\"citation-120\">Vertiefung der Anpassung:<\/span><\/b><span class=\"citation-120\"> Die Hauptaufgabe besteht darin, den Anpassungsprozess weiterzuf\u00fchren sowie neue energetisch-informative Muster tief zu verankern und als festen Bestandteil der Energetik des Nutzers zu etablieren<\/span><\/span><span data-path-to-node=\"8,0,1,2\">.<\/span><\/p>\n<p data-path-to-node=\"8,1,1\"><span data-path-to-node=\"8,1,1,0\"><b data-path-to-node=\"8,1,1,0\" data-index-in-node=\"0\"><span class=\"citation-119\">Fokus auf h\u00f6here Zentren:<\/span><\/b><span class=\"citation-119\"> Das Ger\u00e4t konzentriert sich auf die h\u00f6heren Energiezentren (EZ), um eine vollwertige Aufnahme hochfrequenter Energien durch Bewusstsein und Geist zu erm\u00f6glichen<\/span><\/span><span data-path-to-node=\"8,1,1,2\">. <\/span><span data-path-to-node=\"8,1,1,4\"><span class=\"citation-118\">Dabei erfolgt nicht nur ein Ausgleich, sondern eine Erweiterung der EZ und eine Erh\u00f6hung ihrer Durchlasskapazit\u00e4t<\/span><\/span><span data-path-to-node=\"8,1,1,6\">.<\/span><\/p>\n<p data-path-to-node=\"8,2,1\"><span data-path-to-node=\"8,2,1,0\"><b data-path-to-node=\"8,2,1,0\" data-index-in-node=\"0\"><span class=\"citation-117\">Code der Ganzheit:<\/span><\/b><span class=\"citation-117\"> Es formt einen Code der Einheit mit dem neuen Seinszustand, der die Grenze zwischen dem \u201ealten\u201c Ich und den neuen Energien aufl\u00f6st<\/span><\/span><span data-path-to-node=\"8,2,1,2\">. <\/span><span data-path-to-node=\"8,2,1,4\"><span class=\"citation-116\">Diese werden zur nat\u00fcrlichen Umgebung des Nutzers<\/span><\/span><span data-path-to-node=\"8,2,1,6\">.<\/span><\/p>\n<p data-path-to-node=\"8,3,1\"><span data-path-to-node=\"8,3,1,0\"><b data-path-to-node=\"8,3,1,0\" data-index-in-node=\"0\"><span class=\"citation-115\">Selbsterhaltendes System:<\/span><\/b><span class=\"citation-115\"> Hilft dabei, den energetischen Hintergrund auf eine neue Stufe zu heben und ein koh\u00e4rentes (abgestimmtes) Hochfrequenzfeld zu schaffen, das sich \u00fcber einen gewissen Zeitraum ohne \u00e4u\u00dfere Hilfe stabilisiert<\/span><\/span><span data-path-to-node=\"8,3,1,2\">. <\/span><span data-path-to-node=\"8,3,1,4\"><span class=\"citation-114\">Es f\u00f6rdert kraftvolle, ungehinderte Energiestr\u00f6me zwischen allen EZ und Meridianen<\/span><\/span><span data-path-to-node=\"8,3,1,6\">.<\/span><\/p>\n<p data-path-to-node=\"8,4,1\"><span data-path-to-node=\"8,4,1,0\"><b data-path-to-node=\"8,4,1,0\" data-index-in-node=\"0\"><span class=\"citation-113\">Aktive evolution\u00e4re Flexibilit\u00e4t:<\/span><\/b><span class=\"citation-113\"> Es wird ein Programm zur st\u00e4ndigen Erneuerung verankert; der Organismus lernt, sich permanent und flie\u00dfend an wechselnde Umweltbedingungen anzupassen und dabei in Harmonie zu bleiben<\/span><\/span><span data-path-to-node=\"8,4,1,2\">.<\/span><\/p>\n<p data-path-to-node=\"8,5,1\"><span data-path-to-node=\"8,5,1,0\"><b data-path-to-node=\"8,5,1,0\" data-index-in-node=\"0\"><span class=\"citation-112\">Aktiver Sender:<\/span><\/b><span class=\"citation-112\"> Das Feld des Nutzers ist nicht mehr nur ein \u201eEmpf\u00e4nger\u201c oder \u201eFilter\u201c, sondern wird zum aktiven \u00dcbertrager<\/span><\/span><span data-path-to-node=\"8,5,1,2\">. <\/span><span data-path-to-node=\"8,5,1,4\"><span class=\"citation-111\">Der Mensch beginnt, harmonisierte Energien zur\u00fcck in den Raum zu strahlen und wird zu einem Punkt des Lichts und der Stabilit\u00e4t<\/span><\/span><span data-path-to-node=\"8,5,1,6\">.<\/span><\/p>\n<p data-path-to-node=\"8,6,1\"><span data-path-to-node=\"8,6,1,0\"><b data-path-to-node=\"8,6,1,0\" data-index-in-node=\"0\"><span class=\"citation-110\">Sch\u00f6pferischer Resonanz:<\/span><\/b><span class=\"citation-110\"> Integriert eine Matrix, die lehrt, mit der Welt durch Co-Kreativit\u00e4t und Austausch statt durch Widerstand oder Schutz zu interagieren<\/span><\/span><span data-path-to-node=\"8,6,1,2\">. <\/span><span data-path-to-node=\"8,6,1,4\"><span class=\"citation-109\">Das System lernt, eine gemeinsame Sprache mit anderen Energiefeldern (Menschen, Natur, Technik) zu finden, ohne die eigene Ganzheit zu verlieren<\/span><\/span><span data-path-to-node=\"8,6,1,6\">.<\/span><\/p>\n<p data-path-to-node=\"8,7,1\"><span data-path-to-node=\"8,7,1,0\"><b data-path-to-node=\"8,7,1,0\" data-index-in-node=\"0\"><span class=\"citation-108\">Plateau der Energieeffizienz:<\/span><\/b><span class=\"citation-108\"> Es stellt sich ein Gef\u00fchl von tiefem Frieden, Erf\u00fclltheit und Kraft ein \u2013 ein Zeichen f\u00fcr den Abschluss der Anpassung<\/span><\/span><span data-path-to-node=\"8,7,1,2\">.<\/span><\/p>\n<p data-path-to-node=\"8,8,1\"><span data-path-to-node=\"8,8,1,0\"><b data-path-to-node=\"8,8,1,0\" data-index-in-node=\"0\"><span class=\"citation-107\">Zell-Update:<\/span><\/b><span class=\"citation-107\"> Die ideale Informationsmatrix des gesunden Organismus wird zur prim\u00e4ren Arbeitssoftware; alle Zellen beginnen, sich an dieser vervollkommneten \u201eFirmware\u201c zu orientieren<\/span><\/span><span data-path-to-node=\"8,8,1,2\">.<\/span><\/p>\n<p data-path-to-node=\"8,9,1\"><span data-path-to-node=\"8,9,1,0\"><b data-path-to-node=\"8,9,1,0\" data-index-in-node=\"0\"><span class=\"citation-106\">Vibrationsniveau &amp; Intuition:<\/span><\/b><span class=\"citation-106\"> Erh\u00f6ht das allgemeine Schwingungsniveau f\u00fcr schnelleres spirituelles Wachstum und \u00f6ffnet den Zugang zu neuen Informationsebenen<\/span><\/span><span data-path-to-node=\"8,9,1,2\">. <\/span><span data-path-to-node=\"8,9,1,4\"><span class=\"citation-105\">Dies f\u00fchrt zu tieferem Selbstverst\u00e4ndnis, Klarheit der Gedanken und gesch\u00e4rfter Intuition<\/span><\/span><span data-path-to-node=\"8,9,1,6\">.<\/span><\/p>\n<p data-path-to-node=\"8,10,1\"><span data-path-to-node=\"8,10,1,0\"><b data-path-to-node=\"8,10,1,0\" data-index-in-node=\"0\"><span class=\"citation-104\">Stabilisierung:<\/span><\/b><span class=\"citation-104\"> Festigt und verst\u00e4rkt auf energetisch-informativer Ebene die Ver\u00e4nderungen, die durch den ersten KFS \u201eANFANG\u201c eingeleitet wurden<\/span><\/span><span data-path-to-node=\"8,10,1,2\">.<\/span><\/p>\n<div class=\"source-inline-chip-container ng-star-inserted\"><\/div>\n<hr data-path-to-node=\"9\" \/>\n<h3 data-path-to-node=\"10\"><b data-path-to-node=\"10\" data-index-in-node=\"0\">Anwendungsempfehlungen f\u00fcr das Trio \u201eADAPTATION\u201c<\/b><\/h3>\n<p data-path-to-node=\"12\"><span data-path-to-node=\"12,0\"><i data-path-to-node=\"12,0\" data-index-in-node=\"0\"><span class=\"citation-103\">(Enthalten im Dokument \u201eENTWICKLUNG\u201c)<\/span><\/i> <\/span><\/p>\n<p data-path-to-node=\"13\"><span data-path-to-node=\"13,1\"><span class=\"citation-102\">Das Trio (ANFANG, ENTWICKLUNG, SYNTHESE) ist Ihr fundamentales Werkzeug, um den K\u00f6rper bei jeglichen Ver\u00e4nderungen zu unterst\u00fctzen und Krisen in nat\u00fcrliches Wachstum zu verwandeln<\/span><\/span><span data-path-to-node=\"13,3\">.<\/span><\/p>\n<h4 data-path-to-node=\"14\"><b data-path-to-node=\"14\" data-index-in-node=\"0\">Die energetische Routine (Prokatschka):<\/b><\/h4>\n<p data-path-to-node=\"15\"><span data-path-to-node=\"15,1\"><span class=\"citation-101\">T\u00e4glich morgens nach dem Aufstehen oder abends durchzuf\u00fchren<\/span><\/span><span data-path-to-node=\"15,3\">.<\/span><\/p>\n<p data-path-to-node=\"16,0,1\"><span data-path-to-node=\"16,0,1,0\"><b data-path-to-node=\"16,0,1,0\" data-index-in-node=\"0\"><span class=\"citation-100\">Schritt 1:<\/span><\/b><span class=\"citation-100\"> KFS <\/span><b data-path-to-node=\"16,0,1,0\" data-index-in-node=\"15\"><span class=\"citation-100\">\u201eANFANG\u201c<\/span><\/b><span class=\"citation-100\"> f\u00fcr 2\u20133 Min. unter das Stei\u00dfbein (1. EZ), dann f\u00fcr 2\u20133 Min. auf den Kopf (7. EZ) legen<\/span><\/span><span data-path-to-node=\"16,0,1,2\">.<\/span><\/p>\n<p data-path-to-node=\"16,1,1\"><span data-path-to-node=\"16,1,1,0\"><b data-path-to-node=\"16,1,1,0\" data-index-in-node=\"0\"><span class=\"citation-99\">Schritt 2:<\/span><\/b><span class=\"citation-99\"> KFS <\/span><b data-path-to-node=\"16,1,1,0\" data-index-in-node=\"15\"><span class=\"citation-99\">\u201eENTWICKLUNG\u201c<\/span><\/b><span class=\"citation-99\"> f\u00fcr 7\u20138 Min. unter das Stei\u00dfbein (1. EZ), dann f\u00fcr 2\u20133 Min. auf den Kopf (7. EZ), danach je 3\u20135 Min. auf das 2. und 4. EZ halten<\/span><\/span><span data-path-to-node=\"16,1,1,2\">.<\/span><\/p>\n<p data-path-to-node=\"16,2,1\"><span data-path-to-node=\"16,2,1,0\"><b data-path-to-node=\"16,2,1,0\" data-index-in-node=\"0\"><span class=\"citation-98\">Schritt 3:<\/span><\/b><span class=\"citation-98\"> KFS <\/span><b data-path-to-node=\"16,2,1,0\" data-index-in-node=\"15\"><span class=\"citation-98\">\u201eSYNTHESE\u201c<\/span><\/b><span class=\"citation-98\"> f\u00fcr jeweils 3\u20135 Min. auf das 3., 5. und 6. EZ legen<\/span><\/span><span data-path-to-node=\"16,2,1,2\">.<\/span><\/p>\n<p data-path-to-node=\"18\"><span data-path-to-node=\"18,0\"><i data-path-to-node=\"18,0\" data-index-in-node=\"0\"><span class=\"citation-97\">Hinweis: \u201eENTWICKLUNG\u201c und \u201eSYNTHESE\u201c k\u00f6nnen in der Reihenfolge getauscht oder nach Schritt 1 gleichzeitig verwendet werden (z.B. Entwicklung am Stei\u00dfbein, Synthese am 3. EZ f\u00fcr 3\u20135 Min., dann beide zu den weiteren EZ bewegen)<\/span><\/i><\/span><span data-path-to-node=\"18,2\">.<\/span><\/p>\n<div class=\"source-inline-chip-container ng-star-inserted\"><\/div>\n<hr data-path-to-node=\"19\" \/>\n<h3 data-path-to-node=\"20\"><b data-path-to-node=\"20\" data-index-in-node=\"0\">Wann ist die Anwendung am effektivsten?<\/b><\/h3>\n<p data-path-to-node=\"21,0,1\"><span data-path-to-node=\"21,0,1,0\"><b data-path-to-node=\"21,0,1,0\" data-index-in-node=\"0\"><span class=\"citation-96\">Geomagnetik:<\/span><\/b><span class=\"citation-96\"> Bei ersten Anzeichen von Unwohlsein durch Sonnenaktivit\u00e4t oder 1\u20132 Tage im Voraus<\/span><\/span><span data-path-to-node=\"21,0,1,2\">.<\/span><\/p>\n<p data-path-to-node=\"21,1,1\"><span data-path-to-node=\"21,1,1,0\"><b data-path-to-node=\"21,1,1,0\" data-index-in-node=\"0\"><span class=\"citation-95\">Aktivit\u00e4t &amp; Sport:<\/span><\/b><span class=\"citation-95\"> Bei physischer Belastung, Training oder Wettk\u00e4mpfen<\/span><\/span><span data-path-to-node=\"21,1,1,2\">.<\/span><\/p>\n<p data-path-to-node=\"21,2,1\"><span data-path-to-node=\"21,2,1,0\"><b data-path-to-node=\"21,2,1,0\" data-index-in-node=\"0\"><span class=\"citation-94\">Spirituelle Praxis:<\/span><\/b><span class=\"citation-94\"> Zur Unterst\u00fctzung bei Meditation, Yoga oder Mantren-Arbeit<\/span><\/span><span data-path-to-node=\"21,2,1,2\">.<\/span><\/p>\n<p data-path-to-node=\"21,3,1\"><span data-path-to-node=\"21,3,1,0\"><b data-path-to-node=\"21,3,1,0\" data-index-in-node=\"0\"><span class=\"citation-93\">Gesundheit:<\/span><\/b><span class=\"citation-93\"> Bei Detox-Kuren, nach Antibiotika, Operationen oder Impfungen zur Wiederherstellung der Energetik<\/span><\/span><span data-path-to-node=\"21,3,1,2\">.<\/span><\/p>\n<p data-path-to-node=\"21,4,1\"><span data-path-to-node=\"21,4,1,0\"><b data-path-to-node=\"21,4,1,0\" data-index-in-node=\"0\"><span class=\"citation-92\">Neuanf\u00e4nge:<\/span><\/b><span class=\"citation-92\"> Bei Projekten, Verhandlungen oder Umstellung auf einen gesunden Tagesrhythmus; f\u00f6rdert Selbstbewusstsein und Willenskraft<\/span><\/span><span data-path-to-node=\"21,4,1,2\">.<\/span><\/p>\n<p data-path-to-node=\"21,5,1\"><span data-path-to-node=\"21,5,1,0\"><b data-path-to-node=\"21,5,1,0\" data-index-in-node=\"0\"><span class=\"citation-91\">Jahreszeiten &amp; Reisen:<\/span><\/b><span class=\"citation-91\"> Bei saisonalen \u00dcberg\u00e4ngen (Herbstblues) oder Jetlag<\/span><\/span><span data-path-to-node=\"21,5,1,2\">.<\/span><\/p>\n<p data-path-to-node=\"21,6,1\"><span data-path-to-node=\"21,6,1,0\"><b data-path-to-node=\"21,6,1,0\" data-index-in-node=\"0\"><span class=\"citation-90\">Belastungen:<\/span><\/b><span class=\"citation-90\"> Bei technogenem Stress (Gro\u00dfstadt, Wi-Fi), Lebenskrisen oder psychologischer Arbeit (Traumabew\u00e4ltigung)<\/span><\/span><span data-path-to-node=\"21,6,1,2\">.<\/span><\/p>\n<p id=\"p-rc_065589343e1a42c5-74\" data-path-to-node=\"21,7,1\"><span data-path-to-node=\"21,7,1,0\"><b data-path-to-node=\"21,7,1,0\" data-index-in-node=\"0\"><span class=\"citation-89\">Emotionale Krisen:<\/span><\/b><span class=\"citation-89\"> Bei Verlust, Trauer oder Trennung zur Anpassung an neue Lebensumst\u00e4nde<\/span><\/span><\/p>","protected":false},"excerpt":{"rendered":"<p class=\"p1\">Kernaufgabe: Neue hohe Energien des Raumes zu integrieren und den Anwender in eine nat\u00fcrliche, selbstbewusste Quelle von Kraft und Harmonie zu verwandeln.<\/p>","protected":false},"featured_media":2832,"comment_status":"open","ping_status":"closed","template":"","meta":[],"product_brand":[],"product_cat":[277],"product_tag":[282],"class_list":{"0":"post-2831","1":"product","2":"type-product","3":"status-publish","4":"has-post-thumbnail","6":"product_cat-limitierte-auflage","7":"product_tag-282","9":"first","10":"instock","11":"taxable","12":"shipping-taxable","13":"purchasable","14":"product-type-simple"},"_links":{"self":[{"href":"https:\/\/vigo-rio.com\/en\/wp-json\/wp\/v2\/product\/2831","targetHints":{"allow":["GET"]}}],"collection":[{"href":"https:\/\/vigo-rio.com\/en\/wp-json\/wp\/v2\/product"}],"about":[{"href":"https:\/\/vigo-rio.com\/en\/wp-json\/wp\/v2\/types\/product"}],"replies":[{"embeddable":true,"href":"https:\/\/vigo-rio.com\/en\/wp-json\/wp\/v2\/comments?post=2831"}],"wp:featuredmedia":[{"embeddable":true,"href":"https:\/\/vigo-rio.com\/en\/wp-json\/wp\/v2\/media\/2832"}],"wp:attachment":[{"href":"https:\/\/vigo-rio.com\/en\/wp-json\/wp\/v2\/media?parent=2831"}],"wp:term":[{"taxonomy":"product_brand","embeddable":true,"href":"https:\/\/vigo-rio.com\/en\/wp-json\/wp\/v2\/product_brand?post=2831"},{"taxonomy":"product_cat","embeddable":true,"href":"https:\/\/vigo-rio.com\/en\/wp-json\/wp\/v2\/product_cat?post=2831"},{"taxonomy":"product_tag","embeddable":true,"href":"https:\/\/vigo-rio.com\/en\/wp-json\/wp\/v2\/product_tag?post=2831"}],"curies":[{"name":"wp","href":"https:\/\/api.w.org\/{rel}","templated":true}]}}