{"id":2829,"date":"2026-02-22T09:44:15","date_gmt":"2026-02-22T09:44:15","guid":{"rendered":"https:\/\/vigo-rio.com\/?post_type=product&#038;p=2829"},"modified":"2026-03-02T17:06:29","modified_gmt":"2026-03-02T17:06:29","slug":"adaptation-der-anfang-gruen","status":"publish","type":"product","link":"https:\/\/vigo-rio.com\/en\/product\/adaptation-der-anfang-gruen\/","title":{"rendered":"ADAPTATION. DER ANFANG (Gr\u00fcn)"},"content":{"rendered":"<p data-path-to-node=\"5\"><span data-path-to-node=\"5,0\"><b data-path-to-node=\"5,0\" data-index-in-node=\"0\"><span class=\"citation-52\">ERSTE ETAPPE F\u00dcR DIE ANPASSUNG, DEN EFFEKTIVEN \u00dcBERGANG AUF EINE NEUE EBENE DES ENERGETISCHEN RAUMES UND UNTERST\u00dcTZUNG IN SCHWIERIGEN ZEITEN.<\/span><\/b> <\/span><\/p>\n<p data-path-to-node=\"6\"><span data-path-to-node=\"6,1\"><span class=\"citation-51\">Auf diesem FC ist eine spezielle Kombination von Themen mehrerer Korrektoren der Elite-Serie gespeichert \u2013 das \u201eGeheimrezept\u201c von S. W. Kolzow. <\/span><\/span><\/p>\n<p data-path-to-node=\"7,0,1\"><span data-path-to-node=\"7,0,1,0\"><b data-path-to-node=\"7,0,1,0\" data-index-in-node=\"0\"><span class=\"citation-50\">Zeit zur Strukturierung von Wasser:<\/span><\/b><span class=\"citation-50\"> 5 Minuten. <\/span><\/span><\/p>\n<hr data-path-to-node=\"8\" \/>\n<h3 data-path-to-node=\"9\"><b data-path-to-node=\"9\" data-index-in-node=\"0\">Wirkungsweise und Funktionen:<\/b><\/h3>\n<p data-path-to-node=\"10,0,1\"><span data-path-to-node=\"10,0,1,0\"><b data-path-to-node=\"10,0,1,0\" data-index-in-node=\"0\"><span class=\"citation-49\">Energetischer Scan:<\/span><\/b><span class=\"citation-49\"> Der KFS erkennt Unstimmigkeiten auf energetischer Ebene, liest den Zustand der Aura aus und identifiziert Zonen des Chaos, Blockaden oder \u201eDurchbr\u00fcche\u201c. <\/span><\/span><\/p>\n<p data-path-to-node=\"10,1,1\"><span data-path-to-node=\"10,1,1,0\"><b data-path-to-node=\"10,1,1,0\" data-index-in-node=\"0\"><span class=\"citation-48\">Abgleich mit der Matrix:<\/span><\/b><span class=\"citation-48\"> Er gleicht den aktuellen Zustand des K\u00f6rpers (beeinflusst durch Stress und Umwelt) mit dem idealen, in der DNA verankerten Gesundheitszustand ab. <\/span><\/span><\/p>\n<p data-path-to-node=\"10,2,1\"><span data-path-to-node=\"10,2,1,0\"><b data-path-to-node=\"10,2,1,0\" data-index-in-node=\"0\"><span class=\"citation-47\">Individuelle Feinabstimmung:<\/span><\/b><span class=\"citation-47\"> Er stellt sich auf die pers\u00f6nliche Schwingungsfrequenz des Nutzers ein, um stagnierende Energien sanft zu l\u00f6sen. <\/span><\/span><\/p>\n<p data-path-to-node=\"10,3,1\"><span data-path-to-node=\"10,3,1,0\"><b data-path-to-node=\"10,3,1,0\" data-index-in-node=\"0\"><span class=\"citation-46\">Stabilit\u00e4t und Sicherheit:<\/span><\/b><span class=\"citation-46\"> Durch das Ausstrahlen harmonischer Referenzfrequenzen werden die Energiezentren (EZ) aktiviert, was ein Gef\u00fchl von Sicherheit vermittelt \u2013 die essenzielle Basis f\u00fcr jeden Anpassungsprozess. <\/span><\/span><\/p>\n<p data-path-to-node=\"10,4,1\"><span data-path-to-node=\"10,4,1,0\"><b data-path-to-node=\"10,4,1,0\" data-index-in-node=\"0\"><span class=\"citation-45\">Informationeller Schutz:<\/span><\/b><span class=\"citation-45\"> Auf feinstofflicher Ebene vermittelt der KFS, dass neue Energien keine Bedrohung, sondern ein nat\u00fcrlicher Teil der Entwicklung sind. <\/span><\/span><\/p>\n<p data-path-to-node=\"10,5,1\"><span data-path-to-node=\"10,5,1,0\"><b data-path-to-node=\"10,5,1,0\" data-index-in-node=\"0\"><span class=\"citation-44\">Aktivierung der Selbstregulation:<\/span><\/b><span class=\"citation-44\"> Er weckt die k\u00f6rpereigene F\u00e4higkeit zur Selbstabstimmung und wirkt dabei wie eine \u201eStimmgabel\u201c f\u00fcr den Organismus. <\/span><\/span><\/p>\n<p data-path-to-node=\"10,6,1\"><span data-path-to-node=\"10,6,1,0\"><b data-path-to-node=\"10,6,1,0\" data-index-in-node=\"0\"><span class=\"citation-43\">Intelligenter Filter:<\/span><\/b><span class=\"citation-43\"> Der KFS schafft ein sch\u00fctzendes Feld (\u201ePuffer\u201c), das notwendige Entwicklungsenergien durchl\u00e4sst und st\u00f6renden \u201eenergetischen L\u00e4rm\u201c (technogene Einfl\u00fcsse, Elektrosmog) neutralisiert. <\/span><\/span><\/p>\n<p data-path-to-node=\"10,7,1\"><span data-path-to-node=\"10,7,1,0\"><b data-path-to-node=\"10,7,1,0\" data-index-in-node=\"0\"><span class=\"citation-42\">L\u00f6schen alter Muster:<\/span><\/b><span class=\"citation-42\"> Destruktive Informationsmuster wie Angst, Unruhe oder die Ablehnung von Neuem werden transformiert.<\/span><\/span><\/p>\n<hr data-path-to-node=\"11\" \/>\n<h3 data-path-to-node=\"12\"><b data-path-to-node=\"12\" data-index-in-node=\"0\">Anwendungsempfehlungen:<\/b><\/h3>\n<p data-path-to-node=\"13\"><span data-path-to-node=\"13,1\"><span class=\"citation-41\">Der KFS \u201eADAPTATION. ANFANG\u201c bildet die Basis des <\/span><b data-path-to-node=\"13,1\" data-index-in-node=\"50\"><span class=\"citation-41\">Anpassungs-Trios<\/span><\/b><span class=\"citation-41\"> zusammen mit den Korrektoren \u201eADAPTATION. ENTWICKLUNG\u201c und \u201eADAPTATION. SYNTHESE\u201c. <\/span><\/span><\/p>\n<p data-path-to-node=\"14,0,1\"><span data-path-to-node=\"14,0,1,0\"><b data-path-to-node=\"14,0,1,0\" data-index-in-node=\"0\"><span class=\"citation-40\">Empfohlener Start:<\/span><\/b><span class=\"citation-40\"> Es wird dringend empfohlen, die Arbeit mit diesem Trio immer beim KFS <\/span><b data-path-to-node=\"14,0,1,0\" data-index-in-node=\"89\"><span class=\"citation-40\">\u201eANFANG\u201c<\/span><\/b><span class=\"citation-40\"> zu beginnen. <\/span><\/span><\/p>\n<p data-path-to-node=\"14,1,1\"><span data-path-to-node=\"14,1,1,0\"><b data-path-to-node=\"14,1,1,0\" data-index-in-node=\"0\"><span class=\"citation-39\">T\u00e4gliche Routine:<\/span><\/b><span class=\"citation-39\"> F\u00fchren Sie morgens nach dem Aufstehen oder abends eine energetische Aktivierung (Pumping) durch. <\/span><\/span><\/p>\n<p data-path-to-node=\"14,2,1\"><span data-path-to-node=\"14,2,1,0\"><b data-path-to-node=\"14,2,1,0\" data-index-in-node=\"0\"><span class=\"citation-38\">Methoden:<\/span><\/b><span class=\"citation-38\"> Trinken Sie regelm\u00e4\u00dfig strukturiertes Wasser (ca. 30\u201340 ml pro kg K\u00f6rpergewicht), f\u00fchren Sie energetische \u00dcbungen durch oder nutzen Sie den KFS beim Duschen\/Baden. <\/span><\/span><\/p>\n<div class=\"source-inline-chip-container ng-star-inserted\"><\/div>\n<h4 data-path-to-node=\"15\"><b data-path-to-node=\"15\" data-index-in-node=\"0\">Ablauf der energetischen Aktivierung (Pumping):<\/b><\/h4>\n<p data-path-to-node=\"16,0,1\"><span data-path-to-node=\"16,0,1,0\"><b data-path-to-node=\"16,0,1,0\" data-index-in-node=\"0\"><span class=\"citation-37\">Schritt 1:<\/span><\/b><span class=\"citation-37\"> Legen Sie den KFS <\/span><b data-path-to-node=\"16,0,1,0\" data-index-in-node=\"29\"><span class=\"citation-37\">\u201eANFANG\u201c<\/span><\/b><span class=\"citation-37\"> f\u00fcr 2\u20133 Min. unter das Stei\u00dfbein (1. EZ) und danach f\u00fcr 2\u20133 Min. auf den Kopf (7. EZ). <\/span><\/span><\/p>\n<p data-path-to-node=\"16,1,1\"><span data-path-to-node=\"16,1,1,0\"><b data-path-to-node=\"16,1,1,0\" data-index-in-node=\"0\"><span class=\"citation-36\">Schritt 2:<\/span><\/b><span class=\"citation-36\"> Nutzen Sie anschlie\u00dfend <\/span><b data-path-to-node=\"16,1,1,0\" data-index-in-node=\"35\"><span class=\"citation-36\">\u201eENTWICKLUNG\u201c<\/span><\/b><span class=\"citation-36\"> (7\u20138 Min. Stei\u00dfbein, 2\u20133 Min. Kopf, danach 2. und 4. EZ f\u00fcr je 3\u20135 Min.). <\/span><\/span><\/p>\n<p data-path-to-node=\"16,2,1\"><span data-path-to-node=\"16,2,1,0\"><b data-path-to-node=\"16,2,1,0\" data-index-in-node=\"0\"><span class=\"citation-35\">Schritt 3:<\/span><\/b><span class=\"citation-35\"> Schlie\u00dfen Sie mit <\/span><b data-path-to-node=\"16,2,1,0\" data-index-in-node=\"29\"><span class=\"citation-35\">\u201eSYNTHESE\u201c<\/span><\/b><span class=\"citation-35\"> ab (3., 5. und 6. EZ f\u00fcr je 3\u20135 Min.). <\/span><\/span><\/p>\n<p data-path-to-node=\"18\"><span data-path-to-node=\"18,0\"><i data-path-to-node=\"18,0\" data-index-in-node=\"0\"><span class=\"citation-34\">(Hinweis: Die Schritte 2 und 3 k\u00f6nnen je nach pers\u00f6nlichem Empfinden getauscht oder zeitgleich durchgef\u00fchrt werden).<\/span><\/i> <\/span><\/p>\n<hr data-path-to-node=\"19\" \/>\n<h3 data-path-to-node=\"20\"><b data-path-to-node=\"20\" data-index-in-node=\"0\">Wann ist die Anwendung am effektivsten?<\/b><\/h3>\n<p data-path-to-node=\"21,0,1\"><span data-path-to-node=\"21,0,1,0\"><b data-path-to-node=\"21,0,1,0\" data-index-in-node=\"0\"><span class=\"citation-33\">Geomagnetische St\u00f6rungen:<\/span><\/b><span class=\"citation-33\"> Bei Wetterf\u00fchligkeit, Kopfschmerzen oder Schlaflosigkeit (auch pr\u00e4ventiv 1\u20132 Tage vorher). <\/span><\/span><\/p>\n<p data-path-to-node=\"21,1,1\"><span data-path-to-node=\"21,1,1,0\"><b data-path-to-node=\"21,1,1,0\" data-index-in-node=\"0\"><span class=\"citation-32\">Physische Belastung:<\/span><\/b><span class=\"citation-32\"> Sport, Wandern oder intensive Hausarbeit. <\/span><\/span><\/p>\n<p data-path-to-node=\"21,2,1\"><span data-path-to-node=\"21,2,1,0\"><b data-path-to-node=\"21,2,1,0\" data-index-in-node=\"0\"><span class=\"citation-31\">Spirituelle Arbeit:<\/span><\/b><span class=\"citation-31\"> Unterst\u00fctzung bei Meditation, Yoga oder Qigong. <\/span><\/span><\/p>\n<p data-path-to-node=\"21,3,1\"><span data-path-to-node=\"21,3,1,0\"><b data-path-to-node=\"21,3,1,0\" data-index-in-node=\"0\"><span class=\"citation-30\">Gesundheit &amp; Detox:<\/span><\/b><span class=\"citation-30\"> W\u00e4hrend Fastenkuren, nach Antibiotika-Einnahmen, Operationen oder Impfungen zur energetischen Erholung. <\/span><\/span><\/p>\n<div class=\"source-inline-chip-container ng-star-inserted\"><span data-path-to-node=\"21,4,1,0\"><b data-path-to-node=\"21,4,1,0\" data-index-in-node=\"0\"><span class=\"citation-29\">Neuanf\u00e4nge:<\/span><\/b><span class=\"citation-29\"> Start neuer Projekte, des Schuljahres oder bei der Umstellung auf ges\u00fcndere Lebensgewohnheiten. <\/span><\/span><\/div>\n<p data-path-to-node=\"21,5,1\"><span data-path-to-node=\"21,5,1,0\"><b data-path-to-node=\"21,5,1,0\" data-index-in-node=\"0\"><span class=\"citation-28\">Krisenzeiten:<\/span><\/b><span class=\"citation-28\"> Bei Jahreszeitenwechseln (Herbstblues), Jetlag auf Reisen, technogenem Stress in Gro\u00dfst\u00e4dten oder pers\u00f6nlichen Krisen (Trennung, Trauer). <\/span><\/span><\/p>\n<div class=\"source-inline-chip-container ng-star-inserted\"><span data-path-to-node=\"21,6,1,0\"><b data-path-to-node=\"21,6,1,0\" data-index-in-node=\"0\"><span class=\"citation-27\">Psychologische Arbeit:<\/span><\/b><span class=\"citation-27\"> Unterst\u00fctzung bei der Aufarbeitung alter Traumata mit einem Coach oder Therapeuten<\/span><\/span><\/div>","protected":false},"excerpt":{"rendered":"<p class=\"p1\">Kernaufgabe: Mit Hilfe der FC einen St\u00fctzpunkt und sichere Bedingungen f\u00fcr den Beginn qualitativer positiver Ver\u00e4nderungen zu schaffen<\/p>","protected":false},"featured_media":2830,"comment_status":"open","ping_status":"closed","template":"","meta":[],"product_brand":[],"product_cat":[277],"product_tag":[281],"class_list":{"0":"post-2829","1":"product","2":"type-product","3":"status-publish","4":"has-post-thumbnail","6":"product_cat-limitierte-auflage","7":"product_tag-281","9":"first","10":"instock","11":"taxable","12":"shipping-taxable","13":"purchasable","14":"product-type-simple"},"_links":{"self":[{"href":"https:\/\/vigo-rio.com\/en\/wp-json\/wp\/v2\/product\/2829","targetHints":{"allow":["GET"]}}],"collection":[{"href":"https:\/\/vigo-rio.com\/en\/wp-json\/wp\/v2\/product"}],"about":[{"href":"https:\/\/vigo-rio.com\/en\/wp-json\/wp\/v2\/types\/product"}],"replies":[{"embeddable":true,"href":"https:\/\/vigo-rio.com\/en\/wp-json\/wp\/v2\/comments?post=2829"}],"wp:featuredmedia":[{"embeddable":true,"href":"https:\/\/vigo-rio.com\/en\/wp-json\/wp\/v2\/media\/2830"}],"wp:attachment":[{"href":"https:\/\/vigo-rio.com\/en\/wp-json\/wp\/v2\/media?parent=2829"}],"wp:term":[{"taxonomy":"product_brand","embeddable":true,"href":"https:\/\/vigo-rio.com\/en\/wp-json\/wp\/v2\/product_brand?post=2829"},{"taxonomy":"product_cat","embeddable":true,"href":"https:\/\/vigo-rio.com\/en\/wp-json\/wp\/v2\/product_cat?post=2829"},{"taxonomy":"product_tag","embeddable":true,"href":"https:\/\/vigo-rio.com\/en\/wp-json\/wp\/v2\/product_tag?post=2829"}],"curies":[{"name":"wp","href":"https:\/\/api.w.org\/{rel}","templated":true}]}}