{"id":2745,"date":"2026-02-01T21:34:42","date_gmt":"2026-02-01T21:34:42","guid":{"rendered":"https:\/\/vigo-rio.com\/?post_type=product&#038;p=2745"},"modified":"2026-04-01T16:21:57","modified_gmt":"2026-04-01T16:21:57","slug":"fc-02-betoererin-armband","status":"publish","type":"product","link":"https:\/\/vigo-rio.com\/en\/product\/fc-02-betoererin-armband\/","title":{"rendered":"FC Bet\u00f6rerin Armband"},"content":{"rendered":"<p><strong>Kolzov-Armband \u201eCHARME&#8220; (Frauen-Armband)<\/strong><strong>\u00a0&#8211; auch als &#8222;Bet\u00f6rerin&#8220; \u00fcbersetzt<\/strong><\/p>\n<p><em>Das Armband ist in grau und lila erh\u00e4ltlich und hat eine variable Tragel\u00e4nge von 16,5cm-24,5cm.<br \/>\nDas Armband tr\u00e4gt innen die eingepr\u00e4gte russische Aufschrift: \u0427\u0410\u0420\u041e\u0412\u041d\u0418\u0426\u0410<\/em><\/p>\n<p>Das Armband &#8222;Charme&#8220; (Frauen-Armband) zielt auf die Wiederherstellung und den Schutz der weiblichen Gesundheit, die Erh\u00f6hung des inneren Vertrauens und der \u00e4u\u00dferlichen Attraktivit\u00e4t. Es erh\u00f6ht dadurch Charme und Ausstrahlung der Frau und macht sie unwiderstehlicher.<br \/>\nWeibliche Sch\u00f6nheit entsteht durch eine Vielzahl von Einfl\u00fcssen wie Gesundheit, innere Erf\u00fcllung, Harmonie, Liebe und Selbstakzeptanz, die Ausstrahlung von Attraktivit\u00e4t, L\u00e4cheln und Weichheit &#8211; all dies erschafft eine allgemeine Empfindung von Liebreiz, Weiblichkeit, Attraktivit\u00e4t und Charme.<br \/>\nDas Kolzov-Armband \u201eCHARME&#8220; \/ &#8222;FRAU\u201c hilft jeder Frau, ihre Gesundheit, Sch\u00f6nheit und Jugendlichkeit zu bewahren und zu verbessern, f\u00fcllt die innere Quelle ihrer Energie, sch\u00fctzt vor Negativem, betont die Individualit\u00e4t. Ihre Augen werden funkeln vor innerer Freude und dem Gef\u00fchl der eigenen Attraktivit\u00e4t.<br \/>\nAuf dem Armband \u201eCHARME&#8220; \/ &#8222;FRAU\u201c ist die Polarisation von 4 Quellen, die in der Mongolei entspringen, gespeichert. Diese stehen f\u00fcr 4 neue Frauenthemen, die erstmalig im Unternehmen produziert wurden und noch auf keiner anderen Platte enthalten sind.<\/p>\n<p><em>Die Aussagen beziehen sich auf alternative Testmethoden wie Meridianenergie-Messungen der Organfunktionskreisl\u00e4ufe nach TCM, Kirlian-Fotografie (EPG\/GDV-Kamera), Oberon, Amsat o.\u00e4. durch den Hersteller &#8222;Planet der Regionen&#8220; und stellen keine medizinische oder auf den physischen K\u00f6rper und dessen Organe bezogenen Aussage im Sinne der westlichen Schulmedizin dar.<\/em><\/p>\n<p><strong>Das Armband ist in diesem Sinne vor allem geeignet f\u00fcr:<\/strong><\/p>\n<ul>\n<li>Enth\u00fcllt das wahre Wesen und die Natur der Frau, erschafft einen Zustand der inneren Harmonie, Selbstbewusstseins und des Gef\u00fchls der eigenen Attraktivit\u00e4t.<\/li>\n<li>Harmonisiert die sexuelle Sph\u00e4re, f\u00f6rdert die Verbesserung der Beziehungen mit dem Partner und st\u00e4rkt das gegenseitige Verst\u00e4ndnis.<\/li>\n<li>F\u00f6rdert die Produktion von weiblichen Sexualhormonen und Botenstoffen, die helfen, sexy und attraktiv auf das andere Geschlecht zu wirken.<\/li>\n<li>Hilft bei der Wiederherstellung und Aufrechterhaltung des hormonellen Gleichgewichts und der physiologischen Funktion des Fortpflanzungssystems.<\/li>\n<li>F\u00f6rdert die Harmonisierung des Nervensystems, stabilisiert den emotionalen Zustand in verschiedenen Perioden.<\/li>\n<li>Dient der Vorbeugung und Regulation entz\u00fcndlicher Prozesse im kleinen Becken, f\u00f6rdert eine schnellere Regeneration nach Erkrankungen unterschiedlichster Art.<\/li>\n<li>Dient der Prophylaxe und Korrektur verschiedener gyn\u00e4kologischer Probleme, einschlie\u00dflich solcher, die Unfruchtbarkeit verursachen k\u00f6nnen.<\/li>\n<li>Aktiviert, harmonisiert und sch\u00fctzt die Energiezentren, die Chakras.<\/li>\n<\/ul>\n<p>Mit dem Armband \u201eCHARME&#8220; \/ &#8222;FRAU\u201c werden Sie sich f\u00fchlen wie eine G\u00f6ttin, eine Zauberin oder Fee &#8211; lassen sie ihren weiblichen Charme spr\u00fchen&#8230;!<\/p>\n<p>ZUR BEACHTUNG: Zur Aktivierung von Wasser legen Sie das Armband um eine Flasche oder ein Glas, die Aktivierungszeit sollte mindestens 80 Minuten betragen.<\/p>\n<p><em><u>Ergebnis im LIFE-TEST:<\/u>\u00a0Das Armband &#8222;Charme &#8211; Frau&#8220; hat ein neutrales Energiefeld mit mehr als 40 000 Bovis. Damit aktiviert es 3 Chakras auf \u00fcber 40 000 Bovis: Herz-, Solarplexus- und Blasen-\/Sexual-Chakra. Das Wurzel-Chakra steigt auf 35 000 Bovis, das Hals-Chakra auf 28 000, das Stirn-Chakra auf 21 000 und das Kronen-Chakra auf 14 000 Bovis.<\/em><\/p>\n<p><strong><em>Wichtiger Hinweis:<br \/>\nWir weisen ausdr\u00fccklich darauf hin, dass die Kolzov-Platte (russische Bezeichnung: &#8222;Korrektoren des funktionalen Zustands&#8220;) ein alternatives Energie- und Informationsprodukt ist und kein Heilmittel im Sinne der westlichen Schulmedizin. Vielmehr ist es ein rein energetisches Hilfsmittel zur ganzheitlichen Balancierung von energetischen Disharmonien und Blockaden. Informationen \u00fcber Qualit\u00e4t und Eigenschaften des Energieobjekts beziehen sich auf Aussagen des russischen Herstellers und alternativen Theorien zu Mensch und Umwelt, auf alternative Anschauungen und esoterische \u00dcberlieferungen oder Aussagen. Sie gelten nur im Sinne der esoterischen Lebensphilosophie und daran angelehnte Alternativheilkunde. Wirkungen im Sinne westlicher Wissenschaft oder Medizin werden hier nicht behauptet.<\/em><\/strong><\/p>","protected":false},"excerpt":{"rendered":"<p>Entfesseln Sie Ihre innere G\u00f6ttin und unterstreichen Sie Ihre nat\u00fcrliche Attraktivit\u00e4t. Das Armband \u201eCharme\u201c kombiniert die Kraft von vier exklusiven mongolischen Heilquellen, um das hormonelle Gleichgewicht zu f\u00f6rdern und die weibliche Gesundheit zu sch\u00fctzen. Es st\u00e4rkt das Selbstvertrauen, harmonisiert das Nervensystem und verleiht Ihnen eine unwiderstehliche Ausstrahlung und Lebensfreude. Ein elegantes Accessoire f\u00fcr mehr Harmonie in der Partnerschaft und ein funkelndes Strahlen von innen heraus.<\/p>","protected":false},"featured_media":2371,"comment_status":"open","ping_status":"closed","template":"","meta":[],"product_brand":[],"product_cat":[35],"product_tag":[276],"class_list":{"0":"post-2745","1":"product","2":"type-product","3":"status-publish","4":"has-post-thumbnail","6":"product_cat-fc-bracelets","7":"product_tag-276","9":"first","10":"instock","11":"taxable","12":"shipping-taxable","13":"purchasable","14":"product-type-simple"},"_links":{"self":[{"href":"https:\/\/vigo-rio.com\/en\/wp-json\/wp\/v2\/product\/2745","targetHints":{"allow":["GET"]}}],"collection":[{"href":"https:\/\/vigo-rio.com\/en\/wp-json\/wp\/v2\/product"}],"about":[{"href":"https:\/\/vigo-rio.com\/en\/wp-json\/wp\/v2\/types\/product"}],"replies":[{"embeddable":true,"href":"https:\/\/vigo-rio.com\/en\/wp-json\/wp\/v2\/comments?post=2745"}],"wp:featuredmedia":[{"embeddable":true,"href":"https:\/\/vigo-rio.com\/en\/wp-json\/wp\/v2\/media\/2371"}],"wp:attachment":[{"href":"https:\/\/vigo-rio.com\/en\/wp-json\/wp\/v2\/media?parent=2745"}],"wp:term":[{"taxonomy":"product_brand","embeddable":true,"href":"https:\/\/vigo-rio.com\/en\/wp-json\/wp\/v2\/product_brand?post=2745"},{"taxonomy":"product_cat","embeddable":true,"href":"https:\/\/vigo-rio.com\/en\/wp-json\/wp\/v2\/product_cat?post=2745"},{"taxonomy":"product_tag","embeddable":true,"href":"https:\/\/vigo-rio.com\/en\/wp-json\/wp\/v2\/product_tag?post=2745"}],"curies":[{"name":"wp","href":"https:\/\/api.w.org\/{rel}","templated":true}]}}