{"id":2741,"date":"2026-02-01T21:28:39","date_gmt":"2026-02-01T21:28:39","guid":{"rendered":"https:\/\/vigo-rio.com\/?post_type=product&#038;p=2741"},"modified":"2026-03-13T16:13:29","modified_gmt":"2026-03-13T16:13:29","slug":"fc-08-heepavita","status":"publish","type":"product","link":"https:\/\/vigo-rio.com\/en\/product\/fc-08-heepavita\/","title":{"rendered":"FC Hepavita"},"content":{"rendered":"<p><strong>Kolzov-Platte &#8222;Hepavita&#8220;\u00a0&#8211; (f\u00fcr Leber, Galle und Entgiftung)<\/strong><\/p>\n<p><strong>&#8211; neueste Version mit 8-Elementen (8 enthaltenen Energiespeicher-Chips)<\/strong><\/p>\n<p>Die Kolzov-Platte &#8222;Hepavita&#8220; ist eine wertvolle energetische Unterst\u00fctzung f\u00fcr alle Menschen, die an Lebererkrankungen verschiedener Herkunft leiden, ebenso f\u00fcr schwangere Frauen bei gest\u00f6rtem Gallefluss (Cholestase), bei erh\u00f6hter Belastungen w\u00e4hrend der Einnahme von Medikamenten, begleitend zur Entgiftung bei Entziehungskuren (Alkohol, Drogen, Medikamente), bei gest\u00f6rten Bildung von Galle und Glykogen, bei Aufnahmest\u00f6rungen von Vitalstoffen wie Vitaminen.<\/p>\n<p><em>Die Aussagen beziehen sich auf alternative Testmethoden wie Meridianenergie-Messungen der Organfunktionskreisl\u00e4ufe nach TCM, Kirlian-Fotografie (EPG\/GDV-Kamera), Oberon, Amsat o.\u00e4. durch den Hersteller &#8222;Planet der Regionen&#8220; und stellen keine medizinische oder auf den physischen K\u00f6rper und dessen Organe bezogenen Aussage im Sinne der westlichen Schulmedizin dar.<\/em><\/p>\n<p><strong>Die Platte ist in diesem Sinne vor allem geeignet f\u00fcr:<\/strong><\/p>\n<ul>\n<li>f\u00f6rdert auf energetischem Wege die Korrektur und Vorbeugung von Lebererkrankungen unterschiedlicher Art, egal ob viralen, entz\u00fcndlichen, infekti\u00f6sen oder chemischen Ursprungs,<\/li>\n<li>unterst\u00fctzt im Energetischen die Regeneration der Leberzellen (Hepatozyten) bei verschiedenen Erkrankungen der Leber (Hepatitis, Zirrhose etc.),<\/li>\n<li>hilft allgemein bei der Entgiftung des K\u00f6rpers, f\u00f6rdert die Entgiftung bei der Einnahme von Medikamenten, beim Trinken von Alkohol, bei sch\u00e4dlichen Stoffwechselresten usw.,<\/li>\n<li>f\u00f6rdert die Wiederherstellung eines gesunden Stoffwechsels (Protein-, Fett-, Kohlenhydrat-, Lipid-, Stickstoff-Stoffwechsel) einschlie\u00dflich der Bildung aller n\u00f6tigen Stoffe in der Leber (u.a. Transferrin, des Eisentr\u00e4gers im Blut),<\/li>\n<li>reguliert die tagesrhythmische Bildung von Galle (tags\u00fcber) und Glykogen (nachts),<\/li>\n<li>hilft bei Verdauungsproblemen, die in Zusammenhang mit St\u00f6rungen der Leber- und Gallenfunktionen auftreten k\u00f6nnen wie: Wechsel von Magenverstimmungen und Verstopfung, \u00dcbelkeit, Erbrechen, Geschmacksverzerrung, Appetitlosigkeit, sowie das Auftreten eines morgendlichen bitteren Geschmacks im Mund oder nach dem Essen),<\/li>\n<li>f\u00f6rdert die Aufnahme, Speicherung und Synthese von Vitaminen insbesondere der Vitamine A, D, E und der B-Gruppe und von verschiedenen Mikron\u00e4hrstoffen und Spurenelementen, die f\u00fcr die Blutbildung (H\u00e4matopoese) notwendig sind, wie Eisen, Kupfer, Kobalt usw., unterst\u00fctzt,<\/li>\n<li>st\u00e4rkt die Blutbildung, indem es die Wiederherstellung von Leberzellen, die f\u00fcr eine normale Blutgerinnung notwendige Substanzen bilden (wie die Gerinnungsfaktoren Prothrombin, Fibrinogen und deren Gegenspieler Heparin, Antiplasmin), unterst\u00fctzt,<\/li>\n<li>f\u00f6rdert die Wiederherstellung und Erneuerung von Haut, Haaren, N\u00e4geln, beseitigt die durch gest\u00f6rte Leberfunktionen entstehende gelbe Farbe der Haut und der Schleimh\u00e4ute,<\/li>\n<li>st\u00e4rkt das Immunsystem des menschlichen K\u00f6rpers.<\/li>\n<li>Auf der Kolzov-Platte &#8222;Hepavita&#8220; sind unter anderem die Informationen mongolischer Heilquellen gespeichert.<\/li>\n<\/ul>\n<p>ZUR BEACHTUNG: Bei dieser Platte sollte das Wasser zum Energetisieren nicht weniger als 3 Minuten lang darauf gestellt werden, am einfachsten eine Flasche Wasser \u00fcber Nacht darauf stehen lassen.<\/p>\n<p>TIPP: Die Kolzov-Platte &#8222;Hepavita&#8220; kann bei Bedarf noch mit anderen Platten unterst\u00fctzt werden. Sie arbeitet sehr gut zusammen mit den Platten Nr.1, 2 und 5 der blauen Serie, mit den Platten &#8222;Amaranth&#8220; (Stoffwechsel), &#8222;Jiva&#8220; (Lymphfluss), &#8222;Quelle der Lamas&#8220; (Leber-Platte), &#8222;Nat\u00fcrliches Antibiotikum&#8220;, &#8222;Olgir&#8220; (Anti-Krebs-Platte) und &#8222;Quelle Shambala&#8220;.<\/p>\n<p><em><u>Ergebnis im LIFE-TEST:<\/u>\u00a0Die Platte &#8222;Hepavita&#8220; strahlt auch eine sehr hohe Energie von \u00fcber 40 000 Bovis aus. Sie aktiviert damit das Wurzel- und das Solarplexus-Chakra auf enorme 40 000 Bovis. Das Blase-\/Sexual-Chakra steigt auf 35 000 Bovis. Das Stirn-Chakra auf 28 000 Bovis, Kronen- und Hals-Chakra verdreifachen Ihre Energie auf 21 000 Bovis und das Herz-Chakra steigt auf 14 000 Bovis.<\/em><\/p>\n<p><strong><em>Wichtiger Hinweis:<br \/>\nWir weisen ausdr\u00fccklich darauf hin, dass die Kolzov-Platte (russische Bezeichnung: &#8222;Korrektoren des funktionalen Zustands&#8220;) ein alternatives Energie- und Informationsprodukt ist und kein Heilmittel im Sinne der westlichen Schulmedizin. Vielmehr ist es ein rein energetisches Hilfsmittel zur ganzheitlichen Balancierung von energetischen Disharmonien und Blockaden. Informationen \u00fcber Qualit\u00e4t und Eigenschaften des Energieobjekts beziehen sich auf Aussagen des russischen Herstellers und alternativen Theorien zu Mensch und Umwelt, auf alternative Anschauungen und esoterische \u00dcberlieferungen oder Aussagen. Sie gelten nur im Sinne der esoterischen Lebensphilosophie und daran angelehnte Alternativheilkunde. Wirkungen im Sinne westlicher Wissenschaft oder Medizin werden hier nicht behauptet.<\/em><\/strong><\/p>","protected":false},"excerpt":{"rendered":"<p>Die energetische Unterst\u00fctzung f\u00fcr eine gesunde Leber- und Gallenfunktion. Diese 8-Elemente-Platte f\u00f6rdert die Regeneration der Leberzellen, unterst\u00fctzt den K\u00f6rper bei Entgiftungsprozessen (z. B. nach Medikamenteneinnahme oder Alkoholkonsum) und reguliert den Stoffwechsel. Sie hilft bei Verdauungsproblemen, verbessert die Aufnahme wichtiger Vitamine und tr\u00e4gt zu einem gesunden Hautbild sowie einem starken Immunsystem bei. Ein unverzichtbares Werkzeug f\u00fcr die ganzheitliche innere Reinigung.<\/p>","protected":false},"featured_media":2742,"comment_status":"open","ping_status":"closed","template":"","meta":[],"product_brand":[],"product_cat":[32],"product_tag":[271],"class_list":{"0":"post-2741","1":"product","2":"type-product","3":"status-publish","4":"has-post-thumbnail","6":"product_cat-collection-series","7":"product_tag-271","9":"first","10":"instock","11":"sale","12":"taxable","13":"shipping-taxable","14":"purchasable","15":"product-type-variable"},"_links":{"self":[{"href":"https:\/\/vigo-rio.com\/en\/wp-json\/wp\/v2\/product\/2741","targetHints":{"allow":["GET"]}}],"collection":[{"href":"https:\/\/vigo-rio.com\/en\/wp-json\/wp\/v2\/product"}],"about":[{"href":"https:\/\/vigo-rio.com\/en\/wp-json\/wp\/v2\/types\/product"}],"replies":[{"embeddable":true,"href":"https:\/\/vigo-rio.com\/en\/wp-json\/wp\/v2\/comments?post=2741"}],"wp:featuredmedia":[{"embeddable":true,"href":"https:\/\/vigo-rio.com\/en\/wp-json\/wp\/v2\/media\/2742"}],"wp:attachment":[{"href":"https:\/\/vigo-rio.com\/en\/wp-json\/wp\/v2\/media?parent=2741"}],"wp:term":[{"taxonomy":"product_brand","embeddable":true,"href":"https:\/\/vigo-rio.com\/en\/wp-json\/wp\/v2\/product_brand?post=2741"},{"taxonomy":"product_cat","embeddable":true,"href":"https:\/\/vigo-rio.com\/en\/wp-json\/wp\/v2\/product_cat?post=2741"},{"taxonomy":"product_tag","embeddable":true,"href":"https:\/\/vigo-rio.com\/en\/wp-json\/wp\/v2\/product_tag?post=2741"}],"curies":[{"name":"wp","href":"https:\/\/api.w.org\/{rel}","templated":true}]}}