{"id":2739,"date":"2026-02-01T21:23:52","date_gmt":"2026-02-01T21:23:52","guid":{"rendered":"https:\/\/vigo-rio.com\/?post_type=product&#038;p=2739"},"modified":"2026-02-25T22:16:11","modified_gmt":"2026-02-25T22:16:11","slug":"fc-131-yamuna-die-fraft-indiens","status":"publish","type":"product","link":"https:\/\/vigo-rio.com\/en\/product\/fc-131-yamuna-die-fraft-indiens\/","title":{"rendered":"FC Yamuna Die Kraft Indiens"},"content":{"rendered":"<p><strong>Kolzov-Platte: &#8222;Yamuna &#8211; Die Kraft Indiens&#8220;\u00a0(aktiviert die Energie der Sonne, wirkt als Energieschild und sendet Negatives zur\u00fcck, reguliert die Meridianenergien, hilft in Wechseljahren und bei PMS, st\u00e4rkt die besten inneren Qualit\u00e4ten, f\u00fcr Liebe und Freundlichkeit, f\u00fcr positive Wiedergeburt)<\/strong><\/p>\n<p><em>&#8211; neueste Version mit 8-Elementen (8 enthaltenen Energiespeicher-Chips)<\/em><\/p>\n<p><em>Die Platte tr\u00e4gt die russische Aufschrift \u00ab\u042f\u041c\u0423\u041d\u0410 \u2014 \u0421\u0418\u041b\u0410 \u0418\u041d\u0414\u0418\u0418\u00bb und auf dem erg\u00e4nzenden Deckblatt: YAMUNA &#8211; THE POWER OF INDIA, YAMUNA &#8211; LA FORCE DE L&#8217;INDE, YAMUNA &#8211; DIE KRAFT INDIENS<\/em><\/p>\n<p>Die Platte &#8222;Yamuna &#8211; Die Kraft Indiens&#8220; st\u00e4rkt das Positive in Denken, Handeln und in der Umgebung. Sie sch\u00fctzt vor negativen Einfl\u00fcssen und sendet diese wieder zur\u00fcck. Sie reguliert die Meridianenergien und wirkt verj\u00fcngend auf den gesamten Organismus. Sie st\u00e4rkt den inneren ruhenden Kern im Menschen und den kreativen Ausdruck seiner Seele. Bei Frauen unterst\u00fctzt sie ihr wahres weibliches Wesen und ihre Ausstrahlung.<\/p>\n<div>\n<p><em>Die Aussagen beziehen sich auf alternative Testmethoden wie Meridianenergie-Messungen der Organfunktionskreisl\u00e4ufe nach TCM, Kirlian-Fotografie (EPG\/GDV-Kamera), Oberon, Amsat o.\u00e4. durch den Hersteller &#8222;Planet der Regionen&#8220; und stellen keine medizinische oder auf den physischen K\u00f6rper und dessen Organe bezogenen Aussage im Sinne der westlichen Schulmedizin dar.<\/em><\/p>\n<div><strong>Die Platte ist in diesem Sinne vor allem geeignet f\u00fcr:<\/strong><\/div>\n<\/div>\n<p><strong>Energiesystem:<br \/>\n<\/strong><\/p>\n<ul>\n<li>aktiviert die Energie der Sonne, Dynamik, Initiative und Kraft in jedem Anwender,<\/li>\n<li>sch\u00fctzt vor negativen Energieeinfl\u00fcssen (Wut, Neid, Zwangsgedanken und negative Worte anderer Menschen, b\u00f6ser Blick, Energievampiren usw.) und reflektiert alle zerst\u00f6rerischen Einfl\u00fcsse zur Quelle zur\u00fcck (\u201eBumerang\u201c-Prinzip),<\/li>\n<\/ul>\n<p><strong>Spirituelle und pers\u00f6nliche Entwicklung:<\/strong><\/p>\n<ul>\n<li>lehrt, auch in schwierigen Situationen noch positiv denken zu k\u00f6nnen und die Welt als Ganzes in all ihren Farben zu akzeptieren &#8211; Liebe ist die Hauptmotivation f\u00fcr alles Leben und Kreativit\u00e4t,<\/li>\n<li>weckt die Kreativit\u00e4t: ein kreativer Selbstausdruck seiner Seele wird den Anwender mit Energie und Freude erf\u00fcllen und eine Leidenschaft f\u00fcr das Leben entfachen,<\/li>\n<li>gibt neue Ideen, um Ziel f\u00fcr sich und andere umzusetzen &#8211; zum Wohle vieler Menschen,<\/li>\n<li>zieht Gleichgesinnte an, um die Energie des Universums mit den eigenen Ideen zu verbinden,<\/li>\n<li>unterst\u00fctzt das eigene positive Wirken und zieht damit auch das Gl\u00fcck anderer Menschen an und verbindet es mit dem eigenen Gl\u00fcck,<\/li>\n<li>hilft, in sich selbst einzutauchen, um in einem ruhigen, meditativen Zustand mit sich selbst und seinen Emotionen arbeiten zu k\u00f6nnen und das Bewusstsein dem Licht, den H\u00f6heren Kr\u00e4ften zuzuwenden,<\/li>\n<li>hilft dabei, emotionalen Schmerz etwa durch Trennungen, Einsamkeit, Verlust eines geliebten Menschen usw. zu verarbeiten und falsche Reaktionen dadurch zu beseitigen, befreit von der Last vergangener negativer Momente des Lebens,<\/li>\n<li>\u00f6ffnet Herz und Seele, erf\u00fcllt mit Licht, Liebe, Reinheit der Gedanken, schenkt Frieden, Ruhe, Leichtigkeit, f\u00f6rdert spirituelle Erleuchtung,<\/li>\n<li>hilft, auf einer tiefen Ebene zu erkennen, dass wahre, bedingungslose Liebe f\u00fcr alles, was der Sch\u00f6pfer auf der Erde geschaffen hat, aus Freude und Licht entsteht,<\/li>\n<li>vermittelt einen Zustand der Akzeptanz des Lebens in Weisheit &#8211; ohne Widerstand, aber auch ohne Opferhaltung -, st\u00e4rkt den inneren Wesenskern, das Gef\u00fchl von Integrit\u00e4t, Ruhe, Selbstvertrauen,<\/li>\n<li>erleichtert den \u00dcbergang zur n\u00e4chsten Wiedergeburt und macht sie hell und friedlich,<\/li>\n<li>bei Frauen erweckt die Platte ihre innere Weisheit, heilt spirituelle Wunden, offenbart W\u00fcrde, m\u00fctterliche Energie, Sanftmut und Weisheit, st\u00e4rkt bei Frauen Weiblichkeit, Freundlichkeit, Z\u00e4rtlichkeit, F\u00fcrsorge, die F\u00e4higkeit, den Familienherd zu unterst\u00fctzen und zu bewahren,<\/li>\n<li>hilft dabei, seinen Seelenverwandten zu finden, verbessert die Beziehungen zwischen Partnern, f\u00f6rdert Geduld und Verst\u00e4ndnis und macht das Intimleben fr\u00f6hlicher und z\u00e4rtlicher,<\/li>\n<\/ul>\n<p><strong>Gesundheit:<br \/>\n<\/strong><\/p>\n<ul>\n<li>wirkt verj\u00fcngend und reduziert das biologische Alter,<\/li>\n<\/ul>\n<ul>\n<li>reguliert den Energiefluss in den Energie-Meridianen des K\u00f6rpers,<\/li>\n<li>verbessert die Funktion des Fortpflanzungssystems, normalisiert den Hormonspiegel , f\u00f6rdert die Empf\u00e4ngnis und die Geburt eines gesunden Kindes<\/li>\n<li>gl\u00e4ttet Hormonschwankungen w\u00e4hrend der Wechseljahre und lindert PMS-Symptome<\/li>\n<li>normalisiert den Stoffwechsel und hilft, das optimale Gewicht zu erreichen.<\/li>\n<\/ul>\n<p>Auf der Platte sind die Energie und Informationen des heiligen Flusses Yamuna (Jamna) und des Kraftortes Vrindavan, der Stadt der f\u00fcnftausend Tempel, gespeichert. Vrindavan, auch &#8222;Vrindavana&#8220; genannt, ist als Geburtsort Krishnas ber\u00fchmt. Hier soll er einen Teil seiner Kindheit und Jugend verbracht haben. Vrindavan ist ein Zentrum der Spiritualit\u00e4t und der hinduistischen Kultur und gilt als heiligste Stadt Indiens. Mit ihren zahlreichen, Krishna geweihten Tempeln zieht sie Pilger und Touristen aus der ganzen Welt an.<\/p>\n<p>TIPP: Die Platte &#8222;Yamuna &#8211; Die Kraft Indiens&#8220; bildet mit der Platte &#8222;Heilendes Feuer&#8220; eine ideale Kombination und enth\u00fcllt so das kraftvolle Potenzial der Energie gro\u00dfer Erfolge, bedingungsloser Hingabe, selbstloser Liebe und edlen Dienstes am Leben. Die Platte hilft, das h\u00f6chste Ziel zu verwirklichen: Weisheit, Licht und Sch\u00f6pfung, G\u00fcte und Liebe in die Welt zu bringen und jeden Moment mit kreativer Energie und der Kraft der Seele zu f\u00fcllen.<\/p>\n<p>Die Energie Platte &#8222;Yamuna &#8211; Die Kraft Indiens&#8220; hat eine beruhigende, weibliche Komponente und vermittelt einen Zustand der Leichtigkeit, Gelassenheit und Geschmeidigkeit \u2013 als ob Sie am Ufer sitzen und dem Flie\u00dfen des Wassers zusehen. Die Platte kann mit allen zuvor erschienen Platten kombiniert werden.<\/p>\n<p>Schon 10-15 Minuten pro Tag helfen, den inneren Zustand positiv zu ver\u00e4ndern, den inneren Dialog zu harmonisieren, zus\u00e4tzliche Energieressourcen zu gewinnen und eine g\u00fcnstige Umgebung zu schaffen.<\/p>\n<p>TIPP 2: Die Platte erzeugt ein Energieschutzfeld um den Anwender. Sie kann daher als &#8222;Energieschild&#8220; in Gesellschaft und an Orten mit ung\u00fcnstiger Atmosph\u00e4re (Krankenh\u00e4user, B\u00fcros mit angespanntem Team) oder bei der Arbeit mit emotional belastenden Menschen eingesetzt werden. Der Schutz wirkt sanft und ohne anderen zu schaden &#8211; er neutralisiert einfach Negativit\u00e4t und stabilisiert und st\u00e4rkt die eigene Energie.<\/p>\n<p>TIPP 3: Die Platte kann wie \u00fcblich am K\u00f6rper getragen und das informierte Wasser davon getrunken werden, und man kann sie zum Duschen, Baden und f\u00fcr Fu\u00dfb\u00e4der verwenden und fl\u00fcssige Kosmetika und Medikamente damit energetisieren. Die Platte kann auch nachts unter das Kopfkissen gelegt werden, um die Entspannung und Energieerneuerung zu f\u00f6rdern.<\/p>\n<p>TIPP 4: Bei Meinungsverschiedenheiten in Familien oder B\u00fcro stellen Sie die Platte auf das Fensterbrett oder in ein Regal und informieren die Getr\u00e4nke damit.<\/p>\n<p>ZUR BEACHTUNG: Bei dieser Platte sollte das Wasser zum Energetisieren mindestens 15 Minuten lang darauf gestellt werden.<\/p>\n<p><em><strong>Wichtiger Hinweis:<\/strong><\/em><\/p>\n<p><strong><em>Wir weisen ausdr\u00fccklich darauf hin, dass die Kolzov-Platte (russische Bezeichnung: &#8222;Korrektoren des funktionalen Zustands&#8220;) ein alternatives Energie- und Informationsprodukt ist und kein Heilmittel im Sinne der westlichen Schulmedizin. Vielmehr ist es ein rein energetisches Hilfsmittel zur ganzheitlichen Balancierung von energetischen Disharmonien und Blockaden. Informationen \u00fcber Qualit\u00e4t und Eigenschaften des Energieobjekts beziehen sich auf Aussagen des russischen Herstellers und alternativen Theorien zu Mensch und Umwelt, auf alternative Anschauungen und esoterische \u00dcberlieferungen oder Aussagen. Sie gelten nur im Sinne der esoterischen Lebensphilosophie und daran angelehnte Alternativheilkunde. Wirkungen im Sinne westlicher Wissenschaft oder Medizin werden hier nicht behauptet.<\/em><\/strong><\/p>","protected":false},"excerpt":{"rendered":"<p>ktivieren Sie die strahlende Energie der Sonne und schaffen Sie einen wirkungsvollen \u201eEnergieschild\u201c gegen negative Einfl\u00fcsse. Diese Elite-Platte nutzt die heiligen Schwingungen des Flusses Yamuna und des Kraftortes Vrindavan, um Meridianenergien zu regulieren und das biologische Alter zu senken. Sie schenkt tiefe Gelassenheit, lindert hormonelle Schwankungen (PMS\/Wechseljahre) und hilft dabei, emotionalen Schmerz zu heilen sowie die wahre weibliche Sch\u00f6pfungskraft zu entfalten.<\/p>","protected":false},"featured_media":2740,"comment_status":"open","ping_status":"closed","template":"","meta":[],"product_brand":[],"product_cat":[33],"product_tag":[272],"class_list":{"0":"post-2739","1":"product","2":"type-product","3":"status-publish","4":"has-post-thumbnail","6":"product_cat-elite-series","7":"product_tag-272","9":"first","10":"instock","11":"taxable","12":"shipping-taxable","13":"purchasable","14":"product-type-simple"},"_links":{"self":[{"href":"https:\/\/vigo-rio.com\/en\/wp-json\/wp\/v2\/product\/2739","targetHints":{"allow":["GET"]}}],"collection":[{"href":"https:\/\/vigo-rio.com\/en\/wp-json\/wp\/v2\/product"}],"about":[{"href":"https:\/\/vigo-rio.com\/en\/wp-json\/wp\/v2\/types\/product"}],"replies":[{"embeddable":true,"href":"https:\/\/vigo-rio.com\/en\/wp-json\/wp\/v2\/comments?post=2739"}],"wp:featuredmedia":[{"embeddable":true,"href":"https:\/\/vigo-rio.com\/en\/wp-json\/wp\/v2\/media\/2740"}],"wp:attachment":[{"href":"https:\/\/vigo-rio.com\/en\/wp-json\/wp\/v2\/media?parent=2739"}],"wp:term":[{"taxonomy":"product_brand","embeddable":true,"href":"https:\/\/vigo-rio.com\/en\/wp-json\/wp\/v2\/product_brand?post=2739"},{"taxonomy":"product_cat","embeddable":true,"href":"https:\/\/vigo-rio.com\/en\/wp-json\/wp\/v2\/product_cat?post=2739"},{"taxonomy":"product_tag","embeddable":true,"href":"https:\/\/vigo-rio.com\/en\/wp-json\/wp\/v2\/product_tag?post=2739"}],"curies":[{"name":"wp","href":"https:\/\/api.w.org\/{rel}","templated":true}]}}