{"id":2736,"date":"2026-02-01T21:20:22","date_gmt":"2026-02-01T21:20:22","guid":{"rendered":"https:\/\/vigo-rio.com\/?post_type=product&#038;p=2736"},"modified":"2026-02-04T19:36:38","modified_gmt":"2026-02-04T19:36:38","slug":"fc-43-rapa","status":"publish","type":"product","link":"https:\/\/vigo-rio.com\/en\/product\/fc-43-rapa\/","title":{"rendered":"FC Rapa"},"content":{"rendered":"<p><strong>Kolzov-Platte: &#8222;Rapa&#8220;\u00a0&#8211; (zur St\u00e4rkung und Regeneration des Herz-Kreislauf-Systems)<\/strong><\/p>\n<p>Die Platte &#8222;Rapa&#8220; ist empfehlenswert zur Vorbeugung und bei bestehenden Problemen im gesamten Herz-Kreislauf-System, nach Operationen und Verletzungen und zur Unterst\u00fctzung bei k\u00f6rperlicher Anstrengung, Sport und Fitnesstraining. Sie unterst\u00fctzt den Kreislauf, wenn man lange sitzt &#8211; egal, ob auf Arbeit, im Studium, auf langen Fl\u00fcgen oder bei Bewegungsmangel im Alter. Sie hilft zudem dabei, sich auf eine ges\u00fcndere Ern\u00e4hrung und Lebensweise umzustellen.<\/p>\n<p><em>Die Aussagen beziehen sich auf alternative Testmethoden wie Meridianenergie-Messungen der Organfunktionskreisl\u00e4ufe nach TCM, Kirlian-Fotografie (EPG\/GDV-Kamera), Oberon, Amsat o.\u00e4. durch den Hersteller &#8222;Planet der Regionen&#8220; und stellen keine medizinische oder auf den physischen K\u00f6rper und dessen Organe bezogenen Aussage im Sinne der westlichen Schulmedizin dar.<\/em><\/p>\n<p><strong>Die Platte ist in diesem Sinne vor allem geeignet f\u00fcr:<\/strong><\/p>\n<ul>\n<li>hilft bei der Vorbeugung und Heilung von Erkrankungen des Herz-Kreislauf-Systems (u.a. Funktionsst\u00f6rungen des Herzmuskels, der Blutgef\u00e4\u00dfe, Arterien und Venen usw.),<\/li>\n<li>hilft auf energetischem Wege bereits anf\u00e4ngliche Erscheinungsformen von Gef\u00e4\u00dferkrankungen zu stoppen: u.a. bei Arteriosklerose (einschlie\u00dflich Myokard-Sklerose, Myokard-Degeneration), zu hoher und zu niedriger Blutdruck, arterielle Hypertonie, arterielle Hypotonie, Gef\u00e4\u00dfeinengungen und -verschl\u00fcsse in Beinen und Armen, Krampfadern, Kreislaufinsuffizienz, rheumatischen Herzfehlern u.a.,<\/li>\n<li>beugt auf energetischem Wege der Entstehung von Infarkten und Schlaganf\u00e4llen vor,<\/li>\n<li>wirkt generell entz\u00fcndungshemmend und schmerzstillend,<\/li>\n<li>verbessert nicht nur den Blutfluss, sondern auch den Fluss im Lymphsystem und reduziert so Schwellungen und \u00d6deme,<\/li>\n<li>unterst\u00fctzt den gesunden Ablauf der Stoffwechselprozesse im K\u00f6rper,<\/li>\n<li>hilft auf energetischem Wege verschiedene Erkrankungen des Bewegungsapparates vorzubeugen und lindert Schwellungen und Schmerzen,<\/li>\n<li>hilft auf energetischem Wege bei den sogenannten &#8222;Zivilisationskrankheiten&#8220;, wie chronischem M\u00fcdigkeitssyndrom, Stress, Bewegungsmangel, Instabilit\u00e4ten in der Gesundheit und im emotionalen Zustand, und die Platte hilft auch dabei, sich wieder auf eine ges\u00fcndere Ern\u00e4hrung und Lebensweise umzustellen.<\/li>\n<\/ul>\n<p>Auf der Kolzov- Platte &#8222;Rapa&#8220; sind unter anderem die Informationen des Wassers aus dem Sole-Heilbad &#8222;Choprowskije Sori&#8220; im Gebiet Pensa gespeichert.<\/p>\n<p>TIPP 1: Die Platte &#8222;Befreier&#8220; kann sehr gut kombiniert werden mit den Kolzov-Platten: &#8222;Nr.9 Gesundes Herz&#8220; (Serie VIOLETT), &#8222;Langes Leben&#8220; (Serie GR\u00dcN), &#8222;Jiva&#8220; (Serie KOLLEKTION) und mit dem Armband &#8222;Fitness&#8220;.<\/p>\n<p>TIPP 2: B\u00e4der mit durch die Platte &#8222;Rapa&#8220; energetisiertem Wasser haben eine starke heilende Wirkung.<\/p>\n<p>ZUR BEACHTUNG: Bei dieser Platte sollte das Wasser zum Energetisieren mindestens 2 Stunden lang darauf gestellt werden. Trinken Sie das Wasser und tragen Sie die Platte am K\u00f6rper.<\/p>\n<p><em><u>Ergebnis im LIFE-TEST:<\/u>\u00a0Die Kolzov-Platte &#8222;Rapa&#8220; hat ein neutrales Energiefeld mit mehr als 40 000 Bovis. Damit aktiviert sie alle (!) Chakras auf enorme 40 000 Bovis (40 000 Bovis ist in dieser Testmethode die gesicherte Nachweisgrenze, also das oberste Ende der Skala). Diese starke Energie kann gut integriert werden und vermittelt so starke Impulse f\u00fcr das allgemeine Wohlbefinden.<br \/>\nDie hohe Aufladung aller Chakras bewirkt auch eine gro\u00dfe Ausdehnung des gesamten Energiefeldes: der bioenergetische Reaktionsabstand w\u00e4chst von 75 Zentimetern um den K\u00f6rper auf 2,15 Meter.<\/em><\/p>\n<p><strong>Wichtiger Hinweis:<br \/>\nWir weisen ausdr\u00fccklich darauf hin, dass die Kolzov-Platte (russische Bezeichnung: &#8222;Korrektoren des funktionalen Zustands&#8220;) ein alternatives Energie- und Informationsprodukt ist und kein Heilmittel im Sinne der westlichen Schulmedizin. Vielmehr ist es ein rein energetisches Hilfsmittel zur ganzheitlichen Balancierung von energetischen Disharmonien und Blockaden. Informationen \u00fcber Qualit\u00e4t und Eigenschaften des Energieobjekts beziehen sich auf Aussagen des russischen Herstellers und alternativen Theorien zu Mensch und Umwelt, auf alternative Anschauungen und esoterische \u00dcberlieferungen oder Aussagen. Sie gelten nur im Sinne der esoterischen Lebensphilosophie und daran angelehnte Alternativheilkunde. Wirkungen im Sinne westlicher Wissenschaft oder Medizin werden hier nicht behauptet.<\/strong><\/p>","protected":false},"excerpt":{"rendered":"<p>Der Spezialist f\u00fcr ein starkes Herz und gesunde Gef\u00e4\u00dfe. Die Platte \u201eRapa\u201c bietet energetische Unterst\u00fctzung bei Blutdruckschwankungen, Venenproblemen und Durchblutungsst\u00f6rungen. Sie ist der ideale Begleiter bei langem Sitzen im Studium oder auf Reisen sowie zur Regeneration nach sportlicher Anstrengung. F\u00f6rdern Sie Ihren Stoffwechsel, reduzieren Sie Schwellungen und finden Sie leichter zu einem gesunden Lebensstil zur\u00fcck.<\/p>","protected":false},"featured_media":2737,"comment_status":"open","ping_status":"closed","template":"","meta":[],"product_brand":[],"product_cat":[33],"product_tag":[273],"class_list":{"0":"post-2736","1":"product","2":"type-product","3":"status-publish","4":"has-post-thumbnail","6":"product_cat-elite-series","7":"product_tag-273","9":"first","10":"instock","11":"taxable","12":"shipping-taxable","13":"purchasable","14":"product-type-simple"},"_links":{"self":[{"href":"https:\/\/vigo-rio.com\/en\/wp-json\/wp\/v2\/product\/2736","targetHints":{"allow":["GET"]}}],"collection":[{"href":"https:\/\/vigo-rio.com\/en\/wp-json\/wp\/v2\/product"}],"about":[{"href":"https:\/\/vigo-rio.com\/en\/wp-json\/wp\/v2\/types\/product"}],"replies":[{"embeddable":true,"href":"https:\/\/vigo-rio.com\/en\/wp-json\/wp\/v2\/comments?post=2736"}],"wp:featuredmedia":[{"embeddable":true,"href":"https:\/\/vigo-rio.com\/en\/wp-json\/wp\/v2\/media\/2737"}],"wp:attachment":[{"href":"https:\/\/vigo-rio.com\/en\/wp-json\/wp\/v2\/media?parent=2736"}],"wp:term":[{"taxonomy":"product_brand","embeddable":true,"href":"https:\/\/vigo-rio.com\/en\/wp-json\/wp\/v2\/product_brand?post=2736"},{"taxonomy":"product_cat","embeddable":true,"href":"https:\/\/vigo-rio.com\/en\/wp-json\/wp\/v2\/product_cat?post=2736"},{"taxonomy":"product_tag","embeddable":true,"href":"https:\/\/vigo-rio.com\/en\/wp-json\/wp\/v2\/product_tag?post=2736"}],"curies":[{"name":"wp","href":"https:\/\/api.w.org\/{rel}","templated":true}]}}