{"id":2734,"date":"2026-02-01T21:18:51","date_gmt":"2026-02-01T21:18:51","guid":{"rendered":"https:\/\/vigo-rio.com\/?post_type=product&#038;p=2734"},"modified":"2026-03-03T11:51:33","modified_gmt":"2026-03-03T11:51:33","slug":"fc-41-paraskeva","status":"publish","type":"product","link":"https:\/\/vigo-rio.com\/en\/product\/fc-41-paraskeva\/","title":{"rendered":"FC Paraskeva"},"content":{"rendered":"<p><strong>Kolzov-Platte: &#8222;Paraskeva&#8220;\u00a0&#8211; (bei Augenproblemen, Kopfschmerzen, unerf\u00fclltem Kinderwunsch und zum Schutz auf Reisen, des Heimes und in Verhandlungen)<\/strong><\/p>\n<p>Die Platte &#8222;Paraskeva&#8220; hilft im Energetischen bei vielen Augen- und Sehproblemen und bei Kopfschmerzen. Frauen bietet sie eine wertvolle Unterst\u00fctzung bei Erkrankungen des weiblichen Fortpflanzungssystems verschiedener Art und bei Unfruchtbarkeit. Die Platte hilft zudem die richtigen Entscheidungen zu treffen, etwa in der Wahl des Reiseziels, bei Vertr\u00e4gen und Transaktionen und sogar in der Wahl des richtigen Lebenspartners. Diese Platte kann auch sehr gut zur Unterst\u00fctzung f\u00fcr Tiere und Pflanzen verwendet werden.<\/p>\n<p><em>Die Aussagen beziehen sich auf alternative Testmethoden wie Meridianenergie-Messungen der Organfunktionskreisl\u00e4ufe nach TCM, Kirlian-Fotografie (EPG\/GDV-Kamera), Oberon, Amsat o.\u00e4. durch den Hersteller &#8222;Planet der Regionen&#8220; und stellen keine medizinische oder auf den physischen K\u00f6rper und dessen Organe bezogenen Aussage im Sinne der westlichen Schulmedizin dar.<\/em><\/p>\n<p><strong>Die Platte ist in diesem Sinne vor allem geeignet f\u00fcr:<\/strong><\/p>\n<ul>\n<li>hilft bei vielen Augenproblemen wie entz\u00fcndlichen und infekti\u00f6sen Erkrankungen (u.a. Blepharitis, Bindehautenz\u00fcndung, Keratitis, eitrige Verletzungen, Entz\u00fcndung des Sehnervs, etc.), bei Erkrankungen der Netzhaut (auch bei verschiedenen Formen von Diabetes), bei altersbedingten Ver\u00e4nderungen der Sehorgane (einschlie\u00dflich Gr\u00fcnem und Grauem Star\/Glaukom und Katarakt) und Hornhautverkr\u00fcmmungen\/Sehens bei Astigmatismus),<\/li>\n<li>wirkt positiv bei Kopfschmerzen (einschlie\u00dflich Migr\u00e4ne oder bei posttraumatischen Zust\u00e4nden) und lindert dabei auch Verkrampfungen in den Hirngef\u00e4\u00dfen, hilft in der Rehabilitation nach einem Schlaganfall und bei der Vorbeugung von Arteriosklerose und Schlaganf\u00e4llen,<\/li>\n<li>f\u00f6rdert die Entgiftung des K\u00f6rpers, st\u00e4rkt die Funktionen der Harnwege (Nieren, Blase, etc.) und des Darm-Traktes,<\/li>\n<li>tr\u00e4gt auf energetischem Wege zur Regeneration des Hormonspiegels und insbesondere zur Pr\u00e4vention und Korrektur von Schilddr\u00fcsenerkrankungen (bei \u00dcber- und Unter-Funktion, Infekten, Autoimmunerkrankungen) bei,<\/li>\n<li>hilft Frauen bei Erkrankungen des weiblichen Fortpflanzungssystems verschiedener Art und bei Unfruchtbarkeit und beugt diesen vor,<\/li>\n<li>tr\u00e4gt auf energetischer Ebene zur Empf\u00e4ngnis eines Wunschkindes bei, f\u00f6rdert die Erhaltung der Schwangerschaft sowie eine komplikationslose Entbindung,<\/li>\n<li>st\u00e4rkt und harmonisiert die famili\u00e4ren Beziehungen zum Lebenspartner und zwischen den Generationen, hilft bei der Wahl des richtigen Lebenspartners und kann als Schutzplatte f\u00fcr das Heim, als &#8222;H\u00fcter des heimischen Herdes&#8220; verwendet werden,<\/li>\n<li>auf Arbeit und in Gesch\u00e4ftsbeziehungen verhilft sie zu einem besseren gegenseitigen Verst\u00e4ndnis (auch in langwierigen Verhandlungen oder Konfliktsituationen), sie hilft, bei Transaktionen und Vertr\u00e4gen die richtige Entscheidung zu treffen und pers\u00f6nliche Informationen zu sch\u00fctzen,<\/li>\n<li>hilft vor und w\u00e4hrend einer Reise die richtige Entscheidung zu treffen, beeinflusst auf energetischem Wege die richtige Wahl von Zeit und Ort der Erholung und sch\u00fctzt in allen Phasen der Reise,<\/li>\n<li>die Platte kann auch f\u00fcr Tiere und Pflanzen verwendet werden: hilft Haus- und Nutztieren, V\u00f6geln bei Erkrankungen und beugt diesen vor, st\u00e4rkt Pflanzen gegen\u00fcber Krankheiten, verbessert deren Keimkraft und Ertrag.<\/li>\n<\/ul>\n<p>Auf der Kolzov- Platte &#8222;Paraskeva&#8220; sind unter anderem die Informationen des Wassers der Heiligen Quelle der Paraskeva im Frauenkloster in Topolewka auf der Krim in Russland gespeichert.<\/p>\n<p>TIPP 1: Die Platte &#8222;Paraskeva&#8220; kann sehr gut mit allen zuvor erschienenen Kolzov-Platten und -Armb\u00e4ndern kombiniert werden, die sich bestimmte Gesundheitsthemen beziehen oder das harmonische soziale Miteinander f\u00f6rdern.<br \/>\nF\u00fcr Frauen eignet sich zudem besonders die Kombination mit den Kolzov-Platten: &#8222;Bereginja&#8220;, &#8222;Mamma&#8220; (beide Serie KOLLEKTION&#8220;), &#8222;Ordnungsplatte Frau&#8220; (Serie GR\u00dcN), &#8222;Nr.13 Gesunder Intellekt&#8220; (Serie VIOLETT), Kolzov-Armband &#8222;Charme\/Frau&#8220;.<br \/>\nBei der Anwendung nach erlittenen Schlaganf\u00e4llen eigenen sich besonders die Kombination mit den Platten: &#8222;Langes Leben&#8220; (Serie GR\u00dcN), &#8222;Indi&#8220;, &#8222;Sdrawa&#8220; (beide Serie KOLLEKTION&#8220;, &#8222;Quelle der drei Heiligen Hierarchen&#8220; (Serie ELITE).<\/p>\n<p>TIPP 2: Die Platte kann sehr gut zur Energetisierung von Augenmitteln (Tropfen, Salben) verwendet werden und die Wirkung von Augengymnastik und Augenentspannung intensivieren.<\/p>\n<p>ZUR BEACHTUNG: Bei dieser Platte sollte das Wasser zum Energetisieren mindestens 4 Stunden lang darauf gestellt werden. Trinken Sie das Wasser und tragen Sie die Platte am K\u00f6rper, sobald sie au\u00dferhalb der Wohnung unterwegs sind.<\/p>\n<p><em><u>Ergebnis im LIFE-TEST:\u00a0<\/u>Die Kolzov-Platte &#8222;Paraskeva&#8220; hat ein neutrales Energiefeld mit mehr als 40 000 Bovis. Beim Tragen am K\u00f6rper steigern sich dadurch die Energien von Wurzel- und Solarplexus-Chakra auf enorme 40 000 Bovis. Auch das Herz-Chakra wird mit 35 000 Bovis stark aktiviert.<br \/>\nInteressant ist ein bisher einmaliges Ph\u00e4nomen: die Anregung der Chakra-Energien w\u00e4chst von oben nach unten: also am st\u00e4rksten werden die unteren Chakras Wurzel- und Solarplexus-Chakra mit 40 000 Bovis aufgeladen, dann Herz-Chakra 35 000, Hals-Chakra 28 000, Stirn-Chakra 21 000 und Kronen-Chakra 14 000 Bovis. Eine Ausnahme bildet nur das Blasen-\/Sexual-Chakra das auf eine normal gute Energie von 7000 Bovis eingestimmt wird. Die Aufladung der Chakras bewirkt eine Ausdehnung des gesamten Energiefeldes: der bioenergetische Reaktionsabstand w\u00e4chst von 75 Zentimetern um den K\u00f6rper auf 1,10 Meter.<\/em><\/p>\n<p><em><strong>Wichtiger Hinweis:<br \/>\nWir weisen ausdr\u00fccklich darauf hin, dass die Kolzov-Platte (russische Bezeichnung: &#8222;Korrektoren des funktionalen Zustands&#8220;) ein alternatives Energie- und Informationsprodukt ist und kein Heilmittel im Sinne der westlichen Schulmedizin. Vielmehr ist es ein rein energetisches Hilfsmittel zur ganzheitlichen Balancierung von energetischen Disharmonien und Blockaden. Informationen \u00fcber Qualit\u00e4t und Eigenschaften des Energieobjekts beziehen sich auf Aussagen des russischen Herstellers und alternativen Theorien zu Mensch und Umwelt, auf alternative Anschauungen und esoterische \u00dcberlieferungen oder Aussagen. Sie gelten nur im Sinne der esoterischen Lebensphilosophie und daran angelehnte Alternativheilkunde. Wirkungen im Sinne westlicher Wissenschaft oder Medizin werden hier nicht behauptet.<\/strong><\/em><\/p>","protected":false},"excerpt":{"rendered":"<p>Eine vielseitige Schutzplatte f\u00fcr Gesundheit und Lebensentscheidungen. \u201eParaskeva\u201c unterst\u00fctzt energetisch bei Augenproblemen und Kopfschmerzen und ist eine wertvolle Begleiterin f\u00fcr Frauen bei Kinderwunsch und hormoneller Balance. Sie dient als \u201eH\u00fcterin des Herdes\u201c f\u00fcr harmonische Familienbeziehungen und hilft Ihnen, auf Reisen sowie in gesch\u00e4ftlichen Verhandlungen stets die richtigen Entscheidungen zu treffen. Ein kraftvoller Schutzschild f\u00fcr Ihr Heim und Ihre pers\u00f6nlichen Vorhaben.<\/p>","protected":false},"featured_media":2735,"comment_status":"open","ping_status":"closed","template":"","meta":[],"product_brand":[],"product_cat":[33],"product_tag":[274],"class_list":{"0":"post-2734","1":"product","2":"type-product","3":"status-publish","4":"has-post-thumbnail","6":"product_cat-elite-series","7":"product_tag-274","9":"first","10":"instock","11":"taxable","12":"shipping-taxable","13":"purchasable","14":"product-type-simple"},"_links":{"self":[{"href":"https:\/\/vigo-rio.com\/en\/wp-json\/wp\/v2\/product\/2734","targetHints":{"allow":["GET"]}}],"collection":[{"href":"https:\/\/vigo-rio.com\/en\/wp-json\/wp\/v2\/product"}],"about":[{"href":"https:\/\/vigo-rio.com\/en\/wp-json\/wp\/v2\/types\/product"}],"replies":[{"embeddable":true,"href":"https:\/\/vigo-rio.com\/en\/wp-json\/wp\/v2\/comments?post=2734"}],"wp:featuredmedia":[{"embeddable":true,"href":"https:\/\/vigo-rio.com\/en\/wp-json\/wp\/v2\/media\/2735"}],"wp:attachment":[{"href":"https:\/\/vigo-rio.com\/en\/wp-json\/wp\/v2\/media?parent=2734"}],"wp:term":[{"taxonomy":"product_brand","embeddable":true,"href":"https:\/\/vigo-rio.com\/en\/wp-json\/wp\/v2\/product_brand?post=2734"},{"taxonomy":"product_cat","embeddable":true,"href":"https:\/\/vigo-rio.com\/en\/wp-json\/wp\/v2\/product_cat?post=2734"},{"taxonomy":"product_tag","embeddable":true,"href":"https:\/\/vigo-rio.com\/en\/wp-json\/wp\/v2\/product_tag?post=2734"}],"curies":[{"name":"wp","href":"https:\/\/api.w.org\/{rel}","templated":true}]}}