{"id":2730,"date":"2026-02-01T21:13:53","date_gmt":"2026-02-01T21:13:53","guid":{"rendered":"https:\/\/vigo-rio.com\/?post_type=product&#038;p=2730"},"modified":"2026-03-03T08:22:13","modified_gmt":"2026-03-03T08:22:13","slug":"fc-38-bewegungsfreiheit","status":"publish","type":"product","link":"https:\/\/vigo-rio.com\/en\/product\/fc-38-bewegungsfreiheit\/","title":{"rendered":"FC Freedom of Movement"},"content":{"rendered":"<p><strong>Kolzov-Platte: &#8222;Bewegungsfreiheit&#8220;\u00a0&#8211; (zur Vorbeugung und bei Erkrankungen des Bewegungsapparats, vor allem entz\u00fcndlicher und degenerativer Art)<\/strong><\/p>\n<p>Die Platte &#8222;Bewegungsfreiheit&#8220; kann vorbeugend zur Unterst\u00fctzung des Bewegungsapparates angewendet werden, etwa beim Sport, Bergwandern, Krafttraining, Pilates und Yoga. Sie ist aber auch eine wertvolle energetische Hilfe bei chronischen Erkrankungen des Bewegungsapparates, zur Unterst\u00fctzung bei der Genesung nach Verletzungen, Operationen und bei L\u00e4hmungen.<\/p>\n<p><em>Die Aussagen beziehen sich auf alternative Testmethoden wie Meridianenergie-Messungen der Organfunktionskreisl\u00e4ufe nach TCM, Kirlian-Fotografie (EPG\/GDV-Kamera), Oberon, Amsat o.\u00e4. durch den Hersteller &#8222;Planet der Regionen&#8220; und stellen keine medizinische oder auf den physischen K\u00f6rper und dessen Organe bezogenen Aussage im Sinne der westlichen Schulmedizin dar.<\/em><\/p>\n<p><strong>Die Platte ist in diesem Sinne vor allem geeignet f\u00fcr:<\/strong><\/p>\n<ul>\n<li>tr\u00e4gt auf energetischem Wege zur Linderung von Schmerzen bei verschiedenen Erkrankungen des Bewegungsapparates bei.<\/li>\n<li>hilft dabei, verschiedene Erkrankungen des Bewegungsapparates (Arthritis, Gicht und vieles mehr) zu lindern, zu beheben und vorzubeugen,<\/li>\n<li>hilfreich auch bei Rheuma, rheumatoide Arthritis, chronischen entz\u00fcndlichen Autoimmunerkrankung (wie Lupus erythematodes u.a.),<\/li>\n<li>lindert entz\u00fcndliche Prozesse in Geweben, Gelenken wie bei Rheuma und rheumatoide Arthritis, Bandscheiben, Schleimbeuteln, hilfreich auch bei chronischen entz\u00fcndlichen Autoimmunerkrankung (wie Lupus erythematodes u.a.),<\/li>\n<li>verhindert die Zerst\u00f6rung von Verbindungsknochen bei degenerativen Erkrankungen wie Gicht, Osteoarthritis, Osteochondrose,<\/li>\n<li>unterst\u00fctzt die Vorbeugung und Korrektur von Osteoporose, einschlie\u00dflich bei Frauen in den Wechseljahren, und tr\u00e4gt zur St\u00e4rkung des Knochengewebes bei, indem die Aufnahme und der Erhalt insbesondere von Calcium und Magnesium reguliert werden,<\/li>\n<li>wirkt als energetische Zusatztherapie bei bakteriellen Infektionen und davon ausgel\u00f6sten Erkrankungen (unter Beteiligung von Staphylokokken, Pneumokokken usw.<\/li>\n<\/ul>\n<p>Auf der Kolzov- Platte &#8222;Bewegungsfreiheit&#8220; sind unter anderem die Informationen des Wassers der Ak-Suu-Quelle (entspringt im Erholungsgebiet Issyk-Kul in Kirgisistan) gespeichert.<\/p>\n<p>TIPP 1: Die Platte &#8222;Bewegungsfreiheit&#8220; kann sehr gut kombiniert werden mit den Kolzov-Platten: &#8222;Nr.10 Gesunde Gelenke&#8220; (Serie VIOLETT), &#8222;Goldener Schnitt&#8220;, Danilowo See&#8220;, Geheimer Heiliger See&#8220; (alle Serie EFFIZIENT), &#8222;Kamerton&#8220; und &#8222;Neurovita&#8220; (Serie KOLEKTION).<\/p>\n<p>ZUR BEACHTUNG: Bei dieser Platte sollte das Wasser zum Energetisieren mindestens 2 Stunden lang darauf gestellt werden. Trinken Sie das Wasser und tragen Sie die Platte am K\u00f6rper, insbesondere bei k\u00f6rperlicher Anstrengung und Belastung. Sie k\u00f6nnen das energetisierte Wasser und die Platte auch f\u00fcr Reinigungsrituale verwenden, und Sie k\u00f6nnen Cremes, Salben und andere Mittel zur \u00e4u\u00dferlichen Anwendung auf der Platte energetisieren.<\/p>\n<p><em><u>Ergebnis im LIFE-TEST:\u00a0<\/u>Die Kolzov-Platte &#8222;Bewegungsfreiheit&#8220; hat ein neutrales Energiefeld mit mehr als 40 000 Bovis, wie alle neuen Platten. Diese Energie wird aber auf enorme Weise an die Charkas \u00fcbertragen: die Anwendung der Paltte werden alle (!) Chakras auf 40 000 Bovis aktiviert. (40 000 Bovis ist in dieser Testmethode die gesicherte Nachweisgrenze). Viele chronische Erkrankungen sind mit Energieschw\u00e4che verbunden und hier stellt die Platte wirklich sehr viel Energie zur Verf\u00fcgung. Diese starke Aufladung aller Chakras bewirkt auch eine enorme Ausdehnung des gesamten Energiefeldes: der bioenergetische Reaktionsabstand w\u00e4chst von 75 Zentimetern um den K\u00f6rper auf 2,75 Meter.<\/em><\/p>\n<p><em><strong>Wichtiger Hinweis:<br \/>\nWir weisen ausdr\u00fccklich darauf hin, dass die Kolzov-Platte (russische Bezeichnung: &#8222;Korrektoren des funktionalen Zustands&#8220;) ein alternatives Energie- und Informationsprodukt ist und kein Heilmittel im Sinne der westlichen Schulmedizin. Vielmehr ist es ein rein energetisches Hilfsmittel zur ganzheitlichen Balancierung von energetischen Disharmonien und Blockaden. Informationen \u00fcber Qualit\u00e4t und Eigenschaften des Energieobjekts beziehen sich auf Aussagen des russischen Herstellers und alternativen Theorien zu Mensch und Umwelt, auf alternative Anschauungen und esoterische \u00dcberlieferungen oder Aussagen. Sie gelten nur im Sinne der esoterischen Lebensphilosophie und daran angelehnte Alternativheilkunde. Wirkungen im Sinne westlicher Wissenschaft oder Medizin werden hier nicht behauptet.<\/strong><\/em><\/p>","protected":false},"excerpt":{"rendered":"<p>Die ideale energetische Unterst\u00fctzung f\u00fcr Sport, Yoga und den Alltag. Diese Platte f\u00f6rdert die Regeneration des Bewegungsapparates, lindert energetisch Gelenkschmerzen und wirkt entz\u00fcndungshemmend bei Beschwerden wie Arthritis oder Osteoporose. Sie st\u00e4rkt das Knochengewebe und hilft dem K\u00f6rper, nach Verletzungen oder Operationen schneller wieder in Schwung zu kommen. Ein Muss f\u00fcr alle, die aktiv bleiben und ihre Beweglichkeit bis ins hohe Alter bewahren wollen.<\/p>","protected":false},"featured_media":2731,"comment_status":"open","ping_status":"closed","template":"","meta":[],"product_brand":[],"product_cat":[33],"product_tag":[275],"class_list":{"0":"post-2730","1":"product","2":"type-product","3":"status-publish","4":"has-post-thumbnail","6":"product_cat-elite-series","7":"product_tag-275","9":"first","10":"instock","11":"taxable","12":"shipping-taxable","13":"purchasable","14":"product-type-simple"},"_links":{"self":[{"href":"https:\/\/vigo-rio.com\/en\/wp-json\/wp\/v2\/product\/2730","targetHints":{"allow":["GET"]}}],"collection":[{"href":"https:\/\/vigo-rio.com\/en\/wp-json\/wp\/v2\/product"}],"about":[{"href":"https:\/\/vigo-rio.com\/en\/wp-json\/wp\/v2\/types\/product"}],"replies":[{"embeddable":true,"href":"https:\/\/vigo-rio.com\/en\/wp-json\/wp\/v2\/comments?post=2730"}],"wp:featuredmedia":[{"embeddable":true,"href":"https:\/\/vigo-rio.com\/en\/wp-json\/wp\/v2\/media\/2731"}],"wp:attachment":[{"href":"https:\/\/vigo-rio.com\/en\/wp-json\/wp\/v2\/media?parent=2730"}],"wp:term":[{"taxonomy":"product_brand","embeddable":true,"href":"https:\/\/vigo-rio.com\/en\/wp-json\/wp\/v2\/product_brand?post=2730"},{"taxonomy":"product_cat","embeddable":true,"href":"https:\/\/vigo-rio.com\/en\/wp-json\/wp\/v2\/product_cat?post=2730"},{"taxonomy":"product_tag","embeddable":true,"href":"https:\/\/vigo-rio.com\/en\/wp-json\/wp\/v2\/product_tag?post=2730"}],"curies":[{"name":"wp","href":"https:\/\/api.w.org\/{rel}","templated":true}]}}