{"id":2728,"date":"2026-02-01T21:11:31","date_gmt":"2026-02-01T21:11:31","guid":{"rendered":"https:\/\/vigo-rio.com\/?post_type=product&#038;p=2728"},"modified":"2026-02-04T19:36:56","modified_gmt":"2026-02-04T19:36:56","slug":"fc-04-lebenswandel","status":"publish","type":"product","link":"https:\/\/vigo-rio.com\/en\/product\/fc-04-lebenswandel\/","title":{"rendered":"FC Lifestyle"},"content":{"rendered":"<p><strong>Kolzov-Platte: &#8222;Lebenswandel&#8220; &#8211; (l\u00f6scht Negatives, reinigt Emotionen, f\u00fcr Neuausrichtung)<\/strong><br \/>\n<em>Die Platte tr\u00e4gt die russische Aufschrift: \u041f\u0420\u0415\u041e\u0411\u0420\u0410\u0416\u0415\u041d\u0418\u0415<\/em><\/p>\n<p>Die Platte hilft all jenen, die verzweifelt sind und die Hoffnung verloren haben. Sie l\u00f6scht Negatives und reinigt auf seelischer Ebene und tr\u00e4gt so auch zur Heilung von langanhaltenden oder schweren Erkrankungen bei. In vielf\u00e4ltiger Weise hilft sie, Mut zu zeigen und eine positive Transformationen unseres Selbst anzugehen. So erleichtert die Anwendung der Platte den Aufstieg in die Energien der Neuen Zeit. Die Platte ist auch empfehlenswert f\u00fcr Eltern, um ihren Kindern t\u00e4glich Segen und Gnade zu spenden und sie hilft Frauen dabei, ihren weiblichen Energien zu vertrauen kommen und sich als &#8222;K\u00f6nigin&#8220; zu f\u00fchlen und zu bezaubern.<\/p>\n<p><em>Die Aussagen beziehen sich auf alternative Testmethoden wie Meridianenergie-Messungen der Organfunktionskreisl\u00e4ufe nach TCM, Kirlian-Fotografie (EPG\/GDV-Kamera), Oberon, Amsat o.\u00e4. durch den Hersteller &#8222;Planet der Regionen&#8220; und stellen keine medizinische oder auf den physischen K\u00f6rper und dessen Organe bezogenen Aussage im Sinne der westlichen Schulmedizin dar.<\/em><\/p>\n<p><strong>Die Platte ist in diesem Sinne vor allem geeignet f\u00fcr:<\/strong><\/p>\n<ul>\n<li>reinigt den gesamten Energiek\u00f6rper des Anwenders von Negativit\u00e4t, von negativen induzierten Programmen unterschiedlicher Herkunft und verschiedener Wirkkraft,<\/li>\n<li>reinigt die emotionale Ebene, also Herz und Seele, und tr\u00e4gt zur Heilung seelischer Verletzungen auf der feinstofflichen Ebene bei, wodurch auch Heilungsprozesse des physischen K\u00f6rpers in Gang gesetzt werden k\u00f6nnen,<\/li>\n<li>aktiviert das gesamte Energiesystem und st\u00e4rkt die Energiezentren (Chakren), harmonisiert und heilt die Auraschichten und transformiert negative Emotionen wie beispielsweise Wut in G\u00fcte, Neid in Wohlwollen und Bosheit in Barmherzigkeit,<\/li>\n<li>unterst\u00fctzt die Anbindung an das H\u00f6here Selbst mit den Schwingungen von Licht, Wissen und Wahrheit,<\/li>\n<li>unterst\u00fctzt die spirituelle Neuausrichtung des Menschen entsprechend den Energien der Neuen Zeit und f\u00f6rdert das gesunde Bestreben, den K\u00f6rper mit positiver, reiner Lichtenergie zu fluten.<\/li>\n<li>hilft dabei, h\u00f6here Bewusstseinsebenen zu aktivieren und uns an diese anzubinden, damit uns das f\u00fcr den aktuellen Moment erforderliche Wissen zug\u00e4nglich wird,<\/li>\n<li>Die Platte unterst\u00fctzt den Anwender, sich auf sanfte Weise und ohne Druck, selbst aus einem emotionalen Tief herauszuholen &#8211; etwa bei Gef\u00fchlen tiefer Verzweiflung und Einsamkeit, bei Depressionen, Apathie und Passivit\u00e4t,<\/li>\n<li>schenkt Hoffnung, Mut und Aktivit\u00e4t, um positive Transformationen unseres Selbst angehen zu k\u00f6nnen, damit wir erfolgreich, voller neuer Ideen und Gedanken im Zustand der Freude durchs Leben gehen,<\/li>\n<li>erf\u00fcllt das Herz mit Liebe und erweckt in uns Selbstlosigkeit, gibt innere Hinweise auf unseren wahren Lebensweg und \u00f6ffnet die Schatztruhe des verborgenen Wissens unserer Seele,<\/li>\n<li>tr\u00e4gt zur Harmonisierung der Funktion der beiden Gehirnh\u00e4lften bei, f\u00f6rdert die Verwirklichung unseres sch\u00f6pferischen Potenzials und hilft dabei, neue Blickwinkel auf das Leben und das aktuelle Zeitgeschehen einzunehmen.<\/li>\n<li>Die Platte unterst\u00fctzt zudem die Verbindung der Menschen auf Bewusstseins- und Seelenebene.<\/li>\n<li>st\u00e4rkt die Verbindung zwischen Mann und Frau und f\u00f6rdert eine harmonische Partnerschaft, unterst\u00fctzt so eine gesunde Beziehungen aufzubauen und zu pflegen, die Kommunikation zu genie\u00dfen und den Partner oder die Partnerin durch die Annahme einer intimen Beziehung wahrhaftig zu f\u00fchlen,<\/li>\n<li>unterst\u00fctzt die gesunde Funktion des m\u00e4nnlichen und weiblichen Fortpflanzungssystems,<\/li>\n<li>aktiviert energetisch &#8222;das Gen der Jugend&#8220;, was zu einer l\u00e4ngeren Lebenszeit und zu mehr Aktivit\u00e4t im Alter verhelfen kann.<\/li>\n<\/ul>\n<p>Auf der Kolzov-Platte &#8222;Transformation&#8220; sind die Informationen des Wassers aus einer heiligen Quelle im Kloster Makarjewskaja Pustyn, im Gebiet von Tosnensky s\u00fcd\u00f6stlich von Leningrad gespeichert. Die Quelle entspringt auf einer kleinen Insel im Flussbett des Lezna, die dem Heiligen Makarios &#8222;dem R\u00f6mer&#8220; geweiht ist, welcher Mitte des 16. Jahrhunderts das Kloster gr\u00fcndete und zum Metropoliten von Nowgorod ernannt wurde.<\/p>\n<p>TIPP 1: Die Platte &#8222;Transformation&#8220; arbeitet sehr gut mit der Platte &#8222;Leuchtfeuer des Wissens&#8220; zusammen und bildet mit ihr ein einzigartiges Gespann &#8211; vergleichbar den polaren Kr\u00e4fte von Mars und Venus -, wodurch sie einen Raum f\u00fcr Geburt und die Manifestation der wahren Liebe schaffen.<\/p>\n<p>TIPP 2: Eltern k\u00f6nnen mit der Platte ihren Kindern t\u00e4glich Segen und Gnade spenden: Hierzu nimmt man die Platte in die H\u00e4nde und w\u00fcnscht einen erfolgreichen Tag, wobei man die Worte laut oder in Gedanken spricht.<\/p>\n<p>TIPP 3: Die Platte hilft Frauen, ihre wahre Natur anzunehmen, in den inneren Zustand des Vertrauens zu ihren weiblichen Energien zu kommen und sich als K\u00f6nigin zu f\u00fchlen, zu einem &#8222;Magneten der Bezauberung&#8220; zu werden, so dass auch M\u00e4nner, die ihre Partnerin seit langem kennen, diese mit neuen Augen sehen werden.<\/p>\n<p>TIPP 4: Die Platte &#8222;Transformation&#8220; kann mit allen zuvor erschienenen Platten und Armb\u00e4ndern kombiniert werden, besonders aber mit: &#8222;Fr\u00fchling des Lebens&#8220;, &#8222;Smaragd-Tafel&#8220; (Serie Elite), Ordnungsplatte Mann, Ordnungsplatte Frau (Serie Gr\u00fcn), Sieger (Serie Kollektion), &#8222;Liebe Yin&#8220;, &#8222;Liebe Yang&#8220;, &#8222;Lhasa&#8220;, &#8222;Schwarzer Berg&#8220; (Serie Effizient) und den Armb\u00e4ndern &#8222;Magnat&#8220; (&#8222;M\u00e4nner&#8220;-Armband), &#8222;Charme&#8220; (&#8222;Frauen&#8220;-Armband).<\/p>\n<p>ZUR BEACHTUNG: Bei dieser Platte sollte das Wasser zum Energetisieren mindestens 8 Stunden lang darauf gestellt werden.<\/p>\n<p><em><u>Ergebnis im LIFE-TEST:<\/u>\u00a0Die Kolzov-Platte &#8222;Transformation&#8220; hat ein neutrales Energiefeld mit mehr als 40 000 Bovis. Damit aktiviert sie gleich 4 Chakras auf 40 000 Bovis: Kronen- und Scheitel-Chakra, Herz- und Solarplexus-Chakra. Das Blase-\/Sexual-Chakra steigt auf 28 000 Bovis und Hals- und Wurzel-Chakra verdreifachen ihre Energie auf 21 000 Bovis. Durch die Aufladung der Chakras w\u00e4chst der bioenergetische Reaktionsabstand von zirka 75 Zentimetern um den K\u00f6rper auf beachtliche 2,10 Meter. Tr\u00e4gt man die Platten &#8222;Transformation&#8220; und &#8222;Leuchtfeuer des Wissens&#8220; gemeinsam am K\u00f6rper steigen alle Chakras in ihrer Energie auf 40 000 Bovis.<\/em><\/p>\n<p><strong><em>Wichtiger Hinweis:<br \/>\nWir weisen ausdr\u00fccklich darauf hin, dass die Kolzov-Platte (russische Bezeichnung: &#8222;Korrektoren des funktionalen Zustands&#8220;) ein alternatives Energie- und Informationsprodukt ist und kein Heilmittel im Sinne der westlichen Schulmedizin. Vielmehr ist es ein rein energetisches Hilfsmittel zur ganzheitlichen Balancierung von energetischen Disharmonien und Blockaden. Informationen \u00fcber Qualit\u00e4t und Eigenschaften des Energieobjekts beziehen sich auf Aussagen des russischen Herstellers und alternativen Theorien zu Mensch und Umwelt, auf alternative Anschauungen und esoterische \u00dcberlieferungen oder Aussagen. Sie gelten nur im Sinne der esoterischen Lebensphilosophie und daran angelehnte Alternativheilkunde. Wirkungen im Sinne westlicher Wissenschaft oder Medizin werden hier nicht behauptet.<\/em><\/strong><\/p>","protected":false},"excerpt":{"rendered":"<p>Diese kraftvolle Elite-Platte reinigt den Energiek\u00f6rper von tiefsitzender Negativit\u00e4t und hilft dabei, emotionale Verletzungen sowie Hoffnungslosigkeit zu \u00fcberwinden. Sie aktiviert das gesamte Chakra-System, st\u00e4rkt die Verbindung zum H\u00f6heren Selbst und unterst\u00fctzt besonders Frauen dabei, ihre wahre weibliche Natur und innere \u201eK\u00f6nigin\u201c zu entfalten. Ein idealer Begleiter f\u00fcr die spirituelle Neuausrichtung und harmonische Partnerschaften in der \u201eNeuen Zeit\u201c.<\/p>","protected":false},"featured_media":2729,"comment_status":"open","ping_status":"closed","template":"","meta":[],"product_brand":[],"product_cat":[33],"product_tag":[93],"class_list":{"0":"post-2728","1":"product","2":"type-product","3":"status-publish","4":"has-post-thumbnail","6":"product_cat-elite-series","7":"product_tag-93","9":"first","10":"instock","11":"taxable","12":"shipping-taxable","13":"purchasable","14":"product-type-simple"},"_links":{"self":[{"href":"https:\/\/vigo-rio.com\/en\/wp-json\/wp\/v2\/product\/2728","targetHints":{"allow":["GET"]}}],"collection":[{"href":"https:\/\/vigo-rio.com\/en\/wp-json\/wp\/v2\/product"}],"about":[{"href":"https:\/\/vigo-rio.com\/en\/wp-json\/wp\/v2\/types\/product"}],"replies":[{"embeddable":true,"href":"https:\/\/vigo-rio.com\/en\/wp-json\/wp\/v2\/comments?post=2728"}],"wp:featuredmedia":[{"embeddable":true,"href":"https:\/\/vigo-rio.com\/en\/wp-json\/wp\/v2\/media\/2729"}],"wp:attachment":[{"href":"https:\/\/vigo-rio.com\/en\/wp-json\/wp\/v2\/media?parent=2728"}],"wp:term":[{"taxonomy":"product_brand","embeddable":true,"href":"https:\/\/vigo-rio.com\/en\/wp-json\/wp\/v2\/product_brand?post=2728"},{"taxonomy":"product_cat","embeddable":true,"href":"https:\/\/vigo-rio.com\/en\/wp-json\/wp\/v2\/product_cat?post=2728"},{"taxonomy":"product_tag","embeddable":true,"href":"https:\/\/vigo-rio.com\/en\/wp-json\/wp\/v2\/product_tag?post=2728"}],"curies":[{"name":"wp","href":"https:\/\/api.w.org\/{rel}","templated":true}]}}