{"id":2695,"date":"2026-01-28T22:03:11","date_gmt":"2026-01-28T22:03:11","guid":{"rendered":"https:\/\/vigo-rio.com\/?post_type=product&#038;p=2695"},"modified":"2026-04-15T08:51:21","modified_gmt":"2026-04-15T08:51:21","slug":"vita12-v-3-visuelles-system-augen-sehschaerfe","status":"publish","type":"product","link":"https:\/\/vigo-rio.com\/en\/product\/vita12-v-3-visuelles-system-augen-sehschaerfe\/","title":{"rendered":"VITA12 V-3 Visuelles System (Augen &#8211; Sehsch\u00e4rfe)"},"content":{"rendered":"<p data-path-to-node=\"3\"><b data-path-to-node=\"3\" data-index-in-node=\"0\">Die Wirkung des V-3-Ger\u00e4ts zielt ab auf:<\/b><\/p>\n<ul data-path-to-node=\"4\">\n<li>\n<p data-path-to-node=\"4,0,0\">Linderung von Symptomen der Augenerm\u00fcdung sowie Beseitigung von Trockenheitsgef\u00fchl, Brennen und \u201eSandgef\u00fchl\u201c in den Augen.<\/p>\n<\/li>\n<li>\n<p data-path-to-node=\"4,1,0\">L\u00f6sung von Verspannungen und Erm\u00fcdung der Augenmuskulatur.<\/p>\n<\/li>\n<li>\n<p data-path-to-node=\"4,2,0\">Verringerung von R\u00f6tungen und Reizungen der Augen sowie Linderung des Gef\u00fchls schwerer Augenlider.<\/p>\n<\/li>\n<li>\n<p data-path-to-node=\"4,3,0\">Stabilisierung der Klarheit und Sehsch\u00e4rfe.<\/p>\n<\/li>\n<li>\n<p data-path-to-node=\"4,4,0\">Verbesserung der Fokussierung beim Wechsel zwischen nahen und fernen Objekten.<\/p>\n<\/li>\n<li>\n<p data-path-to-node=\"4,5,0\">Reduzierung der Lichtempfindlichkeit gegen\u00fcber hellem Licht.<\/p>\n<\/li>\n<li>\n<p data-path-to-node=\"4,6,0\">Verbesserung des Zustands der Augenstrukturen: Unterst\u00fctzung der Tr\u00e4nenfl\u00fcssigkeitsproduktion zur nat\u00fcrlichen Befeuchtung, Normalisierung der Durchblutung und N\u00e4hrstoffversorgung des Gewebes.<\/p>\n<\/li>\n<li>\n<p data-path-to-node=\"4,7,0\">Ganzheitlicher Ansatz zur Beschleunigung der Regenerationsprozesse der Hornhaut und St\u00e4rkung der Gef\u00e4\u00dfw\u00e4nde der Augen.<\/p>\n<\/li>\n<li>\n<p data-path-to-node=\"4,8,0\">Verringerung der visuellen Belastung bei der Arbeit mit digitalen Ger\u00e4ten.<\/p>\n<\/li>\n<li>\n<p data-path-to-node=\"4,9,0\">Senkung des Risikos f\u00fcr das Computer-Vision-Syndrom (CVS) und Erhalt der Augengesundheit unter ung\u00fcnstigen Bedingungen.<\/p>\n<\/li>\n<li>\n<p data-path-to-node=\"4,10,0\">Verbesserung der Konzentrationsf\u00e4higkeit bei visueller Beanspruchung.<\/p>\n<\/li>\n<li>\n<p data-path-to-node=\"4,11,0\">Wiederherstellung von Klarheit und deutlicher Wahrnehmung.<\/p>\n<\/li>\n<li>\n<p data-path-to-node=\"4,12,0\">Verringerung der H\u00e4ufigkeit von Kopfschmerzen, die durch \u00dcberanstrengung der Augen entstehen.<\/p>\n<\/li>\n<\/ul>\n<p data-path-to-node=\"5\"><b data-path-to-node=\"5\" data-index-in-node=\"0\">WICHTIG! DAS KFS-GER\u00c4T IST KEIN ARZNEIMITTEL UND KEIN MEDIZINPRODUKT!<\/b><\/p>\n<hr data-path-to-node=\"6\" \/>\n<h3 data-path-to-node=\"7\">Hintergrundinformationen zur Technologie<\/h3>\n<p data-path-to-node=\"8\"><b data-path-to-node=\"8\" data-index-in-node=\"0\">KFS (Korrektor des Funktionalen Zustands)<\/b> ist ein einzigartiges Ger\u00e4t, das auf biologischen Prinzipien und physikalischen Gesetzen basiert. Das KFS erzeugt eine Informations-Phasen-Wechselwirkung mit fl\u00fcssigen Medien und steht in resonanter Verbindung mit dem Au\u00dfenfeld.<\/p>\n<p data-path-to-node=\"9\">Die Hauptfunktion des KFS besteht darin, die Koh\u00e4renz und Abstimmung der Rhythmen des lebenden Organismus mit den harmonischen Rhythmen der Umwelt (dem Au\u00dfenfeld) wiederherzustellen. Das KFS arbeitet nicht nur an der Beseitigung negativer Einfl\u00fcsse oder der Symptomkorrektur, sondern an der tiefgreifenden Optimierung grundlegender biologischer Prozesse.<\/p>","protected":false},"excerpt":{"rendered":"<p>V-3 bietet eine umfassende Unterst\u00fctzung f\u00fcr die Gesundheit des visuellen Systems. Es tr\u00e4gt zur Erhaltung der Sehsch\u00e4rfe bei, beugt der Entstehung von Augenerm\u00fcdung vor und schafft die Voraussetzungen f\u00fcr komfortables Arbeiten \u2013 selbst bei intensiver Belastung der Augen.<\/p>","protected":false},"featured_media":2696,"comment_status":"open","ping_status":"closed","template":"","meta":[],"product_brand":[],"product_cat":[227],"product_tag":[228],"class_list":{"0":"post-2695","1":"product","2":"type-product","3":"status-publish","4":"has-post-thumbnail","6":"product_cat-vita-12","7":"product_tag-vita12v-3","9":"first","10":"instock","11":"taxable","12":"shipping-taxable","13":"purchasable","14":"product-type-simple"},"_links":{"self":[{"href":"https:\/\/vigo-rio.com\/en\/wp-json\/wp\/v2\/product\/2695","targetHints":{"allow":["GET"]}}],"collection":[{"href":"https:\/\/vigo-rio.com\/en\/wp-json\/wp\/v2\/product"}],"about":[{"href":"https:\/\/vigo-rio.com\/en\/wp-json\/wp\/v2\/types\/product"}],"replies":[{"embeddable":true,"href":"https:\/\/vigo-rio.com\/en\/wp-json\/wp\/v2\/comments?post=2695"}],"wp:featuredmedia":[{"embeddable":true,"href":"https:\/\/vigo-rio.com\/en\/wp-json\/wp\/v2\/media\/2696"}],"wp:attachment":[{"href":"https:\/\/vigo-rio.com\/en\/wp-json\/wp\/v2\/media?parent=2695"}],"wp:term":[{"taxonomy":"product_brand","embeddable":true,"href":"https:\/\/vigo-rio.com\/en\/wp-json\/wp\/v2\/product_brand?post=2695"},{"taxonomy":"product_cat","embeddable":true,"href":"https:\/\/vigo-rio.com\/en\/wp-json\/wp\/v2\/product_cat?post=2695"},{"taxonomy":"product_tag","embeddable":true,"href":"https:\/\/vigo-rio.com\/en\/wp-json\/wp\/v2\/product_tag?post=2695"}],"curies":[{"name":"wp","href":"https:\/\/api.w.org\/{rel}","templated":true}]}}