{"id":2693,"date":"2026-01-28T22:02:31","date_gmt":"2026-01-28T22:02:31","guid":{"rendered":"https:\/\/vigo-rio.com\/?post_type=product&#038;p=2693"},"modified":"2026-04-15T08:51:21","modified_gmt":"2026-04-15T08:51:21","slug":"vita12-v-2-visuelles-system-augen-und-seh-funktionen","status":"publish","type":"product","link":"https:\/\/vigo-rio.com\/en\/product\/vita12-v-2-visuelles-system-augen-und-seh-funktionen\/","title":{"rendered":"VITA12 V-2 Visuelles System (Augen- und Seh-Funktionen)"},"content":{"rendered":"<p><strong>Kolzov-Platte:\u00a0 V-2 Visuelles System (Augen- und Seh-Funktionen)<\/strong><\/p>\n<p><strong data-start=\"81\" data-end=\"132\">Regeneration &amp; Schutz der Augen<\/strong><br data-start=\"132\" data-end=\"135\" \/><em>F\u00f6rdert die zellul\u00e4re Regeneration, sch\u00fctzt vor altersbedingten Ver\u00e4nderungen und Makula-Erkrankungen. Unterst\u00fctzt die Erholung nach erh\u00f6hter Sehbelastung durch UV-Licht, Computer, Handy oder LED und verbessert Sehkomfort, Klarheit und Sehverm\u00f6gen in jedem Alter.<\/em><\/p>\n<p data-start=\"82\" data-end=\"111\"><strong data-start=\"82\" data-end=\"109\">Wirkung des FC VITA12: V-2:<\/strong><\/p>\n<p data-start=\"113\" data-end=\"387\"><strong data-start=\"113\" data-end=\"183\">Schutz vor sch\u00e4dlichen Einfl\u00fcssen und Reduktion der Augenbelastung<\/strong><br data-start=\"183\" data-end=\"186\" \/><em>Reduziert die Auswirkungen von UV-Strahlung und blauem Licht von Computern, Smartphones und LED-Beleuchtung, verringert Erm\u00fcdung der Augen und beugt digitalem Sehstress sowie Netzhaut-Fotostress vor.<\/em><\/p>\n<p data-start=\"389\" data-end=\"662\"><strong data-start=\"389\" data-end=\"459\">Aktivierung der Regeneration und Verbesserung der Mikrozirkulation<\/strong><br data-start=\"459\" data-end=\"462\" \/><em>Stimuliert den lokalen Stoffwechsel in den Augenblutgef\u00e4\u00dfen, lindert das Gef\u00fchl von \u201eSand in den Augen\u201c und Schwere, beugt dem Trockenen-Auge-Syndrom vor und unterst\u00fctzt die Gesundheit der Hornhaut.<\/em><\/p>\n<p data-start=\"664\" data-end=\"923\"><strong data-start=\"664\" data-end=\"709\">Erhalt und Stabilisierung der Sehfunktion<\/strong><br data-start=\"709\" data-end=\"712\" \/><em>Verlangsamt altersbedingte Ver\u00e4nderungen (Katarakt, Glaukom, Makuladegeneration), verbessert die Sehsch\u00e4rfe und stabilisiert das Nervensystem, synchronisiert die Biorythmen mit nat\u00fcrlichen Licht-Dunkel-Zyklen.<\/em><\/p>\n<p data-start=\"925\" data-end=\"1132\"><strong data-start=\"925\" data-end=\"975\">Steigerung der Sehleistung und des Sehkomforts<\/strong><br data-start=\"975\" data-end=\"978\" \/><em>Verbessert die Konzentration beim Sehen, reduziert Kopfschmerzen durch \u00dcberanstrengung der Augen, unterst\u00fctzt klare und leuchtende Sicht in jedem Alter.<\/em><\/p>\n<p data-start=\"925\" data-end=\"1132\"><em><strong data-start=\"943\" data-end=\"955\">Hinweis:<\/strong>\u00a0FC VITA12: V\u20112 ist kein Arzneimittel oder medizinisches Ger\u00e4t.\u00a0Lebenswichtige Technologien zur Unterst\u00fctzung, Wiederherstellung der K\u00f6rperressourcen und bewusstes Gesundheitsmanagement.<\/em><\/p>","protected":false},"excerpt":{"rendered":"<p><strong>V-2 Visuelles System (Augen- und Seh-Funktionen)<\/strong><br \/>\n(Erholung nach erh\u00f6hter Sehbelastung wie UV-Licht, Handy, Computer, LED, verbessert das Sehverm\u00f6gen in jedem Alter, Makula-Erkrankungen)<\/p>","protected":false},"featured_media":2694,"comment_status":"open","ping_status":"closed","template":"","meta":[],"product_brand":[],"product_cat":[227],"product_tag":[229],"class_list":{"0":"post-2693","1":"product","2":"type-product","3":"status-publish","4":"has-post-thumbnail","6":"product_cat-vita-12","7":"product_tag-vita12v-2","9":"first","10":"instock","11":"taxable","12":"shipping-taxable","13":"purchasable","14":"product-type-simple"},"_links":{"self":[{"href":"https:\/\/vigo-rio.com\/en\/wp-json\/wp\/v2\/product\/2693","targetHints":{"allow":["GET"]}}],"collection":[{"href":"https:\/\/vigo-rio.com\/en\/wp-json\/wp\/v2\/product"}],"about":[{"href":"https:\/\/vigo-rio.com\/en\/wp-json\/wp\/v2\/types\/product"}],"replies":[{"embeddable":true,"href":"https:\/\/vigo-rio.com\/en\/wp-json\/wp\/v2\/comments?post=2693"}],"wp:featuredmedia":[{"embeddable":true,"href":"https:\/\/vigo-rio.com\/en\/wp-json\/wp\/v2\/media\/2694"}],"wp:attachment":[{"href":"https:\/\/vigo-rio.com\/en\/wp-json\/wp\/v2\/media?parent=2693"}],"wp:term":[{"taxonomy":"product_brand","embeddable":true,"href":"https:\/\/vigo-rio.com\/en\/wp-json\/wp\/v2\/product_brand?post=2693"},{"taxonomy":"product_cat","embeddable":true,"href":"https:\/\/vigo-rio.com\/en\/wp-json\/wp\/v2\/product_cat?post=2693"},{"taxonomy":"product_tag","embeddable":true,"href":"https:\/\/vigo-rio.com\/en\/wp-json\/wp\/v2\/product_tag?post=2693"}],"curies":[{"name":"wp","href":"https:\/\/api.w.org\/{rel}","templated":true}]}}