{"id":2691,"date":"2026-01-28T22:01:49","date_gmt":"2026-01-28T22:01:49","guid":{"rendered":"https:\/\/vigo-rio.com\/?post_type=product&#038;p=2691"},"modified":"2026-03-23T08:37:21","modified_gmt":"2026-03-23T08:37:21","slug":"vita12-v-1-visuelles-system-augen-bei-erkrankungen-und-aeusseren-belastungen","status":"publish","type":"product","link":"https:\/\/vigo-rio.com\/en\/product\/vita12-v-1-visuelles-system-augen-bei-erkrankungen-und-aeusseren-belastungen\/","title":{"rendered":"VITA12 V-1 Visuelles System (Augen &#8211; bei Erkrankungen und \u00e4u\u00dferen Belastungen)"},"content":{"rendered":"<div class=\"product-page__description\">\n<p><strong>Kolzov-Platte:\u00a0 V-1 Visuelles System (Augen &#8211; bei Erkrankungen und \u00e4u\u00dferen Belastungen)<\/strong><\/p>\n<p><strong data-start=\"67\" data-end=\"122\">Schutz &amp; Regeneration f\u00fcr die Augen<\/strong><br data-start=\"122\" data-end=\"125\" \/><em>Unterst\u00fctzt die zellul\u00e4re Regeneration, sch\u00fctzt Netzhaut, Linse und Sehnerv, reduziert Augenbelastung durch Bildschirm und UV-Licht und verlangsamt altersbedingte Ver\u00e4nderungen.<\/em><\/p>\n<p data-start=\"121\" data-end=\"152\"><strong data-start=\"121\" data-end=\"150\">Wirkung von FC VITA12: V\u20111<\/strong><\/p>\n<p data-start=\"154\" data-end=\"390\"><strong data-start=\"154\" data-end=\"205\">Umfassende Unterst\u00fctzung des visuellen Systems:<\/strong><br data-start=\"205\" data-end=\"208\" \/><em>Verbessert die Funktion des Sehorgans bei verschiedenen pathologischen Zust\u00e4nden und Augenkrankheiten, reguliert die Zellerneuerung und f\u00f6rdert die Durchblutung der Netzhautgef\u00e4\u00dfe.<\/em><\/p>\n<p data-start=\"392\" data-end=\"584\"><strong data-start=\"392\" data-end=\"447\">Steigerung der Sehsch\u00e4rfe &amp; Reduktion von Erm\u00fcdung:<\/strong><br data-start=\"447\" data-end=\"450\" \/><em>Normalisiert Sehprozesse, reduziert Symptome des Computer-Vision-Syndroms und augenbedingte Erm\u00fcdung, sch\u00fctzt vor oxidativem Stress.<\/em><\/p>\n<p data-start=\"586\" data-end=\"757\"><strong data-start=\"586\" data-end=\"627\">St\u00e4rkung der Gewebe &amp; Lichtanpassung:<\/strong><br data-start=\"627\" data-end=\"630\" \/><em>Erh\u00e4lt die Elastizit\u00e4t der Kapillarw\u00e4nde, unterst\u00fctzt die Gesundheit der Linse und verbessert die Leitf\u00e4higkeit des Sehnervs.<\/em><\/p>\n<p data-start=\"759\" data-end=\"941\"><strong data-start=\"759\" data-end=\"791\">Schutz vor Umwelteinfl\u00fcssen:<\/strong><br data-start=\"791\" data-end=\"794\" \/><em>Reduziert die negativen Auswirkungen von UV-Strahlung und blauem Licht, sorgt f\u00fcr langfristige Augengesundheit unter allen Belastungsbedingungen.<\/em><\/p>\n<p data-start=\"943\" data-end=\"1144\"><em><strong data-start=\"943\" data-end=\"955\">Hinweis:<\/strong>\u00a0FC VITA12: V\u20111 ist kein Arzneimittel oder medizinisches Ger\u00e4t.\u00a0Lebenswichtige Technologien zur Unterst\u00fctzung, Wiederherstellung der K\u00f6rperressourcen und bewusstes Gesundheitsmanagement.<\/em><\/p>\n<\/div>\n<div class=\"product-page__social\">\n<div class=\"jw-block-element\">\n<div id=\"jw-element-\" class=\"jw-tree-node jw-element jw-social-share jw-node-is-first-child jw-node-is-last-child\" data-jw-element-id=\"\">\n<div class=\"jw-element-social-share\">\n<div class=\"share-button-container share-button-container--buttons-mini share-button-container--align-left jw-element-content\"><\/div>\n<\/div>\n<\/div>\n<\/div>\n<\/div>","protected":false},"excerpt":{"rendered":"<p><strong>V-1 Visuelles System (Augen &#8211; bei Erkrankungen und \u00e4u\u00dferen Belastungen)<\/strong><br \/>\n(Zellerneuerung bei Augenerkrankungen auch bei grauem Star, reduziert Augenbelastung durch Bildschirmarbeit und UV-Licht, normalisiert Sehprozesse, st\u00e4rkt den Sehnerv)<\/p>","protected":false},"featured_media":2692,"comment_status":"open","ping_status":"closed","template":"","meta":[],"product_brand":[],"product_cat":[227],"product_tag":[230],"class_list":{"0":"post-2691","1":"product","2":"type-product","3":"status-publish","4":"has-post-thumbnail","6":"product_cat-vita-12","7":"product_tag-vita12v-1","9":"first","10":"instock","11":"taxable","12":"shipping-taxable","13":"purchasable","14":"product-type-simple"},"_links":{"self":[{"href":"https:\/\/vigo-rio.com\/en\/wp-json\/wp\/v2\/product\/2691","targetHints":{"allow":["GET"]}}],"collection":[{"href":"https:\/\/vigo-rio.com\/en\/wp-json\/wp\/v2\/product"}],"about":[{"href":"https:\/\/vigo-rio.com\/en\/wp-json\/wp\/v2\/types\/product"}],"replies":[{"embeddable":true,"href":"https:\/\/vigo-rio.com\/en\/wp-json\/wp\/v2\/comments?post=2691"}],"wp:featuredmedia":[{"embeddable":true,"href":"https:\/\/vigo-rio.com\/en\/wp-json\/wp\/v2\/media\/2692"}],"wp:attachment":[{"href":"https:\/\/vigo-rio.com\/en\/wp-json\/wp\/v2\/media?parent=2691"}],"wp:term":[{"taxonomy":"product_brand","embeddable":true,"href":"https:\/\/vigo-rio.com\/en\/wp-json\/wp\/v2\/product_brand?post=2691"},{"taxonomy":"product_cat","embeddable":true,"href":"https:\/\/vigo-rio.com\/en\/wp-json\/wp\/v2\/product_cat?post=2691"},{"taxonomy":"product_tag","embeddable":true,"href":"https:\/\/vigo-rio.com\/en\/wp-json\/wp\/v2\/product_tag?post=2691"}],"curies":[{"name":"wp","href":"https:\/\/api.w.org\/{rel}","templated":true}]}}