{"id":2689,"date":"2026-01-28T22:01:01","date_gmt":"2026-01-28T22:01:01","guid":{"rendered":"https:\/\/vigo-rio.com\/?post_type=product&#038;p=2689"},"modified":"2026-02-26T09:21:45","modified_gmt":"2026-02-26T09:21:45","slug":"vita12-u-3-harnwegssystem-harnwege-harnfluss-blase","status":"publish","type":"product","link":"https:\/\/vigo-rio.com\/en\/product\/vita12-u-3-harnwegssystem-harnwege-harnfluss-blase\/","title":{"rendered":"VITA12 U-3 Harnwegssystem (Harnwege, Harnfluss, Blase)"},"content":{"rendered":"<p data-path-to-node=\"8\"><strong>\u00a0Harnwege &amp; Blase<\/strong><\/p>\n<p data-path-to-node=\"9\"><b data-path-to-node=\"9\" data-index-in-node=\"0\">Dieses Ger\u00e4t bietet gezielte Unterst\u00fctzung f\u00fcr das Harnsystem. Es hilft bei der Linderung akuter Symptome, st\u00e4rkt die nat\u00fcrliche Schutzbarriere der Schleimh\u00e4ute und f\u00f6rdert die allgemeine Regeneration sowie die ordnungsgem\u00e4\u00dfe Funktion der Nieren und Harnwege.<\/b><\/p>\n<p data-path-to-node=\"10\"><b data-path-to-node=\"10\" data-index-in-node=\"0\">Die Wirkung zielt ab auf:<\/b><\/p>\n<ul data-path-to-node=\"11\">\n<li>\n<p data-path-to-node=\"11,0,0\">Hilfe bei der Verringerung akuter Symptome bei Schmerzen, Stechen und Brennen beim Wasserlassen.<\/p>\n<\/li>\n<li>\n<p data-path-to-node=\"11,1,0\">Unterst\u00fctzung und Prophylaxe zur Senkung der H\u00e4ufigkeit von falschem Harndrang.<\/p>\n<\/li>\n<li>\n<p data-path-to-node=\"11,2,0\">Beseitigung von Schweregef\u00fchl und Unwohlsein im Unterleib.<\/p>\n<\/li>\n<li>\n<p data-path-to-node=\"11,3,0\">St\u00e4rkung der nat\u00fcrlichen Schutzbarriere der Blasenschleimhaut und Schaffung eines ung\u00fcnstigen Milieus f\u00fcr die Vermehrung pathogener Bakterien.<\/p>\n<\/li>\n<li>\n<p data-path-to-node=\"11,4,0\">Wiederherstellung einer gesunden Mikroflora der Harnwege.<\/p>\n<\/li>\n<li>\n<p data-path-to-node=\"11,5,0\">Verbesserung der Funktion des Harnsystems: Normalisierung des Wasserlassens, Verbesserung des Tonus der Blasenmuskulatur und Verringerung der R\u00fcckfallwahrscheinlichkeit.<\/p>\n<\/li>\n<li>\n<p data-path-to-node=\"11,6,0\">St\u00e4rkung der lokalen und allgemeinen Immunit\u00e4t.<\/p>\n<\/li>\n<li>\n<p data-path-to-node=\"11,7,0\">Verbesserung der Durchblutung der Beckenorgane.<\/p>\n<\/li>\n<li>\n<p data-path-to-node=\"11,8,0\">Normalisierung der Nierenfunktion.<\/p>\n<\/li>\n<li>\n<p data-path-to-node=\"11,9,0\">Senkung des Risikos einer Infektionsausbreitung.<\/p>\n<\/li>\n<li>\n<p data-path-to-node=\"11,10,0\">Langfristiger Schutz und Pr\u00e4vention; verhindert den \u00dcbergang von akuten Formen in chronische Zust\u00e4nde.<\/p>\n<\/li>\n<li>\n<p data-path-to-node=\"11,11,0\">Senkung der H\u00e4ufigkeit von Sch\u00fcben bei chronischem Verlauf.<\/p>\n<\/li>\n<li>\n<p data-path-to-node=\"11,12,0\">Schutz vor Blasenentz\u00fcndungen (Zystitis), die mit saisonaler Immunschw\u00e4che zusammenh\u00e4ngen.<\/p>\n<\/li>\n<li>\n<p data-path-to-node=\"11,13,0\">Prophylaxe von R\u00fcckf\u00e4llen nach Unterk\u00fchlung oder Stress.<\/p>\n<\/li>\n<li>\n<p data-path-to-node=\"11,14,0\">Unterst\u00fctzung physiologisch gesunder angrenzender K\u00f6rpersysteme.<\/p>\n<\/li>\n<\/ul>\n<p data-path-to-node=\"12\"><b data-path-to-node=\"12\" data-index-in-node=\"0\">WICHTIG! DAS KFS-GER\u00c4T IST KEIN ARZNEIMITTEL UND KEIN MEDIZINPRODUKT!<\/b><\/p>\n<h3 data-path-to-node=\"14\">Allgemeine Information zur KFS-Technologie<\/h3>\n<p data-path-to-node=\"15\">Der <b data-path-to-node=\"15\" data-index-in-node=\"4\">KFS (Korrektor des Funktionalen Zustands)<\/b> ist ein einzigartiges Ger\u00e4t, das auf biologischen Prinzipien und physikalischen Gesetzen basiert. Es erzeugt eine Informations-Phasen-Wechselwirkung mit fl\u00fcssigen Medien und steht in resonanter Verbindung mit dem Au\u00dfenfeld. Die Hauptfunktion des KFS besteht darin, die Koh\u00e4renz und Abstimmung der Rhythmen des lebenden Organismus mit den harmonischen Rhythmen der Umwelt (dem Au\u00dfenfeld) wiederherzustellen. Das KFS arbeitet nicht nur an der Beseitigung negativer Einfl\u00fcsse oder der Symptomkorrektur, sondern an der tiefgreifenden Optimierung grundlegender biologischer Prozesse.<\/p>","protected":false},"excerpt":{"rendered":"<p>U-3 bietet eine umfassende Unterst\u00fctzung f\u00fcr die Gesundheit des visuellen Systems. Es tr\u00e4gt zur Erhaltung der Sehsch\u00e4rfe bei, beugt der Entstehung von Augenerm\u00fcdung vor und schafft die Voraussetzungen f\u00fcr komfortables Arbeiten \u2013 selbst bei intensiver Belastung der Augen.<\/p>","protected":false},"featured_media":2690,"comment_status":"open","ping_status":"closed","template":"","meta":[],"product_brand":[],"product_cat":[227],"product_tag":[231],"class_list":{"0":"post-2689","1":"product","2":"type-product","3":"status-publish","4":"has-post-thumbnail","6":"product_cat-vita-12","7":"product_tag-vita12u-3","9":"first","10":"instock","11":"taxable","12":"shipping-taxable","13":"purchasable","14":"product-type-simple"},"_links":{"self":[{"href":"https:\/\/vigo-rio.com\/en\/wp-json\/wp\/v2\/product\/2689","targetHints":{"allow":["GET"]}}],"collection":[{"href":"https:\/\/vigo-rio.com\/en\/wp-json\/wp\/v2\/product"}],"about":[{"href":"https:\/\/vigo-rio.com\/en\/wp-json\/wp\/v2\/types\/product"}],"replies":[{"embeddable":true,"href":"https:\/\/vigo-rio.com\/en\/wp-json\/wp\/v2\/comments?post=2689"}],"wp:featuredmedia":[{"embeddable":true,"href":"https:\/\/vigo-rio.com\/en\/wp-json\/wp\/v2\/media\/2690"}],"wp:attachment":[{"href":"https:\/\/vigo-rio.com\/en\/wp-json\/wp\/v2\/media?parent=2689"}],"wp:term":[{"taxonomy":"product_brand","embeddable":true,"href":"https:\/\/vigo-rio.com\/en\/wp-json\/wp\/v2\/product_brand?post=2689"},{"taxonomy":"product_cat","embeddable":true,"href":"https:\/\/vigo-rio.com\/en\/wp-json\/wp\/v2\/product_cat?post=2689"},{"taxonomy":"product_tag","embeddable":true,"href":"https:\/\/vigo-rio.com\/en\/wp-json\/wp\/v2\/product_tag?post=2689"}],"curies":[{"name":"wp","href":"https:\/\/api.w.org\/{rel}","templated":true}]}}