{"id":2687,"date":"2026-01-28T22:00:22","date_gmt":"2026-01-28T22:00:22","guid":{"rendered":"https:\/\/vigo-rio.com\/?post_type=product&#038;p=2687"},"modified":"2026-02-01T20:46:42","modified_gmt":"2026-02-01T20:46:42","slug":"vita12-u-2-harnwegssystem-funktionen-der-harnwege-wassserhaushalt","status":"publish","type":"product","link":"https:\/\/vigo-rio.com\/en\/product\/vita12-u-2-harnwegssystem-funktionen-der-harnwege-wassserhaushalt\/","title":{"rendered":"VITA12 U-2 Harnwegssystem (Funktionen der Harnwege, Wassserhaushalt)"},"content":{"rendered":"<p><strong>Kolzov-Platte: U-2\u00a0 Harnwegssystem (Funktionen der Harnwege, Wassserhaushalt)<\/strong><\/p>\n<p><strong data-start=\"75\" data-end=\"129\">Unterst\u00fctzung von Wasserhaushalt &amp; Nierenfunktion:<\/strong><br data-start=\"129\" data-end=\"132\" \/><em>Normalisiert den Wasser-, Salz- und Elektrolythaushalt, verbessert den Lymphfluss und beseitigt \u00d6deme. Unterst\u00fctzt eine optimale Nierenfunktion, wirkt sanft harntreibend ohne Elektrolytverlust, f\u00f6rdert die Druckregulation und steigert den Energiepotenzial der Nieren und Harnwege durch Entgiftung und Zellstoffwechseloptimierung.<\/em><\/p>\n<p data-start=\"110\" data-end=\"141\"><strong data-start=\"110\" data-end=\"139\">Wirkung von FC VITA12: U\u20112<\/strong><\/p>\n<p data-start=\"143\" data-end=\"389\"><strong data-start=\"143\" data-end=\"185\">Fl\u00fcssigkeitshaushalt &amp; Nierenfunktion:<\/strong><br data-start=\"185\" data-end=\"188\" \/><em>Stellt das Gleichgewicht von Wasser, Salz und Elektrolyten wieder her, optimiert die Nierenfunktion, f\u00f6rdert die Filterleistung, beseitigt \u00d6deme und normalisiert Lymphfluss und intrazellul\u00e4ren Druck.<\/em><\/p>\n<p data-start=\"391\" data-end=\"587\"><strong data-start=\"391\" data-end=\"416\">Diurese &amp; Entgiftung:<\/strong><br data-start=\"416\" data-end=\"419\" \/><em>Unterst\u00fctzt die t\u00e4gliche Urinausscheidung, aktiviert die Ausscheidung von Toxinen, reduziert Stauungen und entlastet die Ausscheidungssysteme, ohne Elektrolytverlust.<\/em><\/p>\n<p data-start=\"589\" data-end=\"795\"><strong data-start=\"589\" data-end=\"637\">Immunst\u00e4rkung &amp; sanfter diuretischer Effekt:<\/strong><br data-start=\"637\" data-end=\"640\" \/><em>F\u00f6rdert die lokale Immunabwehr, verringert das Risiko von Entz\u00fcndungen und unterst\u00fctzt die Blutdruckregulation im Zusammenhang mit Fl\u00fcssigkeitsretention.<\/em><\/p>\n<p data-start=\"797\" data-end=\"1036\"><strong data-start=\"797\" data-end=\"824\">Vitalit\u00e4t &amp; Anti-Aging:<\/strong><br data-start=\"824\" data-end=\"827\" \/><em>Verbessert das Wohlbefinden, reduziert Schweregef\u00fchle in Beinen und Gesicht, steigert den Energiehaushalt der Zellen, sch\u00fctzt die Nieren vor vorzeitiger Alterung und verlangsamt altersbedingte Ver\u00e4nderungen.<\/em><\/p>\n<p data-start=\"1038\" data-end=\"1239\"><em><strong data-start=\"1038\" data-end=\"1050\">Hinweis:<\/strong>\u00a0FC VITA12: U\u20112 ist kein Arzneimittel oder medizinisches Ger\u00e4t.\u00a0Lebenswichtige Technologien zur Unterst\u00fctzung, Wiederherstellung der K\u00f6rperressourcen und bewusstes Gesundheitsmanagement.<\/em><\/p>","protected":false},"excerpt":{"rendered":"<p><strong>U-2\u00a0 Harnwegssystem (Funktionen der Harnwege, Wassserhaushalt)<\/strong><br \/>\n(normalisiert den Wasser-Salz- und Elektrolyt-Haushalt, verbessert den Lymphfluss, beseitigt \u00d6deme, unterst\u00fctzt eine optimale Nierenfunktion)<\/p>","protected":false},"featured_media":2688,"comment_status":"open","ping_status":"closed","template":"","meta":[],"product_brand":[],"product_cat":[227],"product_tag":[232],"class_list":{"0":"post-2687","1":"product","2":"type-product","3":"status-publish","4":"has-post-thumbnail","6":"product_cat-vita-12","7":"product_tag-vita12u-2","9":"first","10":"instock","11":"taxable","12":"shipping-taxable","13":"purchasable","14":"product-type-simple"},"_links":{"self":[{"href":"https:\/\/vigo-rio.com\/en\/wp-json\/wp\/v2\/product\/2687","targetHints":{"allow":["GET"]}}],"collection":[{"href":"https:\/\/vigo-rio.com\/en\/wp-json\/wp\/v2\/product"}],"about":[{"href":"https:\/\/vigo-rio.com\/en\/wp-json\/wp\/v2\/types\/product"}],"replies":[{"embeddable":true,"href":"https:\/\/vigo-rio.com\/en\/wp-json\/wp\/v2\/comments?post=2687"}],"wp:featuredmedia":[{"embeddable":true,"href":"https:\/\/vigo-rio.com\/en\/wp-json\/wp\/v2\/media\/2688"}],"wp:attachment":[{"href":"https:\/\/vigo-rio.com\/en\/wp-json\/wp\/v2\/media?parent=2687"}],"wp:term":[{"taxonomy":"product_brand","embeddable":true,"href":"https:\/\/vigo-rio.com\/en\/wp-json\/wp\/v2\/product_brand?post=2687"},{"taxonomy":"product_cat","embeddable":true,"href":"https:\/\/vigo-rio.com\/en\/wp-json\/wp\/v2\/product_cat?post=2687"},{"taxonomy":"product_tag","embeddable":true,"href":"https:\/\/vigo-rio.com\/en\/wp-json\/wp\/v2\/product_tag?post=2687"}],"curies":[{"name":"wp","href":"https:\/\/api.w.org\/{rel}","templated":true}]}}