{"id":2685,"date":"2026-01-28T21:59:40","date_gmt":"2026-01-28T21:59:40","guid":{"rendered":"https:\/\/vigo-rio.com\/?post_type=product&#038;p=2685"},"modified":"2026-04-15T08:51:21","modified_gmt":"2026-04-15T08:51:21","slug":"vita12-u-1-harnwegssystem-harnwegserkrankungen-niere","status":"publish","type":"product","link":"https:\/\/vigo-rio.com\/en\/product\/vita12-u-1-harnwegssystem-harnwegserkrankungen-niere\/","title":{"rendered":"VITA12 U-1 Harnwegssystem (Harnwegserkrankungen &#8211; Niere)"},"content":{"rendered":"<div class=\"product-page__description\">\n<p><strong>Kolzov-Platte: U-1 Harnwegssystem (Erkrankungen der Harnwege, Niere) \u00a0<\/strong><\/p>\n<p><strong data-start=\"85\" data-end=\"121\">Nieren- &amp; Harnwegsunterst\u00fctzung:<\/strong><br data-start=\"121\" data-end=\"124\" \/><em>Verbessert die Funktion von Nieren und Harnwegen, reduziert Entz\u00fcndungen und beugt Infektionen vor. F\u00f6rdert die Entgiftung, reguliert Wasser- und Salzhaushalt, verringert \u00d6deme und Nierendruck, lindert Schmerzen und unterst\u00fctzt die nat\u00fcrliche Reinigung des K\u00f6rpers f\u00fcr ein gest\u00e4rktes Harnwegssystem.<\/em><\/p>\n<p data-start=\"103\" data-end=\"134\"><strong data-start=\"103\" data-end=\"132\">Wirkung von FC VITA12: U\u20111<\/strong><\/p>\n<p data-start=\"136\" data-end=\"379\"><strong data-start=\"136\" data-end=\"182\">St\u00e4rkung der Harnwege &amp; lokalen Immunit\u00e4t:<\/strong><br data-start=\"182\" data-end=\"185\" \/><em>Unterst\u00fctzt Nieren und Harnwege, steigert die Resistenz gegen Infektionen wie Zystitis, Pyelonephritis, Urethritis und Prostatitis. F\u00f6rdert die Pr\u00e4vention und Korrektur entz\u00fcndlicher Prozesse.<\/em><\/p>\n<p data-start=\"381\" data-end=\"642\"><strong data-start=\"381\" data-end=\"421\">Gewebeheilung &amp; Filtrationsfunktion:<\/strong><br data-start=\"421\" data-end=\"424\" \/><em>Regt die Regeneration der Nierenstrukturen auf zellul\u00e4rer Ebene an, aktiviert die Filtration, unterst\u00fctzt die Ausscheidung von Toxinen und \u00fcbersch\u00fcssigen Salzen, und reguliert Wasser-, Salz- und S\u00e4ure-Basen-Haushalt.<\/em><\/p>\n<p data-start=\"644\" data-end=\"878\"><strong data-start=\"644\" data-end=\"683\">Druckregulation &amp; Symptomlinderung:<\/strong><br data-start=\"683\" data-end=\"686\" \/><em>Hilft, \u00fcberm\u00e4\u00dfiges Bindegewebe zu verhindern, erleichtert das Wasserlassen, normalisiert die Diurese und reduziert Schmerzen. Wirkt als erg\u00e4nzende Unterst\u00fctzung bei chronischen Erkrankungen.<\/em><\/p>\n<p data-start=\"880\" data-end=\"1108\"><strong data-start=\"880\" data-end=\"928\">Verbesserung des Wohlbefindens &amp; Anti-Aging:<\/strong><br data-start=\"928\" data-end=\"931\" \/><em>St\u00e4rkt Energie, Vitalit\u00e4t und \u00e4u\u00dferes Erscheinungsbild, unterst\u00fctzt Reparaturprozesse und Zellverj\u00fcngung, erh\u00f6ht den Lebensstandard und verz\u00f6gert altersbedingte Ver\u00e4nderungen.<\/em><\/p>\n<p data-start=\"1110\" data-end=\"1311\"><em><strong data-start=\"1110\" data-end=\"1122\">Hinweis:<\/strong>\u00a0FC VITA12: U\u20111 ist kein Arzneimittel oder medizinisches Ger\u00e4t.\u00a0Lebenswichtige Technologien zur Unterst\u00fctzung, Wiederherstellung der K\u00f6rperressourcen und bewusstes Gesundheitsmanagement.<\/em><\/p>\n<\/div>\n<div class=\"product-page__social\">\n<div class=\"jw-block-element\">\n<div id=\"jw-element-\" class=\"jw-tree-node jw-element jw-social-share jw-node-is-first-child jw-node-is-last-child\" data-jw-element-id=\"\">\n<div class=\"jw-element-social-share\">\n<div class=\"share-button-container share-button-container--buttons-mini share-button-container--align-left jw-element-content\"><\/div>\n<\/div>\n<\/div>\n<\/div>\n<\/div>","protected":false},"excerpt":{"rendered":"<p><strong>U-1 Harnwegssystem (Erkrankungen der Harnwege, Niere)\u00a0\u00a0<\/strong><br \/>\n(Verbesserung der Nieren-, und Harnwegsfunktionen, bei Entz\u00fcndungen und Erkrankungen der Niere, Harnwegsinfektionen, Entgiftung)<\/p>","protected":false},"featured_media":2686,"comment_status":"open","ping_status":"closed","template":"","meta":[],"product_brand":[],"product_cat":[227],"product_tag":[234],"class_list":{"0":"post-2685","1":"product","2":"type-product","3":"status-publish","4":"has-post-thumbnail","6":"product_cat-vita-12","7":"product_tag-vita12u-1","9":"first","10":"instock","11":"taxable","12":"shipping-taxable","13":"purchasable","14":"product-type-simple"},"_links":{"self":[{"href":"https:\/\/vigo-rio.com\/en\/wp-json\/wp\/v2\/product\/2685","targetHints":{"allow":["GET"]}}],"collection":[{"href":"https:\/\/vigo-rio.com\/en\/wp-json\/wp\/v2\/product"}],"about":[{"href":"https:\/\/vigo-rio.com\/en\/wp-json\/wp\/v2\/types\/product"}],"replies":[{"embeddable":true,"href":"https:\/\/vigo-rio.com\/en\/wp-json\/wp\/v2\/comments?post=2685"}],"wp:featuredmedia":[{"embeddable":true,"href":"https:\/\/vigo-rio.com\/en\/wp-json\/wp\/v2\/media\/2686"}],"wp:attachment":[{"href":"https:\/\/vigo-rio.com\/en\/wp-json\/wp\/v2\/media?parent=2685"}],"wp:term":[{"taxonomy":"product_brand","embeddable":true,"href":"https:\/\/vigo-rio.com\/en\/wp-json\/wp\/v2\/product_brand?post=2685"},{"taxonomy":"product_cat","embeddable":true,"href":"https:\/\/vigo-rio.com\/en\/wp-json\/wp\/v2\/product_cat?post=2685"},{"taxonomy":"product_tag","embeddable":true,"href":"https:\/\/vigo-rio.com\/en\/wp-json\/wp\/v2\/product_tag?post=2685"}],"curies":[{"name":"wp","href":"https:\/\/api.w.org\/{rel}","templated":true}]}}