{"id":2683,"date":"2026-01-28T21:58:51","date_gmt":"2026-01-28T21:58:51","guid":{"rendered":"https:\/\/vigo-rio.com\/?post_type=product&#038;p=2683"},"modified":"2026-03-23T08:37:21","modified_gmt":"2026-03-23T08:37:21","slug":"vita12-r-3-atmungssystem-leistungsfaehigkeit-der-atemwege-ausdauer","status":"publish","type":"product","link":"https:\/\/vigo-rio.com\/en\/product\/vita12-r-3-atmungssystem-leistungsfaehigkeit-der-atemwege-ausdauer\/","title":{"rendered":"VITA12 R-3 Atmungssystem (Leistungsf\u00e4higkeit der Atemwege, Ausdauer)"},"content":{"rendered":"<p data-path-to-node=\"14\"><b data-path-to-node=\"14\" data-index-in-node=\"0\">Die Wirkung des R-3-Ger\u00e4ts zielt ab auf:<\/b><\/p>\n<ul data-path-to-node=\"15\">\n<li>\n<p data-path-to-node=\"15,0,0\">Optimierung der Atemfunktion, Erh\u00f6hung der Lungenkapazit\u00e4t und Effizienz des Gasaustauschs.<\/p>\n<\/li>\n<li>\n<p data-path-to-node=\"15,1,0\">Verbesserung der Sauerstoffs\u00e4ttigung des Blutes und der Gewebe im Alltag sowie bei aktiver k\u00f6rperlicher Bet\u00e4tigung.<\/p>\n<\/li>\n<li>\n<p data-path-to-node=\"15,2,0\">Verk\u00fcrzung der Regenerationszeit der Atmung nach intensiven \u00dcbungen.<\/p>\n<\/li>\n<li>\n<p data-path-to-node=\"15,3,0\">Erh\u00f6hung der Atemeffizienz unter Hochgebirgsbedingungen und bei belasteter Luft.<\/p>\n<\/li>\n<li>\n<p data-path-to-node=\"15,4,0\">Beschleunigung der Erholung nach \u00fcberstandenen Atemwegserkrankungen und St\u00e4rkung der lokalen Immunit\u00e4t der Atemwege.<\/p>\n<\/li>\n<li>\n<p data-path-to-node=\"15,5,0\">Verringerung der H\u00e4ufigkeit und Intensit\u00e4t saisonaler allergischer Reaktionen.<\/p>\n<\/li>\n<li>\n<p data-path-to-node=\"15,6,0\">Schutz der Schleimh\u00e4ute vor sch\u00e4dlichen Umwelteinfl\u00fcssen.<\/p>\n<\/li>\n<li>\n<p data-path-to-node=\"15,7,0\">Steigerung sportlicher Ergebnisse, Erh\u00f6hung der Ausdauer und der Erm\u00fcdungsschwelle.<\/p>\n<\/li>\n<li>\n<p data-path-to-node=\"15,8,0\">Verk\u00fcrzung der Erholungszeit zwischen intensiven Trainingseinheiten.<\/p>\n<\/li>\n<li>\n<p data-path-to-node=\"15,9,0\">Entwicklung eines effektiven Atemrhythmus und optimaler Atentiefe w\u00e4hrend des Trainings.<\/p>\n<\/li>\n<li>\n<p data-path-to-node=\"15,10,0\">Verbesserung der Werte bei Athleten in Ausdauersportarten (zyklische Sportarten).<\/p>\n<\/li>\n<li>\n<p data-path-to-node=\"15,11,0\">Reinigung und Regeneration des Lungengewebes.<\/p>\n<\/li>\n<li>\n<p data-path-to-node=\"15,12,0\">Verringerung der Folgen durch Einwirkung von Schadstoffen und Partikeln.<\/p>\n<\/li>\n<li>\n<p data-path-to-node=\"15,13,0\">Prophylaxe berufsbedingter Erkrankungen des Atemsystems.<\/p>\n<\/li>\n<li>\n<p data-path-to-node=\"15,14,0\">Anpassung an Extrembedingungen: Erh\u00f6hung der Widerstandsf\u00e4higkeit gegen Hypoxie (Sauerstoffmangel) und Hyperkapnie.<\/p>\n<\/li>\n<li>\n<p data-path-to-node=\"15,15,0\">Verbesserung der Vertr\u00e4glichkeit hoher und niedriger Temperaturen.<\/p>\n<\/li>\n<li>\n<p data-path-to-node=\"15,16,0\">Unterst\u00fctzung der Atemfunktion bei Luftdruckschwankungen.<\/p>\n<\/li>\n<li>\n<p data-path-to-node=\"15,17,0\">Linderung von Akklimatisierungssymptomen bei Zeitzonenwechsel.<\/p>\n<\/li>\n<\/ul>\n<hr data-path-to-node=\"16\" \/>\n<p data-path-to-node=\"17\"><b data-path-to-node=\"17\" data-index-in-node=\"0\">WICHTIG! DAS KFS-GER\u00c4T IST KEIN ARZNEIMITTEL UND KEIN MEDIZINPRODUKT!<\/b><\/p>","protected":false},"excerpt":{"rendered":"<p>R-3 bietet eine umfassende Unterst\u00fctzung des Atemsystems, f\u00fchrt zu einer Steigerung der Ausdauer und k\u00f6rperlichen Leistungsf\u00e4higkeit und verk\u00fcrzt die Erholungszeit. Es unterst\u00fctzt die stabile Funktion der Lunge selbst bei Spitzenbelastungen w\u00e4hrend intensiven Trainings, Wettk\u00e4mpfen oder unter ung\u00fcnstigen Umweltbedingungen.<\/p>","protected":false},"featured_media":2684,"comment_status":"open","ping_status":"closed","template":"","meta":[],"product_brand":[],"product_cat":[227],"product_tag":[235],"class_list":{"0":"post-2683","1":"product","2":"type-product","3":"status-publish","4":"has-post-thumbnail","6":"product_cat-vita-12","7":"product_tag-vita12r-3","9":"first","10":"instock","11":"taxable","12":"shipping-taxable","13":"purchasable","14":"product-type-simple"},"_links":{"self":[{"href":"https:\/\/vigo-rio.com\/en\/wp-json\/wp\/v2\/product\/2683","targetHints":{"allow":["GET"]}}],"collection":[{"href":"https:\/\/vigo-rio.com\/en\/wp-json\/wp\/v2\/product"}],"about":[{"href":"https:\/\/vigo-rio.com\/en\/wp-json\/wp\/v2\/types\/product"}],"replies":[{"embeddable":true,"href":"https:\/\/vigo-rio.com\/en\/wp-json\/wp\/v2\/comments?post=2683"}],"wp:featuredmedia":[{"embeddable":true,"href":"https:\/\/vigo-rio.com\/en\/wp-json\/wp\/v2\/media\/2684"}],"wp:attachment":[{"href":"https:\/\/vigo-rio.com\/en\/wp-json\/wp\/v2\/media?parent=2683"}],"wp:term":[{"taxonomy":"product_brand","embeddable":true,"href":"https:\/\/vigo-rio.com\/en\/wp-json\/wp\/v2\/product_brand?post=2683"},{"taxonomy":"product_cat","embeddable":true,"href":"https:\/\/vigo-rio.com\/en\/wp-json\/wp\/v2\/product_cat?post=2683"},{"taxonomy":"product_tag","embeddable":true,"href":"https:\/\/vigo-rio.com\/en\/wp-json\/wp\/v2\/product_tag?post=2683"}],"curies":[{"name":"wp","href":"https:\/\/api.w.org\/{rel}","templated":true}]}}