{"id":2680,"date":"2026-01-28T21:58:07","date_gmt":"2026-01-28T21:58:07","guid":{"rendered":"https:\/\/vigo-rio.com\/?post_type=product&#038;p=2680"},"modified":"2026-04-15T08:51:21","modified_gmt":"2026-04-15T08:51:21","slug":"vita12-r-2-atmungssystem-atemfunktion","status":"publish","type":"product","link":"https:\/\/vigo-rio.com\/en\/product\/vita12-r-2-atmungssystem-atemfunktion\/","title":{"rendered":"VITA12 R-2 Atmungssystem (Atemfunktion)"},"content":{"rendered":"<p><strong>Kolzov-Platte: R-2\u00a0 Atmungssystem (Atemfunktion)<\/strong><\/p>\n<p><strong data-start=\"75\" data-end=\"114\">Atemfunktion &amp; Post-Covid-Erholung:<\/strong><br data-start=\"114\" data-end=\"117\" \/><em>Unterst\u00fctzt die Wiederherstellung der Atemfunktion nach Atemwegserkrankungen, Operationen, COVID-19, Post-Covid und nach Impfungen. F\u00f6rdert die Entgiftung der Lunge, st\u00e4rkt die Atemmuskulatur, verhindert Fibrose und verbessert die Sauerstoffversorgung des Blutes \u2013 f\u00fcr schnellere Genesung und R\u00fcckkehr zu voller Vitalit\u00e4t.<\/em><\/p>\n<p data-start=\"83\" data-end=\"114\"><strong data-start=\"83\" data-end=\"112\">Wirkung von FC VITA12: R\u20112<\/strong><\/p>\n<p data-start=\"116\" data-end=\"356\"><strong data-start=\"116\" data-end=\"157\">Ganzheitliche Atemwegsrehabilitation:<\/strong><br data-start=\"157\" data-end=\"160\" \/><em>Unterst\u00fctzt die Wiederherstellung von Hals-Nasen-Ohren-Organen und Atemwegen, mindert die Folgen von Hypoxie und beschleunigt die Heilung nach Erkrankungen, thorakalen Operationen oder Beatmung.<\/em><\/p>\n<p data-start=\"358\" data-end=\"603\"><strong data-start=\"358\" data-end=\"401\">Systematische Post-Infektions-Erholung:<\/strong><br data-start=\"401\" data-end=\"404\" \/><em>Lindert Atemnot, Schw\u00e4che, Husten, Brustschwere und schnelle Erm\u00fcdbarkeit. St\u00e4rkt die Atemmuskulatur, verbessert die Lungenkapazit\u00e4t und beugt Komplikationen nach respiratorischen Erkrankungen vor.<\/em><\/p>\n<p data-start=\"605\" data-end=\"850\"><strong data-start=\"605\" data-end=\"645\">Zellul\u00e4re Regeneration &amp; Entgiftung:<\/strong><br data-start=\"645\" data-end=\"648\" \/><em>F\u00f6rdert die Wiederherstellung von Schleimh\u00e4uten und alveol\u00e4ren Strukturen, beschleunigt die Geweberegeneration, unterst\u00fctzt die k\u00f6rperliche Anpassungsf\u00e4higkeit und steigert Energie sowie Wohlbefinden.<\/em><\/p>\n<p data-start=\"852\" data-end=\"1101\"><strong data-start=\"852\" data-end=\"912\">Vollst\u00e4ndige Funktions- und Lebensqualit\u00e4tsverbesserung:<\/strong><br data-start=\"912\" data-end=\"915\" \/><em>Erm\u00f6glicht die R\u00fcckkehr zu einem aktiven Leben ohne Einschr\u00e4nkungen. Kombination aus Regeneration, Entgiftung und funktioneller Wiederherstellung f\u00fcr ein optimales Gesundheitsergebnis.<\/em><\/p>\n<p data-start=\"1103\" data-end=\"1304\"><em><strong data-start=\"1103\" data-end=\"1115\">Hinweis:<\/strong>\u00a0FC VITA12: R\u20112 ist kein Arzneimittel oder medizinisches Ger\u00e4t.\u00a0Lebenswichtige Technologien zur Unterst\u00fctzung, Wiederherstellung der K\u00f6rperressourcen und bewusstes Gesundheitsmanagement.<\/em><\/p>","protected":false},"excerpt":{"rendered":"<p><strong>R-2\u00a0 Atmungssystem (Atemfunktion)<\/strong><br \/>\n(Wiederherstellung der Atemfunktion, auch nach Operationen, nach Atemwegserkrankungen und bei Covid-19, Post-Covid, Covid-Impfungen, Entgiftung der Lunge, verbesserte Sauerstoffzufuhr)<\/p>","protected":false},"featured_media":2681,"comment_status":"open","ping_status":"closed","template":"","meta":[],"product_brand":[],"product_cat":[227],"product_tag":[236],"class_list":{"0":"post-2680","1":"product","2":"type-product","3":"status-publish","4":"has-post-thumbnail","6":"product_cat-vita-12","7":"product_tag-vita12r-2","9":"first","10":"instock","11":"taxable","12":"shipping-taxable","13":"purchasable","14":"product-type-simple"},"_links":{"self":[{"href":"https:\/\/vigo-rio.com\/en\/wp-json\/wp\/v2\/product\/2680","targetHints":{"allow":["GET"]}}],"collection":[{"href":"https:\/\/vigo-rio.com\/en\/wp-json\/wp\/v2\/product"}],"about":[{"href":"https:\/\/vigo-rio.com\/en\/wp-json\/wp\/v2\/types\/product"}],"replies":[{"embeddable":true,"href":"https:\/\/vigo-rio.com\/en\/wp-json\/wp\/v2\/comments?post=2680"}],"wp:featuredmedia":[{"embeddable":true,"href":"https:\/\/vigo-rio.com\/en\/wp-json\/wp\/v2\/media\/2681"}],"wp:attachment":[{"href":"https:\/\/vigo-rio.com\/en\/wp-json\/wp\/v2\/media?parent=2680"}],"wp:term":[{"taxonomy":"product_brand","embeddable":true,"href":"https:\/\/vigo-rio.com\/en\/wp-json\/wp\/v2\/product_brand?post=2680"},{"taxonomy":"product_cat","embeddable":true,"href":"https:\/\/vigo-rio.com\/en\/wp-json\/wp\/v2\/product_cat?post=2680"},{"taxonomy":"product_tag","embeddable":true,"href":"https:\/\/vigo-rio.com\/en\/wp-json\/wp\/v2\/product_tag?post=2680"}],"curies":[{"name":"wp","href":"https:\/\/api.w.org\/{rel}","templated":true}]}}