{"id":2677,"date":"2026-01-28T21:57:19","date_gmt":"2026-01-28T21:57:19","guid":{"rendered":"https:\/\/vigo-rio.com\/?post_type=product&#038;p=2677"},"modified":"2026-04-14T08:56:03","modified_gmt":"2026-04-14T08:56:03","slug":"vita12-r-1-atmungssystem-erkrankungen-der-atemwege","status":"publish","type":"product","link":"https:\/\/vigo-rio.com\/en\/product\/vita12-r-1-atmungssystem-erkrankungen-der-atemwege\/","title":{"rendered":"VITA12 R-1 Atmungssystem (Erkrankungen der Atemwege)"},"content":{"rendered":"<p><strong>Kolzov-Platte: R-1\u00a0 Atmungssystem (Erkrankungen der Atemwege)<\/strong><\/p>\n<p><strong data-start=\"85\" data-end=\"122\">Atemwegsunterst\u00fctzung &amp; Ausdauer:<\/strong><br data-start=\"122\" data-end=\"125\" \/><em>Beschleunigt die Genesung bei Erk\u00e4ltungen, Grippe und Allergien, erleichtert die Atmung und sch\u00fctzt die Atemwege vor Infektionen sowie sch\u00e4dlichen Einfl\u00fcssen. Unterst\u00fctzt die Gesundheit bei Asthma und COPD, verbessert die Sauerstoffversorgung des Blutes und steigert die allgemeine Belastungsf\u00e4higkeit.<\/em><\/p>\n<p data-start=\"83\" data-end=\"114\"><strong data-start=\"83\" data-end=\"112\">Wirkung von FC VITA12: R\u20111<\/strong><\/p>\n<p data-start=\"116\" data-end=\"399\"><strong data-start=\"116\" data-end=\"161\">Ganzheitliche Unterst\u00fctzung der Atemwege:<\/strong><br data-start=\"161\" data-end=\"164\" \/><em>Vorbeugung und Korrektur von Atemwegserkrankungen, St\u00e4rkung des Immunsystems. Hilft bei viralen und bakteriellen Infektionen (Erk\u00e4ltung, Grippe, Sinusitis) sowie bei chronischen Erkrankungen wie Asthma, COPD, Adenoiden und Allergien.<\/em><\/p>\n<p data-start=\"401\" data-end=\"646\"><strong data-start=\"401\" data-end=\"436\">Symptombeseitigung &amp; Reinigung:<\/strong><br data-start=\"436\" data-end=\"439\" \/><em>Reduziert Schleimhaut\u00f6deme, Husten, Reizungen und verstopfte Nasen. Unterdr\u00fcckt Bakterien, Viren, Pilze und Parasiten. F\u00f6rdert die Ausscheidung von Toxinen, Allergenen, \u00fcbersch\u00fcssigem Schleim und Sekreten.<\/em><\/p>\n<p data-start=\"648\" data-end=\"933\"><strong data-start=\"648\" data-end=\"681\">Gewebeheilung &amp; Gasaustausch:<\/strong><br data-start=\"681\" data-end=\"684\" \/><em>Unterst\u00fctzt Regeneration der Schleimh\u00e4ute und Heilung gesch\u00e4digter Gewebe. Erh\u00f6ht die Belastbarkeit und Toleranz gegen\u00fcber k\u00f6rperlicher Aktivit\u00e4t. Bietet Schutz vor Umweltbelastungen, besonders f\u00fcr Industrie-, Bergbau- und Landwirtschaftsarbeiter.<\/em><\/p>\n<p data-start=\"935\" data-end=\"1210\"><strong data-start=\"935\" data-end=\"980\">Ganzheitliche Korrektur &amp; Lebensqualit\u00e4t:<\/strong><br data-start=\"980\" data-end=\"983\" \/><em>F\u00f6rdert Detoxifikation, zellul\u00e4re Immunabwehr, Vorbeugung onkologischer Prozesse, steigert Energie, Vitalit\u00e4t und Sauerstoffversorgung des Blutes. Verbessert die allgemeine k\u00f6rperliche Leistungsf\u00e4higkeit und das Wohlbefinden.<\/em><\/p>\n<p data-start=\"1212\" data-end=\"1413\"><em><strong data-start=\"1212\" data-end=\"1224\">Hinweis:<\/strong>\u00a0FC VITA12: R\u20111 ist kein Arzneimittel oder medizinisches Ger\u00e4t.\u00a0Lebenswichtige Technologien zur Unterst\u00fctzung, Wiederherstellung der K\u00f6rperressourcen und bewusstes Gesundheitsmanagement.<\/em><\/p>","protected":false},"excerpt":{"rendered":"<p><strong>R-1\u00a0 Atmungssystem (Erkrankungen der Atemwege)<\/strong><br \/>\n(beschleunigt die Genesung von Atemwegserkrankungen von Grippe bis Allergien, verbessert die Sauerstoffversorgung und die allgemeine Ausdauer)<\/p>","protected":false},"featured_media":2679,"comment_status":"open","ping_status":"closed","template":"","meta":[],"product_brand":[],"product_cat":[227],"product_tag":[237],"class_list":{"0":"post-2677","1":"product","2":"type-product","3":"status-publish","4":"has-post-thumbnail","6":"product_cat-vita-12","7":"product_tag-vita12r-1","9":"first","10":"instock","11":"taxable","12":"shipping-taxable","13":"purchasable","14":"product-type-simple"},"_links":{"self":[{"href":"https:\/\/vigo-rio.com\/en\/wp-json\/wp\/v2\/product\/2677","targetHints":{"allow":["GET"]}}],"collection":[{"href":"https:\/\/vigo-rio.com\/en\/wp-json\/wp\/v2\/product"}],"about":[{"href":"https:\/\/vigo-rio.com\/en\/wp-json\/wp\/v2\/types\/product"}],"replies":[{"embeddable":true,"href":"https:\/\/vigo-rio.com\/en\/wp-json\/wp\/v2\/comments?post=2677"}],"wp:featuredmedia":[{"embeddable":true,"href":"https:\/\/vigo-rio.com\/en\/wp-json\/wp\/v2\/media\/2679"}],"wp:attachment":[{"href":"https:\/\/vigo-rio.com\/en\/wp-json\/wp\/v2\/media?parent=2677"}],"wp:term":[{"taxonomy":"product_brand","embeddable":true,"href":"https:\/\/vigo-rio.com\/en\/wp-json\/wp\/v2\/product_brand?post=2677"},{"taxonomy":"product_cat","embeddable":true,"href":"https:\/\/vigo-rio.com\/en\/wp-json\/wp\/v2\/product_cat?post=2677"},{"taxonomy":"product_tag","embeddable":true,"href":"https:\/\/vigo-rio.com\/en\/wp-json\/wp\/v2\/product_tag?post=2677"}],"curies":[{"name":"wp","href":"https:\/\/api.w.org\/{rel}","templated":true}]}}