{"id":2675,"date":"2026-01-28T21:55:59","date_gmt":"2026-01-28T21:55:59","guid":{"rendered":"https:\/\/vigo-rio.com\/?post_type=product&#038;p=2675"},"modified":"2026-04-18T07:27:46","modified_gmt":"2026-04-18T07:27:46","slug":"vita12-p-3-haut-system-hauterkrankungen-und-allergien","status":"publish","type":"product","link":"https:\/\/vigo-rio.com\/en\/product\/vita12-p-3-haut-system-hauterkrankungen-und-allergien\/","title":{"rendered":"VITA12 P-3 Haut-System (Hauterkrankungen und Allergien)"},"content":{"rendered":"<p data-path-to-node=\"19\"><b data-path-to-node=\"19\" data-index-in-node=\"0\">Die Wirkung zielt ab auf:<\/b><\/p>\n<ul data-path-to-node=\"20\">\n<li>\n<p data-path-to-node=\"20,0,0\">Beseitigung der Hauptsymptome von Hauterkrankungen, Verringerung der Auspr\u00e4gung von Psoriasis-Plaques, Ekzemen und anderen Hautausschl\u00e4gen.<\/p>\n<\/li>\n<li>\n<p data-path-to-node=\"20,1,0\">Linderung von Juckreiz, Schuppenbildung und Hautreizungen.<\/p>\n<\/li>\n<li>\n<p data-path-to-node=\"20,2,0\">Beseitigung von Trockenheit und Spannungsgef\u00fchlen der Haut.<\/p>\n<\/li>\n<li>\n<p data-path-to-node=\"20,3,0\">Verringerung der Fl\u00e4che und Intensit\u00e4t betroffener Hautstellen.<\/p>\n<\/li>\n<li>\n<p data-path-to-node=\"20,4,0\">Wiederherstellung einer gesunden Hautstruktur, Normalisierung der Erneuerungsprozesse und der Verhornung der Haut.<\/p>\n<\/li>\n<li>\n<p data-path-to-node=\"20,5,0\">Stimulation der Regenerationsprozesse gesunder Epidermiszellen.<\/p>\n<\/li>\n<li>\n<p data-path-to-node=\"20,6,0\">Verbesserung der Elastizit\u00e4t und Spannkraft, Wiederherstellung der Schutz- und Barrierefunktionen der Haut.<\/p>\n<\/li>\n<li>\n<p data-path-to-node=\"20,7,0\">Verringerung \u00fcberm\u00e4\u00dfiger Immunreaktionen, die Entz\u00fcndungen hervorrufen.<\/p>\n<\/li>\n<li>\n<p data-path-to-node=\"20,8,0\">Reduzierung der Autoimmunkomponente bei Hauterkrankungen.<\/p>\n<\/li>\n<li>\n<p data-path-to-node=\"20,9,0\">Prophylaxe saisonaler Sch\u00fcbe.<\/p>\n<\/li>\n<li>\n<p data-path-to-node=\"20,10,0\">Verbesserung der Lebensqualit\u00e4t bei bestehenden Hauterkrankungen.<\/p>\n<\/li>\n<li>\n<p data-path-to-node=\"20,11,0\">Verringerung des psychologischen Unbehagens durch \u00e4u\u00dferliche Symptome (erm\u00f6glicht das Tragen beliebiger Kleidung ohne Reizung).<\/p>\n<\/li>\n<li>\n<p data-path-to-node=\"20,12,0\">St\u00e4rkung des Selbstvertrauens im sozialen Umfeld.<\/p>\n<\/li>\n<li>\n<p data-path-to-node=\"20,13,0\">Normalisierung des Schlafs durch Reduzierung von n\u00e4chtlichem Juckreiz.<\/p>\n<\/li>\n<li>\n<p data-path-to-node=\"20,14,0\">F\u00f6rderung langfristiger Remissionen und Prophylaxe: Verl\u00e4ngerung beschwerdefreier Phasen.<\/p>\n<\/li>\n<li>\n<p data-path-to-node=\"20,15,0\">Senkung der H\u00e4ufigkeit und Intensit\u00e4t von R\u00fcckf\u00e4llen.<\/p>\n<\/li>\n<li>\n<p data-path-to-node=\"20,16,0\">Verringerung der Abh\u00e4ngigkeit von hormonellen Salben und Pr\u00e4paraten.<\/p>\n<\/li>\n<li>\n<p data-path-to-node=\"20,17,0\">Prophylaxe von Komplikationen und Sekund\u00e4rinfektionen.<\/p>\n<\/li>\n<\/ul>\n<hr data-path-to-node=\"21\" \/>\n<p data-path-to-node=\"22\"><b data-path-to-node=\"22\" data-index-in-node=\"0\">WICHTIG! DAS KFS-GER\u00c4T IST KEIN ARZNEIMITTEL UND KEIN MEDIZINPRODUKT!<\/b><\/p>","protected":false},"excerpt":{"rendered":"<p>Dieses Ger\u00e4t ist auf die Linderung der Symptome von Hauterkrankungen und die tiefgreifende Regeneration der Hautstruktur ausgerichtet. Es f\u00f6rdert die Wiederherstellung der nat\u00fcrlichen Schutzbarriere, lindert Reizungen und verbessert nachhaltig die Hautqualit\u00e4t sowie das allgemeine Wohlbefinden bei chronischen Hautzust\u00e4nden.<\/p>","protected":false},"featured_media":2676,"comment_status":"open","ping_status":"closed","template":"","meta":[],"product_brand":[],"product_cat":[227],"product_tag":[238],"class_list":{"0":"post-2675","1":"product","2":"type-product","3":"status-publish","4":"has-post-thumbnail","6":"product_cat-vita-12","7":"product_tag-vita12p-3","9":"first","10":"instock","11":"taxable","12":"shipping-taxable","13":"purchasable","14":"product-type-simple"},"_links":{"self":[{"href":"https:\/\/vigo-rio.com\/en\/wp-json\/wp\/v2\/product\/2675","targetHints":{"allow":["GET"]}}],"collection":[{"href":"https:\/\/vigo-rio.com\/en\/wp-json\/wp\/v2\/product"}],"about":[{"href":"https:\/\/vigo-rio.com\/en\/wp-json\/wp\/v2\/types\/product"}],"replies":[{"embeddable":true,"href":"https:\/\/vigo-rio.com\/en\/wp-json\/wp\/v2\/comments?post=2675"}],"wp:featuredmedia":[{"embeddable":true,"href":"https:\/\/vigo-rio.com\/en\/wp-json\/wp\/v2\/media\/2676"}],"wp:attachment":[{"href":"https:\/\/vigo-rio.com\/en\/wp-json\/wp\/v2\/media?parent=2675"}],"wp:term":[{"taxonomy":"product_brand","embeddable":true,"href":"https:\/\/vigo-rio.com\/en\/wp-json\/wp\/v2\/product_brand?post=2675"},{"taxonomy":"product_cat","embeddable":true,"href":"https:\/\/vigo-rio.com\/en\/wp-json\/wp\/v2\/product_cat?post=2675"},{"taxonomy":"product_tag","embeddable":true,"href":"https:\/\/vigo-rio.com\/en\/wp-json\/wp\/v2\/product_tag?post=2675"}],"curies":[{"name":"wp","href":"https:\/\/api.w.org\/{rel}","templated":true}]}}