{"id":2673,"date":"2026-01-28T21:55:19","date_gmt":"2026-01-28T21:55:19","guid":{"rendered":"https:\/\/vigo-rio.com\/?post_type=product&#038;p=2673"},"modified":"2026-02-25T20:32:00","modified_gmt":"2026-02-25T20:32:00","slug":"vita12-p-2-haut-system-haut-verjuengung","status":"publish","type":"product","link":"https:\/\/vigo-rio.com\/en\/product\/vita12-p-2-haut-system-haut-verjuengung\/","title":{"rendered":"VITA12 P-2 Haut-System (Haut-Verj\u00fcngung)"},"content":{"rendered":"<p><strong>Kolzov-Platte: P-2\u00a0 Haut-System\u00a0 (Haut-Verj\u00fcngung)<\/strong><\/p>\n<p><strong data-start=\"75\" data-end=\"107\">Anti-Aging &amp; Hautverj\u00fcngung:<\/strong><br data-start=\"107\" data-end=\"110\" \/><em>Sch\u00fctzt vor vorzeitiger Hautalterung, aktiviert die zellul\u00e4re Erneuerung, verbessert Hautstruktur und -farbe und stellt die nat\u00fcrliche Hautqualit\u00e4t wieder her. Verlangsamt den Alterungsprozess und sorgt f\u00fcr einen langfristigen visuellen Effekt von Jugendlichkeit und Frische.<\/em><\/p>\n<p data-start=\"83\" data-end=\"114\"><strong data-start=\"83\" data-end=\"112\">Wirkung von FC VITA12 P\u20112<\/strong><\/p>\n<p data-start=\"116\" data-end=\"338\"><strong data-start=\"116\" data-end=\"161\">Stimulation nat\u00fcrlicher Hautregeneration:<\/strong><br data-start=\"161\" data-end=\"164\" \/><em>Aktiviert zellul\u00e4re Reparaturmechanismen, beschleunigt den Austausch alter Hautzellen und steigert die Dichte sowie Elastizit\u00e4t der Haut durch Aktivierung der Fibroblasten.<\/em><\/p>\n<p data-start=\"340\" data-end=\"534\"><strong data-start=\"340\" data-end=\"383\">F\u00f6rderung k\u00f6rpereigener Jugendproteine:<\/strong><br data-start=\"383\" data-end=\"386\" \/><em>Erh\u00f6ht die Produktion von Kollagen, Elastin und Hyaluron, gl\u00e4ttet Falten, verbessert Gesichtskonturen und sorgt f\u00fcr eine sichtbare Hautverj\u00fcngung.<\/em><\/p>\n<p data-start=\"536\" data-end=\"764\"><strong data-start=\"536\" data-end=\"573\">Ganzheitlicher Anti-Aging-Ansatz:<\/strong><br data-start=\"573\" data-end=\"576\" \/><em>Verlangsamt die Mechanismen der Zellalterung, beugt altersbedingten Ver\u00e4nderungen vor, verbessert den Teint, gleicht Hautrelief und Hydrolipidbalance aus und erh\u00e4lt die Frische der Haut.<\/em><\/p>\n<p data-start=\"766\" data-end=\"1009\"><strong data-start=\"766\" data-end=\"808\">Optimierung Zellstoffwechsel &amp; Schutz:<\/strong><br data-start=\"808\" data-end=\"811\" \/><em>Verbessert Mikrozirkulation, Sauerstoffversorgung und N\u00e4hrstoffaufnahme der Zellen. St\u00e4rkt die Widerstandskraft gegen \u00e4u\u00dfere Belastungen und aktiviert die nat\u00fcrlichen Ressourcen f\u00fcr Langlebigkeit.<\/em><\/p>\n<p data-start=\"1011\" data-end=\"1229\"><strong data-start=\"1011\" data-end=\"1054\">Wiederherstellung nat\u00fcrlicher Rhythmen:<\/strong><br data-start=\"1054\" data-end=\"1057\" \/><em>Synchronisiert biologische Zyklen von Organen und Geweben, unterst\u00fctzt die nat\u00fcrlichen Erneuerungsprozesse und schafft ein optimales Gesundheits- und Jugendgleichgewicht.<\/em><\/p>\n<p data-start=\"1231\" data-end=\"1432\"><em><strong data-start=\"1231\" data-end=\"1243\">Hinweis:<\/strong>\u00a0FC VITA12: P\u20112 ist kein Arzneimittel oder medizinisches Ger\u00e4t.\u00a0Lebenswichtige Technologien zur Unterst\u00fctzung, Wiederherstellung der K\u00f6rperressourcen und bewusstes Gesundheitsmanagement.<\/em><\/p>","protected":false},"excerpt":{"rendered":"<p><strong>P-2\u00a0 Haut-System\u00a0 (Haut-Verj\u00fcngung)<\/strong><br \/>\n(sch\u00fctzt vor vorzeitiger Hautalterung, stellt die gesunde Hauterneuerung und Hautqualit\u00e4t wieder her, verlangsamt die Hautalterung, Verj\u00fcngung)<\/p>","protected":false},"featured_media":2674,"comment_status":"open","ping_status":"closed","template":"","meta":[],"product_brand":[],"product_cat":[227],"product_tag":[239],"class_list":{"0":"post-2673","1":"product","2":"type-product","3":"status-publish","4":"has-post-thumbnail","6":"product_cat-vita-12","7":"product_tag-vita12p-2","9":"first","10":"instock","11":"taxable","12":"shipping-taxable","13":"purchasable","14":"product-type-simple"},"_links":{"self":[{"href":"https:\/\/vigo-rio.com\/en\/wp-json\/wp\/v2\/product\/2673","targetHints":{"allow":["GET"]}}],"collection":[{"href":"https:\/\/vigo-rio.com\/en\/wp-json\/wp\/v2\/product"}],"about":[{"href":"https:\/\/vigo-rio.com\/en\/wp-json\/wp\/v2\/types\/product"}],"replies":[{"embeddable":true,"href":"https:\/\/vigo-rio.com\/en\/wp-json\/wp\/v2\/comments?post=2673"}],"wp:featuredmedia":[{"embeddable":true,"href":"https:\/\/vigo-rio.com\/en\/wp-json\/wp\/v2\/media\/2674"}],"wp:attachment":[{"href":"https:\/\/vigo-rio.com\/en\/wp-json\/wp\/v2\/media?parent=2673"}],"wp:term":[{"taxonomy":"product_brand","embeddable":true,"href":"https:\/\/vigo-rio.com\/en\/wp-json\/wp\/v2\/product_brand?post=2673"},{"taxonomy":"product_cat","embeddable":true,"href":"https:\/\/vigo-rio.com\/en\/wp-json\/wp\/v2\/product_cat?post=2673"},{"taxonomy":"product_tag","embeddable":true,"href":"https:\/\/vigo-rio.com\/en\/wp-json\/wp\/v2\/product_tag?post=2673"}],"curies":[{"name":"wp","href":"https:\/\/api.w.org\/{rel}","templated":true}]}}