{"id":2671,"date":"2026-01-28T21:54:39","date_gmt":"2026-01-28T21:54:39","guid":{"rendered":"https:\/\/vigo-rio.com\/?post_type=product&#038;p=2671"},"modified":"2026-03-25T16:57:00","modified_gmt":"2026-03-25T16:57:00","slug":"vita12-p-1-haut-system-hautgesundheit-und-regeneration","status":"publish","type":"product","link":"https:\/\/vigo-rio.com\/en\/product\/vita12-p-1-haut-system-hautgesundheit-und-regeneration\/","title":{"rendered":"VITA12 P-1 Haut-System (Hautgesundheit und Regeneration)"},"content":{"rendered":"<div class=\"product-page__description\">\n<p><strong>Kolzov-Platte: P-1\u00a0 Haut-System (Hautgesundheit und Regeneration)<\/strong><\/p>\n<p><strong data-start=\"85\" data-end=\"119\">Hautregeneration &amp; Verj\u00fcngung:<\/strong><br data-start=\"119\" data-end=\"122\" \/><em>Hilft bei Hautentz\u00fcndungen, Reizungen und Erkrankungen wie Akne, Rosazea oder Ekzemen, unterst\u00fctzt die Heilung von innen. F\u00f6rdert die Produktion von Kollagen, Elastin und Hyaluron, steigert den Hautturgor, verbessert den Teint, reduziert postentz\u00fcndliche Makel und sorgt f\u00fcr ein gesundes, strahlendes Hautbild \u2013 mit sichtbarem Lifting-Effekt.<\/em><\/p>\n<p data-start=\"83\" data-end=\"114\"><strong data-start=\"83\" data-end=\"112\">Wirkung von FC VITA12: P\u20111<\/strong><\/p>\n<p data-start=\"116\" data-end=\"303\"><strong data-start=\"116\" data-end=\"148\">Hautgesundheit &amp; Pr\u00e4vention:<\/strong><br data-start=\"148\" data-end=\"151\" \/><em>Unterst\u00fctzt die Hautgesundheit, reguliert die Talgdr\u00fcsenaktivit\u00e4t, reduziert Entz\u00fcndungen und minimiert das Risiko von Akne und anderen Hautproblemen.<\/em><\/p>\n<p data-start=\"305\" data-end=\"585\"><strong data-start=\"305\" data-end=\"353\">Stimulation nat\u00fcrlicher Verj\u00fcngungsprozesse:<\/strong><br data-start=\"353\" data-end=\"356\" \/><em>Aktiviert Fibroblasten und epidermale Wachstumsfaktoren, f\u00f6rdert die Bildung von Hyaluron, steigert die Hautdichte und den Turgor, korrigiert die Gesichtskonturen und reduziert Mimikfalten \u2013 f\u00fcr einen sichtbaren Lifting-Effekt.<\/em><\/p>\n<p data-start=\"587\" data-end=\"820\"><strong data-start=\"587\" data-end=\"649\">Beschleunigte Heilung &amp; Korrektur pathologischer Zust\u00e4nde:<\/strong><br data-start=\"649\" data-end=\"652\" \/><em>Unterst\u00fctzt die Reparaturprozesse bei Dermatosen (Psoriasis, Ekzeme, Dermatitis), Rosazea, Akne und Dyschromien. Reduziert postentz\u00fcndliche Defekte und Narbenbildung.<\/em><\/p>\n<p data-start=\"822\" data-end=\"1006\"><strong data-start=\"822\" data-end=\"857\">Ganzheitliche Hautverbesserung:<\/strong><br data-start=\"857\" data-end=\"860\" \/><em>Hydratisiert tief, beugt Austrocknung vor, hellt hyperpigmentierte Stellen auf, detoxifiziert und verleiht der Haut frisches, gesundes Strahlen.<\/em><\/p>\n<p data-start=\"1008\" data-end=\"1266\"><strong data-start=\"1008\" data-end=\"1047\">Stoffwechsel &amp; Resistenzsteigerung:<\/strong><br data-start=\"1047\" data-end=\"1050\" \/><em>Normalisiert metabolische Prozesse in Haut und K\u00f6rper, unterst\u00fctzt langfristig die Heilung bei psoriatischen, ekzemat\u00f6sen oder atopischen Ver\u00e4nderungen und sorgt f\u00fcr einen nachhaltigen gesundheitsf\u00f6rdernden Effekt.<\/em><\/p>\n<p data-start=\"1268\" data-end=\"1469\"><em><strong data-start=\"1268\" data-end=\"1280\">Hinweis:<\/strong>\u00a0FC VITA12: P\u20111 ist kein Arzneimittel oder medizinisches Ger\u00e4t.\u00a0Lebenswichtige Technologien zur Unterst\u00fctzung, Wiederherstellung der K\u00f6rperressourcen und bewusstes Gesundheitsmanagement.<\/em><\/p>\n<\/div>\n<div class=\"product-page__social\">\n<div class=\"jw-block-element\">\n<div id=\"jw-element-\" class=\"jw-tree-node jw-element jw-social-share jw-node-is-first-child jw-node-is-last-child\" data-jw-element-id=\"\">\n<div class=\"jw-element-social-share\">\n<div class=\"share-button-container share-button-container--buttons-mini share-button-container--align-left jw-element-content\"><\/div>\n<\/div>\n<\/div>\n<\/div>\n<\/div>","protected":false},"excerpt":{"rendered":"<p><strong>P-1\u00a0 Haut-System (Hautgesundheit und Regeneration)<\/strong><br \/>\n(hilft bei Hautentz\u00fcndungen, Reizungen und Hauterkrankungen, regeneriert und verj\u00fcngt die Haut von innen, f\u00f6rdert die Produktion von Hyaluron, Kollagen und Elastin, Lifting-Effekt)<\/p>","protected":false},"featured_media":2672,"comment_status":"open","ping_status":"closed","template":"","meta":[],"product_brand":[],"product_cat":[227],"product_tag":[240],"class_list":{"0":"post-2671","1":"product","2":"type-product","3":"status-publish","4":"has-post-thumbnail","6":"product_cat-vita-12","7":"product_tag-vita12p-1","9":"first","10":"instock","11":"taxable","12":"shipping-taxable","13":"purchasable","14":"product-type-simple"},"_links":{"self":[{"href":"https:\/\/vigo-rio.com\/en\/wp-json\/wp\/v2\/product\/2671","targetHints":{"allow":["GET"]}}],"collection":[{"href":"https:\/\/vigo-rio.com\/en\/wp-json\/wp\/v2\/product"}],"about":[{"href":"https:\/\/vigo-rio.com\/en\/wp-json\/wp\/v2\/types\/product"}],"replies":[{"embeddable":true,"href":"https:\/\/vigo-rio.com\/en\/wp-json\/wp\/v2\/comments?post=2671"}],"wp:featuredmedia":[{"embeddable":true,"href":"https:\/\/vigo-rio.com\/en\/wp-json\/wp\/v2\/media\/2672"}],"wp:attachment":[{"href":"https:\/\/vigo-rio.com\/en\/wp-json\/wp\/v2\/media?parent=2671"}],"wp:term":[{"taxonomy":"product_brand","embeddable":true,"href":"https:\/\/vigo-rio.com\/en\/wp-json\/wp\/v2\/product_brand?post=2671"},{"taxonomy":"product_cat","embeddable":true,"href":"https:\/\/vigo-rio.com\/en\/wp-json\/wp\/v2\/product_cat?post=2671"},{"taxonomy":"product_tag","embeddable":true,"href":"https:\/\/vigo-rio.com\/en\/wp-json\/wp\/v2\/product_tag?post=2671"}],"curies":[{"name":"wp","href":"https:\/\/api.w.org\/{rel}","templated":true}]}}