{"id":2669,"date":"2026-01-28T21:52:28","date_gmt":"2026-01-28T21:52:28","guid":{"rendered":"https:\/\/vigo-rio.com\/?post_type=product&#038;p=2669"},"modified":"2026-02-23T20:01:14","modified_gmt":"2026-02-23T20:01:14","slug":"vita12-n-3-nervensystem-gehirn-lernen-motorik-schlaganfall-behandlung","status":"publish","type":"product","link":"https:\/\/vigo-rio.com\/en\/product\/vita12-n-3-nervensystem-gehirn-lernen-motorik-schlaganfall-behandlung\/","title":{"rendered":"VITA12 N-3 Nervensystem (Gehirn &#8211; Lernen, Motorik, Schlaganfall-Behandlung)"},"content":{"rendered":"<p data-path-to-node=\"4\"><b data-path-to-node=\"4\" data-index-in-node=\"0\">Die Wirkung des N-3-Ger\u00e4ts zielt ab auf:<\/b><\/p>\n<ul data-path-to-node=\"5\">\n<li>\n<p data-path-to-node=\"5,0,0\">Wiederherstellung neurologischer Funktionen und nerv\u00f6ser Verbindungen.<\/p>\n<\/li>\n<li>\n<p data-path-to-node=\"5,1,0\">Ganzheitlicher Ansatz zur Stimulierung der Neuroplastizit\u00e4t f\u00fcr die Regeneration gesch\u00e4digter Neuronenverbindungen.<\/p>\n<\/li>\n<li>\n<p data-path-to-node=\"5,2,0\">Verbesserung kognitiver Funktionen (Ged\u00e4chtnis, Aufmerksamkeit, Sprache).<\/p>\n<\/li>\n<li>\n<p data-path-to-node=\"5,3,0\">Verringerung der Auspr\u00e4gung neurologischer Defizite.<\/p>\n<\/li>\n<li>\n<p data-path-to-node=\"5,4,0\">Wiederherstellung der Sensibilit\u00e4t und der taktilen Wahrnehmung.<\/p>\n<\/li>\n<li>\n<p data-path-to-node=\"5,5,0\">Normalisierung der motorischen Aktivit\u00e4t: Wiederherstellung motorischer Funktionen und der Bewegungskoordination, Verringerung von Muskelspastik und Hypertonus, Verbesserung der Feinmotorik und Pr\u00e4zision der Bewegungen.<\/p>\n<\/li>\n<li>\n<p data-path-to-node=\"5,6,0\">Prophylaxe von Muskelatrophie und Kontrakturen.<\/p>\n<\/li>\n<li>\n<p data-path-to-node=\"5,7,0\">Stabilisierung der wichtigsten K\u00f6rpersysteme nach der \u00fcberstandenen Erkrankung.<\/p>\n<\/li>\n<li>\n<p data-path-to-node=\"5,8,0\">Normalisierung des Blutdrucks und der zerebralen Durchblutung, Verbesserung der Mikrozirkulation in den betroffenen Hirnarealen im Rahmen einer Komplextherapie.<\/p>\n<\/li>\n<li>\n<p data-path-to-node=\"5,9,0\">Unterst\u00fctzung der Herz-Kreislauf- und Nervensysteme, Stabilisierung des emotionalen Zustands.<\/p>\n<\/li>\n<li>\n<p data-path-to-node=\"5,10,0\">Rehabilitation der Sprach- und Kommunikationsfunktionen: Unterst\u00fctzung bei der Wiederherstellung der Sprechaktivit\u00e4t, Verbesserung von Artikulation und Diktion sowie der Klarheit und Deutlichkeit der Sprache.<\/p>\n<\/li>\n<li>\n<p data-path-to-node=\"5,11,0\">Wiederherstellung verbaler Kommunikationsf\u00e4higkeiten und der F\u00e4higkeit, sich frei und verst\u00e4ndlich mit Worten auszudr\u00fccken.<\/p>\n<\/li>\n<li>\n<p data-path-to-node=\"5,12,0\">Vorbeugung erneuter St\u00f6rungen der zerebralen Durchblutung.<\/p>\n<\/li>\n<li>\n<p data-path-to-node=\"5,13,0\">Senkung des Thromboserisikos und Verbesserung der rheologischen Eigenschaften des Blutes.<\/p>\n<\/li>\n<li>\n<p data-path-to-node=\"5,14,0\">Prophylaxe von kognitiven St\u00f6rungen nach einem Schlaganfall.<\/p>\n<\/li>\n<li>\n<p data-path-to-node=\"5,15,0\">Soziale Anpassung und Lebensqualit\u00e4t: Wiederherstellung von Alltagsfertigkeiten und Selbstst\u00e4ndigkeit.<\/p>\n<\/li>\n<li>\n<p data-path-to-node=\"5,16,0\">Verbesserung des psychoemotionalen Zustands, Verringerung von Angstzust\u00e4nden und depressiven Erscheinungen.<\/p>\n<\/li>\n<li>\n<p data-path-to-node=\"5,17,0\">Steigerung der Motivation zur Rehabilitation.<\/p>\n<\/li>\n<\/ul>\n<hr data-path-to-node=\"6\" \/>\n<p data-path-to-node=\"7\"><b data-path-to-node=\"7\" data-index-in-node=\"0\">WICHTIG! DAS KFS-GER\u00c4T IST KEIN ARZNEIMITTEL UND KEIN MEDIZINPRODUKT!<\/b><\/p>","protected":false},"excerpt":{"rendered":"<p><b data-path-to-node=\"3\" data-index-in-node=\"0\">Das Ger\u00e4t N-3 bietet eine umfassende Unterst\u00fctzung w\u00e4hrend der Rehabilitationsphase nach einem Schlaganfall. Es tr\u00e4gt zu einer maximal vollst\u00e4ndigen Rehabilitation bei, verk\u00fcrzt deren Dauer und unterst\u00fctzt die R\u00fcckkehr zu einem vollwertigen Leben durch die Aktivierung k\u00f6rpereigener Reserven sowie die systemische Wiederherstellung beeintr\u00e4chtigter Funktionen.<\/b><\/p>","protected":false},"featured_media":2670,"comment_status":"open","ping_status":"closed","template":"","meta":[],"product_brand":[],"product_cat":[227],"product_tag":[241],"class_list":{"0":"post-2669","1":"product","2":"type-product","3":"status-publish","4":"has-post-thumbnail","6":"product_cat-vita-12","7":"product_tag-vita12n-3","9":"first","10":"instock","11":"taxable","12":"shipping-taxable","13":"purchasable","14":"product-type-simple"},"_links":{"self":[{"href":"https:\/\/vigo-rio.com\/en\/wp-json\/wp\/v2\/product\/2669","targetHints":{"allow":["GET"]}}],"collection":[{"href":"https:\/\/vigo-rio.com\/en\/wp-json\/wp\/v2\/product"}],"about":[{"href":"https:\/\/vigo-rio.com\/en\/wp-json\/wp\/v2\/types\/product"}],"replies":[{"embeddable":true,"href":"https:\/\/vigo-rio.com\/en\/wp-json\/wp\/v2\/comments?post=2669"}],"wp:featuredmedia":[{"embeddable":true,"href":"https:\/\/vigo-rio.com\/en\/wp-json\/wp\/v2\/media\/2670"}],"wp:attachment":[{"href":"https:\/\/vigo-rio.com\/en\/wp-json\/wp\/v2\/media?parent=2669"}],"wp:term":[{"taxonomy":"product_brand","embeddable":true,"href":"https:\/\/vigo-rio.com\/en\/wp-json\/wp\/v2\/product_brand?post=2669"},{"taxonomy":"product_cat","embeddable":true,"href":"https:\/\/vigo-rio.com\/en\/wp-json\/wp\/v2\/product_cat?post=2669"},{"taxonomy":"product_tag","embeddable":true,"href":"https:\/\/vigo-rio.com\/en\/wp-json\/wp\/v2\/product_tag?post=2669"}],"curies":[{"name":"wp","href":"https:\/\/api.w.org\/{rel}","templated":true}]}}