{"id":2667,"date":"2026-01-28T21:51:41","date_gmt":"2026-01-28T21:51:41","guid":{"rendered":"https:\/\/vigo-rio.com\/?post_type=product&#038;p=2667"},"modified":"2026-04-14T08:56:03","modified_gmt":"2026-04-14T08:56:03","slug":"vita12-n-2-nervensystem-gehirn-anti-kopfschmerz","status":"publish","type":"product","link":"https:\/\/vigo-rio.com\/en\/product\/vita12-n-2-nervensystem-gehirn-anti-kopfschmerz\/","title":{"rendered":"VITA12 N-2 Nervensystem (Gehirn &#8211; Anti-Kopfschmerz)"},"content":{"rendered":"<p><strong>Kolzov-Platte: N-2\u00a0 Nervensystem (Gehirn &#8211; Anti-Kopfschmerz)<\/strong><\/p>\n<p>Hilft, Kopfschmerzattacken (Migr\u00e4ne, Spannungskopfschmerzen, Gef\u00e4\u00dfkr\u00e4mpfe) zu lindern und deren H\u00e4ufigkeit zu verringern.<br data-start=\"261\" data-end=\"264\" \/>F\u00f6rdert die Verbesserung der kognitiven Funktionen, die Normalisierung des Blutflusses und des Gef\u00e4\u00dfdrucks, l\u00f6st sanft Krampfzust\u00e4nde, reduziert die Auswirkungen von Stress und unterst\u00fctzt ein allgemein positives Wohlbefinden.<\/p>\n<h3 data-start=\"151\" data-end=\"178\">Wirkung von FC VITA12: N\u20112<\/h3>\n<p data-start=\"180\" data-end=\"484\"><strong data-start=\"180\" data-end=\"214\">Schmerzlinderung &amp; Pr\u00e4vention:<\/strong><br data-start=\"214\" data-end=\"217\" \/>Reduziert H\u00e4ufigkeit und Intensit\u00e4t von Kopfschmerzen verschiedenster Art (Migr\u00e4ne, Spannungskopfschmerzen, Gef\u00e4\u00dfkr\u00e4mpfe) und verhindert erneute Attacken.<br data-start=\"379\" data-end=\"382\" \/>Unterst\u00fctzt die Normalisierung des intrakraniellen Drucks und die Gef\u00e4\u00dffunktion des Gehirns.<\/p>\n<p data-start=\"486\" data-end=\"769\"><strong data-start=\"486\" data-end=\"520\">Gef\u00e4\u00df- &amp; Sauerstoffversorgung:<\/strong><br data-start=\"520\" data-end=\"523\" \/>F\u00f6rdert die Durchblutung, Erweiterung kleiner Arterien und Optimierung des Sauerstofftransports im Gehirn.<br data-start=\"641\" data-end=\"644\" \/>Hilft, Gef\u00e4\u00dfkr\u00e4mpfe zu l\u00f6sen und den Blutfluss zu regulieren.<br data-start=\"713\" data-end=\"716\" \/>Unterst\u00fctzt die Metabolismusprozesse im Gehirn.<\/p>\n<p data-start=\"771\" data-end=\"990\"><strong data-start=\"771\" data-end=\"794\">Schutz &amp; Kognition:<\/strong><br data-start=\"794\" data-end=\"797\" \/>Bietet nootrope und anti-hypoxische Effekte, sch\u00fctzt die Gehirnzellen vor Sauerstoffmangel und oxidativem Stress.<br data-start=\"918\" data-end=\"921\" \/>Verbessert Ged\u00e4chtnis, Aufmerksamkeit und kognitive Funktionen.<\/p>\n<p data-start=\"992\" data-end=\"1229\"><strong data-start=\"992\" data-end=\"1018\">Stressabbau &amp; Emotion:<\/strong><br data-start=\"1018\" data-end=\"1021\" \/>Reduziert Stressbelastung und M\u00fcdigkeit, steigert die Belastbarkeit gegen\u00fcber Nervenspannung, mindert Reizbarkeit und Angst.<br data-start=\"1157\" data-end=\"1160\" \/>F\u00f6rdert ein stabileres und positives emotionales Gleichgewicht.<\/p>\n<p data-start=\"1231\" data-end=\"1456\"><strong data-start=\"1231\" data-end=\"1275\">Langfristige Unterst\u00fctzung &amp; Pr\u00e4vention:<\/strong><br data-start=\"1275\" data-end=\"1278\" \/>Unterst\u00fctzt bei neurologischen St\u00f6rungen und Kopfschmerzen bei Klimazonenwechsel.<br data-start=\"1367\" data-end=\"1370\" \/>Sichert die pr\u00e4ventive Langzeitwirkung und sch\u00fctzt vor wiederkehrenden Attacken.<\/p>\n<p data-start=\"1458\" data-end=\"1651\"><em data-start=\"1458\" data-end=\"1649\"><strong>Hinweis<\/strong>: FC VITA12: N\u20112 ist kein Arzneimittel oder medizinisches Ger\u00e4t. Lebenswichtige Technologien zur Unterst\u00fctzung, Wiederherstellung der K\u00f6rperressourcen und bewusstes Gesundheitsmanagement.<\/em><\/p>","protected":false},"excerpt":{"rendered":"<p>(lindert Kopfschmerzen aller Art, verbessert die kognitiven Funktionen, normalisiert Durchblutung und Hirndruck)<\/p>","protected":false},"featured_media":2668,"comment_status":"open","ping_status":"closed","template":"","meta":[],"product_brand":[],"product_cat":[227],"product_tag":[242],"class_list":{"0":"post-2667","1":"product","2":"type-product","3":"status-publish","4":"has-post-thumbnail","6":"product_cat-vita-12","7":"product_tag-vita12n-2","9":"first","10":"instock","11":"taxable","12":"shipping-taxable","13":"purchasable","14":"product-type-simple"},"_links":{"self":[{"href":"https:\/\/vigo-rio.com\/en\/wp-json\/wp\/v2\/product\/2667","targetHints":{"allow":["GET"]}}],"collection":[{"href":"https:\/\/vigo-rio.com\/en\/wp-json\/wp\/v2\/product"}],"about":[{"href":"https:\/\/vigo-rio.com\/en\/wp-json\/wp\/v2\/types\/product"}],"replies":[{"embeddable":true,"href":"https:\/\/vigo-rio.com\/en\/wp-json\/wp\/v2\/comments?post=2667"}],"wp:featuredmedia":[{"embeddable":true,"href":"https:\/\/vigo-rio.com\/en\/wp-json\/wp\/v2\/media\/2668"}],"wp:attachment":[{"href":"https:\/\/vigo-rio.com\/en\/wp-json\/wp\/v2\/media?parent=2667"}],"wp:term":[{"taxonomy":"product_brand","embeddable":true,"href":"https:\/\/vigo-rio.com\/en\/wp-json\/wp\/v2\/product_brand?post=2667"},{"taxonomy":"product_cat","embeddable":true,"href":"https:\/\/vigo-rio.com\/en\/wp-json\/wp\/v2\/product_cat?post=2667"},{"taxonomy":"product_tag","embeddable":true,"href":"https:\/\/vigo-rio.com\/en\/wp-json\/wp\/v2\/product_tag?post=2667"}],"curies":[{"name":"wp","href":"https:\/\/api.w.org\/{rel}","templated":true}]}}