{"id":2665,"date":"2026-01-28T21:50:57","date_gmt":"2026-01-28T21:50:57","guid":{"rendered":"https:\/\/vigo-rio.com\/?post_type=product&#038;p=2665"},"modified":"2026-04-15T08:51:21","modified_gmt":"2026-04-15T08:51:21","slug":"vita12-n-1-nervensystem-gehirn-gedaechtnis-und-gehirngesundheit","status":"publish","type":"product","link":"https:\/\/vigo-rio.com\/en\/product\/vita12-n-1-nervensystem-gehirn-gedaechtnis-und-gehirngesundheit\/","title":{"rendered":"VITA12 N-1 Nervensystem (Gehirn &#8211; Ged\u00e4chtnis und Gehirngesundheit)"},"content":{"rendered":"<p><strong>Kolzov-Platte: N-1\u00a0 Nervensystem (Gehirn &#8211; Ged\u00e4chtnis und Gehirngesundheit)<\/strong><\/p>\n<p data-start=\"130\" data-end=\"340\">Zur Verbesserung des Ged\u00e4chtnisses, zur Steigerung der Konzentration und der Denkgeschwindigkeit.<br data-start=\"239\" data-end=\"242\" \/>Hilft, geistige Belastungen leichter zu bew\u00e4ltigen und Informationen besser aufzunehmen.<\/p>\n<p data-start=\"342\" data-end=\"590\">Tr\u00e4gt zum Schutz vor Stress, Ersch\u00f6pfung und altersbedingten Ver\u00e4nderungen bei, f\u00f6rdert das emotionale Gleichgewicht, unterst\u00fctzt die geistige Klarheit in jedem Alter und bietet Hilfe bei degenerativen St\u00f6rungen des Nervensystems.<\/p>\n<h3 data-start=\"126\" data-end=\"153\">Wirkung von FC VITA12: N-1<\/h3>\n<p data-start=\"155\" data-end=\"294\"><strong data-start=\"155\" data-end=\"169\">Kognition:<\/strong><br data-start=\"169\" data-end=\"172\" \/>Verbessert Ged\u00e4chtnis, Intelligenz und Denkqualit\u00e4t, steigert Konzentration und geistige Leistungsf\u00e4higkeit.<\/p>\n<p data-start=\"296\" data-end=\"456\"><strong data-start=\"296\" data-end=\"316\">Gehirnresistenz:<\/strong><br data-start=\"316\" data-end=\"319\" \/>Sch\u00fctzt vor Belastung, Hypoxie und degenerativen Erkrankungen, f\u00f6rdert die Durchblutung und unterst\u00fctzt die Gehirnfunktion.<\/p>\n<p data-start=\"458\" data-end=\"602\"><strong data-start=\"458\" data-end=\"479\">Emotion &amp; Schlaf:<\/strong><br data-start=\"479\" data-end=\"482\" \/>Reduziert Stress, Angst und Nervenspannung, stabilisiert die emotionale Balance und f\u00f6rdert erholsamen Schlaf.<\/p>\n<p data-start=\"604\" data-end=\"789\"><strong data-start=\"604\" data-end=\"630\">Gesundheit &amp; Funktion:<\/strong><br data-start=\"630\" data-end=\"633\" \/>Verringert M\u00fcdigkeit und Reizbarkeit, unterst\u00fctzt das zentrale und periphere Nervensystem und erh\u00e4lt die volle Leistungsf\u00e4higkeit des Gehirns.<\/p>\n<p><em data-start=\"1458\" data-end=\"1649\"><strong>Hinweis<\/strong>: FC VITA12: N\u20111 ist kein Arzneimittel oder medizinisches Ger\u00e4t. Lebenswichtige Technologien zur Unterst\u00fctzung, Wiederherstellung der K\u00f6rperressourcen und bewusstes Gesundheitsmanagement.<\/em><\/p>","protected":false},"excerpt":{"rendered":"<p>(st\u00e4rkt Ged\u00e4chtnis, Konzentrations- und Leistungsf\u00e4higkeit, verbessert die Verarbeitung von Informationen, beugt degenerativen Erkrankungen des Gehirns vor)<\/p>","protected":false},"featured_media":2666,"comment_status":"open","ping_status":"closed","template":"","meta":[],"product_brand":[],"product_cat":[227],"product_tag":[243],"class_list":{"0":"post-2665","1":"product","2":"type-product","3":"status-publish","4":"has-post-thumbnail","6":"product_cat-vita-12","7":"product_tag-vita12n-1","9":"first","10":"instock","11":"taxable","12":"shipping-taxable","13":"purchasable","14":"product-type-simple"},"_links":{"self":[{"href":"https:\/\/vigo-rio.com\/en\/wp-json\/wp\/v2\/product\/2665","targetHints":{"allow":["GET"]}}],"collection":[{"href":"https:\/\/vigo-rio.com\/en\/wp-json\/wp\/v2\/product"}],"about":[{"href":"https:\/\/vigo-rio.com\/en\/wp-json\/wp\/v2\/types\/product"}],"replies":[{"embeddable":true,"href":"https:\/\/vigo-rio.com\/en\/wp-json\/wp\/v2\/comments?post=2665"}],"wp:featuredmedia":[{"embeddable":true,"href":"https:\/\/vigo-rio.com\/en\/wp-json\/wp\/v2\/media\/2666"}],"wp:attachment":[{"href":"https:\/\/vigo-rio.com\/en\/wp-json\/wp\/v2\/media?parent=2665"}],"wp:term":[{"taxonomy":"product_brand","embeddable":true,"href":"https:\/\/vigo-rio.com\/en\/wp-json\/wp\/v2\/product_brand?post=2665"},{"taxonomy":"product_cat","embeddable":true,"href":"https:\/\/vigo-rio.com\/en\/wp-json\/wp\/v2\/product_cat?post=2665"},{"taxonomy":"product_tag","embeddable":true,"href":"https:\/\/vigo-rio.com\/en\/wp-json\/wp\/v2\/product_tag?post=2665"}],"curies":[{"name":"wp","href":"https:\/\/api.w.org\/{rel}","templated":true}]}}