{"id":2663,"date":"2026-01-28T21:50:06","date_gmt":"2026-01-28T21:50:06","guid":{"rendered":"https:\/\/vigo-rio.com\/?post_type=product&#038;p=2663"},"modified":"2026-04-15T08:51:21","modified_gmt":"2026-04-15T08:51:21","slug":"vita12-m-3-stuetz-und-bewegungssystem-bewegungsapparat-gelenke-mobilitaet-im-alter","status":"publish","type":"product","link":"https:\/\/vigo-rio.com\/en\/product\/vita12-m-3-stuetz-und-bewegungssystem-bewegungsapparat-gelenke-mobilitaet-im-alter\/","title":{"rendered":"VITA12 M-3 St\u00fctz- und Bewegungssystem (Bewegungsapparat &#8211; Gelenke, Mobilit\u00e4t im Alter)"},"content":{"rendered":"<div class=\"ng-tns-c3621189432-96\">\n<section id=\"processing-state-6\" class=\"processing-state_container ng-tns-c3621189432-96 is-gpi-avatar ng-trigger ng-trigger-processingStateShowHide ng-star-inserted is-done-processing\">\n<div id=\"processing-state-6-summary\" class=\"processing-state_details ng-trigger ng-trigger-menuExpansion ng-tns-c3621189432-96 is-gpi-avatar ng-star-inserted\" aria-hidden=\"true\">\n<p>&nbsp;<\/p>\n<\/div>\n<\/section>\n<\/div>\n<div class=\"response-content ng-tns-c2331230578-95\">\n<div class=\"container\">\n<div id=\"model-response-message-contentr_ea02b3577a32782d\" class=\"markdown markdown-main-panel enable-updated-hr-color\" dir=\"ltr\" aria-live=\"polite\" aria-busy=\"false\">\n<p data-path-to-node=\"4\"><b data-path-to-node=\"4\" data-index-in-node=\"0\">Die Wirkung des M-3-Ger\u00e4ts zielt ab auf:<\/b><\/p>\n<ul data-path-to-node=\"5\">\n<li>\n<p data-path-to-node=\"5,0,0\">Wiederherstellung der nat\u00fcrlichen Beweglichkeit von Gelenken und Wirbels\u00e4ule.<\/p>\n<\/li>\n<li>\n<p data-path-to-node=\"5,1,0\">Vergr\u00f6\u00dferung des Bewegungsumfangs und der Flexibilit\u00e4t in allen Gelenkgruppen.<\/p>\n<\/li>\n<li>\n<p data-path-to-node=\"5,2,0\">Verbesserung der Elastizit\u00e4t und Dehnbarkeit von Muskeln, B\u00e4ndern und Sehnen.<\/p>\n<\/li>\n<li>\n<p data-path-to-node=\"5,3,0\">Prophylaxe und Beseitigung von Steifheitsgef\u00fchlen im K\u00f6rper, insbesondere nach Ruhephasen.<\/p>\n<\/li>\n<li>\n<p data-path-to-node=\"5,4,0\">Wiederherstellung einer korrekten Biomechanik der Bewegungen und der K\u00f6rperhaltung.<\/p>\n<\/li>\n<li>\n<p data-path-to-node=\"5,5,0\">Unterst\u00fctzung der Gelenkgesundheit durch Aktivierung von Regenerations- und N\u00e4hrstoffprozessen im Gewebe zur Verbesserung des Zustands des Knorpelgewebes und zur Erh\u00f6hung der Gelenkbeweglichkeit.<\/p>\n<\/li>\n<li>\n<p data-path-to-node=\"5,6,0\">Sanfte Stimulierung der Produktion von Synovialfl\u00fcssigkeit f\u00fcr eine nat\u00fcrliche Gelenkschmierung.<\/p>\n<\/li>\n<li>\n<p data-path-to-node=\"5,7,0\">Verringerung der Reibung von Gelenkfl\u00e4chen bei Bewegung.<\/p>\n<\/li>\n<li>\n<p data-path-to-node=\"5,8,0\">Prophylaxe degenerativer Ver\u00e4nderungen in den Gelenken und der Wirbels\u00e4ule.<\/p>\n<\/li>\n<li>\n<p data-path-to-node=\"5,9,0\">Optimierung der Funktion des Muskelsystems.<\/p>\n<\/li>\n<li>\n<p data-path-to-node=\"5,10,0\">L\u00f6sung von Muskelspasmen und Hypertonus, Verbesserung der Durchblutung und Ern\u00e4hrung des Muskelgewebes.<\/p>\n<\/li>\n<li>\n<p data-path-to-node=\"5,11,0\">Beschleunigung der Regeneration nach k\u00f6rperlicher Belastung, Steigerung der Ausdauer und Kraftwerte (Sport, Fitness).<\/p>\n<\/li>\n<li>\n<p data-path-to-node=\"5,12,0\">Unterst\u00fctzung des Knochensystems: Verbesserung der Mikrozirkulation im periartikul\u00e4ren Gewebe und Stimulierung des Mineralstoffwechsels im Knochengewebe.<\/p>\n<\/li>\n<li>\n<p data-path-to-node=\"5,13,0\">Schaffung optimaler Bedingungen f\u00fcr die Erholung nach Verletzungen.<\/p>\n<\/li>\n<li>\n<p data-path-to-node=\"5,14,0\">Prophylaxe altersbedingter Ver\u00e4nderungen des Bewegungsapparates.<\/p>\n<\/li>\n<li>\n<p data-path-to-node=\"5,15,0\">Ganzheitliche Gesundung des St\u00fctz- und Bewegungsapparates.<\/p>\n<\/li>\n<li>\n<p data-path-to-node=\"5,16,0\">Verringerung von Beschwerden bei Bewegungen, die mit altersbedingten Ver\u00e4nderungen zusammenh\u00e4ngen.<\/p>\n<\/li>\n<li>\n<p data-path-to-node=\"5,17,0\">Unterst\u00fctzung der physiologisch gesunden Beweglichkeit in jedem Alter.<\/p>\n<\/li>\n<li>\n<p data-path-to-node=\"5,18,0\">Verbesserung der Lebensqualit\u00e4t bei chronischen Gelenkerkrankungen.<\/p>\n<\/li>\n<li>\n<p data-path-to-node=\"5,19,0\">Prophylaxe der Entstehung von Kontrakturen und Bewegungseinschr\u00e4nkungen.<\/p>\n<\/li>\n<\/ul>\n<hr data-path-to-node=\"6\" \/>\n<p data-path-to-node=\"7\"><b data-path-to-node=\"7\" data-index-in-node=\"0\">WICHTIG! DAS KFS-GER\u00c4T IST KEIN ARZNEIMITTEL UND KEIN MEDIZINPRODUKT!<\/b><\/p>\n<\/div>\n<\/div>\n<\/div>","protected":false},"excerpt":{"rendered":"<p><b data-path-to-node=\"3\" data-index-in-node=\"0\">Das Ger\u00e4t M-3 hilft dabei, die Leichtigkeit der Bewegung sowie die Flexibilit\u00e4t der Gelenke zu bewahren und wiederherzustellen. Es bietet eine umfassende Unterst\u00fctzung f\u00fcr den gesamten Bewegungsapparat und tr\u00e4gt dazu bei, in jedem Alter einen aktiven Lebensstil beizubehalten.<\/b><\/p>","protected":false},"featured_media":2664,"comment_status":"open","ping_status":"closed","template":"","meta":[],"product_brand":[],"product_cat":[227],"product_tag":[244],"class_list":{"0":"post-2663","1":"product","2":"type-product","3":"status-publish","4":"has-post-thumbnail","6":"product_cat-vita-12","7":"product_tag-vita12m-3","9":"first","10":"instock","11":"taxable","12":"shipping-taxable","13":"purchasable","14":"product-type-simple"},"_links":{"self":[{"href":"https:\/\/vigo-rio.com\/en\/wp-json\/wp\/v2\/product\/2663","targetHints":{"allow":["GET"]}}],"collection":[{"href":"https:\/\/vigo-rio.com\/en\/wp-json\/wp\/v2\/product"}],"about":[{"href":"https:\/\/vigo-rio.com\/en\/wp-json\/wp\/v2\/types\/product"}],"replies":[{"embeddable":true,"href":"https:\/\/vigo-rio.com\/en\/wp-json\/wp\/v2\/comments?post=2663"}],"wp:featuredmedia":[{"embeddable":true,"href":"https:\/\/vigo-rio.com\/en\/wp-json\/wp\/v2\/media\/2664"}],"wp:attachment":[{"href":"https:\/\/vigo-rio.com\/en\/wp-json\/wp\/v2\/media?parent=2663"}],"wp:term":[{"taxonomy":"product_brand","embeddable":true,"href":"https:\/\/vigo-rio.com\/en\/wp-json\/wp\/v2\/product_brand?post=2663"},{"taxonomy":"product_cat","embeddable":true,"href":"https:\/\/vigo-rio.com\/en\/wp-json\/wp\/v2\/product_cat?post=2663"},{"taxonomy":"product_tag","embeddable":true,"href":"https:\/\/vigo-rio.com\/en\/wp-json\/wp\/v2\/product_tag?post=2663"}],"curies":[{"name":"wp","href":"https:\/\/api.w.org\/{rel}","templated":true}]}}