{"id":2661,"date":"2026-01-28T21:49:27","date_gmt":"2026-01-28T21:49:27","guid":{"rendered":"https:\/\/vigo-rio.com\/?post_type=product&#038;p=2661"},"modified":"2026-04-15T08:51:21","modified_gmt":"2026-04-15T08:51:21","slug":"vita12-m-2-stuetz-und-bewegungssystem-bewegungsapparat-regeneration","status":"publish","type":"product","link":"https:\/\/vigo-rio.com\/en\/product\/vita12-m-2-stuetz-und-bewegungssystem-bewegungsapparat-regeneration\/","title":{"rendered":"VITA12 M-2 St\u00fctz- und Bewegungssystem (Bewegungsapparat &#8211; Regeneration)"},"content":{"rendered":"<div class=\"product-page__description\">\n<p><strong>Kolzov-Platte: M-2\u00a0 St\u00fctz- und Bewegungssystem (Bewegungsapparat &#8211; Regeneration)<\/strong><\/p>\n<p data-start=\"105\" data-end=\"326\"><strong>Rehabilitation &amp; Wiederherstellung:<\/strong><br data-start=\"143\" data-end=\"146\" \/>Unterst\u00fctzt die Erholung nach Verletzungen, Operationen und Gewebesch\u00e4den, verk\u00fcrzt die Heilungszeit und bringt den Menschen zur\u00fcck zu einem vollwertig aktiven Leben.<\/p>\n<p data-start=\"328\" data-end=\"582\"><strong>Schmerzreduktion &amp; Gelenkschutz:<\/strong><br data-start=\"363\" data-end=\"366\" \/>Verringert Schmerzempfindungen und entz\u00fcndliche Prozesse, sch\u00fctzt Gelenke und Wirbels\u00e4ule, verbessert die Beweglichkeit und hilft, posttraumatische und postoperative Komplikationen zu vermeiden.<\/p>\n<h3 data-start=\"150\" data-end=\"177\">Wirkung von FC VITA12: M\u20112<\/h3>\n<p data-start=\"179\" data-end=\"585\"><strong data-start=\"179\" data-end=\"230\">Rehabilitation nach Verletzungen &amp; Operationen:<\/strong><br data-start=\"230\" data-end=\"233\" \/>Unterst\u00fctzt die Erholung nach Sportverletzungen, Alltagsunf\u00e4llen und osteoporotischen Frakturen.<br data-start=\"333\" data-end=\"336\" \/>Beschleunigt die Rehabilitationszeit nach Arthroskopie, Endoprothetik sowie Wirbels\u00e4ulen- und orthop\u00e4dischen Operationen.<br data-start=\"465\" data-end=\"468\" \/>Reduziert Schmerzsyndrome bei Arthralgien, Myalgien und Neuralgien \u00fcber zentrale und periphere Mechanismen.<\/p>\n<p data-start=\"587\" data-end=\"885\"><strong data-start=\"587\" data-end=\"630\">Degenerationspr\u00e4vention &amp; Gelenkschutz:<\/strong><br data-start=\"630\" data-end=\"633\" \/>Verlangsamt degenerative Prozesse, beugt Arthrose, Spondylose und Osteochondrose vor.<br data-start=\"726\" data-end=\"729\" \/>Erh\u00e4lt die funktionelle Aktivit\u00e4t von Gelenken und Bandapparat, sch\u00fctzt die Knorpelstruktur und verbessert die Qualit\u00e4t der Gelenkfl\u00fcssigkeit.<\/p>\n<p data-start=\"887\" data-end=\"1151\"><strong data-start=\"887\" data-end=\"927\">Unterst\u00fctzung des Bewegungsapparats:<\/strong><br data-start=\"927\" data-end=\"930\" \/>Sch\u00fctzt Bandscheiben, beugt Hernien und Protrusionen vor.<br data-start=\"995\" data-end=\"998\" \/>St\u00e4rkt die neuromuskul\u00e4re Leitf\u00e4higkeit, reduziert neurogene Entz\u00fcndungen und unterst\u00fctzt die Erholung bei Neuralgien und Polyneuropathien.<\/p>\n<p data-start=\"1153\" data-end=\"1489\"><strong data-start=\"1153\" data-end=\"1196\">Osteoprotektive Wirkung &amp; Regeneration:<\/strong><br data-start=\"1196\" data-end=\"1199\" \/>Verringert das Risiko erneuter Frakturen bei Osteoporose, unterst\u00fctzt Knochen, Knorpel und Weichteilgewebe, f\u00f6rdert die Geweberegeneration.<br data-start=\"1350\" data-end=\"1353\" \/>Verbessert die N\u00e4hrstoffversorgung der Gewebe und optimiert die Mikrozirkulation f\u00fcr eine ganzheitliche Wiederherstellung.<\/p>\n<p data-start=\"1491\" data-end=\"1684\"><em data-start=\"1491\" data-end=\"1682\"><strong>Hinweis:<\/strong>\u00a0FC VITA12: M\u20112 ist kein Arzneimittel oder medizinisches Ger\u00e4t. Lebenswichtige Technologien zur Unterst\u00fctzung, Wiederherstellung der K\u00f6rperressourcen und bewusstes Gesundheitsmanagement.<\/em><\/p>\n<\/div>\n<div class=\"product-page__social\">\n<div class=\"jw-block-element\">\n<div id=\"jw-element-\" class=\"jw-tree-node jw-element jw-social-share jw-node-is-first-child jw-node-is-last-child\" data-jw-element-id=\"\">\n<div class=\"jw-element-social-share\">\n<div class=\"share-button-container share-button-container--buttons-mini share-button-container--align-left jw-element-content\"><\/div>\n<\/div>\n<\/div>\n<\/div>\n<\/div>","protected":false},"excerpt":{"rendered":"<p>(verbessert die Regeneration nach Verletzungen, lindert Schmerzen und Entz\u00fcndungen, sch\u00fctzt Gelenke und Wirbels\u00e4ule, verbessert die Beweglichkeit)<\/p>","protected":false},"featured_media":2662,"comment_status":"open","ping_status":"closed","template":"","meta":[],"product_brand":[],"product_cat":[227],"product_tag":[245],"class_list":{"0":"post-2661","1":"product","2":"type-product","3":"status-publish","4":"has-post-thumbnail","6":"product_cat-vita-12","7":"product_tag-vita12m-2","9":"first","10":"instock","11":"taxable","12":"shipping-taxable","13":"purchasable","14":"product-type-simple"},"_links":{"self":[{"href":"https:\/\/vigo-rio.com\/en\/wp-json\/wp\/v2\/product\/2661","targetHints":{"allow":["GET"]}}],"collection":[{"href":"https:\/\/vigo-rio.com\/en\/wp-json\/wp\/v2\/product"}],"about":[{"href":"https:\/\/vigo-rio.com\/en\/wp-json\/wp\/v2\/types\/product"}],"replies":[{"embeddable":true,"href":"https:\/\/vigo-rio.com\/en\/wp-json\/wp\/v2\/comments?post=2661"}],"wp:featuredmedia":[{"embeddable":true,"href":"https:\/\/vigo-rio.com\/en\/wp-json\/wp\/v2\/media\/2662"}],"wp:attachment":[{"href":"https:\/\/vigo-rio.com\/en\/wp-json\/wp\/v2\/media?parent=2661"}],"wp:term":[{"taxonomy":"product_brand","embeddable":true,"href":"https:\/\/vigo-rio.com\/en\/wp-json\/wp\/v2\/product_brand?post=2661"},{"taxonomy":"product_cat","embeddable":true,"href":"https:\/\/vigo-rio.com\/en\/wp-json\/wp\/v2\/product_cat?post=2661"},{"taxonomy":"product_tag","embeddable":true,"href":"https:\/\/vigo-rio.com\/en\/wp-json\/wp\/v2\/product_tag?post=2661"}],"curies":[{"name":"wp","href":"https:\/\/api.w.org\/{rel}","templated":true}]}}