{"id":2659,"date":"2026-01-28T21:48:13","date_gmt":"2026-01-28T21:48:13","guid":{"rendered":"https:\/\/vigo-rio.com\/?post_type=product&#038;p=2659"},"modified":"2026-04-18T07:27:46","modified_gmt":"2026-04-18T07:27:46","slug":"vita12-m-1-stuetz-und-bewegungssystem-bewegungsapparat-beweglichkeit","status":"publish","type":"product","link":"https:\/\/vigo-rio.com\/en\/product\/vita12-m-1-stuetz-und-bewegungssystem-bewegungsapparat-beweglichkeit\/","title":{"rendered":"VITA12 M-1 St\u00fctz- und Bewegungssystem (Bewegungsapparat &#8211; Beweglichkeit)"},"content":{"rendered":"<p><strong>Kolzov-Platte: M-1\u00a0 St\u00fctz- und Bewegungssystem (Bewegungsapparat &#8211; Beweglichkeit)<\/strong><\/p>\n<p data-start=\"98\" data-end=\"257\">F\u00f6rdert die Linderung von Gelenk-, R\u00fccken- und Muskelschmerzen, wirkt gegen Entz\u00fcndungen und Kr\u00e4mpfe und stellt die Bewegungsfreiheit wieder her.<\/p>\n<p data-start=\"259\" data-end=\"482\">Unterst\u00fctzt die ganzheitliche St\u00e4rkung von Knorpel und B\u00e4ndern, aktiviert die Geweberegeneration, verlangsamt die Entwicklung von Arthrose und Osteochondrose und hilft, Aktivit\u00e4t und Mobilit\u00e4t zu erhalten.<\/p>\n<h3 data-start=\"152\" data-end=\"179\">Wirkung von FC VITA12: M\u20111<\/h3>\n<p data-start=\"181\" data-end=\"571\"><strong data-start=\"181\" data-end=\"233\">Ganzheitliche Wiederherstellung &amp; Beweglichkeit:<\/strong><br data-start=\"233\" data-end=\"236\" \/>Steigert Mobilit\u00e4t, Kraft und Ausdauer von Muskeln, B\u00e4ndern und Gelenken.<br data-start=\"313\" data-end=\"316\" \/>Verbessert den funktionellen Zustand, hemmt pathologische Mechanismen chronischer und akuter Prozesse und beugt entz\u00fcndlichen Erkrankungen vor.<br data-start=\"471\" data-end=\"474\" \/>Lindert Schmerzen bei akuten und chronischen Zust\u00e4nden, einschlie\u00dflich Muskelverspannungen.<\/p>\n<p data-start=\"573\" data-end=\"887\"><strong data-start=\"573\" data-end=\"618\">Degenerationspr\u00e4vention &amp; Gewebest\u00e4rkung:<\/strong><br data-start=\"618\" data-end=\"621\" \/>Verlangsamt degenerative Ver\u00e4nderungen, sch\u00fctzt Knorpel- und Knochensubstanz (Osteochondrose, Arthrose).<br data-start=\"733\" data-end=\"736\" \/>Verbessert die Struktur und Funktion von B\u00e4ndern, Sehnen und Knorpel, st\u00e4rkt Bindegewebe und reduziert chronische und akute Entz\u00fcndungen.<\/p>\n<p data-start=\"889\" data-end=\"1140\"><strong data-start=\"889\" data-end=\"925\">Regeneration &amp; Mikrozirkulation:<\/strong><br data-start=\"925\" data-end=\"928\" \/>Beschleunigt Geweberegeneration und Mikrozirkulation, optimiert den lokalen Stoffwechsel in Muskeln, Gelenken und B\u00e4ndern.<br data-start=\"1062\" data-end=\"1065\" \/>Hilft, den maximal m\u00f6glichen Bewegungsumfang der Gelenke zu erhalten.<\/p>\n<p data-start=\"1142\" data-end=\"1463\"><strong data-start=\"1142\" data-end=\"1183\">Bewegungsf\u00e4higkeit &amp; Schmerztherapie:<\/strong><br data-start=\"1183\" data-end=\"1186\" \/>Verbessert die Bewegungsf\u00e4higkeit bei einschr\u00e4nkenden Zust\u00e4nden und steigert die k\u00f6rperliche Aktivit\u00e4t.<br data-start=\"1297\" data-end=\"1300\" \/>Unterst\u00fctzt die medikament\u00f6se Schmerztherapie, wirkt bei neuropathischen Schmerzen und normalisiert Nervenprozesse, Schlaf und Stoffwechselst\u00f6rungen.<\/p>\n<p data-start=\"1465\" data-end=\"1658\"><em data-start=\"1465\" data-end=\"1656\"><strong>Hinweis<\/strong>: FC VITA12: M\u20111 ist kein Arzneimittel oder medizinisches Ger\u00e4t. Lebenswichtige Technologien zur Unterst\u00fctzung, Wiederherstellung der K\u00f6rperressourcen und bewusstes Gesundheitsmanagement.<\/em><\/p>","protected":false},"excerpt":{"rendered":"<p>(lindert Entz\u00fcndungen und Schmerzen im Bewegungsapparat, verbessert die Beweglichkeit, st\u00e4rkt Knorpel und B\u00e4nder, aktiviert die Gewebereparatur, erh\u00f6ht die Aktivit\u00e4t und Mobilit\u00e4t)<\/p>","protected":false},"featured_media":2660,"comment_status":"open","ping_status":"closed","template":"","meta":[],"product_brand":[],"product_cat":[227],"product_tag":[246],"class_list":{"0":"post-2659","1":"product","2":"type-product","3":"status-publish","4":"has-post-thumbnail","6":"product_cat-vita-12","7":"product_tag-vita12m-1","9":"first","10":"instock","11":"taxable","12":"shipping-taxable","13":"purchasable","14":"product-type-simple"},"_links":{"self":[{"href":"https:\/\/vigo-rio.com\/en\/wp-json\/wp\/v2\/product\/2659","targetHints":{"allow":["GET"]}}],"collection":[{"href":"https:\/\/vigo-rio.com\/en\/wp-json\/wp\/v2\/product"}],"about":[{"href":"https:\/\/vigo-rio.com\/en\/wp-json\/wp\/v2\/types\/product"}],"replies":[{"embeddable":true,"href":"https:\/\/vigo-rio.com\/en\/wp-json\/wp\/v2\/comments?post=2659"}],"wp:featuredmedia":[{"embeddable":true,"href":"https:\/\/vigo-rio.com\/en\/wp-json\/wp\/v2\/media\/2660"}],"wp:attachment":[{"href":"https:\/\/vigo-rio.com\/en\/wp-json\/wp\/v2\/media?parent=2659"}],"wp:term":[{"taxonomy":"product_brand","embeddable":true,"href":"https:\/\/vigo-rio.com\/en\/wp-json\/wp\/v2\/product_brand?post=2659"},{"taxonomy":"product_cat","embeddable":true,"href":"https:\/\/vigo-rio.com\/en\/wp-json\/wp\/v2\/product_cat?post=2659"},{"taxonomy":"product_tag","embeddable":true,"href":"https:\/\/vigo-rio.com\/en\/wp-json\/wp\/v2\/product_tag?post=2659"}],"curies":[{"name":"wp","href":"https:\/\/api.w.org\/{rel}","templated":true}]}}