{"id":2657,"date":"2026-01-28T21:46:47","date_gmt":"2026-01-28T21:46:47","guid":{"rendered":"https:\/\/vigo-rio.com\/?post_type=product&#038;p=2657"},"modified":"2026-04-18T07:27:46","modified_gmt":"2026-04-18T07:27:46","slug":"vita12-l-3-lymphatisches-system-lymphe-oedeme","status":"publish","type":"product","link":"https:\/\/vigo-rio.com\/en\/product\/vita12-l-3-lymphatisches-system-lymphe-oedeme\/","title":{"rendered":"VITA12 L-3 Lymphsystem (Lymphe, \u00d6deme)"},"content":{"rendered":"<p data-path-to-node=\"3\">\n<p data-path-to-node=\"4\"><b data-path-to-node=\"4\" data-index-in-node=\"0\">Die Wirkung des L-3-Ger\u00e4ts zielt ab auf:<\/b><\/p>\n<ul data-path-to-node=\"5\">\n<li>\n<p data-path-to-node=\"5,0,0\">Beseitigung der Hauptursachen von Schwellungen (\u00d6demen).<\/p>\n<\/li>\n<li>\n<p data-path-to-node=\"5,1,0\">Aktivierung der Lymphdrainage und Normalisierung des ven\u00f6sen Abflusses zur schnellen Beseitigung von Fl\u00fcssigkeitsstauungen im Gewebe.<\/p>\n<\/li>\n<li>\n<p data-path-to-node=\"5,2,0\">Verbesserung der Mikrozirkulation von Blut und Lymphe in Problemzonen (Beine, Arme, Gesicht).<\/p>\n<\/li>\n<li>\n<p data-path-to-node=\"5,3,0\">Unterst\u00fctzung der Systeme, die f\u00fcr den Wasser-Salz-Haushalt und den Fl\u00fcssigkeitsaustausch verantwortlich sind.<\/p>\n<\/li>\n<li>\n<p data-path-to-node=\"5,4,0\">Verbesserung der Nierenfunktion f\u00fcr die nat\u00fcrliche und physiologische Ausscheidung \u00fcbersch\u00fcssiger Fl\u00fcssigkeit.<\/p>\n<\/li>\n<li>\n<p data-path-to-node=\"5,5,0\">Sanfte Stimulierung der Nierenfunktion zur optimalen Ausscheidung von Fl\u00fcssigkeit und Salzen mit einem mikron\u00e4hrstoffschonenden Ansatz (Kalium, Magnesium).<\/p>\n<\/li>\n<li>\n<p data-path-to-node=\"5,6,0\">Normalisierung des Wasser-Salz-Gleichgewichts im Organismus.<\/p>\n<\/li>\n<li>\n<p data-path-to-node=\"5,7,0\">Entlastung des Herz-Kreislauf-Systems durch Reduzierung des Gesamtfl\u00fcssigkeitsvolumens.<\/p>\n<\/li>\n<li>\n<p data-path-to-node=\"5,8,0\">Linderung von Schweregef\u00fchl, Spannungsgef\u00fchl und Unbehagen in den Gliedma\u00dfen.<\/p>\n<\/li>\n<li>\n<p data-path-to-node=\"5,9,0\">Verringerung von \u00d6demen, die durch langanhaltende statische Belastung (Sitz- oder Steht\u00e4tigkeit), Fl\u00fcge, hormonelle Schwankungen oder Fehlern\u00e4hrung entstehen.<\/p>\n<\/li>\n<li>\n<p data-path-to-node=\"5,10,0\">Prophylaxe der Entstehung von Krampfadern und Lymphstauungen durch Beseitigung chronischer Schwellungen.<\/p>\n<\/li>\n<li>\n<p data-path-to-node=\"5,11,0\">Wiederherstellung nat\u00fcrlicher K\u00f6rperkonturen.<\/p>\n<\/li>\n<li>\n<p data-path-to-node=\"5,12,0\">Beseitigung von Schwellungen und \u201eS\u00e4cken\u201c im Augenbereich sowie ein optisches \u201e\u00d6ffnen\u201c des Blicks durch die Reduzierung von Unterlid\u00f6demen.<\/p>\n<\/li>\n<li>\n<p data-path-to-node=\"5,13,0\">Wiederherstellung eines Gef\u00fchls innerer Leichtigkeit und eines ausgeruhten \u00e4u\u00dferen Erscheinungsbildes.<\/p>\n<\/li>\n<\/ul>\n<hr data-path-to-node=\"6\" \/>\n<p data-path-to-node=\"7\"><b data-path-to-node=\"7\" data-index-in-node=\"0\">WICHTIG! DAS KFS-GER\u00c4T IST KEIN ARZNEIMITTEL UND KEIN MEDIZINPRODUKT!<\/b><\/p>","protected":false},"excerpt":{"rendered":"<p><b data-path-to-node=\"3\" data-index-in-node=\"0\">L-3 hilft dabei, nachhaltigen Komfort und Leichtigkeit zu erreichen, indem es einen umfassenden Ansatz zur L\u00f6sung von \u00d6dem-Problemen bietet. Es verleiht dem K\u00f6rper das Gef\u00fchl von Leichtigkeit zur\u00fcck und normalisiert die nat\u00fcrlichen Prozesse der Fl\u00fcssigkeitsregulation.<\/b><\/p>","protected":false},"featured_media":2658,"comment_status":"open","ping_status":"closed","template":"","meta":[],"product_brand":[],"product_cat":[227],"product_tag":[247],"class_list":{"0":"post-2657","1":"product","2":"type-product","3":"status-publish","4":"has-post-thumbnail","6":"product_cat-vita-12","7":"product_tag-vita12l-3","9":"first","10":"instock","11":"taxable","12":"shipping-taxable","13":"purchasable","14":"product-type-simple"},"_links":{"self":[{"href":"https:\/\/vigo-rio.com\/en\/wp-json\/wp\/v2\/product\/2657","targetHints":{"allow":["GET"]}}],"collection":[{"href":"https:\/\/vigo-rio.com\/en\/wp-json\/wp\/v2\/product"}],"about":[{"href":"https:\/\/vigo-rio.com\/en\/wp-json\/wp\/v2\/types\/product"}],"replies":[{"embeddable":true,"href":"https:\/\/vigo-rio.com\/en\/wp-json\/wp\/v2\/comments?post=2657"}],"wp:featuredmedia":[{"embeddable":true,"href":"https:\/\/vigo-rio.com\/en\/wp-json\/wp\/v2\/media\/2658"}],"wp:attachment":[{"href":"https:\/\/vigo-rio.com\/en\/wp-json\/wp\/v2\/media?parent=2657"}],"wp:term":[{"taxonomy":"product_brand","embeddable":true,"href":"https:\/\/vigo-rio.com\/en\/wp-json\/wp\/v2\/product_brand?post=2657"},{"taxonomy":"product_cat","embeddable":true,"href":"https:\/\/vigo-rio.com\/en\/wp-json\/wp\/v2\/product_cat?post=2657"},{"taxonomy":"product_tag","embeddable":true,"href":"https:\/\/vigo-rio.com\/en\/wp-json\/wp\/v2\/product_tag?post=2657"}],"curies":[{"name":"wp","href":"https:\/\/api.w.org\/{rel}","templated":true}]}}