{"id":2655,"date":"2026-01-28T21:46:08","date_gmt":"2026-01-28T21:46:08","guid":{"rendered":"https:\/\/vigo-rio.com\/?post_type=product&#038;p=2655"},"modified":"2026-03-23T08:37:21","modified_gmt":"2026-03-23T08:37:21","slug":"vita12-l-2-lymphatisches-system-entgiftung","status":"publish","type":"product","link":"https:\/\/vigo-rio.com\/en\/product\/vita12-l-2-lymphatisches-system-entgiftung\/","title":{"rendered":"VITA12 L-2 Lymphsystem (Entgiftung)"},"content":{"rendered":"<div class=\"product-page__description\">\n<p><strong>Kolzov-Platte: L-2\u00a0 Lymphsystem (Entgiftung)<\/strong><\/p>\n<p><strong data-start=\"85\" data-end=\"115\">Entgiftung &amp; Wohlbefinden:<\/strong><br data-start=\"115\" data-end=\"118\" \/><em>Aktiviert die nat\u00fcrlichen Entgiftungssysteme des K\u00f6rpers \u2013 Leber, Nieren, Lymphe, Darm und Haut \u2013 und f\u00f6rdert die Ausscheidung von Toxinen. Unterst\u00fctzt die Filterfunktion der Organe, verbessert Stoffwechsel und Darmflora, st\u00e4rkt den psychoemotionalen Zustand, steigert Energie und f\u00f6rdert das allgemeine Wohlbefinden.<\/em><\/p>\n<p data-start=\"96\" data-end=\"127\"><strong data-start=\"96\" data-end=\"125\">Wirkung von FC VITA12: L\u20112<\/strong><\/p>\n<p data-start=\"129\" data-end=\"341\"><strong data-start=\"129\" data-end=\"170\">Stimulation der Ausscheidungssysteme:<\/strong><br data-start=\"170\" data-end=\"173\" \/><em>Aktiviert Leber, Nieren, Lymphsystem, Haut und Lunge. F\u00f6rdert die Erkennung, Neutralisation und Ausscheidung von Endo- und Exotoxinen und schw\u00e4cht toxische Bindungen.<\/em><\/p>\n<p data-start=\"343\" data-end=\"537\"><strong data-start=\"343\" data-end=\"384\">Optimierung physiologischer Prozesse:<\/strong><br data-start=\"384\" data-end=\"387\" \/><em>Unterst\u00fctzt Galleproduktion und -abfluss, aktiviert Nierenfilterung und Lymphdrainage, verbessert die Entgiftung und unterst\u00fctzt die Zellerneuerung.<\/em><\/p>\n<p data-start=\"539\" data-end=\"746\"><strong data-start=\"539\" data-end=\"576\">Normalisierung von Darm und Haut:<\/strong><br data-start=\"576\" data-end=\"579\" \/><em>Verbessert Peristaltik, verhindert R\u00fcckresorption von Toxinen, unterst\u00fctzt die Darmmikrobiota und aktiviert die Hautentgiftung zur Ausscheidung fettl\u00f6slicher Toxine.<\/em><\/p>\n<p data-start=\"748\" data-end=\"925\"><strong data-start=\"748\" data-end=\"788\">Zellstoffwechsel &amp; Gesamtgesundheit:<\/strong><br data-start=\"788\" data-end=\"791\" \/><em>F\u00f6rdert zellul\u00e4re N\u00e4hrstoffaufnahme, optimiert Abfallentsorgung, sch\u00fctzt Zellmembranen und steigert Energie sowie allgemeinen Tonus.<\/em><\/p>\n<p data-start=\"927\" data-end=\"1143\"><strong data-start=\"927\" data-end=\"960\">Erh\u00f6hte Adaptationsf\u00e4higkeit:<\/strong><br data-start=\"960\" data-end=\"963\" \/><em>St\u00e4rkt die Widerstandskraft gegen physische, emotionale und \u00f6kologische Stressoren, reduziert toxische Belastung und optimiert Immunantwort sowie psychoemotionales Gleichgewicht.<\/em><\/p>\n<p data-start=\"1145\" data-end=\"1346\"><em><strong data-start=\"1145\" data-end=\"1157\">Hinweis:<\/strong>\u00a0FC VITA12: L\u20112 ist kein Arzneimittel oder medizinisches Ger\u00e4t.\u00a0Lebenswichtige Technologien zur Unterst\u00fctzung, Wiederherstellung der K\u00f6rperressourcen und bewusstes Gesundheitsmanagement.<\/em><\/p>\n<\/div>\n<div class=\"product-page__social\">\n<div class=\"jw-block-element\">\n<div id=\"jw-element-\" class=\"jw-tree-node jw-element jw-social-share jw-node-is-first-child jw-node-is-last-child\" data-jw-element-id=\"\">\n<div class=\"jw-element-social-share\">\n<div class=\"share-button-container share-button-container--buttons-mini share-button-container--align-left jw-element-content\"><\/div>\n<\/div>\n<\/div>\n<\/div>\n<\/div>","protected":false},"excerpt":{"rendered":"<p><strong>L-2\u00a0 Lymphsystem (Entgiftung)<\/strong><br \/>\n(aktiviert die Entgiftung des K\u00f6rpers \u00fcber Leber, Nieren, Lymphe, Darm, Haut und f\u00f6rdert deren Ausleitung, verbessert so Stoffwechsel, Gleichgewicht der Darmflora, den emotionalen Zustand und das allgemeine Wohlbefinden)<\/p>","protected":false},"featured_media":2656,"comment_status":"open","ping_status":"closed","template":"","meta":[],"product_brand":[],"product_cat":[227],"product_tag":[248],"class_list":{"0":"post-2655","1":"product","2":"type-product","3":"status-publish","4":"has-post-thumbnail","6":"product_cat-vita-12","7":"product_tag-vita12l-2","9":"first","10":"instock","11":"taxable","12":"shipping-taxable","13":"purchasable","14":"product-type-simple"},"_links":{"self":[{"href":"https:\/\/vigo-rio.com\/en\/wp-json\/wp\/v2\/product\/2655","targetHints":{"allow":["GET"]}}],"collection":[{"href":"https:\/\/vigo-rio.com\/en\/wp-json\/wp\/v2\/product"}],"about":[{"href":"https:\/\/vigo-rio.com\/en\/wp-json\/wp\/v2\/types\/product"}],"replies":[{"embeddable":true,"href":"https:\/\/vigo-rio.com\/en\/wp-json\/wp\/v2\/comments?post=2655"}],"wp:featuredmedia":[{"embeddable":true,"href":"https:\/\/vigo-rio.com\/en\/wp-json\/wp\/v2\/media\/2656"}],"wp:attachment":[{"href":"https:\/\/vigo-rio.com\/en\/wp-json\/wp\/v2\/media?parent=2655"}],"wp:term":[{"taxonomy":"product_brand","embeddable":true,"href":"https:\/\/vigo-rio.com\/en\/wp-json\/wp\/v2\/product_brand?post=2655"},{"taxonomy":"product_cat","embeddable":true,"href":"https:\/\/vigo-rio.com\/en\/wp-json\/wp\/v2\/product_cat?post=2655"},{"taxonomy":"product_tag","embeddable":true,"href":"https:\/\/vigo-rio.com\/en\/wp-json\/wp\/v2\/product_tag?post=2655"}],"curies":[{"name":"wp","href":"https:\/\/api.w.org\/{rel}","templated":true}]}}