{"id":2653,"date":"2026-01-28T21:45:24","date_gmt":"2026-01-28T21:45:24","guid":{"rendered":"https:\/\/vigo-rio.com\/?post_type=product&#038;p=2653"},"modified":"2026-04-15T08:51:21","modified_gmt":"2026-04-15T08:51:21","slug":"vita12-l-1-lymphatisches-system-inneres-milieu","status":"publish","type":"product","link":"https:\/\/vigo-rio.com\/en\/product\/vita12-l-1-lymphatisches-system-inneres-milieu\/","title":{"rendered":"VITA12 L-1 Lymphsystem (Inneres Milieu)"},"content":{"rendered":"<p><strong>Kolzov-Platte: L-1\u00a0 Lymphsystem<\/strong><strong> (Inneres Milieu)<\/strong><\/p>\n<p><strong data-start=\"75\" data-end=\"98\">Schutz &amp; Reinigung:<\/strong><br data-start=\"98\" data-end=\"101\" \/><em>Schafft ein k\u00f6rpereigenes Milieu, das Viren, Bakterien, Pilze und Parasiten bek\u00e4mpft und deren Vermehrung hemmt. Unterst\u00fctzt eine schnelle Genesung bei Infektionen und Allergien, st\u00e4rkt das Immunsystem und reinigt die Leber \u2013 f\u00fcr erh\u00f6hte Widerstandskraft und Gesundheit.<\/em><\/p>\n<p data-start=\"96\" data-end=\"127\"><strong data-start=\"96\" data-end=\"125\">Wirkung von FC VITA12: L\u20111<\/strong><\/p>\n<p data-start=\"129\" data-end=\"381\"><strong data-start=\"129\" data-end=\"175\">Unterdr\u00fcckung von Pathogenen &amp; Pr\u00e4vention:<\/strong><br data-start=\"175\" data-end=\"178\" \/><em>Schafft ein ung\u00fcnstiges Milieu f\u00fcr das \u00dcberleben und die Vermehrung von Viren, Bakterien, Parasiten, Helminthen und deren Larven. Breite Pr\u00e4vention gegen durch Mikroorganismen verursachte Erkrankungen.<\/em><\/p>\n<p data-start=\"383\" data-end=\"608\"><strong data-start=\"383\" data-end=\"430\">Ganzheitliche Therapie von Pilzinfektionen:<\/strong><br data-start=\"430\" data-end=\"433\" \/><em>Unterst\u00fctzt Behandlung systemischer Mykosen, gyn\u00e4kologischer und urologischer Pilzbef\u00e4lle sowie Pilzinfektionen der Mund-, Hals-Nasen-Ohren-Region und des Verdauungstraktes.<\/em><\/p>\n<p data-start=\"610\" data-end=\"787\"><strong data-start=\"610\" data-end=\"648\">Entgiftung &amp; Systemnormalisierung:<\/strong><br data-start=\"648\" data-end=\"651\" \/><em>Beseitigt Toxine und Abfallprodukte von Pathogenen, aktiviert die Leberfunktion, normalisiert Verdauung, Stuhlgang und Darmmikrobiota.<\/em><\/p>\n<p data-start=\"789\" data-end=\"989\"><strong data-start=\"789\" data-end=\"844\">St\u00e4rkung der Abwehr &amp; Pr\u00e4vention von Reinfektionen:<\/strong><br data-start=\"844\" data-end=\"847\" \/><em>F\u00f6rdert Geweberegeneration, optimiert Immunreaktionen und erh\u00f6ht die Widerstandskraft gegen Infektionen, Stress und pathologische Einfl\u00fcsse.<\/em><\/p>\n<p data-start=\"991\" data-end=\"1195\"><strong data-start=\"991\" data-end=\"1042\">Systemische Wirkung &amp; allgemeines Wohlbefinden:<\/strong><br data-start=\"1042\" data-end=\"1045\" \/><em>Minimiert Folgen parasit\u00e4rer und infekti\u00f6ser Erkrankungen, reduziert allergische Reaktionen und steigert Ausdauer, Anpassungsf\u00e4higkeit und Stimmung.<\/em><\/p>\n<p data-start=\"1197\" data-end=\"1398\"><em><strong data-start=\"1197\" data-end=\"1209\">Hinweis:<\/strong>\u00a0FC VITA12: L\u20111 ist kein Arzneimittel oder medizinisches Ger\u00e4t.\u00a0Lebenswichtige Technologien zur Unterst\u00fctzung, Wiederherstellung der K\u00f6rperressourcen und bewusstes Gesundheitsmanagement.<\/em><\/p>","protected":false},"excerpt":{"rendered":"<p><strong>L-1\u00a0 Lymphsystem (Inneres Milieu)<\/strong><br \/>\n(schafft ein K\u00f6rper-Milieu, das Viren, Bakterien, Pilze und Parasiten abt\u00f6tet und ihre Vermehrung unterdr\u00fcckt, schnellere Genesung bei Infektionen und Allergien, reinigt die Leber)<\/p>","protected":false},"featured_media":2654,"comment_status":"open","ping_status":"closed","template":"","meta":[],"product_brand":[],"product_cat":[227],"product_tag":[249],"class_list":{"0":"post-2653","1":"product","2":"type-product","3":"status-publish","4":"has-post-thumbnail","6":"product_cat-vita-12","7":"product_tag-vita12l-1","9":"first","10":"instock","11":"taxable","12":"shipping-taxable","13":"purchasable","14":"product-type-simple"},"_links":{"self":[{"href":"https:\/\/vigo-rio.com\/en\/wp-json\/wp\/v2\/product\/2653","targetHints":{"allow":["GET"]}}],"collection":[{"href":"https:\/\/vigo-rio.com\/en\/wp-json\/wp\/v2\/product"}],"about":[{"href":"https:\/\/vigo-rio.com\/en\/wp-json\/wp\/v2\/types\/product"}],"replies":[{"embeddable":true,"href":"https:\/\/vigo-rio.com\/en\/wp-json\/wp\/v2\/comments?post=2653"}],"wp:featuredmedia":[{"embeddable":true,"href":"https:\/\/vigo-rio.com\/en\/wp-json\/wp\/v2\/media\/2654"}],"wp:attachment":[{"href":"https:\/\/vigo-rio.com\/en\/wp-json\/wp\/v2\/media?parent=2653"}],"wp:term":[{"taxonomy":"product_brand","embeddable":true,"href":"https:\/\/vigo-rio.com\/en\/wp-json\/wp\/v2\/product_brand?post=2653"},{"taxonomy":"product_cat","embeddable":true,"href":"https:\/\/vigo-rio.com\/en\/wp-json\/wp\/v2\/product_cat?post=2653"},{"taxonomy":"product_tag","embeddable":true,"href":"https:\/\/vigo-rio.com\/en\/wp-json\/wp\/v2\/product_tag?post=2653"}],"curies":[{"name":"wp","href":"https:\/\/api.w.org\/{rel}","templated":true}]}}