{"id":2651,"date":"2026-01-28T21:44:34","date_gmt":"2026-01-28T21:44:34","guid":{"rendered":"https:\/\/vigo-rio.com\/?post_type=product&#038;p=2651"},"modified":"2026-02-23T20:00:34","modified_gmt":"2026-02-23T20:00:34","slug":"vita12-i-3-immunsystem-rehabilitation-begleitende-krebsbehandlung","status":"publish","type":"product","link":"https:\/\/vigo-rio.com\/en\/product\/vita12-i-3-immunsystem-rehabilitation-begleitende-krebsbehandlung\/","title":{"rendered":"VITA12 I-3 Immunsystem (Rehabilitation, begleitende Krebsbehandlung)"},"content":{"rendered":"<p data-path-to-node=\"4\"><b data-path-to-node=\"4\" data-index-in-node=\"0\">Die Wirkung des I-3-Ger\u00e4ts zielt ab auf:<\/b><\/p>\n<ul data-path-to-node=\"5\">\n<li>\n<p data-path-to-node=\"5,0,0\">Unterst\u00fctzung der ordnungsgem\u00e4\u00dfen Funktion des Immun- und Antioxidationssystems sowie Wiederherstellung der zellul\u00e4ren Immunit\u00e4t.<\/p>\n<\/li>\n<li>\n<p data-path-to-node=\"5,1,0\">Prophylaktische und korrigierende Wirkung zur Bildung eines k\u00f6rpereigenen Schutzes gegen \u00e4u\u00dfere Faktoren, die Mutationen gesunder Zellen in pathologisch ver\u00e4nderte Zellen (PVC) provozieren k\u00f6nnen; besonders relevant bei genetischer Veranlagung f\u00fcr schwere Erkrankungen.<\/p>\n<\/li>\n<li>\n<p data-path-to-node=\"5,2,0\">Umfassende Unterst\u00fctzung des K\u00f6rpers w\u00e4hrend der Therapie und Rehabilitation, insbesondere in Zeiten saisonaler Erkrankungen.<\/p>\n<\/li>\n<li>\n<p data-path-to-node=\"5,3,0\">Erh\u00f6hung der Wirksamkeit chemotherapeutischer Mittel und Verfahren sowie Verbesserung der Vertr\u00e4glichkeit von Hauptbehandlungen, die unter \u00e4rztlicher Aufsicht durchgef\u00fchrt werden.<\/p>\n<\/li>\n<li>\n<p data-path-to-node=\"5,4,0\">Verringerung des Auftretens von Nebenwirkungen und irreversiblen Ver\u00e4nderungen, die durch die Einnahme von Medikamenten bei der Therapie verschiedener Zust\u00e4nde verursacht werden.<\/p>\n<\/li>\n<li>\n<p data-path-to-node=\"5,5,0\">Unterst\u00fctzung des Organismus w\u00e4hrend der Immunrehabilitation nach \u00fcberstandenen Krankheiten, die die Abwehrkr\u00e4fte erheblich schw\u00e4chen (gro\u00dffl\u00e4chige Entz\u00fcndungsprozesse, Infektionen, Chemo- und Strahlentherapie).<\/p>\n<\/li>\n<li>\n<p data-path-to-node=\"5,6,0\">Verbesserung der Lebensqualit\u00e4t und Verl\u00e4ngerung der aktiven Jahre nach Eingriffen zur Beseitigung von PVC und zur Korrektur der Immunit\u00e4t.<\/p>\n<\/li>\n<li>\n<p data-path-to-node=\"5,7,0\">Beseitigung von Entz\u00fcndungsprozessen im K\u00f6rper, Senkung des Risikos f\u00fcr chronische Erkrankungen und regulierende Wirkung auf die Hauptmechanismen der Pathologieentwicklung.<\/p>\n<\/li>\n<li>\n<p data-path-to-node=\"5,8,0\">Unterst\u00fctzung aller K\u00f6rpersysteme, Aktivierung des Stoffwechsels und Prophylaxe vorzeitiger Alterung, insbesondere bei Einnahme von Pr\u00e4paraten, die das Immunsystem unterdr\u00fccken.<\/p>\n<\/li>\n<li>\n<p data-path-to-node=\"5,9,0\">Erzielung eines ausgepr\u00e4gten Anti-Aging-Effekts zur Lebensverl\u00e4ngerung und Steigerung der aktiven Langlebigkeit.<\/p>\n<\/li>\n<li>\n<p data-path-to-node=\"5,10,0\">Erh\u00f6hung des Vitaltonus und des energetischen Potenzials des K\u00f6rpers, Verbesserung der Lebensqualit\u00e4t und Verringerung altersbedingter Asthenie (Ersch\u00f6pfung).<\/p>\n<\/li>\n<\/ul>\n<hr data-path-to-node=\"6\" \/>\n<p data-path-to-node=\"7\"><b data-path-to-node=\"7\" data-index-in-node=\"0\">WICHTIG! DAS KFS-GER\u00c4T IST KEIN ARZNEIMITTEL UND KEIN MEDIZINPRODUKT!<\/b><\/p>","protected":false},"excerpt":{"rendered":"<p><strong><b data-path-to-node=\"3\" data-index-in-node=\"0\">I-3 steigert den energetischen Tonus und verl\u00e4ngert die Phase der aktiven, gesunden Langlebigkeit. Das Ger\u00e4t st\u00e4rkt die nat\u00fcrlichen Schutzsysteme des K\u00f6rpers und erh\u00f6ht dessen Widerstandsf\u00e4higkeit gegen\u00fcber altersbedingten Ver\u00e4nderungen, \u00e4u\u00dferen Bedrohungen und inneren St\u00f6rungen.<\/b><\/strong><\/p>","protected":false},"featured_media":2652,"comment_status":"open","ping_status":"closed","template":"","meta":[],"product_brand":[],"product_cat":[227],"product_tag":[250],"class_list":{"0":"post-2651","1":"product","2":"type-product","3":"status-publish","4":"has-post-thumbnail","6":"product_cat-vita-12","7":"product_tag-vita12i-3","9":"first","10":"instock","11":"taxable","12":"shipping-taxable","13":"purchasable","14":"product-type-simple"},"_links":{"self":[{"href":"https:\/\/vigo-rio.com\/en\/wp-json\/wp\/v2\/product\/2651","targetHints":{"allow":["GET"]}}],"collection":[{"href":"https:\/\/vigo-rio.com\/en\/wp-json\/wp\/v2\/product"}],"about":[{"href":"https:\/\/vigo-rio.com\/en\/wp-json\/wp\/v2\/types\/product"}],"replies":[{"embeddable":true,"href":"https:\/\/vigo-rio.com\/en\/wp-json\/wp\/v2\/comments?post=2651"}],"wp:featuredmedia":[{"embeddable":true,"href":"https:\/\/vigo-rio.com\/en\/wp-json\/wp\/v2\/media\/2652"}],"wp:attachment":[{"href":"https:\/\/vigo-rio.com\/en\/wp-json\/wp\/v2\/media?parent=2651"}],"wp:term":[{"taxonomy":"product_brand","embeddable":true,"href":"https:\/\/vigo-rio.com\/en\/wp-json\/wp\/v2\/product_brand?post=2651"},{"taxonomy":"product_cat","embeddable":true,"href":"https:\/\/vigo-rio.com\/en\/wp-json\/wp\/v2\/product_cat?post=2651"},{"taxonomy":"product_tag","embeddable":true,"href":"https:\/\/vigo-rio.com\/en\/wp-json\/wp\/v2\/product_tag?post=2651"}],"curies":[{"name":"wp","href":"https:\/\/api.w.org\/{rel}","templated":true}]}}