{"id":2649,"date":"2026-01-28T21:43:54","date_gmt":"2026-01-28T21:43:54","guid":{"rendered":"https:\/\/vigo-rio.com\/?post_type=product&#038;p=2649"},"modified":"2026-02-23T20:00:25","modified_gmt":"2026-02-23T20:00:25","slug":"vita12-i-2-immunsystem-regeneration","status":"publish","type":"product","link":"https:\/\/vigo-rio.com\/en\/product\/vita12-i-2-immunsystem-regeneration\/","title":{"rendered":"VITA12 I-2 Immunsystem (Regeneration)"},"content":{"rendered":"<p><strong>Kolzov-Platte: I-2\u00a0 Immunsystem (Regeneration)<\/strong><\/p>\n<p><strong data-start=\"125\" data-end=\"166\">Schnelle Erholung &amp; Zellregeneration:<\/strong><br data-start=\"166\" data-end=\"169\" \/>Beschleunigt die Genesung nach Krankheiten, Operationen und Verletzungen, st\u00e4rkt die Zellerneuerung und das Immunsystem. Reduziert Stress, sch\u00fctzt vor Komplikationen, erh\u00f6ht die Energie und unterst\u00fctzt die antioxidative Abwehr \u2013 f\u00fcr eine schnelle R\u00fcckkehr zu voller Leistungsf\u00e4higkeit.<\/p>\n<p data-start=\"83\" data-end=\"114\"><strong data-start=\"83\" data-end=\"112\">Wirkung von FC VITA12: I\u20112<\/strong><\/p>\n<p data-start=\"116\" data-end=\"308\"><strong data-start=\"116\" data-end=\"156\">Rehabilitation &amp; Immununterst\u00fctzung:<\/strong><br data-start=\"156\" data-end=\"159\" \/><em>St\u00e4rkt das Immunsystem, erh\u00f6ht die Widerstandskraft gegen Infektionen und beschleunigt die Erholung nach Krankheiten, Operationen und Verletzungen.<\/em><\/p>\n<p data-start=\"310\" data-end=\"560\"><strong data-start=\"310\" data-end=\"351\">Zellregeneration &amp; Reparaturprozesse:<\/strong><br data-start=\"351\" data-end=\"354\" \/><em>Optimiert die zellul\u00e4re Regeneration, reduziert Entz\u00fcndungen und unterst\u00fctzt Heilung von Wunden, Knochenbr\u00fcchen und postoperativen Narben. Verbessert die N\u00e4hrstoffaufnahme f\u00fcr effektive Reparaturprozesse.<\/em><\/p>\n<p data-start=\"562\" data-end=\"791\"><strong data-start=\"562\" data-end=\"609\">Normalisierung von Funktionen &amp; Mikrobiota:<\/strong><br data-start=\"609\" data-end=\"612\" \/><em>Unterst\u00fctzt das Immunsystem nach Antibiotika-, Chemo- oder Strahlentherapie. Stellt die Darmmikrobiota wieder her, st\u00e4rkt die allgemeine Immunabwehr und erh\u00f6ht den Energielevel.<\/em><\/p>\n<p data-start=\"793\" data-end=\"1046\"><strong data-start=\"793\" data-end=\"826\">Schutz &amp; Anpassungsf\u00e4higkeit:<\/strong><br data-start=\"826\" data-end=\"829\" \/><em>Bietet umfassenden Schutz vor Sekund\u00e4rinfektionen, aktiviert antioxidative Mechanismen zur Neutralisierung von Toxinen und verbessert die Anpassungsf\u00e4higkeit nach schweren Erkrankungen oder medizinischen Eingriffen.<\/em><\/p>\n<p data-start=\"1048\" data-end=\"1249\"><em><strong data-start=\"1048\" data-end=\"1060\">Hinweis:<\/strong>\u00a0FC VITA12: I\u20112 ist kein Arzneimittel oder medizinisches Ger\u00e4t.\u00a0Lebenswichtige Technologien zur Unterst\u00fctzung, Wiederherstellung der K\u00f6rperressourcen und bewusstes Gesundheitsmanagement.<\/em><\/p>","protected":false},"excerpt":{"rendered":"<h3 class=\"jw-heading-70\"><strong>I-2\u00a0 Immunsystem (Regeneration)<\/strong><\/h3>\n<p><strong>(energetische Unterst\u00fctzung)<\/strong><\/p>\n<p><em>Diese Platte f\u00f6rdert die energetische Balance und kann dazu beitragen, ein harmonisches Umfeld f\u00fcr Erholung und innere Stabilit\u00e4t zu schaffen.<br data-start=\"421\" data-end=\"424\" \/>Sie unterst\u00fctzt ein angenehmes K\u00f6rperempfinden in intensiven oder belastenden Phasen und kann das Gef\u00fchl von Ruhe, Klarheit und innerer Kraft st\u00e4rken.<br data-start=\"574\" data-end=\"577\" \/>Viele Anwender berichten, dass sie sich w\u00e4hrend regenerativer Prozesse energetisch begleitet und insgesamt vitaler f\u00fchlen.<\/em><\/p>","protected":false},"featured_media":2650,"comment_status":"open","ping_status":"closed","template":"","meta":[],"product_brand":[],"product_cat":[227],"product_tag":[251],"class_list":{"0":"post-2649","1":"product","2":"type-product","3":"status-publish","4":"has-post-thumbnail","6":"product_cat-vita-12","7":"product_tag-vita12i-2","9":"first","10":"instock","11":"taxable","12":"shipping-taxable","13":"purchasable","14":"product-type-simple"},"_links":{"self":[{"href":"https:\/\/vigo-rio.com\/en\/wp-json\/wp\/v2\/product\/2649","targetHints":{"allow":["GET"]}}],"collection":[{"href":"https:\/\/vigo-rio.com\/en\/wp-json\/wp\/v2\/product"}],"about":[{"href":"https:\/\/vigo-rio.com\/en\/wp-json\/wp\/v2\/types\/product"}],"replies":[{"embeddable":true,"href":"https:\/\/vigo-rio.com\/en\/wp-json\/wp\/v2\/comments?post=2649"}],"wp:featuredmedia":[{"embeddable":true,"href":"https:\/\/vigo-rio.com\/en\/wp-json\/wp\/v2\/media\/2650"}],"wp:attachment":[{"href":"https:\/\/vigo-rio.com\/en\/wp-json\/wp\/v2\/media?parent=2649"}],"wp:term":[{"taxonomy":"product_brand","embeddable":true,"href":"https:\/\/vigo-rio.com\/en\/wp-json\/wp\/v2\/product_brand?post=2649"},{"taxonomy":"product_cat","embeddable":true,"href":"https:\/\/vigo-rio.com\/en\/wp-json\/wp\/v2\/product_cat?post=2649"},{"taxonomy":"product_tag","embeddable":true,"href":"https:\/\/vigo-rio.com\/en\/wp-json\/wp\/v2\/product_tag?post=2649"}],"curies":[{"name":"wp","href":"https:\/\/api.w.org\/{rel}","templated":true}]}}