{"id":2647,"date":"2026-01-28T21:42:59","date_gmt":"2026-01-28T21:42:59","guid":{"rendered":"https:\/\/vigo-rio.com\/?post_type=product&#038;p=2647"},"modified":"2026-04-18T07:27:46","modified_gmt":"2026-04-18T07:27:46","slug":"vita12-i-1-immunsystem","status":"publish","type":"product","link":"https:\/\/vigo-rio.com\/en\/product\/vita12-i-1-immunsystem\/","title":{"rendered":"VITA12 I-1 Immunsystem"},"content":{"rendered":"<p><strong data-start=\"88\" data-end=\"119\">Immunsystem &amp; Regeneration:<\/strong><br data-start=\"119\" data-end=\"122\" \/><em>St\u00e4rkt die k\u00f6rpereigenen Abwehrkr\u00e4fte gegen Viren, Bakterien und Pilze. Erh\u00f6ht die Widerstandsf\u00e4higkeit bei Infektionen, reduziert Entz\u00fcndungen und allergische Reaktionen. Unterst\u00fctzt schnelle Erholung nach Krankheiten, sch\u00fctzt Zellen vor Stress-Sch\u00e4den und hilft dem K\u00f6rper, saisonale Herausforderungen effektiv zu meistern.<\/em><\/p>\n<p data-start=\"109\" data-end=\"140\"><strong data-start=\"109\" data-end=\"138\">Wirkung von FC VITA12: I\u20111<\/strong><\/p>\n<p data-start=\"142\" data-end=\"421\"><strong data-start=\"142\" data-end=\"175\">Aktivierung des Immunsystems:<\/strong><br data-start=\"175\" data-end=\"178\" \/><em>St\u00e4rkt alle Abwehrmechanismen des K\u00f6rpers, beugt Erkrankungen aller Organsysteme vor und verbessert die Resistenz gegen Viren, Bakterien und Pilze. F\u00f6rdert die Ausbildung immunologischer Erinnerung und sorgt f\u00fcr einen ad\u00e4quaten Immunantwort.<\/em><\/p>\n<p data-start=\"423\" data-end=\"647\"><strong data-start=\"423\" data-end=\"453\">Zellschutz &amp; Regeneration:<\/strong><br data-start=\"453\" data-end=\"456\" \/><em>St\u00e4rkt antioxidative Mechanismen, neutralisiert freie Radikale, reduziert Entz\u00fcndungen und unterdr\u00fcckt Autoimmunprozesse. Aktiviert zellul\u00e4re Regeneration und Autophagie auf h\u00f6chster Ebene.<\/em><\/p>\n<p data-start=\"649\" data-end=\"863\"><strong data-start=\"649\" data-end=\"693\">Risikominderung &amp; Therapieunterst\u00fctzung:<\/strong><br data-start=\"693\" data-end=\"696\" \/><em>Verringert das Risiko chronischer Erkrankungen und Immundefizite. Unterst\u00fctzt die Erholung nach Infektionen, Pilz- und Viruskrankheiten und reduziert Komplikationen.<\/em><\/p>\n<p data-start=\"865\" data-end=\"1111\"><strong data-start=\"865\" data-end=\"902\">Anpassungsf\u00e4higkeit &amp; Anti-Aging:<\/strong><br data-start=\"902\" data-end=\"905\" \/><em>Erh\u00f6ht die Stressresistenz, beugt saisonalen Erkrankungen vor und f\u00f6rdert einen ausgewogenen Immunantwort. Verbessert den Energie- und Stoffwechsel in den Geweben und unterst\u00fctzt die allgemeine Vitalit\u00e4t.<\/em><\/p>\n<p data-start=\"1113\" data-end=\"1314\"><em><strong data-start=\"1113\" data-end=\"1125\">Hinweis:<\/strong>\u00a0FC VITA12: I\u20111 ist kein Arzneimittel oder medizinisches Ger\u00e4t.\u00a0Lebenswichtige Technologien zur Unterst\u00fctzung, Wiederherstellung der K\u00f6rperressourcen und bewusstes Gesundheitsmanagement.<\/em><\/p>","protected":false},"excerpt":{"rendered":"<h3 class=\"jw-heading-70\"><strong>I-1\u00a0 Immunsystem<\/strong><\/h3>\n<p><em>Die Platte kann das energetische Gleichgewicht des K\u00f6rpers f\u00f6rdern und zu einem Gef\u00fchl innerer St\u00e4rke beitragen.<br data-start=\"675\" data-end=\"678\" \/>Viele Anwender berichten, dass sich ihr subjektives Empfinden von Vitalit\u00e4t verbessert und sie sich in Zeiten \u00e4u\u00dferer Belastungen stabiler f\u00fchlen.<br data-start=\"824\" data-end=\"827\" \/>Die harmonisierende Wirkung kann dabei helfen, stressige Phasen leichter zu bew\u00e4ltigen und das allgemeine Wohlbefinden angenehm zu unterst\u00fctzen.<\/em><\/p>","protected":false},"featured_media":2648,"comment_status":"open","ping_status":"closed","template":"","meta":[],"product_brand":[],"product_cat":[227],"product_tag":[252],"class_list":{"0":"post-2647","1":"product","2":"type-product","3":"status-publish","4":"has-post-thumbnail","6":"product_cat-vita-12","7":"product_tag-vita12i-1","9":"first","10":"instock","11":"taxable","12":"shipping-taxable","13":"purchasable","14":"product-type-simple"},"_links":{"self":[{"href":"https:\/\/vigo-rio.com\/en\/wp-json\/wp\/v2\/product\/2647","targetHints":{"allow":["GET"]}}],"collection":[{"href":"https:\/\/vigo-rio.com\/en\/wp-json\/wp\/v2\/product"}],"about":[{"href":"https:\/\/vigo-rio.com\/en\/wp-json\/wp\/v2\/types\/product"}],"replies":[{"embeddable":true,"href":"https:\/\/vigo-rio.com\/en\/wp-json\/wp\/v2\/comments?post=2647"}],"wp:featuredmedia":[{"embeddable":true,"href":"https:\/\/vigo-rio.com\/en\/wp-json\/wp\/v2\/media\/2648"}],"wp:attachment":[{"href":"https:\/\/vigo-rio.com\/en\/wp-json\/wp\/v2\/media?parent=2647"}],"wp:term":[{"taxonomy":"product_brand","embeddable":true,"href":"https:\/\/vigo-rio.com\/en\/wp-json\/wp\/v2\/product_brand?post=2647"},{"taxonomy":"product_cat","embeddable":true,"href":"https:\/\/vigo-rio.com\/en\/wp-json\/wp\/v2\/product_cat?post=2647"},{"taxonomy":"product_tag","embeddable":true,"href":"https:\/\/vigo-rio.com\/en\/wp-json\/wp\/v2\/product_tag?post=2647"}],"curies":[{"name":"wp","href":"https:\/\/api.w.org\/{rel}","templated":true}]}}