{"id":2645,"date":"2026-01-28T21:40:31","date_gmt":"2026-01-28T21:40:31","guid":{"rendered":"https:\/\/vigo-rio.com\/?post_type=product&#038;p=2645"},"modified":"2026-03-29T16:29:21","modified_gmt":"2026-03-29T16:29:21","slug":"vita12-g-3-reproduktives-system-hormone-frau-empfaengnis-schwangerschaft-geburt","status":"publish","type":"product","link":"https:\/\/vigo-rio.com\/en\/product\/vita12-g-3-reproduktives-system-hormone-frau-empfaengnis-schwangerschaft-geburt\/","title":{"rendered":"VITA12 G-3 reproduktives System (Hormone FRAU &#8211; Empf\u00e4ngnis, Schwangerschaft, Geburt)"},"content":{"rendered":"<p data-path-to-node=\"3\">\n<p data-path-to-node=\"4\"><b data-path-to-node=\"4\" data-index-in-node=\"0\">Die Wirkung zielt ab auf:<\/b><\/p>\n<ul data-path-to-node=\"5\">\n<li>\n<p data-path-to-node=\"5,0,0\">Vorbereitung auf die Empf\u00e4ngnis und Unterst\u00fctzung der reproduktiven Gesundheit von Frauen.<\/p>\n<\/li>\n<li>\n<p data-path-to-node=\"5,1,0\">Verbesserung der nat\u00fcrlichen Fortpflanzungsfunktion zur Erh\u00f6hung der Wahrscheinlichkeit einer Empf\u00e4ngnis.<\/p>\n<\/li>\n<li>\n<p data-path-to-node=\"5,2,0\">Pr\u00e4ventive und korrigierende Wirkung bei einem breiten Spektrum gyn\u00e4kologischer und urologischer Erkrankungen (entz\u00fcndlicher, infekti\u00f6ser oder bakterieller Art).<\/p>\n<\/li>\n<li>\n<p data-path-to-node=\"5,3,0\">Ganzheitliche Wiederherstellung der weiblichen Hormonfunktion und Verj\u00fcngung des Fortpflanzungssystems zur Vorbeugung einer vorzeitigen Menopause.<\/p>\n<\/li>\n<li>\n<p data-path-to-node=\"5,4,0\">Hilfe bei der \u00dcberwindung psychologischer Traumata, welche die M\u00f6glichkeit, Eltern zu werden, einschr\u00e4nken k\u00f6nnten (sowohl bei leiblichen Kindern als auch bei Adoptionen).<\/p>\n<\/li>\n<li>\n<p data-path-to-node=\"5,5,0\">Erh\u00f6hung der Effektivit\u00e4t von IVF-Verfahren (k\u00fcnstliche Befruchtung).<\/p>\n<\/li>\n<li>\n<p data-path-to-node=\"5,6,0\">Unterst\u00fctzung eines harmonischen Verlaufs von Schwangerschaft und Geburt sowie das Austragen und Geb\u00e4ren eines gesunden Kindes.<\/p>\n<\/li>\n<li>\n<p data-path-to-node=\"5,7,0\">Vorbereitung des K\u00f6rpers auf eine physiologisch korrekte und weniger traumatische Entbindung.<\/p>\n<\/li>\n<li>\n<p data-path-to-node=\"5,8,0\">Regeneration im Wochenbett und nach medizinischen Eingriffen: F\u00f6rderung der Geweberegeneration und Heilung, auch nach Kaiserschnitten oder Geburtsverletzungen.<\/p>\n<\/li>\n<li>\n<p data-path-to-node=\"5,9,0\">Unterst\u00fctzung und Wiederherstellung des K\u00f6rpers nach der Entbindung sowie nach erfolglosen IVF-Versuchen.<\/p>\n<\/li>\n<li>\n<p data-path-to-node=\"5,10,0\">Verbesserung der Blut- und Lymphzirkulation in den Beckenorganen zur Vorbeugung von Stauungserscheinungen.<\/p>\n<\/li>\n<li>\n<p data-path-to-node=\"5,11,0\">Stabilisierung des psychoemotionalen Zustands: \u00dcberwindung von pr\u00e4- und postpartalen Depressionen, Verringerung von Angstzust\u00e4nden und depressiven Verstimmungen.<\/p>\n<\/li>\n<li>\n<p data-path-to-node=\"5,12,0\">Schnellere Wiederherstellung des psychoemotionalen Gleichgewichts in Stresssituationen.<\/p>\n<\/li>\n<li>\n<p data-path-to-node=\"5,13,0\">Verringerung erh\u00f6hter M\u00fcdigkeit sowie Wiederherstellung der Schlafqualit\u00e4t und -dauer.<\/p>\n<\/li>\n<li>\n<p data-path-to-node=\"5,14,0\">Steigerung der allgemeinen Anpassungsreserven des K\u00f6rpers, St\u00e4rkung der Immunit\u00e4t und Abschw\u00e4chung der Wirkung sch\u00e4dlicher Umweltfaktoren durch verst\u00e4rkten antioxidativen Schutz.<\/p>\n<\/li>\n<\/ul>\n<hr data-path-to-node=\"6\" \/>\n<p data-path-to-node=\"7\"><b data-path-to-node=\"7\" data-index-in-node=\"0\">WICHTIG! DAS KFS-GER\u00c4T IST KEIN ARZNEIMITTEL UND KEIN MEDIZINPRODUKT!<\/b><\/p>","protected":false},"excerpt":{"rendered":"<p><b data-path-to-node=\"3\" data-index-in-node=\"0\">Dieses Ger\u00e4t bietet eine umfassende Unterst\u00fctzung f\u00fcr die reproduktive Gesundheit von Frauen. Es f\u00f6rdert die nat\u00fcrliche Fruchtbarkeit, unterst\u00fctzt eine harmonische Schwangerschaft und beschleunigt die k\u00f6rperliche sowie psychoemotionale Regeneration in der Zeit nach der Geburt.<\/b><\/p>","protected":false},"featured_media":2646,"comment_status":"open","ping_status":"closed","template":"","meta":[],"product_brand":[],"product_cat":[227],"product_tag":[253],"class_list":{"0":"post-2645","1":"product","2":"type-product","3":"status-publish","4":"has-post-thumbnail","6":"product_cat-vita-12","7":"product_tag-vita12g-3","9":"first","10":"instock","11":"taxable","12":"shipping-taxable","13":"purchasable","14":"product-type-simple"},"_links":{"self":[{"href":"https:\/\/vigo-rio.com\/en\/wp-json\/wp\/v2\/product\/2645","targetHints":{"allow":["GET"]}}],"collection":[{"href":"https:\/\/vigo-rio.com\/en\/wp-json\/wp\/v2\/product"}],"about":[{"href":"https:\/\/vigo-rio.com\/en\/wp-json\/wp\/v2\/types\/product"}],"replies":[{"embeddable":true,"href":"https:\/\/vigo-rio.com\/en\/wp-json\/wp\/v2\/comments?post=2645"}],"wp:featuredmedia":[{"embeddable":true,"href":"https:\/\/vigo-rio.com\/en\/wp-json\/wp\/v2\/media\/2646"}],"wp:attachment":[{"href":"https:\/\/vigo-rio.com\/en\/wp-json\/wp\/v2\/media?parent=2645"}],"wp:term":[{"taxonomy":"product_brand","embeddable":true,"href":"https:\/\/vigo-rio.com\/en\/wp-json\/wp\/v2\/product_brand?post=2645"},{"taxonomy":"product_cat","embeddable":true,"href":"https:\/\/vigo-rio.com\/en\/wp-json\/wp\/v2\/product_cat?post=2645"},{"taxonomy":"product_tag","embeddable":true,"href":"https:\/\/vigo-rio.com\/en\/wp-json\/wp\/v2\/product_tag?post=2645"}],"curies":[{"name":"wp","href":"https:\/\/api.w.org\/{rel}","templated":true}]}}