{"id":2643,"date":"2026-01-28T21:39:42","date_gmt":"2026-01-28T21:39:42","guid":{"rendered":"https:\/\/vigo-rio.com\/?post_type=product&#038;p=2643"},"modified":"2026-04-18T07:27:46","modified_gmt":"2026-04-18T07:27:46","slug":"vita12-g-2-reproduktives-system-hormone-frau-eierstoecke-gebaermutter-oestrogen-und-progesteron","status":"publish","type":"product","link":"https:\/\/vigo-rio.com\/en\/product\/vita12-g-2-reproduktives-system-hormone-frau-eierstoecke-gebaermutter-oestrogen-und-progesteron\/","title":{"rendered":"VITA12 G-2 Reproduktives System (Hormone FRAU &#8211; Eierst\u00f6cke, Geb\u00e4rmutter, \u00d6strogen und Progesteron)"},"content":{"rendered":"<div class=\"product-page__description\">\n<p><strong>Kolzov-Platte: G-2\u00a0 Reproduktives System (Hormone FRAU &#8211; Eierst\u00f6cke, Geb\u00e4rmutter,\u00a0\u00d6strogen\u00a0und Progesteron)<\/strong><\/p>\n<p><strong data-start=\"151\" data-end=\"204\">Hormonelles Gleichgewicht &amp; weibliche Gesundheit:<\/strong><br data-start=\"204\" data-end=\"207\" \/><em>Normalisiert den Hormonhaushalt, reguliert den Menstruationszyklus und lindert PMS sowie Beschwerden in den Wechseljahren. Unterst\u00fctzt die Fruchtbarkeit, reduziert Entz\u00fcndungen und Unwohlsein der Beckenorgane. F\u00f6rdert Energie, emotionales Gleichgewicht, gesunde Haut und Haare \u2013 f\u00fcr ein rundum gest\u00e4rktes Selbstbewusstsein und Wohlbefinden.<\/em><\/p>\n<p data-start=\"122\" data-end=\"153\"><strong data-start=\"122\" data-end=\"151\">Wirkung von FC VITA12: G\u20112<\/strong><\/p>\n<p data-start=\"155\" data-end=\"533\"><strong data-start=\"155\" data-end=\"197\">Menstruationsfunktion &amp; Hormonbalance:<\/strong><br data-start=\"197\" data-end=\"200\" \/><em>Normalisiert den Menstruationszyklus, lindert PMS-Symptome wie Stimmungsschwankungen, Schwellungen und Schmerzen. Unterst\u00fctzt \u00d6strogen- und Progesteronlevel und begleitet fruchtbarkeitsunterst\u00fctzende Ma\u00dfnahmen wie IVF. Lindert Hitzewallungen, n\u00e4chtliches Schwitzen, Schlafst\u00f6rungen und emotionale Instabilit\u00e4t in den Wechseljahren.<\/em><\/p>\n<p data-start=\"535\" data-end=\"807\"><strong data-start=\"535\" data-end=\"585\">Pr\u00e4vention &amp; Regeneration des kleinen Beckens:<\/strong><br data-start=\"585\" data-end=\"588\" \/><em>F\u00f6rdert die Gesundheit des Endometriums, lindert Kr\u00e4mpfe bei Dysmenorrhoe und reduziert Schmerzen. Unterst\u00fctzt bei Adnexitis, Endometritis, Vaginitis, Eierstockzysten und Endometriose mit entz\u00fcndungshemmender Wirkung.<\/em><\/p>\n<p data-start=\"809\" data-end=\"1076\"><strong data-start=\"809\" data-end=\"861\">St\u00e4rkung des Beckenbodens &amp; der Brustgesundheit:<\/strong><br data-start=\"861\" data-end=\"864\" \/><em>Unterst\u00fctzt den Tonus der reproduktiven Organe, st\u00e4rkt die Beckenbodenmuskulatur und beugt Mastopathie sowie zyklusbedingten Schmerzen vor. Steigert Libido, sexuelle Empfindsamkeit und allgemeines Wohlbefinden.<\/em><\/p>\n<p data-start=\"1078\" data-end=\"1366\"><strong data-start=\"1078\" data-end=\"1125\">Psychoemotionale Harmonie &amp; Lebensqualit\u00e4t:<\/strong><br data-start=\"1125\" data-end=\"1128\" \/><em>Reduziert Angst, Reizbarkeit und f\u00f6rdert Stressresistenz. Erh\u00f6ht Vitalit\u00e4t, Energie und k\u00f6rperliche Ausdauer. Unterst\u00fctzt die funktionelle Aktivit\u00e4t im reifen Alter und verlangsamt altersbedingte Ver\u00e4nderungen der reproduktiven Systeme.<\/em><\/p>\n<p data-start=\"1368\" data-end=\"1569\"><em><strong data-start=\"1368\" data-end=\"1380\">Hinweis:<\/strong>\u00a0FC VITA12: G\u20112 ist kein Arzneimittel oder medizinisches Ger\u00e4t.\u00a0Lebenswichtige Technologien zur Unterst\u00fctzung, Wiederherstellung der K\u00f6rperressourcen und bewusstes Gesundheitsmanagement.<\/em><\/p>\n<\/div>\n<div class=\"product-page__social\">\n<div class=\"jw-block-element\">\n<div id=\"jw-element-\" class=\"jw-tree-node jw-element jw-social-share jw-node-is-first-child jw-node-is-last-child\" data-jw-element-id=\"\">\n<div class=\"jw-element-social-share\">\n<div class=\"share-button-container share-button-container--buttons-mini share-button-container--align-left jw-element-content\"><\/div>\n<\/div>\n<\/div>\n<\/div>\n<\/div>","protected":false},"excerpt":{"rendered":"<h3 class=\"jw-heading-70\"><strong>G-2\u00a0 reproduktives System (Hormone FRAU &#8211; Eierst\u00f6cke, Geb\u00e4rmutter, \u00d6strogen und Progesteron)<\/strong><\/h3>\n<p><em>G-2 dient der energetischen Harmonisierung des weiblichen Systems.<br data-start=\"965\" data-end=\"968\" \/>Die Platte kann helfen, das pers\u00f6nliche Wohlbefinden w\u00e4hrend hormoneller Zyklen zu unterst\u00fctzen und das Gef\u00fchl von innerer Ruhe, Stabilit\u00e4t und emotionaler Balance zu f\u00f6rdern.<br data-start=\"1143\" data-end=\"1146\" \/>Anwenderinnen nutzen G-2 oft, um ihr energetisches Empfinden im Bereich der Weiblichkeit, des Zyklus und der allgemeinen Vitalit\u00e4t zu st\u00e4rken.<\/em><\/p>","protected":false},"featured_media":2644,"comment_status":"open","ping_status":"closed","template":"","meta":[],"product_brand":[],"product_cat":[227],"product_tag":[254],"class_list":{"0":"post-2643","1":"product","2":"type-product","3":"status-publish","4":"has-post-thumbnail","6":"product_cat-vita-12","7":"product_tag-vita12g-2","9":"first","10":"instock","11":"taxable","12":"shipping-taxable","13":"purchasable","14":"product-type-simple"},"_links":{"self":[{"href":"https:\/\/vigo-rio.com\/en\/wp-json\/wp\/v2\/product\/2643","targetHints":{"allow":["GET"]}}],"collection":[{"href":"https:\/\/vigo-rio.com\/en\/wp-json\/wp\/v2\/product"}],"about":[{"href":"https:\/\/vigo-rio.com\/en\/wp-json\/wp\/v2\/types\/product"}],"replies":[{"embeddable":true,"href":"https:\/\/vigo-rio.com\/en\/wp-json\/wp\/v2\/comments?post=2643"}],"wp:featuredmedia":[{"embeddable":true,"href":"https:\/\/vigo-rio.com\/en\/wp-json\/wp\/v2\/media\/2644"}],"wp:attachment":[{"href":"https:\/\/vigo-rio.com\/en\/wp-json\/wp\/v2\/media?parent=2643"}],"wp:term":[{"taxonomy":"product_brand","embeddable":true,"href":"https:\/\/vigo-rio.com\/en\/wp-json\/wp\/v2\/product_brand?post=2643"},{"taxonomy":"product_cat","embeddable":true,"href":"https:\/\/vigo-rio.com\/en\/wp-json\/wp\/v2\/product_cat?post=2643"},{"taxonomy":"product_tag","embeddable":true,"href":"https:\/\/vigo-rio.com\/en\/wp-json\/wp\/v2\/product_tag?post=2643"}],"curies":[{"name":"wp","href":"https:\/\/api.w.org\/{rel}","templated":true}]}}