{"id":2641,"date":"2026-01-28T21:38:48","date_gmt":"2026-01-28T21:38:48","guid":{"rendered":"https:\/\/vigo-rio.com\/?post_type=product&#038;p=2641"},"modified":"2026-03-29T16:29:21","modified_gmt":"2026-03-29T16:29:21","slug":"vita12-g-1-reproduktives-system-hormone-mann-prostata-testosteron","status":"publish","type":"product","link":"https:\/\/vigo-rio.com\/en\/product\/vita12-g-1-reproduktives-system-hormone-mann-prostata-testosteron\/","title":{"rendered":"VITA12 G-1 Reproduktives System (Hormone MANN &#8211; Prostata, Testosteron)"},"content":{"rendered":"<p><strong>Kolzov-Platte: G-1 Reproduktives System (Hormone MANN &#8211; Prostata, Testosteron)<\/strong><\/p>\n<p><strong data-start=\"133\" data-end=\"170\">M\u00e4nnliche Gesundheit &amp; Vitalit\u00e4t:<\/strong><br data-start=\"170\" data-end=\"173\" \/><em>Steigert k\u00f6rperliche und sexuelle Energie sowie Ausdauer. Unterst\u00fctzt die Prostata-Gesundheit und den Hormonhaushalt. Hilft, Entz\u00fcndungen zu reduzieren, f\u00f6rdert schnelle Regeneration nach Belastungen und st\u00e4rkt Stressresistenz sowie Selbstvertrauen \u2013 f\u00fcr aktive Leistung und Vitalit\u00e4t in jedem Alter.<\/em><\/p>\n<p data-start=\"116\" data-end=\"147\"><strong data-start=\"116\" data-end=\"145\">Wirkung von FC VITA12: G\u20111<\/strong><\/p>\n<p data-start=\"149\" data-end=\"370\"><strong data-start=\"149\" data-end=\"197\">Steigerung von Energie &amp; Leistungsf\u00e4higkeit:<\/strong><br data-start=\"197\" data-end=\"200\" \/><em>Erh\u00f6ht den Energielevel, die k\u00f6rperliche Belastbarkeit und Ausdauer. F\u00f6rdert den Gesamttonus, reduziert \u00dcberlastungsrisiken und unterst\u00fctzt den sportlichen Fortschritt.<\/em><\/p>\n<p data-start=\"372\" data-end=\"512\"><strong data-start=\"372\" data-end=\"403\">Beschleunigte Regeneration:<\/strong><br data-start=\"403\" data-end=\"406\" \/><em>Unterst\u00fctzt die Muskelregeneration, reduziert Schmerzen und verk\u00fcrzt die Erholungszeiten nach Belastung.<\/em><\/p>\n<p data-start=\"514\" data-end=\"739\"><strong data-start=\"514\" data-end=\"559\">Optimierung von Organfunktionen &amp; Gewebe:<\/strong><br data-start=\"559\" data-end=\"562\" \/><em>Normalisiert Herz-Kreislauf- und Harnfunktionen. St\u00e4rkt Knochen, Gelenke, Sehnen und Knorpel. F\u00f6rdert die Durchblutung des kleinen Beckens und reduziert stagnierende Prozesse.<\/em><\/p>\n<p data-start=\"741\" data-end=\"990\"><strong data-start=\"741\" data-end=\"797\">Hormonelles Gleichgewicht &amp; reproduktive Gesundheit:<\/strong><br data-start=\"797\" data-end=\"800\" \/><em>Stimuliert die nat\u00fcrliche Testosteronproduktion, unterst\u00fctzt ein ausgewogenes Hormonlevel. Erh\u00e4lt Vitalit\u00e4t im reifen Alter und verl\u00e4ngert die Funktionsf\u00e4higkeit der reproduktiven Systeme.<\/em><\/p>\n<p data-start=\"992\" data-end=\"1199\"><strong data-start=\"992\" data-end=\"1022\">Psychoemotionale Harmonie:<\/strong><br data-start=\"1022\" data-end=\"1025\" \/><em>Reduziert Stress, \u00dcberm\u00fcdung und psychische Belastungen. F\u00f6rdert Selbstvertrauen, Resilienz und verringert negative Einfl\u00fcsse wie Rauchen, Alkohol oder ungesunde Ern\u00e4hrung.<\/em><\/p>\n<p data-start=\"1201\" data-end=\"1402\"><em><strong data-start=\"1201\" data-end=\"1213\">Hinweis:<\/strong>\u00a0FC VITA12: G\u20111 ist kein Arzneimittel oder medizinisches Ger\u00e4t.\u00a0<\/em><em>Lebenswichtige Technologien zur Unterst\u00fctzung, Wiederherstellung der K\u00f6rperressourcen und bewusstes Gesundheitsmanagement.<\/em><\/p>","protected":false},"excerpt":{"rendered":"<h3 class=\"jw-heading-70\"><strong>G-1 reproduktives System (Hormone MANN &#8211; Prostata, Testosteron)<\/strong><\/h3>\n<p><em>G-1 unterst\u00fctzt die energetische Balance im Bereich der m\u00e4nnlichen Vitalit\u00e4t.<br data-start=\"477\" data-end=\"480\" \/>Die Platte kann zu einem stabileren, kraftvolleren K\u00f6rperempfinden beitragen und das innere Gleichgewicht im Bereich der m\u00e4nnlichen Energie f\u00f6rdern.<br data-start=\"628\" data-end=\"631\" \/>Viele Anwender berichten von mehr Gelassenheit, innerer St\u00e4rke und einem gesteigerten Gef\u00fchl von Vitalit\u00e4t \u2013 insbesondere in Zeiten k\u00f6rperlicher oder emotionaler Belastung.<\/em><\/p>","protected":false},"featured_media":2642,"comment_status":"open","ping_status":"closed","template":"","meta":[],"product_brand":[],"product_cat":[227],"product_tag":[255],"class_list":{"0":"post-2641","1":"product","2":"type-product","3":"status-publish","4":"has-post-thumbnail","6":"product_cat-vita-12","7":"product_tag-vita12g-1","9":"first","10":"instock","11":"taxable","12":"shipping-taxable","13":"purchasable","14":"product-type-simple"},"_links":{"self":[{"href":"https:\/\/vigo-rio.com\/en\/wp-json\/wp\/v2\/product\/2641","targetHints":{"allow":["GET"]}}],"collection":[{"href":"https:\/\/vigo-rio.com\/en\/wp-json\/wp\/v2\/product"}],"about":[{"href":"https:\/\/vigo-rio.com\/en\/wp-json\/wp\/v2\/types\/product"}],"replies":[{"embeddable":true,"href":"https:\/\/vigo-rio.com\/en\/wp-json\/wp\/v2\/comments?post=2641"}],"wp:featuredmedia":[{"embeddable":true,"href":"https:\/\/vigo-rio.com\/en\/wp-json\/wp\/v2\/media\/2642"}],"wp:attachment":[{"href":"https:\/\/vigo-rio.com\/en\/wp-json\/wp\/v2\/media?parent=2641"}],"wp:term":[{"taxonomy":"product_brand","embeddable":true,"href":"https:\/\/vigo-rio.com\/en\/wp-json\/wp\/v2\/product_brand?post=2641"},{"taxonomy":"product_cat","embeddable":true,"href":"https:\/\/vigo-rio.com\/en\/wp-json\/wp\/v2\/product_cat?post=2641"},{"taxonomy":"product_tag","embeddable":true,"href":"https:\/\/vigo-rio.com\/en\/wp-json\/wp\/v2\/product_tag?post=2641"}],"curies":[{"name":"wp","href":"https:\/\/api.w.org\/{rel}","templated":true}]}}