{"id":2639,"date":"2026-01-28T21:37:59","date_gmt":"2026-01-28T21:37:59","guid":{"rendered":"https:\/\/vigo-rio.com\/?post_type=product&#038;p=2639"},"modified":"2026-03-31T10:04:00","modified_gmt":"2026-03-31T10:04:00","slug":"vita12-e-3-endokrines-system-hormon-system-nebenniere-adrenalin","status":"publish","type":"product","link":"https:\/\/vigo-rio.com\/en\/product\/vita12-e-3-endokrines-system-hormon-system-nebenniere-adrenalin\/","title":{"rendered":"VITA12 E-3 Endokrines System (Hormon-System, Nebenniere, Adrenalin)"},"content":{"rendered":"<p data-path-to-node=\"3\">\n<p data-path-to-node=\"4\"><b data-path-to-node=\"4\" data-index-in-node=\"0\">Die Wirkung zielt ab auf:<\/b><\/p>\n<ul data-path-to-node=\"5\">\n<li>\n<p data-path-to-node=\"5,0,0\">Umfassende Anpassung des Organismus an Stress und Unterst\u00fctzung der korrekten Funktion der Nerven-, Hormon- und Herz-Kreislauf-Systeme bei hoher Belastung durch Adrenalinaussch\u00fcttung.<\/p>\n<\/li>\n<li>\n<p data-path-to-node=\"5,1,0\">Prophylaxe systemischer Erkrankungen: Beugt der Entstehung von Pathologien vor, die durch langanhaltenden Stress der endokrinen, kardiovaskul\u00e4ren, nerv\u00f6sen, immunologischen und reproduktiven Systeme verursacht werden.<\/p>\n<\/li>\n<li>\n<p data-path-to-node=\"5,2,0\">Senkung des zerst\u00f6rerischen Einflusses von Adrenalin sowie Verringerung negativer Folgen eines Adrenalin\u00fcberschusses bei kurzzeitigem oder chronischem Stress durch psychologische oder physische Faktoren.<\/p>\n<\/li>\n<li>\n<p data-path-to-node=\"5,3,0\">Unterst\u00fctzung und Reinigung der Leber (hepatotroper Effekt): Verbessert die Entgiftungsfunktion der Leber und f\u00f6rdert die aktive Ausscheidung von Toxinen und Stoffwechselprodukten.<\/p>\n<\/li>\n<li>\n<p data-path-to-node=\"5,4,0\">Normalisierung des Herz-Kreislauf-Systems und des Glukosespiegels: Mildert die Wirkung von Adrenalin auf die Blutgef\u00e4\u00dfe, reguliert sanft den Blutdruck und stabilisiert den Blutzuckerspiegel.<\/p>\n<\/li>\n<li>\n<p data-path-to-node=\"5,5,0\">Stabilisierung des emotionalen Zustands und der Psyche: Hilft effektiv bei Schlaflosigkeit, Reizbarkeit, Apathie, depressiven Verstimmungen und anderen Formen emotionaler Instabilit\u00e4t.<\/p>\n<\/li>\n<li>\n<p data-path-to-node=\"5,6,0\">Hilfe bei der Therapie schwerer psychologischer Traumata und St\u00f6rungen: Unterst\u00fctzt den K\u00f6rper bei posttraumatischen Belastungsst\u00f6rungen (PTBS) und verschiedenen Verhaltensst\u00f6rungen.<\/p>\n<\/li>\n<li>\n<p data-path-to-node=\"5,7,0\">Steigerung von Energie und Leistungsf\u00e4higkeit: Erzeugt einen stabilen antidepressiven Effekt, senkt die Erm\u00fcdung und steigert den allgemeinen Tonus sowie die Produktivit\u00e4t.<\/p>\n<\/li>\n<li>\n<p data-path-to-node=\"5,8,0\">Schutz des zentralen Nervensystems: Dient der Prophylaxe von ZNS-Erkrankungen, die mit der k\u00f6rperlichen Abnutzung durch chronischen Stress zusammenh\u00e4ngen.<\/p>\n<\/li>\n<li>\n<p data-path-to-node=\"5,9,0\">Wiederherstellung kognitiver Funktionen: Unterst\u00fctzt die Komplextherapie bei Ged\u00e4chtnis-, Aufmerksamkeits- und Denkst\u00f6rungen, die durch Stress entstanden sind.<\/p>\n<\/li>\n<li>\n<p data-path-to-node=\"5,10,0\">Allgemeine Gesundung und Verj\u00fcngung: Die ganzheitliche Wirkung f\u00f6rdert eine effektive Regeneration, verbessert das Wohlbefinden und verl\u00e4ngert die Phase der aktiven Vitalit\u00e4t.<\/p>\n<\/li>\n<\/ul>","protected":false},"excerpt":{"rendered":"<p><b data-path-to-node=\"3\" data-index-in-node=\"0\">Dieses Ger\u00e4t bietet eine umfassende Unterst\u00fctzung bei der Anpassung des K\u00f6rpers an Stress und hilft verschiedenen Systemen (Nerven-, Hormon- und Herz-Kreislauf-System), unter hoher Belastung korrekt zu funktionieren. Es minimiert die zerst\u00f6rerischen Auswirkungen von Adrenalin und f\u00f6rdert die systemische Vorbeugung von Erkrankungen, die durch chronischen Stress entstehen.<\/b><\/p>","protected":false},"featured_media":2640,"comment_status":"open","ping_status":"closed","template":"","meta":[],"product_brand":[],"product_cat":[227],"product_tag":[256],"class_list":{"0":"post-2639","1":"product","2":"type-product","3":"status-publish","4":"has-post-thumbnail","6":"product_cat-vita-12","7":"product_tag-vita12e-3","9":"first","10":"instock","11":"taxable","12":"shipping-taxable","13":"purchasable","14":"product-type-simple"},"_links":{"self":[{"href":"https:\/\/vigo-rio.com\/en\/wp-json\/wp\/v2\/product\/2639","targetHints":{"allow":["GET"]}}],"collection":[{"href":"https:\/\/vigo-rio.com\/en\/wp-json\/wp\/v2\/product"}],"about":[{"href":"https:\/\/vigo-rio.com\/en\/wp-json\/wp\/v2\/types\/product"}],"replies":[{"embeddable":true,"href":"https:\/\/vigo-rio.com\/en\/wp-json\/wp\/v2\/comments?post=2639"}],"wp:featuredmedia":[{"embeddable":true,"href":"https:\/\/vigo-rio.com\/en\/wp-json\/wp\/v2\/media\/2640"}],"wp:attachment":[{"href":"https:\/\/vigo-rio.com\/en\/wp-json\/wp\/v2\/media?parent=2639"}],"wp:term":[{"taxonomy":"product_brand","embeddable":true,"href":"https:\/\/vigo-rio.com\/en\/wp-json\/wp\/v2\/product_brand?post=2639"},{"taxonomy":"product_cat","embeddable":true,"href":"https:\/\/vigo-rio.com\/en\/wp-json\/wp\/v2\/product_cat?post=2639"},{"taxonomy":"product_tag","embeddable":true,"href":"https:\/\/vigo-rio.com\/en\/wp-json\/wp\/v2\/product_tag?post=2639"}],"curies":[{"name":"wp","href":"https:\/\/api.w.org\/{rel}","templated":true}]}}