{"id":2637,"date":"2026-01-28T21:37:14","date_gmt":"2026-01-28T21:37:14","guid":{"rendered":"https:\/\/vigo-rio.com\/?post_type=product&#038;p=2637"},"modified":"2026-04-15T08:51:21","modified_gmt":"2026-04-15T08:51:21","slug":"vita12-e-2-endokrines-system-hormon-system-schilddruese-hypophyse-nebenniere-geschlechtsorgane","status":"publish","type":"product","link":"https:\/\/vigo-rio.com\/en\/product\/vita12-e-2-endokrines-system-hormon-system-schilddruese-hypophyse-nebenniere-geschlechtsorgane\/","title":{"rendered":"VITA12 E-2 Endokrines System (Hormon-System &#8211; Schilddr\u00fcse, Hypophyse, Nebenniere, Geschlechtsorgane)"},"content":{"rendered":"<p><strong>Kolzov-Platte: E-2\u00a0 Endokrines System (Hormon-System &#8211; Schilddr\u00fcse, Hypophyse, Nebenniere, Geschlechtsorgane)<\/strong><\/p>\n<p><strong data-start=\"75\" data-end=\"111\">Unterst\u00fctzung des Hormonsystems:<\/strong><br data-start=\"111\" data-end=\"114\" \/><em>F\u00f6rdert die Wiederherstellung des hormonellen Gleichgewichts, optimiert Stoffwechselprozesse (Kohlenhydrat- und Fettstoffwechsel) und die Funktionen von Schilddr\u00fcse, Nebennieren, Geschlechtsorganen sowie der sie steuernden Zentren.<\/em><br data-start=\"357\" data-end=\"360\" \/><em>Unterst\u00fctzt die reproduktive Gesundheit, erh\u00f6ht die Stressresistenz und verlangsamt das altersbedingte Nachlassen der endokrinen Funktionen.<\/em><\/p>\n<h3 data-start=\"143\" data-end=\"170\">Wirkung von FC VITA12: E\u20112<\/h3>\n<p data-start=\"172\" data-end=\"507\"><strong data-start=\"172\" data-end=\"228\">Wiederherstellung nat\u00fcrlicher Rhythmen und Prozesse:<\/strong><br data-start=\"228\" data-end=\"231\" \/><em>Stellt die hormonelle Sekretion und Schlaf-Wach-Zyklen wieder her und harmonisiert die physiologischen Rhythmen.<\/em><br data-start=\"355\" data-end=\"358\" \/><em>Verlangsamt altersbedingte Ver\u00e4nderungen der endokrinen und neuroendokrinen Systeme und unterst\u00fctzt die Regulationsmechanismen des K\u00f6rpers.<\/em><\/p>\n<p data-start=\"509\" data-end=\"827\"><strong data-start=\"509\" data-end=\"565\">Balancierung der Schl\u00fcsselhormone &amp; Stressanpassung:<\/strong><br data-start=\"565\" data-end=\"568\" \/><em>Normalisiert die Schilddr\u00fcsenhormone T3, T4 und ihre metabolisch aktiven Formen.<\/em><br data-start=\"652\" data-end=\"655\" \/><em>Unterst\u00fctzt bei Hypo- und Hyperthyreose und reguliert den Jodstoffwechsel.<\/em><br data-start=\"737\" data-end=\"740\" \/><em>Balanciert die Nebennierenhormone wie Cortisol, DHEA, Adrenalin und Noradrenalin.<\/em><\/p>\n<p data-start=\"829\" data-end=\"1332\"><strong data-start=\"829\" data-end=\"889\">Optimierung der reproduktiven Gesundheit &amp; Stoffwechsel:<\/strong><br data-start=\"889\" data-end=\"892\" \/><em>F\u00fcr Frauen: Harmonisierung der Menstruationszyklen, Normalisierung von \u00d6strogen- und Progesteronspiegeln, Unterst\u00fctzung in der Menopause.<\/em><br data-start=\"1041\" data-end=\"1044\" \/><em>F\u00fcr M\u00e4nner: Optimierung der Testosteronproduktion, Verbesserung der Prostatafunktion und Steigerung der Fertilit\u00e4t.<\/em><br data-start=\"1171\" data-end=\"1174\" \/><em>F\u00f6rdert den Kohlenhydrat- und Fettstoffwechsel, wirkt positiv auf Fett- und Muskelgewebe und unterst\u00fctzt die Pr\u00e4vention metabolischer St\u00f6rungen.<\/em><\/p>\n<p data-start=\"1334\" data-end=\"1671\"><strong data-start=\"1334\" data-end=\"1391\">Unterst\u00fctzung von ZNS, Verdauung &amp; allgemeinem Tonus:<\/strong><br data-start=\"1391\" data-end=\"1394\" \/><em>Aktiviert die D\u00fcnndarmregeneration, unterst\u00fctzt die gesunde Darmflora, normalisiert die Verdauung und harmonisiert Erregungs- und Hemmungsprozesse im Zentralnervensystem.<\/em><br data-start=\"1576\" data-end=\"1579\" \/><em>Unterst\u00fctzt die Detoxifikation und die nat\u00fcrlichen Reinigungsprozesse des K\u00f6rpers.<\/em><\/p>\n<p data-start=\"1673\" data-end=\"1866\"><em data-start=\"1673\" data-end=\"1864\">Hinweis: FC VITA12: E\u20112 ist kein Arzneimittel oder medizinisches Ger\u00e4t. Lebenswichtige Technologien zur Unterst\u00fctzung, Wiederherstellung der K\u00f6rperressourcen und bewusstes Gesundheitsmanagement.<\/em><\/p>","protected":false},"excerpt":{"rendered":"<h3 class=\"jw-heading-70\"><strong>E-2\u00a0 Endokrines System (Hormon-System &#8211; Schilddr\u00fcse, Hypophyse, Nebenniere, Geschlechtsorgane)<\/strong><\/h3>\n<p><em>E-2 dient der harmonisierenden energetischen Begleitung des hormonellen Systems.<br data-start=\"831\" data-end=\"834\" \/>Sie kann zu mehr innerer Balance beitragen, den pers\u00f6nlichen Energiefluss im Bereich von Schilddr\u00fcse, Nebennieren und hormonellen Zyklen unterst\u00fctzen und ein Gef\u00fchl von Stabilit\u00e4t und Vitalit\u00e4t f\u00f6rdern.<br data-start=\"1036\" data-end=\"1039\" \/>Anwender sch\u00e4tzen E-2 besonders bei Phasen innerer oder \u00e4u\u00dferer Belastung.<\/em><\/p>","protected":false},"featured_media":2638,"comment_status":"open","ping_status":"closed","template":"","meta":[],"product_brand":[],"product_cat":[227],"product_tag":[257],"class_list":{"0":"post-2637","1":"product","2":"type-product","3":"status-publish","4":"has-post-thumbnail","6":"product_cat-vita-12","7":"product_tag-vita12e-2","9":"first","10":"instock","11":"taxable","12":"shipping-taxable","13":"purchasable","14":"product-type-simple"},"_links":{"self":[{"href":"https:\/\/vigo-rio.com\/en\/wp-json\/wp\/v2\/product\/2637","targetHints":{"allow":["GET"]}}],"collection":[{"href":"https:\/\/vigo-rio.com\/en\/wp-json\/wp\/v2\/product"}],"about":[{"href":"https:\/\/vigo-rio.com\/en\/wp-json\/wp\/v2\/types\/product"}],"replies":[{"embeddable":true,"href":"https:\/\/vigo-rio.com\/en\/wp-json\/wp\/v2\/comments?post=2637"}],"wp:featuredmedia":[{"embeddable":true,"href":"https:\/\/vigo-rio.com\/en\/wp-json\/wp\/v2\/media\/2638"}],"wp:attachment":[{"href":"https:\/\/vigo-rio.com\/en\/wp-json\/wp\/v2\/media?parent=2637"}],"wp:term":[{"taxonomy":"product_brand","embeddable":true,"href":"https:\/\/vigo-rio.com\/en\/wp-json\/wp\/v2\/product_brand?post=2637"},{"taxonomy":"product_cat","embeddable":true,"href":"https:\/\/vigo-rio.com\/en\/wp-json\/wp\/v2\/product_cat?post=2637"},{"taxonomy":"product_tag","embeddable":true,"href":"https:\/\/vigo-rio.com\/en\/wp-json\/wp\/v2\/product_tag?post=2637"}],"curies":[{"name":"wp","href":"https:\/\/api.w.org\/{rel}","templated":true}]}}