{"id":2635,"date":"2026-01-28T21:36:20","date_gmt":"2026-01-28T21:36:20","guid":{"rendered":"https:\/\/vigo-rio.com\/?post_type=product&#038;p=2635"},"modified":"2026-04-15T08:51:21","modified_gmt":"2026-04-15T08:51:21","slug":"vita12-e-1-endokrines-system-hormon-system-bauchspeicheldruese","status":"publish","type":"product","link":"https:\/\/vigo-rio.com\/en\/product\/vita12-e-1-endokrines-system-hormon-system-bauchspeicheldruese\/","title":{"rendered":"VITA12 E-1 Endokrines System (Hormon-System, Bauchspeicheldr\u00fcse)"},"content":{"rendered":"<div class=\"product-page__description\">\n<p><strong>Kolzov-Platte: E-1\u00a0 Endokrines System (Hormon-System, Bauchspeicheldr\u00fcse)<\/strong><\/p>\n<p><strong data-start=\"75\" data-end=\"116\">Unterst\u00fctzung der Bauchspeicheldr\u00fcse:<\/strong><br data-start=\"116\" data-end=\"119\" \/><em>F\u00f6rdert die Wiederherstellung der Pankreasfunktion, normalisiert die Produktion von Enzymen und Hormonen, reguliert den Kohlenhydratstoffwechsel und unterst\u00fctzt die Pr\u00e4vention von Diabetes.<\/em><br data-start=\"324\" data-end=\"327\" \/><em>Verbessert die Verdauung, senkt allm\u00e4hlich den Blutzuckerspiegel, sch\u00fctzt vor diabetischen Komplikationen und unterst\u00fctzt die ganzheitliche Funktion der Bauchspeicheldr\u00fcse bei verschiedenen St\u00f6rungen.<\/em><\/p>\n<h3 data-start=\"143\" data-end=\"170\">Wirkung von FC VITA12: E\u20111<\/h3>\n<p data-start=\"172\" data-end=\"436\"><strong data-start=\"172\" data-end=\"234\">Wiederherstellung &amp; Normalisierung der Pankreasfunktionen:<\/strong><br data-start=\"234\" data-end=\"237\" \/><em>Stellt die Sekretion von Enzymen und Hormonen wieder her, korrigiert Insulinbildungsst\u00f6rungen und beugt strukturellen Ver\u00e4nderungen wie Pankreaszysten, Steinen oder Narbenbildungen vor.<\/em><\/p>\n<p data-start=\"438\" data-end=\"708\"><strong data-start=\"438\" data-end=\"502\">Einfluss auf Kohlenhydratstoffwechsel &amp; Insulinsensitivit\u00e4t:<\/strong><br data-start=\"502\" data-end=\"505\" \/><em>Unterst\u00fctzt die Pr\u00e4vention von Diabetes Typ I und II, verbessert die Insulinsensitivit\u00e4t, reduziert Insulinresistenz und senkt das Risiko von diabetischen Angiopathien und Neuropathien.<\/em><\/p>\n<p data-start=\"710\" data-end=\"1023\"><strong data-start=\"710\" data-end=\"765\">Hepatoprotektive Wirkung &amp; Verdauungsunterst\u00fctzung:<\/strong><br data-start=\"765\" data-end=\"768\" \/><em>Lindert dyspeptische Beschwerden wie \u00dcbelkeit, V\u00f6llegef\u00fchl und Bl\u00e4hungen, unterst\u00fctzt die Gewichtsregulierung und normalisiert den Stoffwechsel.<\/em><br data-start=\"924\" data-end=\"927\" \/><em>Wirkt antioxidativ, sch\u00fctzt die Gef\u00e4\u00dfw\u00e4nde und hat einen hypolipid\u00e4mischen Effekt.<\/em><\/p>\n<p data-start=\"1025\" data-end=\"1324\"><strong data-start=\"1025\" data-end=\"1067\">Unterst\u00fctzung bei Begleiterkrankungen:<\/strong><br data-start=\"1067\" data-end=\"1070\" \/><em>Tr\u00e4gt zur schrittweisen Normalisierung der Parameter bei Typ-2-Diabetikern bei, unterst\u00fctzt die Therapie von Pankreaserkrankungen und f\u00f6rdert Metabolismus, Verdauung und das allgemeine Wohlbefinden im Rahmen einer ganzheitlichen Behandlung.<\/em><\/p>\n<p data-start=\"1326\" data-end=\"1519\"><em data-start=\"1326\" data-end=\"1517\"><strong>Hinweis:<\/strong>\u00a0FC VITA12: E\u20111 ist kein Arzneimittel oder medizinisches Ger\u00e4t. Lebenswichtige Technologien zur Unterst\u00fctzung, Wiederherstellung der K\u00f6rperressourcen und bewusstes Gesundheitsmanagement.<\/em><\/p>\n<\/div>\n<div class=\"product-page__social\">\n<div class=\"jw-block-element\">\n<div id=\"jw-element-\" class=\"jw-tree-node jw-element jw-social-share jw-node-is-first-child jw-node-is-last-child\" data-jw-element-id=\"\">\n<div class=\"jw-element-social-share\">\n<div class=\"share-button-container share-button-container--buttons-mini share-button-container--align-left jw-element-content\"><\/div>\n<\/div>\n<\/div>\n<\/div>\n<\/div>","protected":false},"excerpt":{"rendered":"<h3 class=\"jw-heading-70\"><strong>E-1\u00a0 Endokrines System (Hormon-System, Bauchspeicheldr\u00fcse)<\/strong><\/h3>\n<p><em>E-1 unterst\u00fctzt das energetische Gleichgewicht im Bereich der Bauchspeicheldr\u00fcse und des gesamten hormonellen Stoffwechsels.<br data-start=\"389\" data-end=\"392\" \/>Die Platte kann helfen, ein ausgeglicheneres Empfinden im Energiehaushalt zu f\u00f6rdern und den inneren Rhythmus zu stabilisieren.<br data-start=\"519\" data-end=\"522\" \/>Viele Anwender nutzen E-1, um ihr Wohlbefinden im Zusammenhang mit dem t\u00e4glichen Energiefluss und der Stoffwechselbalance zu st\u00e4rken.<\/em><\/p>","protected":false},"featured_media":2636,"comment_status":"open","ping_status":"closed","template":"","meta":[],"product_brand":[],"product_cat":[227],"product_tag":[258],"class_list":{"0":"post-2635","1":"product","2":"type-product","3":"status-publish","4":"has-post-thumbnail","6":"product_cat-vita-12","7":"product_tag-vita12e-1","9":"first","10":"instock","11":"taxable","12":"shipping-taxable","13":"purchasable","14":"product-type-simple"},"_links":{"self":[{"href":"https:\/\/vigo-rio.com\/en\/wp-json\/wp\/v2\/product\/2635","targetHints":{"allow":["GET"]}}],"collection":[{"href":"https:\/\/vigo-rio.com\/en\/wp-json\/wp\/v2\/product"}],"about":[{"href":"https:\/\/vigo-rio.com\/en\/wp-json\/wp\/v2\/types\/product"}],"replies":[{"embeddable":true,"href":"https:\/\/vigo-rio.com\/en\/wp-json\/wp\/v2\/comments?post=2635"}],"wp:featuredmedia":[{"embeddable":true,"href":"https:\/\/vigo-rio.com\/en\/wp-json\/wp\/v2\/media\/2636"}],"wp:attachment":[{"href":"https:\/\/vigo-rio.com\/en\/wp-json\/wp\/v2\/media?parent=2635"}],"wp:term":[{"taxonomy":"product_brand","embeddable":true,"href":"https:\/\/vigo-rio.com\/en\/wp-json\/wp\/v2\/product_brand?post=2635"},{"taxonomy":"product_cat","embeddable":true,"href":"https:\/\/vigo-rio.com\/en\/wp-json\/wp\/v2\/product_cat?post=2635"},{"taxonomy":"product_tag","embeddable":true,"href":"https:\/\/vigo-rio.com\/en\/wp-json\/wp\/v2\/product_tag?post=2635"}],"curies":[{"name":"wp","href":"https:\/\/api.w.org\/{rel}","templated":true}]}}