{"id":2633,"date":"2026-01-28T21:35:11","date_gmt":"2026-01-28T21:35:11","guid":{"rendered":"https:\/\/vigo-rio.com\/?post_type=product&#038;p=2633"},"modified":"2026-04-18T07:27:46","modified_gmt":"2026-04-18T07:27:46","slug":"vita12-d-3-verdauungssystem-leber-galle","status":"publish","type":"product","link":"https:\/\/vigo-rio.com\/en\/product\/vita12-d-3-verdauungssystem-leber-galle\/","title":{"rendered":"VITA12 D-3 Verdauungssystem (Leber, Galle)"},"content":{"rendered":"<p data-path-to-node=\"3\">\n<p data-path-to-node=\"4\"><b data-path-to-node=\"4\" data-index-in-node=\"0\">Die Wirkung des D-3-Ger\u00e4ts zielt ab auf:<\/b><\/p>\n<ul data-path-to-node=\"5\">\n<li>\n<p data-path-to-node=\"5,0,0\">Systemische Wiederherstellung der physiologischen Funktionen von Leber, Gallenwegen und Gallenblase.<\/p>\n<\/li>\n<li>\n<p data-path-to-node=\"5,1,0\">Korrektur und Prophylaxe von Lebererkrankungen unterschiedlicher Genese: viral, entz\u00fcndlich, infekti\u00f6s oder toxisch (chemisch).<\/p>\n<\/li>\n<li>\n<p data-path-to-node=\"5,2,0\">St\u00e4rkung der Entgiftungsfunktion der Leber sowie Aktivierung von Reinigungs- und Regenerationsprozessen bei Sch\u00e4digungen (Intoxikation, Fettleber etc.).<\/p>\n<\/li>\n<li>\n<p data-path-to-node=\"5,3,0\">Wiederherstellung und Schutz der Hepatozyten (Leberzellen) bei verschiedenen Pathologien (Hepatitis, Zirrhose, Cholezystitis etc.).<\/p>\n<\/li>\n<li>\n<p data-path-to-node=\"5,4,0\">Verringerung von Intoxikationen, die durch die Einnahme von Medikamenten, Alkoholkonsum oder die k\u00f6rpereigene Produktion von Toxinen verursacht werden.<\/p>\n<\/li>\n<li>\n<p data-path-to-node=\"5,5,0\">Beseitigung dyspeptischer Erscheinungen: \u00dcbelkeit, Erbrechen, Appetitlosigkeit, Bitterkeit im Mund sowie Wechsel zwischen Verstopfung und Durchfall.<\/p>\n<\/li>\n<li>\n<p data-path-to-node=\"5,6,0\">Normalisierung des Prozesses der Gallenbildung, Verbesserung der Gallenqualit\u00e4t und deren Flie\u00dfeigenschaften (milder choleretischer Effekt).<\/p>\n<\/li>\n<li>\n<p data-path-to-node=\"5,7,0\">Erh\u00f6hung der Widerstandsf\u00e4higkeit der Leber gegen\u00fcber sch\u00e4digenden Faktoren und Verbesserung ihrer kompensatorischen sowie regenerativen M\u00f6glichkeiten.<\/p>\n<\/li>\n<li>\n<p data-path-to-node=\"5,8,0\">Korrektur von Symptomen einer Fettleber (Steatosis hepatis).<\/p>\n<\/li>\n<li>\n<p data-path-to-node=\"5,9,0\">Beschleunigung der Wiederherstellung der Funktionen von Leber und Gallenwegen sowie Normalisierung ihrer Arbeit.<\/p>\n<\/li>\n<li>\n<p data-path-to-node=\"5,10,0\">Regulierung des Gallenflusses und Prophylaxe von Stauungserscheinungen.<\/p>\n<\/li>\n<li>\n<p data-path-to-node=\"5,11,0\">Wiederherstellung der Funktion des Magen-Darm-Traktes und Unterdr\u00fcckung entz\u00fcndlicher Prozesse im hepatobili\u00e4ren System.<\/p>\n<\/li>\n<li>\n<p data-path-to-node=\"5,12,0\">Verbesserung des Stoffwechsels und des Lipidstoffwechsels (Fettstoffwechsel).<\/p>\n<\/li>\n<li>\n<p data-path-to-node=\"5,13,0\">Senkung des Risikos f\u00fcr die Entstehung von Gallensteinen.<\/p>\n<\/li>\n<\/ul>\n<hr data-path-to-node=\"6\" \/>\n<p data-path-to-node=\"7\"><b data-path-to-node=\"7\" data-index-in-node=\"0\">WICHTIG! DAS KFS-GER\u00c4T IST KEIN ARZNEIMITTEL UND KEIN MEDIZINPRODUKT!<\/b><\/p>\n<p data-path-to-node=\"8\">","protected":false},"excerpt":{"rendered":"<p data-path-to-node=\"3\"><b data-path-to-node=\"3\" data-index-in-node=\"0\">D-3 dient der Unterst\u00fctzung der Gesundheit von Leber und Gallenwegen. Es bietet eine kraftvolle Unterst\u00fctzung der Organfunktionen, verbessert die Entgiftung, f\u00f6rdert die Regeneration der Hepatozyten (Leberzellen), normalisiert den Gallenfluss und dient der umfassenden Wiederherstellung des hepatobili\u00e4ren Systems.<\/b><\/p>","protected":false},"featured_media":2634,"comment_status":"open","ping_status":"closed","template":"","meta":[],"product_brand":[],"product_cat":[227],"product_tag":[259],"class_list":{"0":"post-2633","1":"product","2":"type-product","3":"status-publish","4":"has-post-thumbnail","6":"product_cat-vita-12","7":"product_tag-vita12d-3","9":"first","10":"instock","11":"taxable","12":"shipping-taxable","13":"purchasable","14":"product-type-simple"},"_links":{"self":[{"href":"https:\/\/vigo-rio.com\/en\/wp-json\/wp\/v2\/product\/2633","targetHints":{"allow":["GET"]}}],"collection":[{"href":"https:\/\/vigo-rio.com\/en\/wp-json\/wp\/v2\/product"}],"about":[{"href":"https:\/\/vigo-rio.com\/en\/wp-json\/wp\/v2\/types\/product"}],"replies":[{"embeddable":true,"href":"https:\/\/vigo-rio.com\/en\/wp-json\/wp\/v2\/comments?post=2633"}],"wp:featuredmedia":[{"embeddable":true,"href":"https:\/\/vigo-rio.com\/en\/wp-json\/wp\/v2\/media\/2634"}],"wp:attachment":[{"href":"https:\/\/vigo-rio.com\/en\/wp-json\/wp\/v2\/media?parent=2633"}],"wp:term":[{"taxonomy":"product_brand","embeddable":true,"href":"https:\/\/vigo-rio.com\/en\/wp-json\/wp\/v2\/product_brand?post=2633"},{"taxonomy":"product_cat","embeddable":true,"href":"https:\/\/vigo-rio.com\/en\/wp-json\/wp\/v2\/product_cat?post=2633"},{"taxonomy":"product_tag","embeddable":true,"href":"https:\/\/vigo-rio.com\/en\/wp-json\/wp\/v2\/product_tag?post=2633"}],"curies":[{"name":"wp","href":"https:\/\/api.w.org\/{rel}","templated":true}]}}