{"id":2631,"date":"2026-01-28T21:34:32","date_gmt":"2026-01-28T21:34:32","guid":{"rendered":"https:\/\/vigo-rio.com\/?post_type=product&#038;p=2631"},"modified":"2026-04-18T07:27:46","modified_gmt":"2026-04-18T07:27:46","slug":"vita12-d-2-verdauungssystem-darmflora-und-schleimhaeute","status":"publish","type":"product","link":"https:\/\/vigo-rio.com\/en\/product\/vita12-d-2-verdauungssystem-darmflora-und-schleimhaeute\/","title":{"rendered":"VITA12 D-2 Verdauungssystem &#8211; Darmflora und Schleimh\u00e4ute)"},"content":{"rendered":"<p><strong>Kolzov-Platte: D-2 Verdauungssystem (Darmflora und Schleimh\u00e4ute)<\/strong><\/p>\n<p><strong data-start=\"75\" data-end=\"114\">Regeneration des Magen-Darm-Trakts:<\/strong><br data-start=\"114\" data-end=\"117\" \/><em>Beschleunigt die Regeneration und Heilung gesch\u00e4digter Schleimh\u00e4ute, st\u00e4rkt die Schutzbarriere der Schleimh\u00e4ute, normalisiert die Darmflora und unterst\u00fctzt die Erholung nach aggressiven Einfl\u00fcssen.<\/em><\/p>\n<h3 data-start=\"143\" data-end=\"170\">Wirkung von FC VITA12: D\u20112<\/h3>\n<p data-start=\"172\" data-end=\"462\"><strong data-start=\"172\" data-end=\"223\">Stimulation der Heilung bei Schleimhautsch\u00e4den:<\/strong><br data-start=\"223\" data-end=\"226\" \/><em>Unterst\u00fctzt die Regeneration von Magen, Darm, Speiser\u00f6hre und Zw\u00f6lffingerdarm.<\/em><br data-start=\"308\" data-end=\"311\" \/><em>F\u00f6rdert die Wiederherstellung der Epithelintegrit\u00e4t bei Gastritis, Reflux\u00f6sophagitis, GERD, Duodenitis, Kolitis, Enteritis und Leaky-Gut-Syndrom.<\/em><\/p>\n<p data-start=\"464\" data-end=\"658\"><strong data-start=\"464\" data-end=\"511\">Rehabilitation nach aggressiven Einfl\u00fcssen:<\/strong><br data-start=\"511\" data-end=\"514\" \/><em>Hilft nach Chemo-, Strahlenbehandlungen, endoskopischen Eingriffen und Operationen und aktiviert die Schutzfunktionen der Schleimhaut<\/em>.<\/p>\n<p data-start=\"660\" data-end=\"951\"><strong data-start=\"660\" data-end=\"724\">Reduktion von Entz\u00fcndungen &amp; Verbesserung der Gewebetrophik:<\/strong><br data-start=\"724\" data-end=\"727\" \/><em>Verringert Schwellungen, Hyper\u00e4mie und Reizungen, verbessert die Mikrozirkulation und Sauerstoffversorgung und mindert Blutungsneigung.<\/em><br data-start=\"874\" data-end=\"877\" \/><em>Aktiviert die barrieresch\u00fctzende Funktion gegen aggressive Faktoren.<\/em><\/p>\n<p data-start=\"953\" data-end=\"1160\"><strong data-start=\"953\" data-end=\"998\">Schutz vor Sch\u00e4den &amp; Mikrobiotakorrektur:<\/strong><br data-start=\"998\" data-end=\"1001\" \/><em>Korrigiert die Folgen von NSAIDs, Antibiotika und Alkohol, hemmt pathogene Flora, st\u00e4rkt die Schleimhautbarriere und erh\u00f6ht die lokale Immunit\u00e4t.<\/em><\/p>\n<p data-start=\"1162\" data-end=\"1436\"><strong data-start=\"1162\" data-end=\"1220\">Reduktion von Beschwerden &amp; Pr\u00e4vention von R\u00fcckf\u00e4llen:<\/strong><br data-start=\"1220\" data-end=\"1223\" \/><em>Verringert Brennen, Kr\u00e4mpfe und Unwohlsein, verbessert die Resorptionsfunktion des Darms, unterst\u00fctzt bei atrophischen Prozessen und harmonisiert die physiologische Regeneration der Schleimh\u00e4ute.<\/em><\/p>\n<p data-start=\"1438\" data-end=\"1631\"><em data-start=\"1438\" data-end=\"1629\"><strong>Hinweis:<\/strong>\u00a0FC VITA12: D\u20112 ist kein Arzneimittel oder medizinisches Ger\u00e4t. Lebenswichtige Technologien zur Unterst\u00fctzung, Wiederherstellung der K\u00f6rperressourcen und bewusstes Gesundheitsmanagement.<\/em><\/p>","protected":false},"excerpt":{"rendered":"<h3 class=\"jw-heading-70\"><strong>D-2 Verdauungssystem &#8211; Darmflora und Schleimh\u00e4ute)<\/strong><\/h3>\n<p><em>D-2 dient der energetischen Begleitung des Darmbereichs und der Schleimh\u00e4ute.<br data-start=\"797\" data-end=\"800\" \/>Sie kann das Gef\u00fchl von innerer Balance unterst\u00fctzen, die energetische \u201eSchutzqualit\u00e4t\u201c der Schleimh\u00e4ute st\u00e4rken und zu einem angenehmeren, ruhigen Bauchempfinden beitragen.<br data-start=\"973\" data-end=\"976\" \/>Anwender nutzen die Platte h\u00e4ufig zur F\u00f6rderung von Harmonie und Stabilit\u00e4t im Verdauungstrakt.<\/em><\/p>","protected":false},"featured_media":2632,"comment_status":"open","ping_status":"closed","template":"","meta":[],"product_brand":[],"product_cat":[227],"product_tag":[260],"class_list":{"0":"post-2631","1":"product","2":"type-product","3":"status-publish","4":"has-post-thumbnail","6":"product_cat-vita-12","7":"product_tag-vita12d-2","9":"first","10":"instock","11":"taxable","12":"shipping-taxable","13":"purchasable","14":"product-type-simple"},"_links":{"self":[{"href":"https:\/\/vigo-rio.com\/en\/wp-json\/wp\/v2\/product\/2631","targetHints":{"allow":["GET"]}}],"collection":[{"href":"https:\/\/vigo-rio.com\/en\/wp-json\/wp\/v2\/product"}],"about":[{"href":"https:\/\/vigo-rio.com\/en\/wp-json\/wp\/v2\/types\/product"}],"replies":[{"embeddable":true,"href":"https:\/\/vigo-rio.com\/en\/wp-json\/wp\/v2\/comments?post=2631"}],"wp:featuredmedia":[{"embeddable":true,"href":"https:\/\/vigo-rio.com\/en\/wp-json\/wp\/v2\/media\/2632"}],"wp:attachment":[{"href":"https:\/\/vigo-rio.com\/en\/wp-json\/wp\/v2\/media?parent=2631"}],"wp:term":[{"taxonomy":"product_brand","embeddable":true,"href":"https:\/\/vigo-rio.com\/en\/wp-json\/wp\/v2\/product_brand?post=2631"},{"taxonomy":"product_cat","embeddable":true,"href":"https:\/\/vigo-rio.com\/en\/wp-json\/wp\/v2\/product_cat?post=2631"},{"taxonomy":"product_tag","embeddable":true,"href":"https:\/\/vigo-rio.com\/en\/wp-json\/wp\/v2\/product_tag?post=2631"}],"curies":[{"name":"wp","href":"https:\/\/api.w.org\/{rel}","templated":true}]}}